{"id":341,"date":"2021-08-16T20:36:53","date_gmt":"2021-08-16T20:36:53","guid":{"rendered":"https:\/\/advel.is\/?page_id=341"},"modified":"2021-09-27T17:29:09","modified_gmt":"2021-09-27T17:29:09","slug":"hafdu-samband","status":"publish","type":"page","link":"https:\/\/advel.is\/en\/home\/hafdu-samband\/","title":{"rendered":"Contact us"},"content":{"rendered":"<div data-elementor-type=\"wp-page\" data-elementor-id=\"341\" class=\"elementor elementor-341\" data-elementor-settings=\"[]\">\n\t\t\t\t\t\t\t<div class=\"elementor-section-wrap\">\n\t\t\t\t\t\t\t<section class=\"elementor-section elementor-top-section elementor-element elementor-element-b6619d6 elementor-section-boxed elementor-section-height-default elementor-section-height-default\" data-id=\"b6619d6\" data-element_type=\"section\">\n\t\t\t\t\t\t<div class=\"elementor-container elementor-column-gap-default\">\n\t\t\t\t\t<div class=\"elementor-column elementor-col-100 elementor-top-column elementor-element elementor-element-5fd8b6d\" data-id=\"5fd8b6d\" data-element_type=\"column\">\n\t\t\t<div class=\"elementor-widget-wrap elementor-element-populated\">\n\t\t\t\t\t\t\t\t<div class=\"elementor-element elementor-element-3f421ba elementor-widget elementor-widget-heading\" data-id=\"3f421ba\" data-element_type=\"widget\" data-widget_type=\"heading.default\">\n\t\t\t\t<div class=\"elementor-widget-container\">\n\t\t\t<h2 class=\"elementor-heading-title elementor-size-default\">Contact us<\/h2>\t\t<\/div>\n\t\t\t\t<\/div>\n\t\t\t\t\t<\/div>\n\t\t<\/div>\n\t\t\t\t\t\t\t<\/div>\n\t\t<\/section>\n\t\t\t\t<section class=\"elementor-section elementor-top-section elementor-element elementor-element-90b451e elementor-section-boxed elementor-section-height-default elementor-section-height-default\" data-id=\"90b451e\" data-element_type=\"section\">\n\t\t\t\t\t\t<div class=\"elementor-container elementor-column-gap-default\">\n\t\t\t\t\t<div class=\"elementor-column elementor-col-100 elementor-top-column elementor-element elementor-element-29c33b0\" data-id=\"29c33b0\" data-element_type=\"column\">\n\t\t\t<div class=\"elementor-widget-wrap elementor-element-populated\">\n\t\t\t\t\t\t\t\t<div class=\"elementor-element elementor-element-bf43ec0 elementor-widget elementor-widget-text-editor\" data-id=\"bf43ec0\" data-element_type=\"widget\" data-widget_type=\"text-editor.default\">\n\t\t\t\t<div class=\"elementor-widget-container\">\n\t\t\t\t\t\t\t\t<p>Please direct inquiries regarding our services, invoices, grant requests and job applications to advel@advel.is. You can also reach us by phone +354 520 2050. \u202f<\/p>\n<p><br\/>\nADVEL Attorneys\n<br\/>\nHafnartorg \u2013 Kalkofnsvegur 2\n<br\/>\n101 Reykjav\u00edk\n<br\/>\nTEL. +354 520 2050\n<br\/>\nadvel@advel.is\n<br\/>\nId no. 580121-1520\n<br\/>\nVAT. no. 140304\n<\/p>\t\t\t\t\t\t<\/div>\n\t\t\t\t<\/div>\n\t\t\t\t\t<\/div>\n\t\t<\/div>\n\t\t\t\t\t\t\t<\/div>\n\t\t<\/section>\n\t\t\t\t\t\t<\/div>\n\t\t\t\t\t<\/div>","protected":false},"excerpt":{"rendered":"<p>Haf\u00f0u samband Vinsamlegast beini\u00f0 fyrirspurnum vegna \u00fej\u00f3nustu okkar, reikninga, styrkbei\u00f0na og starfsums\u00f3kna \u00ed netfangi\u00f0 advel@advel.is. Einnig er h\u00e6gt a\u00f0 n\u00e1 \u00ed okkur \u00ed s\u00edma 520 2050. ADVEL Attorneys Hafnartorg &#8211; Kalkofnsvegur 2 101 Reykjav\u00edk S\u00edmi 520 2050 advel@advel.is Kt. 580121 &#8211; 1520 VSK. 140304<\/p>","protected":false},"author":1,"featured_media":0,"parent":12,"menu_order":0,"comment_status":"closed","ping_status":"closed","template":"","meta":{"_acf_changed":false,"footnotes":""},"class_list":["post-341","page","type-page","status-publish","hentry","entry"],"acf":[],"yoast_head":"<!-- This site is optimized with the Yoast SEO plugin v27.3 - https:\/\/yoast.com\/product\/yoast-seo-wordpress\/ -->\n<title>Haf\u00f0u samband - ADVEL<\/title>\n<meta name=\"robots\" content=\"index, follow, max-snippet:-1, max-image-preview:large, max-video-preview:-1\" \/>\n<link rel=\"canonical\" href=\"https:\/\/advel.is\/en\/home\/hafdu-samband\/\" \/>\n<meta property=\"og:locale\" content=\"en_US\" \/>\n<meta property=\"og:type\" content=\"article\" \/>\n<meta property=\"og:title\" content=\"Haf\u00f0u samband - ADVEL\" \/>\n<meta property=\"og:description\" content=\"Haf\u00f0u samband Vinsamlegast beini\u00f0 fyrirspurnum vegna \u00fej\u00f3nustu okkar, reikninga, styrkbei\u00f0na og starfsums\u00f3kna \u00ed netfangi\u00f0 advel@advel.is. Einnig er h\u00e6gt a\u00f0 n\u00e1 \u00ed okkur \u00ed s\u00edma 520 2050. ADVEL Attorneys Hafnartorg &#8211; Kalkofnsvegur 2 101 Reykjav\u00edk S\u00edmi 520 2050 advel@advel.is Kt. 580121 &#8211; 1520 VSK. 140304\" \/>\n<meta property=\"og:url\" content=\"https:\/\/advel.is\/en\/home\/hafdu-samband\/\" \/>\n<meta property=\"og:site_name\" content=\"ADVEL\" \/>\n<meta property=\"article:modified_time\" content=\"2021-09-27T17:29:09+00:00\" \/>\n<meta name=\"twitter:card\" content=\"summary_large_image\" \/>\n<meta name=\"twitter:label1\" content=\"Est. reading time\" \/>\n\t<meta name=\"twitter:data1\" content=\"1 minute\" \/>\n<script type=\"application\/ld+json\" class=\"yoast-schema-graph\">{\"@context\":\"https:\\\/\\\/schema.org\",\"@graph\":[{\"@type\":\"WebPage\",\"@id\":\"https:\\\/\\\/advel.is\\\/home\\\/hafdu-samband\\\/\",\"url\":\"https:\\\/\\\/advel.is\\\/home\\\/hafdu-samband\\\/\",\"name\":\"Haf\u00f0u samband - ADVEL\",\"isPartOf\":{\"@id\":\"https:\\\/\\\/advel.is\\\/#website\"},\"datePublished\":\"2021-08-16T20:36:53+00:00\",\"dateModified\":\"2021-09-27T17:29:09+00:00\",\"breadcrumb\":{\"@id\":\"https:\\\/\\\/advel.is\\\/home\\\/hafdu-samband\\\/#breadcrumb\"},\"inLanguage\":\"en-US\",\"potentialAction\":[{\"@type\":\"ReadAction\",\"target\":[\"https:\\\/\\\/advel.is\\\/home\\\/hafdu-samband\\\/\"]}]},{\"@type\":\"BreadcrumbList\",\"@id\":\"https:\\\/\\\/advel.is\\\/home\\\/hafdu-samband\\\/#breadcrumb\",\"itemListElement\":[{\"@type\":\"ListItem\",\"position\":1,\"name\":\"Heim\",\"item\":\"https:\\\/\\\/advel.is\\\/\"},{\"@type\":\"ListItem\",\"position\":2,\"name\":\"Haf\u00f0u samband\"}]},{\"@type\":\"WebSite\",\"@id\":\"https:\\\/\\\/advel.is\\\/#website\",\"url\":\"https:\\\/\\\/advel.is\\\/\",\"name\":\"ADVEL\",\"description\":\"\",\"publisher\":{\"@id\":\"https:\\\/\\\/advel.is\\\/#organization\"},\"potentialAction\":[{\"@type\":\"SearchAction\",\"target\":{\"@type\":\"EntryPoint\",\"urlTemplate\":\"https:\\\/\\\/advel.is\\\/?s={search_term_string}\"},\"query-input\":{\"@type\":\"PropertyValueSpecification\",\"valueRequired\":true,\"valueName\":\"search_term_string\"}}],\"inLanguage\":\"en-US\"},{\"@type\":\"Organization\",\"@id\":\"https:\\\/\\\/advel.is\\\/#organization\",\"name\":\"ADVEL\",\"url\":\"https:\\\/\\\/advel.is\\\/\",\"logo\":{\"@type\":\"ImageObject\",\"inLanguage\":\"en-US\",\"@id\":\"https:\\\/\\\/advel.is\\\/#\\\/schema\\\/logo\\\/image\\\/\",\"url\":\"https:\\\/\\\/advel.is\\\/wp-content\\\/uploads\\\/2021\\\/06\\\/advel-litid.png\",\"contentUrl\":\"https:\\\/\\\/advel.is\\\/wp-content\\\/uploads\\\/2021\\\/06\\\/advel-litid.png\",\"width\":70,\"height\":64,\"caption\":\"ADVEL\"},\"image\":{\"@id\":\"https:\\\/\\\/advel.is\\\/#\\\/schema\\\/logo\\\/image\\\/\"}}]}<\/script>\n<!-- \/ Yoast SEO plugin. -->","yoast_head_json":{"title":"Haf\u00f0u samband - ADVEL","robots":{"index":"index","follow":"follow","max-snippet":"max-snippet:-1","max-image-preview":"max-image-preview:large","max-video-preview":"max-video-preview:-1"},"canonical":"https:\/\/advel.is\/en\/home\/hafdu-samband\/","og_locale":"en_US","og_type":"article","og_title":"Haf\u00f0u samband - ADVEL","og_description":"Haf\u00f0u samband Vinsamlegast beini\u00f0 fyrirspurnum vegna \u00fej\u00f3nustu okkar, reikninga, styrkbei\u00f0na og starfsums\u00f3kna \u00ed netfangi\u00f0 advel@advel.is. Einnig er h\u00e6gt a\u00f0 n\u00e1 \u00ed okkur \u00ed s\u00edma 520 2050. ADVEL Attorneys Hafnartorg &#8211; Kalkofnsvegur 2 101 Reykjav\u00edk S\u00edmi 520 2050 advel@advel.is Kt. 580121 &#8211; 1520 VSK. 140304","og_url":"https:\/\/advel.is\/en\/home\/hafdu-samband\/","og_site_name":"ADVEL","article_modified_time":"2021-09-27T17:29:09+00:00","twitter_card":"summary_large_image","twitter_misc":{"Est. reading time":"1 minute"},"schema":{"@context":"https:\/\/schema.org","@graph":[{"@type":"WebPage","@id":"https:\/\/advel.is\/home\/hafdu-samband\/","url":"https:\/\/advel.is\/home\/hafdu-samband\/","name":"Haf\u00f0u samband - ADVEL","isPartOf":{"@id":"https:\/\/advel.is\/#website"},"datePublished":"2021-08-16T20:36:53+00:00","dateModified":"2021-09-27T17:29:09+00:00","breadcrumb":{"@id":"https:\/\/advel.is\/home\/hafdu-samband\/#breadcrumb"},"inLanguage":"en-US","potentialAction":[{"@type":"ReadAction","target":["https:\/\/advel.is\/home\/hafdu-samband\/"]}]},{"@type":"BreadcrumbList","@id":"https:\/\/advel.is\/home\/hafdu-samband\/#breadcrumb","itemListElement":[{"@type":"ListItem","position":1,"name":"Heim","item":"https:\/\/advel.is\/"},{"@type":"ListItem","position":2,"name":"Haf\u00f0u samband"}]},{"@type":"WebSite","@id":"https:\/\/advel.is\/#website","url":"https:\/\/advel.is\/","name":"ADVEL","description":"","publisher":{"@id":"https:\/\/advel.is\/#organization"},"potentialAction":[{"@type":"SearchAction","target":{"@type":"EntryPoint","urlTemplate":"https:\/\/advel.is\/?s={search_term_string}"},"query-input":{"@type":"PropertyValueSpecification","valueRequired":true,"valueName":"search_term_string"}}],"inLanguage":"en-US"},{"@type":"Organization","@id":"https:\/\/advel.is\/#organization","name":"ADVEL","url":"https:\/\/advel.is\/","logo":{"@type":"ImageObject","inLanguage":"en-US","@id":"https:\/\/advel.is\/#\/schema\/logo\/image\/","url":"https:\/\/advel.is\/wp-content\/uploads\/2021\/06\/advel-litid.png","contentUrl":"https:\/\/advel.is\/wp-content\/uploads\/2021\/06\/advel-litid.png","width":70,"height":64,"caption":"ADVEL"},"image":{"@id":"https:\/\/advel.is\/#\/schema\/logo\/image\/"}}]}},"brizy_media":[],"_links":{"self":[{"href":"https:\/\/advel.is\/en\/wp-json\/wp\/v2\/pages\/341","targetHints":{"allow":["GET"]}}],"collection":[{"href":"https:\/\/advel.is\/en\/wp-json\/wp\/v2\/pages"}],"about":[{"href":"https:\/\/advel.is\/en\/wp-json\/wp\/v2\/types\/page"}],"author":[{"embeddable":true,"href":"https:\/\/advel.is\/en\/wp-json\/wp\/v2\/users\/1"}],"replies":[{"embeddable":true,"href":"https:\/\/advel.is\/en\/wp-json\/wp\/v2\/comments?post=341"}],"version-history":[{"count":49,"href":"https:\/\/advel.is\/en\/wp-json\/wp\/v2\/pages\/341\/revisions"}],"predecessor-version":[{"id":2023,"href":"https:\/\/advel.is\/en\/wp-json\/wp\/v2\/pages\/341\/revisions\/2023"}],"up":[{"embeddable":true,"href":"https:\/\/advel.is\/en\/wp-json\/wp\/v2\/pages\/12"}],"wp:attachment":[{"href":"https:\/\/advel.is\/en\/wp-json\/wp\/v2\/media?parent=341"}],"curies":[{"name":"wp","href":"https:\/\/api.w.org\/{rel}","templated":true}]}}