{"id":319,"date":"2021-08-16T20:26:53","date_gmt":"2021-08-16T20:26:53","guid":{"rendered":"https:\/\/advel.is\/?page_id=319"},"modified":"2021-09-25T12:59:27","modified_gmt":"2021-09-25T12:59:27","slug":"um-advel","status":"publish","type":"page","link":"https:\/\/advel.is\/en\/home\/um-advel\/","title":{"rendered":"About ADVEL"},"content":{"rendered":"<div data-elementor-type=\"wp-page\" data-elementor-id=\"319\" class=\"elementor elementor-319\" data-elementor-settings=\"[]\">\n\t\t\t\t\t\t\t<div class=\"elementor-section-wrap\">\n\t\t\t\t\t\t\t<section class=\"elementor-section elementor-top-section elementor-element elementor-element-0812463 elementor-section-boxed elementor-section-height-default elementor-section-height-default\" data-id=\"0812463\" data-element_type=\"section\">\n\t\t\t\t\t\t<div class=\"elementor-container elementor-column-gap-default\">\n\t\t\t\t\t<div class=\"elementor-column elementor-col-100 elementor-top-column elementor-element elementor-element-906ee34\" data-id=\"906ee34\" data-element_type=\"column\">\n\t\t\t<div class=\"elementor-widget-wrap elementor-element-populated\">\n\t\t\t\t\t\t\t\t<div class=\"elementor-element elementor-element-e554b0f elementor-widget elementor-widget-heading\" data-id=\"e554b0f\" data-element_type=\"widget\" data-widget_type=\"heading.default\">\n\t\t\t\t<div class=\"elementor-widget-container\">\n\t\t\t<h2 class=\"elementor-heading-title elementor-size-default\">About ADVEL<\/h2>\t\t<\/div>\n\t\t\t\t<\/div>\n\t\t\t\t\t<\/div>\n\t\t<\/div>\n\t\t\t\t\t\t\t<\/div>\n\t\t<\/section>\n\t\t\t\t<section class=\"elementor-section elementor-top-section elementor-element elementor-element-5116044 texti elementor-section-boxed elementor-section-height-default elementor-section-height-default\" data-id=\"5116044\" data-element_type=\"section\">\n\t\t\t\t\t\t<div class=\"elementor-container elementor-column-gap-default\">\n\t\t\t\t\t<div class=\"elementor-column elementor-col-100 elementor-top-column elementor-element elementor-element-31977b0\" data-id=\"31977b0\" data-element_type=\"column\">\n\t\t\t<div class=\"elementor-widget-wrap elementor-element-populated\">\n\t\t\t\t\t\t\t\t<div class=\"elementor-element elementor-element-dcdb5b7 texti elementor-widget elementor-widget-text-editor\" data-id=\"dcdb5b7\" data-element_type=\"widget\" data-widget_type=\"text-editor.default\">\n\t\t\t\t<div class=\"elementor-widget-container\">\n\t\t\t\t\t\t\t\t<div class=\"translation-block\">\n\n<p>For years, ADVEL has specialised in legal advice for companies operating both domestically and internationally. Our attorneys have pursued further education abroad and accumulated professional experience in other countries. Our international profile places us in a strong position when representing local companies in international transaction or safeguarding the interest of foreign parties in Iceland. The firm\u2019s partners have advised some of Iceland\u2019s biggest corporations, public authorities and a growing number of foreign clients. ADVEL offers tailored quality advice to the firm\u2019s clients, based on extensive knowledge and practice in the firm\u2019s areas of expertise.<\/p>\n\n<p>In order to better serve the international needs of its clients, ADVEL is a member of <a href=\"https:\/\/www.globalaw.net\/\">Globalaw<\/a>. Globalaw is a leading organisation for the cooperation of medium-sized law firms specialising in corporate law.<\/p>\n\n<p>ADVEL is also part of the <a href=\"https:\/\/www.vogel-vogel.com\/vogel-global-competition-network\/?lang=en\">Vogel Global Competition Network<\/a>, which is a global network of law firms specialising in competition law.<\/p>\n\n<p>ADVEL\u2019s services are rated annually by <a href=\"https:\/\/www.chambersandpartners.com\/Europe\/firm\/160492\/advel-attorneys-at-law\">Chambers and Partners<\/a> and <a href=\"http:\/\/www.legal500.com\/firms\/13034-advel-attorneys-at-law\/offices\/17588-reykjavik-iceland\/profile\">The Legal 500 Website<\/a>.<\/p>\n\n<h3 style=\"margin-bottom:10px;margin-top:15px\">Our Mission<\/h3>\nWe respect each other as equals and encourage staff to share experiences and opinions providing for a positive and vibrant workplace. Our focus and main approach is to jointly pursue our clients\u2019 interests. By working as a team, we ensure that our clients always have access to the best knowledge and experience of the team members which produces the best results for our clients.\n\n<h3 style=\"margin-bottom:10px;margin-top:15px\">Social Responsibility<\/h3>\nADVEL places great emphasis on respecting and encouraging equality and diversity. We consider it our fundamental duty to not discriminate against anyone on the basis of gender, sexuality, marital status, childbearing, age, disability, religion, opinions, nationality, race, colour, economic status, family or on any other grounds. We strive to achieve this goal by going beyond the duties prescribed by law and the Icelandic Bar Association\u2019s Codex Ethicus.\n\n<p>ADVEL places great importance on the wellbeing of its employees and supports efforts to balance professional and personal life. We encourage our employees to take maternal or parental leave to tend to their growing family and are flexible towards the parents of young children when they return to work from their leave. We encourage employees to exercise and live a healthy lifestyle in order to reduce work-related stress. We consider a gender balance in our staff to be a clear advantage for the firm.<\/p>\n\n<p>ADVEL is a proud supporter of entrepreneurial activities in Iceland through the firm\u2019s collaboration with Icelandic Startups. The firm has supported the Golden Egg business plan competition with direct donations, as well as supporting various entrepreneurial activities by way of work contributions, consultation, lectures, work on judging panels and pro bono advice for individual entrepreneurs. The firm\u2019s goal is to further increase its support for start-up companies by making agreements that combine advantageous discount terms with pro bono advice. Our goal is to support diversity in the Icelandic economy, which in turn contributes to a more dynamic society. ADVEL also supports various cultural and charitable causes with direct financial donations year-round.<\/p>\n\n<\/div>\t\t\t\t\t\t<\/div>\n\t\t\t\t<\/div>\n\t\t\t\t\t<\/div>\n\t\t<\/div>\n\t\t\t\t\t\t\t<\/div>\n\t\t<\/section>\n\t\t\t\t\t\t<\/div>\n\t\t\t\t\t<\/div>","protected":false},"excerpt":{"rendered":"<p>Um ADVEL ADVEL hefur um \u00e1rabil s\u00e9rh\u00e6ft sig \u00ed l\u00f6gfr\u00e6\u00f0ir\u00e1\u00f0gj\u00f6f til fyrirt\u00e6kja, b\u00e6\u00f0i h\u00e9r \u00e1 lendi og erlendis. Eigendur og anna\u00f0 starfsf\u00f3lk hafa starfa\u00f0 sem r\u00e1\u00f0gjafar nokkurra helstu fyrirt\u00e6kja landsins, opinberra a\u00f0ila og einstaklinga, auk s\u00edvaxandi fj\u00f6lda erlendra vi\u00f0skiptavina. Starfsmenn ADVEL b\u00faa yfir v\u00ed\u00f0t\u00e6kri \u00feekkingu og markvissri s\u00e9rh\u00e6fingu sem n\u00fdtist \u00feeim vel vi\u00f0 r\u00e1\u00f0gj\u00f6f til&hellip; <a class=\"more-link\" href=\"https:\/\/advel.is\/en\/home\/um-advel\/\">Continue reading <span class=\"screen-reader-text\">About ADVEL<\/span><\/a><\/p>","protected":false},"author":1,"featured_media":0,"parent":12,"menu_order":0,"comment_status":"closed","ping_status":"closed","template":"","meta":{"_acf_changed":false,"footnotes":""},"class_list":["post-319","page","type-page","status-publish","hentry","entry"],"acf":[],"yoast_head":"<!-- This site is optimized with the Yoast SEO plugin v27.3 - https:\/\/yoast.com\/product\/yoast-seo-wordpress\/ -->\n<title>Um ADVEL - ADVEL<\/title>\n<meta name=\"description\" content=\"ADVEL hefur um \u00e1rabil s\u00e9rh\u00e6ft sig \u00ed l\u00f6gfr\u00e6\u00f0ir\u00e1\u00f0gj\u00f6f til fyrirt\u00e6kja, b\u00e6\u00f0i h\u00e9r \u00e1 landi og erlendis.\" \/>\n<meta name=\"robots\" content=\"index, follow, max-snippet:-1, max-image-preview:large, max-video-preview:-1\" \/>\n<link rel=\"canonical\" href=\"https:\/\/advel.is\/en\/home\/um-advel\/\" \/>\n<meta property=\"og:locale\" content=\"en_US\" \/>\n<meta property=\"og:type\" content=\"article\" \/>\n<meta property=\"og:title\" content=\"Um ADVEL - ADVEL\" \/>\n<meta property=\"og:description\" content=\"ADVEL hefur um \u00e1rabil s\u00e9rh\u00e6ft sig \u00ed l\u00f6gfr\u00e6\u00f0ir\u00e1\u00f0gj\u00f6f til fyrirt\u00e6kja, b\u00e6\u00f0i h\u00e9r \u00e1 landi og erlendis.\" \/>\n<meta property=\"og:url\" content=\"https:\/\/advel.is\/en\/home\/um-advel\/\" \/>\n<meta property=\"og:site_name\" content=\"ADVEL\" \/>\n<meta property=\"article:modified_time\" content=\"2021-09-25T12:59:27+00:00\" \/>\n<meta name=\"twitter:card\" content=\"summary_large_image\" \/>\n<meta name=\"twitter:label1\" content=\"Est. reading time\" \/>\n\t<meta name=\"twitter:data1\" content=\"3 minutes\" \/>\n<script type=\"application\/ld+json\" class=\"yoast-schema-graph\">{\"@context\":\"https:\\\/\\\/schema.org\",\"@graph\":[{\"@type\":\"WebPage\",\"@id\":\"https:\\\/\\\/advel.is\\\/home\\\/um-advel\\\/\",\"url\":\"https:\\\/\\\/advel.is\\\/home\\\/um-advel\\\/\",\"name\":\"Um ADVEL - ADVEL\",\"isPartOf\":{\"@id\":\"https:\\\/\\\/advel.is\\\/#website\"},\"datePublished\":\"2021-08-16T20:26:53+00:00\",\"dateModified\":\"2021-09-25T12:59:27+00:00\",\"description\":\"ADVEL hefur um \u00e1rabil s\u00e9rh\u00e6ft sig \u00ed l\u00f6gfr\u00e6\u00f0ir\u00e1\u00f0gj\u00f6f til fyrirt\u00e6kja, b\u00e6\u00f0i h\u00e9r \u00e1 landi og erlendis.\",\"breadcrumb\":{\"@id\":\"https:\\\/\\\/advel.is\\\/home\\\/um-advel\\\/#breadcrumb\"},\"inLanguage\":\"en-US\",\"potentialAction\":[{\"@type\":\"ReadAction\",\"target\":[\"https:\\\/\\\/advel.is\\\/home\\\/um-advel\\\/\"]}]},{\"@type\":\"BreadcrumbList\",\"@id\":\"https:\\\/\\\/advel.is\\\/home\\\/um-advel\\\/#breadcrumb\",\"itemListElement\":[{\"@type\":\"ListItem\",\"position\":1,\"name\":\"Heim\",\"item\":\"https:\\\/\\\/advel.is\\\/\"},{\"@type\":\"ListItem\",\"position\":2,\"name\":\"Um ADVEL\"}]},{\"@type\":\"WebSite\",\"@id\":\"https:\\\/\\\/advel.is\\\/#website\",\"url\":\"https:\\\/\\\/advel.is\\\/\",\"name\":\"ADVEL\",\"description\":\"\",\"publisher\":{\"@id\":\"https:\\\/\\\/advel.is\\\/#organization\"},\"potentialAction\":[{\"@type\":\"SearchAction\",\"target\":{\"@type\":\"EntryPoint\",\"urlTemplate\":\"https:\\\/\\\/advel.is\\\/?s={search_term_string}\"},\"query-input\":{\"@type\":\"PropertyValueSpecification\",\"valueRequired\":true,\"valueName\":\"search_term_string\"}}],\"inLanguage\":\"en-US\"},{\"@type\":\"Organization\",\"@id\":\"https:\\\/\\\/advel.is\\\/#organization\",\"name\":\"ADVEL\",\"url\":\"https:\\\/\\\/advel.is\\\/\",\"logo\":{\"@type\":\"ImageObject\",\"inLanguage\":\"en-US\",\"@id\":\"https:\\\/\\\/advel.is\\\/#\\\/schema\\\/logo\\\/image\\\/\",\"url\":\"https:\\\/\\\/advel.is\\\/wp-content\\\/uploads\\\/2021\\\/06\\\/advel-litid.png\",\"contentUrl\":\"https:\\\/\\\/advel.is\\\/wp-content\\\/uploads\\\/2021\\\/06\\\/advel-litid.png\",\"width\":70,\"height\":64,\"caption\":\"ADVEL\"},\"image\":{\"@id\":\"https:\\\/\\\/advel.is\\\/#\\\/schema\\\/logo\\\/image\\\/\"}}]}<\/script>\n<!-- \/ Yoast SEO plugin. -->","yoast_head_json":{"title":"Um ADVEL - ADVEL","description":"ADVEL hefur um \u00e1rabil s\u00e9rh\u00e6ft sig \u00ed l\u00f6gfr\u00e6\u00f0ir\u00e1\u00f0gj\u00f6f til fyrirt\u00e6kja, b\u00e6\u00f0i h\u00e9r \u00e1 landi og erlendis.","robots":{"index":"index","follow":"follow","max-snippet":"max-snippet:-1","max-image-preview":"max-image-preview:large","max-video-preview":"max-video-preview:-1"},"canonical":"https:\/\/advel.is\/en\/home\/um-advel\/","og_locale":"en_US","og_type":"article","og_title":"Um ADVEL - ADVEL","og_description":"ADVEL hefur um \u00e1rabil s\u00e9rh\u00e6ft sig \u00ed l\u00f6gfr\u00e6\u00f0ir\u00e1\u00f0gj\u00f6f til fyrirt\u00e6kja, b\u00e6\u00f0i h\u00e9r \u00e1 landi og erlendis.","og_url":"https:\/\/advel.is\/en\/home\/um-advel\/","og_site_name":"ADVEL","article_modified_time":"2021-09-25T12:59:27+00:00","twitter_card":"summary_large_image","twitter_misc":{"Est. reading time":"3 minutes"},"schema":{"@context":"https:\/\/schema.org","@graph":[{"@type":"WebPage","@id":"https:\/\/advel.is\/home\/um-advel\/","url":"https:\/\/advel.is\/home\/um-advel\/","name":"Um ADVEL - ADVEL","isPartOf":{"@id":"https:\/\/advel.is\/#website"},"datePublished":"2021-08-16T20:26:53+00:00","dateModified":"2021-09-25T12:59:27+00:00","description":"ADVEL hefur um \u00e1rabil s\u00e9rh\u00e6ft sig \u00ed l\u00f6gfr\u00e6\u00f0ir\u00e1\u00f0gj\u00f6f til fyrirt\u00e6kja, b\u00e6\u00f0i h\u00e9r \u00e1 landi og erlendis.","breadcrumb":{"@id":"https:\/\/advel.is\/home\/um-advel\/#breadcrumb"},"inLanguage":"en-US","potentialAction":[{"@type":"ReadAction","target":["https:\/\/advel.is\/home\/um-advel\/"]}]},{"@type":"BreadcrumbList","@id":"https:\/\/advel.is\/home\/um-advel\/#breadcrumb","itemListElement":[{"@type":"ListItem","position":1,"name":"Heim","item":"https:\/\/advel.is\/"},{"@type":"ListItem","position":2,"name":"Um ADVEL"}]},{"@type":"WebSite","@id":"https:\/\/advel.is\/#website","url":"https:\/\/advel.is\/","name":"ADVEL","description":"","publisher":{"@id":"https:\/\/advel.is\/#organization"},"potentialAction":[{"@type":"SearchAction","target":{"@type":"EntryPoint","urlTemplate":"https:\/\/advel.is\/?s={search_term_string}"},"query-input":{"@type":"PropertyValueSpecification","valueRequired":true,"valueName":"search_term_string"}}],"inLanguage":"en-US"},{"@type":"Organization","@id":"https:\/\/advel.is\/#organization","name":"ADVEL","url":"https:\/\/advel.is\/","logo":{"@type":"ImageObject","inLanguage":"en-US","@id":"https:\/\/advel.is\/#\/schema\/logo\/image\/","url":"https:\/\/advel.is\/wp-content\/uploads\/2021\/06\/advel-litid.png","contentUrl":"https:\/\/advel.is\/wp-content\/uploads\/2021\/06\/advel-litid.png","width":70,"height":64,"caption":"ADVEL"},"image":{"@id":"https:\/\/advel.is\/#\/schema\/logo\/image\/"}}]}},"brizy_media":[],"_links":{"self":[{"href":"https:\/\/advel.is\/en\/wp-json\/wp\/v2\/pages\/319","targetHints":{"allow":["GET"]}}],"collection":[{"href":"https:\/\/advel.is\/en\/wp-json\/wp\/v2\/pages"}],"about":[{"href":"https:\/\/advel.is\/en\/wp-json\/wp\/v2\/types\/page"}],"author":[{"embeddable":true,"href":"https:\/\/advel.is\/en\/wp-json\/wp\/v2\/users\/1"}],"replies":[{"embeddable":true,"href":"https:\/\/advel.is\/en\/wp-json\/wp\/v2\/comments?post=319"}],"version-history":[{"count":101,"href":"https:\/\/advel.is\/en\/wp-json\/wp\/v2\/pages\/319\/revisions"}],"predecessor-version":[{"id":2282,"href":"https:\/\/advel.is\/en\/wp-json\/wp\/v2\/pages\/319\/revisions\/2282"}],"up":[{"embeddable":true,"href":"https:\/\/advel.is\/en\/wp-json\/wp\/v2\/pages\/12"}],"wp:attachment":[{"href":"https:\/\/advel.is\/en\/wp-json\/wp\/v2\/media?parent=319"}],"curies":[{"name":"wp","href":"https:\/\/api.w.org\/{rel}","templated":true}]}}