{"id":317,"date":"2021-08-16T20:26:03","date_gmt":"2021-08-16T20:26:03","guid":{"rendered":"https:\/\/advel.is\/?page_id=317"},"modified":"2021-09-23T17:32:57","modified_gmt":"2021-09-23T17:32:57","slug":"onnur-thjonusta","status":"publish","type":"page","link":"https:\/\/advel.is\/en\/home\/starfssvid\/onnur-thjonusta\/","title":{"rendered":"Other Areas of Practice"},"content":{"rendered":"<div data-elementor-type=\"wp-page\" data-elementor-id=\"317\" class=\"elementor elementor-317\" data-elementor-settings=\"[]\">\n\t\t\t\t\t\t\t<div class=\"elementor-section-wrap\">\n\t\t\t\t\t\t\t<section class=\"elementor-section elementor-top-section elementor-element elementor-element-587ab4a elementor-section-boxed elementor-section-height-default elementor-section-height-default\" data-id=\"587ab4a\" data-element_type=\"section\">\n\t\t\t\t\t\t<div class=\"elementor-container elementor-column-gap-default\">\n\t\t\t\t\t<div class=\"elementor-column elementor-col-100 elementor-top-column elementor-element elementor-element-cfcbe4b\" data-id=\"cfcbe4b\" data-element_type=\"column\">\n\t\t\t<div class=\"elementor-widget-wrap elementor-element-populated\">\n\t\t\t\t\t\t\t\t<div class=\"elementor-element elementor-element-5025b98 elementor-widget elementor-widget-heading\" data-id=\"5025b98\" data-element_type=\"widget\" data-widget_type=\"heading.default\">\n\t\t\t\t<div class=\"elementor-widget-container\">\n\t\t\t<h2 class=\"elementor-heading-title elementor-size-default\">Other Areas of Practice<\/h2>\t\t<\/div>\n\t\t\t\t<\/div>\n\t\t\t\t<div class=\"elementor-element elementor-element-f02a6ad elementor-widget elementor-widget-text-editor\" data-id=\"f02a6ad\" data-element_type=\"widget\" data-widget_type=\"text-editor.default\">\n\t\t\t\t<div class=\"elementor-widget-container\">\n\t\t\t\t\t\t\t\t<p>For years, ADVEL has focused on corporate legal advice. Our expertise and experience in various areas of law enables us to meet all the needs of our clients and offer wide ranging services. Other areas of practice include:<br><br><\/p>\n<div class=\"translation-block\">\n<ul>\n<li>International Trade<\/li>\n<li>Administrative Law<\/li>\n<li>Tort Law<\/li>\n<li>Property Rights and Zoning and real estate<\/li>\n<li>Construction Law and Invitations to Tender<\/li>\n<li>Employment and Residence Permits<\/li>\n<li>Consumer Rights <\/li>\n<\/ul>\n<\/div>\t\t\t\t\t\t<\/div>\n\t\t\t\t<\/div>\n\t\t\t\t\t<\/div>\n\t\t<\/div>\n\t\t\t\t\t\t\t<\/div>\n\t\t<\/section>\n\t\t\t\t\t\t<\/div>\n\t\t\t\t\t<\/div>","protected":false},"excerpt":{"rendered":"<p>\u00d6nnur \u00fej\u00f3nusta ADVEL l\u00f6gmenn hafa um \u00e1rabil einbeitt s\u00e9r a\u00f0 l\u00f6gfr\u00e6\u00f0ir\u00e1\u00f0gj\u00f6f \u00ed tengslum vi\u00f0 atvinnul\u00edfi\u00f0 og rekstur fyrirt\u00e6kja. Me\u00f0 s\u00e9r\u00feekkingu og reynslu \u00e1 fj\u00f6lm\u00f6rgum svi\u00f0um l\u00f6gfr\u00e6\u00f0innar getum vi\u00f0 komi\u00f0 til m\u00f3ts vi\u00f0 allar \u00fearfir vi\u00f0skiptavina okkar og r\u00e1\u00f0i\u00f0 \u00feeim heilt. \u00d6nnur \u00fej\u00f3nusta ADVEL tekur m.a. til eftirfarandi svi\u00f0a: Al\u00fej\u00f3\u00f0avi\u00f0skipti Stj\u00f3rns\u00fdslur\u00e9ttur Eignar\u00e9ttur, skipulagsm\u00e1l og fasteignakaup Verktakar\u00e9ttur,&hellip; <a class=\"more-link\" href=\"https:\/\/advel.is\/en\/home\/starfssvid\/onnur-thjonusta\/\">Continue reading <span class=\"screen-reader-text\">Other Areas of Practice<\/span><\/a><\/p>","protected":false},"author":1,"featured_media":0,"parent":147,"menu_order":0,"comment_status":"closed","ping_status":"closed","template":"","meta":{"_acf_changed":false,"footnotes":""},"class_list":["post-317","page","type-page","status-publish","hentry","entry"],"acf":[],"yoast_head":"<!-- This site is optimized with the Yoast SEO plugin v26.9 - https:\/\/yoast.com\/product\/yoast-seo-wordpress\/ -->\n<title>\u00d6nnur \u00fej\u00f3nusta - ADVEL<\/title>\n<meta name=\"robots\" content=\"index, follow, max-snippet:-1, max-image-preview:large, max-video-preview:-1\" \/>\n<link rel=\"canonical\" href=\"https:\/\/advel.is\/en\/home\/starfssvid\/onnur-thjonusta\/\" \/>\n<meta property=\"og:locale\" content=\"en_US\" \/>\n<meta property=\"og:type\" content=\"article\" \/>\n<meta property=\"og:title\" content=\"\u00d6nnur \u00fej\u00f3nusta - ADVEL\" \/>\n<meta property=\"og:description\" content=\"\u00d6nnur \u00fej\u00f3nusta ADVEL l\u00f6gmenn hafa um \u00e1rabil einbeitt s\u00e9r a\u00f0 l\u00f6gfr\u00e6\u00f0ir\u00e1\u00f0gj\u00f6f \u00ed tengslum vi\u00f0 atvinnul\u00edfi\u00f0 og rekstur fyrirt\u00e6kja. Me\u00f0 s\u00e9r\u00feekkingu og reynslu \u00e1 fj\u00f6lm\u00f6rgum svi\u00f0um l\u00f6gfr\u00e6\u00f0innar getum vi\u00f0 komi\u00f0 til m\u00f3ts vi\u00f0 allar \u00fearfir vi\u00f0skiptavina okkar og r\u00e1\u00f0i\u00f0 \u00feeim heilt. \u00d6nnur \u00fej\u00f3nusta ADVEL tekur m.a. til eftirfarandi svi\u00f0a: Al\u00fej\u00f3\u00f0avi\u00f0skipti Stj\u00f3rns\u00fdslur\u00e9ttur Eignar\u00e9ttur, skipulagsm\u00e1l og fasteignakaup Verktakar\u00e9ttur,&hellip; Continue reading \u00d6nnur \u00fej\u00f3nusta\" \/>\n<meta property=\"og:url\" content=\"https:\/\/advel.is\/en\/home\/starfssvid\/onnur-thjonusta\/\" \/>\n<meta property=\"og:site_name\" content=\"ADVEL\" \/>\n<meta property=\"article:modified_time\" content=\"2021-09-23T17:32:57+00:00\" \/>\n<meta name=\"twitter:card\" content=\"summary_large_image\" \/>\n<meta name=\"twitter:label1\" content=\"Est. reading time\" \/>\n\t<meta name=\"twitter:data1\" content=\"1 minute\" \/>\n<script type=\"application\/ld+json\" class=\"yoast-schema-graph\">{\"@context\":\"https:\/\/schema.org\",\"@graph\":[{\"@type\":\"WebPage\",\"@id\":\"https:\/\/advel.is\/home\/starfssvid\/onnur-thjonusta\/\",\"url\":\"https:\/\/advel.is\/home\/starfssvid\/onnur-thjonusta\/\",\"name\":\"\u00d6nnur \u00fej\u00f3nusta - ADVEL\",\"isPartOf\":{\"@id\":\"https:\/\/advel.is\/#website\"},\"datePublished\":\"2021-08-16T20:26:03+00:00\",\"dateModified\":\"2021-09-23T17:32:57+00:00\",\"breadcrumb\":{\"@id\":\"https:\/\/advel.is\/home\/starfssvid\/onnur-thjonusta\/#breadcrumb\"},\"inLanguage\":\"en-US\",\"potentialAction\":[{\"@type\":\"ReadAction\",\"target\":[\"https:\/\/advel.is\/home\/starfssvid\/onnur-thjonusta\/\"]}]},{\"@type\":\"BreadcrumbList\",\"@id\":\"https:\/\/advel.is\/home\/starfssvid\/onnur-thjonusta\/#breadcrumb\",\"itemListElement\":[{\"@type\":\"ListItem\",\"position\":1,\"name\":\"Heim\",\"item\":\"https:\/\/advel.is\/\"},{\"@type\":\"ListItem\",\"position\":2,\"name\":\"Starfssvi\u00f0\",\"item\":\"https:\/\/advel.is\/home\/starfssvid\/\"},{\"@type\":\"ListItem\",\"position\":3,\"name\":\"\u00d6nnur \u00fej\u00f3nusta\"}]},{\"@type\":\"WebSite\",\"@id\":\"https:\/\/advel.is\/#website\",\"url\":\"https:\/\/advel.is\/\",\"name\":\"ADVEL\",\"description\":\"\",\"publisher\":{\"@id\":\"https:\/\/advel.is\/#organization\"},\"potentialAction\":[{\"@type\":\"SearchAction\",\"target\":{\"@type\":\"EntryPoint\",\"urlTemplate\":\"https:\/\/advel.is\/?s={search_term_string}\"},\"query-input\":{\"@type\":\"PropertyValueSpecification\",\"valueRequired\":true,\"valueName\":\"search_term_string\"}}],\"inLanguage\":\"en-US\"},{\"@type\":\"Organization\",\"@id\":\"https:\/\/advel.is\/#organization\",\"name\":\"ADVEL\",\"url\":\"https:\/\/advel.is\/\",\"logo\":{\"@type\":\"ImageObject\",\"inLanguage\":\"en-US\",\"@id\":\"https:\/\/advel.is\/#\/schema\/logo\/image\/\",\"url\":\"https:\/\/advel.is\/wp-content\/uploads\/2021\/06\/advel-litid.png\",\"contentUrl\":\"https:\/\/advel.is\/wp-content\/uploads\/2021\/06\/advel-litid.png\",\"width\":70,\"height\":64,\"caption\":\"ADVEL\"},\"image\":{\"@id\":\"https:\/\/advel.is\/#\/schema\/logo\/image\/\"}}]}<\/script>\n<!-- \/ Yoast SEO plugin. -->","yoast_head_json":{"title":"\u00d6nnur \u00fej\u00f3nusta - ADVEL","robots":{"index":"index","follow":"follow","max-snippet":"max-snippet:-1","max-image-preview":"max-image-preview:large","max-video-preview":"max-video-preview:-1"},"canonical":"https:\/\/advel.is\/en\/home\/starfssvid\/onnur-thjonusta\/","og_locale":"en_US","og_type":"article","og_title":"\u00d6nnur \u00fej\u00f3nusta - ADVEL","og_description":"\u00d6nnur \u00fej\u00f3nusta ADVEL l\u00f6gmenn hafa um \u00e1rabil einbeitt s\u00e9r a\u00f0 l\u00f6gfr\u00e6\u00f0ir\u00e1\u00f0gj\u00f6f \u00ed tengslum vi\u00f0 atvinnul\u00edfi\u00f0 og rekstur fyrirt\u00e6kja. Me\u00f0 s\u00e9r\u00feekkingu og reynslu \u00e1 fj\u00f6lm\u00f6rgum svi\u00f0um l\u00f6gfr\u00e6\u00f0innar getum vi\u00f0 komi\u00f0 til m\u00f3ts vi\u00f0 allar \u00fearfir vi\u00f0skiptavina okkar og r\u00e1\u00f0i\u00f0 \u00feeim heilt. \u00d6nnur \u00fej\u00f3nusta ADVEL tekur m.a. til eftirfarandi svi\u00f0a: Al\u00fej\u00f3\u00f0avi\u00f0skipti Stj\u00f3rns\u00fdslur\u00e9ttur Eignar\u00e9ttur, skipulagsm\u00e1l og fasteignakaup Verktakar\u00e9ttur,&hellip; Continue reading \u00d6nnur \u00fej\u00f3nusta","og_url":"https:\/\/advel.is\/en\/home\/starfssvid\/onnur-thjonusta\/","og_site_name":"ADVEL","article_modified_time":"2021-09-23T17:32:57+00:00","twitter_card":"summary_large_image","twitter_misc":{"Est. reading time":"1 minute"},"schema":{"@context":"https:\/\/schema.org","@graph":[{"@type":"WebPage","@id":"https:\/\/advel.is\/home\/starfssvid\/onnur-thjonusta\/","url":"https:\/\/advel.is\/home\/starfssvid\/onnur-thjonusta\/","name":"\u00d6nnur \u00fej\u00f3nusta - ADVEL","isPartOf":{"@id":"https:\/\/advel.is\/#website"},"datePublished":"2021-08-16T20:26:03+00:00","dateModified":"2021-09-23T17:32:57+00:00","breadcrumb":{"@id":"https:\/\/advel.is\/home\/starfssvid\/onnur-thjonusta\/#breadcrumb"},"inLanguage":"en-US","potentialAction":[{"@type":"ReadAction","target":["https:\/\/advel.is\/home\/starfssvid\/onnur-thjonusta\/"]}]},{"@type":"BreadcrumbList","@id":"https:\/\/advel.is\/home\/starfssvid\/onnur-thjonusta\/#breadcrumb","itemListElement":[{"@type":"ListItem","position":1,"name":"Heim","item":"https:\/\/advel.is\/"},{"@type":"ListItem","position":2,"name":"Starfssvi\u00f0","item":"https:\/\/advel.is\/home\/starfssvid\/"},{"@type":"ListItem","position":3,"name":"\u00d6nnur \u00fej\u00f3nusta"}]},{"@type":"WebSite","@id":"https:\/\/advel.is\/#website","url":"https:\/\/advel.is\/","name":"ADVEL","description":"","publisher":{"@id":"https:\/\/advel.is\/#organization"},"potentialAction":[{"@type":"SearchAction","target":{"@type":"EntryPoint","urlTemplate":"https:\/\/advel.is\/?s={search_term_string}"},"query-input":{"@type":"PropertyValueSpecification","valueRequired":true,"valueName":"search_term_string"}}],"inLanguage":"en-US"},{"@type":"Organization","@id":"https:\/\/advel.is\/#organization","name":"ADVEL","url":"https:\/\/advel.is\/","logo":{"@type":"ImageObject","inLanguage":"en-US","@id":"https:\/\/advel.is\/#\/schema\/logo\/image\/","url":"https:\/\/advel.is\/wp-content\/uploads\/2021\/06\/advel-litid.png","contentUrl":"https:\/\/advel.is\/wp-content\/uploads\/2021\/06\/advel-litid.png","width":70,"height":64,"caption":"ADVEL"},"image":{"@id":"https:\/\/advel.is\/#\/schema\/logo\/image\/"}}]}},"brizy_media":[],"_links":{"self":[{"href":"https:\/\/advel.is\/en\/wp-json\/wp\/v2\/pages\/317","targetHints":{"allow":["GET"]}}],"collection":[{"href":"https:\/\/advel.is\/en\/wp-json\/wp\/v2\/pages"}],"about":[{"href":"https:\/\/advel.is\/en\/wp-json\/wp\/v2\/types\/page"}],"author":[{"embeddable":true,"href":"https:\/\/advel.is\/en\/wp-json\/wp\/v2\/users\/1"}],"replies":[{"embeddable":true,"href":"https:\/\/advel.is\/en\/wp-json\/wp\/v2\/comments?post=317"}],"version-history":[{"count":13,"href":"https:\/\/advel.is\/en\/wp-json\/wp\/v2\/pages\/317\/revisions"}],"predecessor-version":[{"id":1506,"href":"https:\/\/advel.is\/en\/wp-json\/wp\/v2\/pages\/317\/revisions\/1506"}],"up":[{"embeddable":true,"href":"https:\/\/advel.is\/en\/wp-json\/wp\/v2\/pages\/147"}],"wp:attachment":[{"href":"https:\/\/advel.is\/en\/wp-json\/wp\/v2\/media?parent=317"}],"curies":[{"name":"wp","href":"https:\/\/api.w.org\/{rel}","templated":true}]}}