{"id":315,"date":"2021-08-16T20:25:49","date_gmt":"2021-08-16T20:25:49","guid":{"rendered":"https:\/\/advel.is\/?page_id=315"},"modified":"2021-09-24T15:23:53","modified_gmt":"2021-09-24T15:23:53","slug":"skattarettur","status":"publish","type":"page","link":"https:\/\/advel.is\/en\/home\/starfssvid\/skattarettur\/","title":{"rendered":"Tax Law"},"content":{"rendered":"<div data-elementor-type=\"wp-page\" data-elementor-id=\"315\" class=\"elementor elementor-315\" data-elementor-settings=\"[]\">\n\t\t\t\t\t\t\t<div class=\"elementor-section-wrap\">\n\t\t\t\t\t\t\t<section class=\"elementor-section elementor-top-section elementor-element elementor-element-9b74bb5 elementor-section-boxed elementor-section-height-default elementor-section-height-default\" data-id=\"9b74bb5\" data-element_type=\"section\">\n\t\t\t\t\t\t<div class=\"elementor-container elementor-column-gap-default\">\n\t\t\t\t\t<div class=\"elementor-column elementor-col-100 elementor-top-column elementor-element elementor-element-18a56cc\" data-id=\"18a56cc\" data-element_type=\"column\">\n\t\t\t<div class=\"elementor-widget-wrap elementor-element-populated\">\n\t\t\t\t\t\t\t\t<div class=\"elementor-element elementor-element-bd59947 elementor-widget elementor-widget-heading\" data-id=\"bd59947\" data-element_type=\"widget\" data-widget_type=\"heading.default\">\n\t\t\t\t<div class=\"elementor-widget-container\">\n\t\t\t<h2 class=\"elementor-heading-title elementor-size-default\">Tax Law<\/h2>\t\t<\/div>\n\t\t\t\t<\/div>\n\t\t\t\t<div class=\"elementor-element elementor-element-586b63f elementor-widget elementor-widget-text-editor\" data-id=\"586b63f\" data-element_type=\"widget\" data-widget_type=\"text-editor.default\">\n\t\t\t\t<div class=\"elementor-widget-container\">\n\t\t\t\t\t\t\t\t<p>ADVEL has extensive experience in the field of tax law and provides its clients with comprehensive tax advisory services, whether in domestic tax matters or international cross-border transactions. ADVEL has provided tax advice for companies of all sizes and types, as well as individuals. Our attorneys regularly give lectures on tax law at university level. Our services include:<br><br><\/p>\n<div class=\"translation-block\">\n<ul>\n<li>Domestic and international tax law<\/li>\n<li>Tax preparation in relation to investments and restructuring<\/li>\n<li>VAT and other indirect taxes and levies<\/li>\n<li>Transfer pricing<\/li>\n<li>Interaction with tax authorities including requests for binding opinions<\/li>\n<li>Dispute resolution<\/li>\n<\/ul>\n<\/div>\t\t\t\t\t\t<\/div>\n\t\t\t\t<\/div>\n\t\t\t\t\t<\/div>\n\t\t<\/div>\n\t\t\t\t\t\t\t<\/div>\n\t\t<\/section>\n\t\t\t\t\t\t<\/div>\n\t\t\t\t\t<\/div>","protected":false},"excerpt":{"rendered":"<p>Skattar\u00e9ttur Starfsmenn ADVEL b\u00faa yfir v\u00ed\u00f0t\u00e6kri reynslu \u00e1 svi\u00f0i skattar\u00e9ttar og veita alhli\u00f0a r\u00e1\u00f0gj\u00f6f \u00e1 \u00fev\u00ed svi\u00f0i, hvort sem um er a\u00f0 r\u00e6\u00f0a innlend skattam\u00e1l e\u00f0a \u00ed al\u00fej\u00f3\u00f0avi\u00f0skiptum yfir landam\u00e6ri. S\u00e9rfr\u00e6\u00f0ingar stofunnar hafa veitt b\u00e6\u00f0i fyrirt\u00e6kjum og einstaklingum margv\u00edslega r\u00e1\u00f0gj\u00f6f um skattam\u00e1l og sinnt kennslu \u00ed skattar\u00e9tti \u00e1 h\u00e1sk\u00f3lastigi. Tekur \u00fej\u00f3nustan m.a. til eftirfarandi svi\u00f0a\/verkefna:&hellip; <a class=\"more-link\" href=\"https:\/\/advel.is\/en\/home\/starfssvid\/skattarettur\/\">Continue reading <span class=\"screen-reader-text\">Tax Law<\/span><\/a><\/p>","protected":false},"author":1,"featured_media":0,"parent":147,"menu_order":0,"comment_status":"closed","ping_status":"closed","template":"","meta":{"_acf_changed":false,"footnotes":""},"class_list":["post-315","page","type-page","status-publish","hentry","entry"],"acf":[],"yoast_head":"<!-- This site is optimized with the Yoast SEO plugin v27.3 - https:\/\/yoast.com\/product\/yoast-seo-wordpress\/ -->\n<title>Skattar\u00e9ttur - ADVEL<\/title>\n<meta name=\"robots\" content=\"index, follow, max-snippet:-1, max-image-preview:large, max-video-preview:-1\" \/>\n<link rel=\"canonical\" href=\"https:\/\/advel.is\/en\/home\/starfssvid\/skattarettur\/\" \/>\n<meta property=\"og:locale\" content=\"en_US\" \/>\n<meta property=\"og:type\" content=\"article\" \/>\n<meta property=\"og:title\" content=\"Skattar\u00e9ttur - ADVEL\" \/>\n<meta property=\"og:description\" content=\"Skattar\u00e9ttur Starfsmenn ADVEL b\u00faa yfir v\u00ed\u00f0t\u00e6kri reynslu \u00e1 svi\u00f0i skattar\u00e9ttar og veita alhli\u00f0a r\u00e1\u00f0gj\u00f6f \u00e1 \u00fev\u00ed svi\u00f0i, hvort sem um er a\u00f0 r\u00e6\u00f0a innlend skattam\u00e1l e\u00f0a \u00ed al\u00fej\u00f3\u00f0avi\u00f0skiptum yfir landam\u00e6ri. S\u00e9rfr\u00e6\u00f0ingar stofunnar hafa veitt b\u00e6\u00f0i fyrirt\u00e6kjum og einstaklingum margv\u00edslega r\u00e1\u00f0gj\u00f6f um skattam\u00e1l og sinnt kennslu \u00ed skattar\u00e9tti \u00e1 h\u00e1sk\u00f3lastigi. Tekur \u00fej\u00f3nustan m.a. til eftirfarandi svi\u00f0a\/verkefna:&hellip; Continue reading Skattar\u00e9ttur\" \/>\n<meta property=\"og:url\" content=\"https:\/\/advel.is\/en\/home\/starfssvid\/skattarettur\/\" \/>\n<meta property=\"og:site_name\" content=\"ADVEL\" \/>\n<meta property=\"article:modified_time\" content=\"2021-09-24T15:23:53+00:00\" \/>\n<meta name=\"twitter:card\" content=\"summary_large_image\" \/>\n<meta name=\"twitter:label1\" content=\"Est. reading time\" \/>\n\t<meta name=\"twitter:data1\" content=\"1 minute\" \/>\n<script type=\"application\/ld+json\" class=\"yoast-schema-graph\">{\"@context\":\"https:\\\/\\\/schema.org\",\"@graph\":[{\"@type\":\"WebPage\",\"@id\":\"https:\\\/\\\/advel.is\\\/home\\\/starfssvid\\\/skattarettur\\\/\",\"url\":\"https:\\\/\\\/advel.is\\\/home\\\/starfssvid\\\/skattarettur\\\/\",\"name\":\"Skattar\u00e9ttur - ADVEL\",\"isPartOf\":{\"@id\":\"https:\\\/\\\/advel.is\\\/#website\"},\"datePublished\":\"2021-08-16T20:25:49+00:00\",\"dateModified\":\"2021-09-24T15:23:53+00:00\",\"breadcrumb\":{\"@id\":\"https:\\\/\\\/advel.is\\\/home\\\/starfssvid\\\/skattarettur\\\/#breadcrumb\"},\"inLanguage\":\"en-US\",\"potentialAction\":[{\"@type\":\"ReadAction\",\"target\":[\"https:\\\/\\\/advel.is\\\/home\\\/starfssvid\\\/skattarettur\\\/\"]}]},{\"@type\":\"BreadcrumbList\",\"@id\":\"https:\\\/\\\/advel.is\\\/home\\\/starfssvid\\\/skattarettur\\\/#breadcrumb\",\"itemListElement\":[{\"@type\":\"ListItem\",\"position\":1,\"name\":\"Heim\",\"item\":\"https:\\\/\\\/advel.is\\\/\"},{\"@type\":\"ListItem\",\"position\":2,\"name\":\"Starfssvi\u00f0\",\"item\":\"https:\\\/\\\/advel.is\\\/home\\\/starfssvid\\\/\"},{\"@type\":\"ListItem\",\"position\":3,\"name\":\"Skattar\u00e9ttur\"}]},{\"@type\":\"WebSite\",\"@id\":\"https:\\\/\\\/advel.is\\\/#website\",\"url\":\"https:\\\/\\\/advel.is\\\/\",\"name\":\"ADVEL\",\"description\":\"\",\"publisher\":{\"@id\":\"https:\\\/\\\/advel.is\\\/#organization\"},\"potentialAction\":[{\"@type\":\"SearchAction\",\"target\":{\"@type\":\"EntryPoint\",\"urlTemplate\":\"https:\\\/\\\/advel.is\\\/?s={search_term_string}\"},\"query-input\":{\"@type\":\"PropertyValueSpecification\",\"valueRequired\":true,\"valueName\":\"search_term_string\"}}],\"inLanguage\":\"en-US\"},{\"@type\":\"Organization\",\"@id\":\"https:\\\/\\\/advel.is\\\/#organization\",\"name\":\"ADVEL\",\"url\":\"https:\\\/\\\/advel.is\\\/\",\"logo\":{\"@type\":\"ImageObject\",\"inLanguage\":\"en-US\",\"@id\":\"https:\\\/\\\/advel.is\\\/#\\\/schema\\\/logo\\\/image\\\/\",\"url\":\"https:\\\/\\\/advel.is\\\/wp-content\\\/uploads\\\/2021\\\/06\\\/advel-litid.png\",\"contentUrl\":\"https:\\\/\\\/advel.is\\\/wp-content\\\/uploads\\\/2021\\\/06\\\/advel-litid.png\",\"width\":70,\"height\":64,\"caption\":\"ADVEL\"},\"image\":{\"@id\":\"https:\\\/\\\/advel.is\\\/#\\\/schema\\\/logo\\\/image\\\/\"}}]}<\/script>\n<!-- \/ Yoast SEO plugin. -->","yoast_head_json":{"title":"Skattar\u00e9ttur - ADVEL","robots":{"index":"index","follow":"follow","max-snippet":"max-snippet:-1","max-image-preview":"max-image-preview:large","max-video-preview":"max-video-preview:-1"},"canonical":"https:\/\/advel.is\/en\/home\/starfssvid\/skattarettur\/","og_locale":"en_US","og_type":"article","og_title":"Skattar\u00e9ttur - ADVEL","og_description":"Skattar\u00e9ttur Starfsmenn ADVEL b\u00faa yfir v\u00ed\u00f0t\u00e6kri reynslu \u00e1 svi\u00f0i skattar\u00e9ttar og veita alhli\u00f0a r\u00e1\u00f0gj\u00f6f \u00e1 \u00fev\u00ed svi\u00f0i, hvort sem um er a\u00f0 r\u00e6\u00f0a innlend skattam\u00e1l e\u00f0a \u00ed al\u00fej\u00f3\u00f0avi\u00f0skiptum yfir landam\u00e6ri. S\u00e9rfr\u00e6\u00f0ingar stofunnar hafa veitt b\u00e6\u00f0i fyrirt\u00e6kjum og einstaklingum margv\u00edslega r\u00e1\u00f0gj\u00f6f um skattam\u00e1l og sinnt kennslu \u00ed skattar\u00e9tti \u00e1 h\u00e1sk\u00f3lastigi. Tekur \u00fej\u00f3nustan m.a. til eftirfarandi svi\u00f0a\/verkefna:&hellip; Continue reading Skattar\u00e9ttur","og_url":"https:\/\/advel.is\/en\/home\/starfssvid\/skattarettur\/","og_site_name":"ADVEL","article_modified_time":"2021-09-24T15:23:53+00:00","twitter_card":"summary_large_image","twitter_misc":{"Est. reading time":"1 minute"},"schema":{"@context":"https:\/\/schema.org","@graph":[{"@type":"WebPage","@id":"https:\/\/advel.is\/home\/starfssvid\/skattarettur\/","url":"https:\/\/advel.is\/home\/starfssvid\/skattarettur\/","name":"Skattar\u00e9ttur - ADVEL","isPartOf":{"@id":"https:\/\/advel.is\/#website"},"datePublished":"2021-08-16T20:25:49+00:00","dateModified":"2021-09-24T15:23:53+00:00","breadcrumb":{"@id":"https:\/\/advel.is\/home\/starfssvid\/skattarettur\/#breadcrumb"},"inLanguage":"en-US","potentialAction":[{"@type":"ReadAction","target":["https:\/\/advel.is\/home\/starfssvid\/skattarettur\/"]}]},{"@type":"BreadcrumbList","@id":"https:\/\/advel.is\/home\/starfssvid\/skattarettur\/#breadcrumb","itemListElement":[{"@type":"ListItem","position":1,"name":"Heim","item":"https:\/\/advel.is\/"},{"@type":"ListItem","position":2,"name":"Starfssvi\u00f0","item":"https:\/\/advel.is\/home\/starfssvid\/"},{"@type":"ListItem","position":3,"name":"Skattar\u00e9ttur"}]},{"@type":"WebSite","@id":"https:\/\/advel.is\/#website","url":"https:\/\/advel.is\/","name":"ADVEL","description":"","publisher":{"@id":"https:\/\/advel.is\/#organization"},"potentialAction":[{"@type":"SearchAction","target":{"@type":"EntryPoint","urlTemplate":"https:\/\/advel.is\/?s={search_term_string}"},"query-input":{"@type":"PropertyValueSpecification","valueRequired":true,"valueName":"search_term_string"}}],"inLanguage":"en-US"},{"@type":"Organization","@id":"https:\/\/advel.is\/#organization","name":"ADVEL","url":"https:\/\/advel.is\/","logo":{"@type":"ImageObject","inLanguage":"en-US","@id":"https:\/\/advel.is\/#\/schema\/logo\/image\/","url":"https:\/\/advel.is\/wp-content\/uploads\/2021\/06\/advel-litid.png","contentUrl":"https:\/\/advel.is\/wp-content\/uploads\/2021\/06\/advel-litid.png","width":70,"height":64,"caption":"ADVEL"},"image":{"@id":"https:\/\/advel.is\/#\/schema\/logo\/image\/"}}]}},"brizy_media":[],"_links":{"self":[{"href":"https:\/\/advel.is\/en\/wp-json\/wp\/v2\/pages\/315","targetHints":{"allow":["GET"]}}],"collection":[{"href":"https:\/\/advel.is\/en\/wp-json\/wp\/v2\/pages"}],"about":[{"href":"https:\/\/advel.is\/en\/wp-json\/wp\/v2\/types\/page"}],"author":[{"embeddable":true,"href":"https:\/\/advel.is\/en\/wp-json\/wp\/v2\/users\/1"}],"replies":[{"embeddable":true,"href":"https:\/\/advel.is\/en\/wp-json\/wp\/v2\/comments?post=315"}],"version-history":[{"count":13,"href":"https:\/\/advel.is\/en\/wp-json\/wp\/v2\/pages\/315\/revisions"}],"predecessor-version":[{"id":1793,"href":"https:\/\/advel.is\/en\/wp-json\/wp\/v2\/pages\/315\/revisions\/1793"}],"up":[{"embeddable":true,"href":"https:\/\/advel.is\/en\/wp-json\/wp\/v2\/pages\/147"}],"wp:attachment":[{"href":"https:\/\/advel.is\/en\/wp-json\/wp\/v2\/media?parent=315"}],"curies":[{"name":"wp","href":"https:\/\/api.w.org\/{rel}","templated":true}]}}