{"id":313,"date":"2021-08-16T20:25:30","date_gmt":"2021-08-16T20:25:30","guid":{"rendered":"https:\/\/advel.is\/?page_id=313"},"modified":"2021-09-23T15:00:32","modified_gmt":"2021-09-23T15:00:32","slug":"vatryggingarettur","status":"publish","type":"page","link":"https:\/\/advel.is\/en\/home\/starfssvid\/vatryggingarettur\/","title":{"rendered":"(Re)Insurance"},"content":{"rendered":"<div data-elementor-type=\"wp-page\" data-elementor-id=\"313\" class=\"elementor elementor-313\" data-elementor-settings=\"[]\">\n\t\t\t\t\t\t\t<div class=\"elementor-section-wrap\">\n\t\t\t\t\t\t\t<section class=\"elementor-section elementor-top-section elementor-element elementor-element-01e8911 elementor-section-boxed elementor-section-height-default elementor-section-height-default\" data-id=\"01e8911\" data-element_type=\"section\">\n\t\t\t\t\t\t<div class=\"elementor-container elementor-column-gap-default\">\n\t\t\t\t\t<div class=\"elementor-column elementor-col-100 elementor-top-column elementor-element elementor-element-53c0b13\" data-id=\"53c0b13\" data-element_type=\"column\">\n\t\t\t<div class=\"elementor-widget-wrap elementor-element-populated\">\n\t\t\t\t\t\t\t\t<div class=\"elementor-element elementor-element-dd22531 elementor-widget elementor-widget-heading\" data-id=\"dd22531\" data-element_type=\"widget\" data-widget_type=\"heading.default\">\n\t\t\t\t<div class=\"elementor-widget-container\">\n\t\t\t<h2 class=\"elementor-heading-title elementor-size-default\">(Re)Insurance<\/h2>\t\t<\/div>\n\t\t\t\t<\/div>\n\t\t\t\t<div class=\"elementor-element elementor-element-a43e225 elementor-widget elementor-widget-text-editor\" data-id=\"a43e225\" data-element_type=\"widget\" data-widget_type=\"text-editor.default\">\n\t\t\t\t<div class=\"elementor-widget-container\">\n\t\t\t\t\t\t\t\t<div class=\"translation-block\"><p>ADVEL has decades long experience in providing complex insurance advice, primarily to original insurers and reinsurers, both local and foreign. Our services include advice on:<\/p>\n<br \/>\n<ul>\n<li>Analysis of policy and coverage issues<\/li>\n<li>Notifications and claims under insurance policies<\/li>\n<li>Drafting and interpreting policy texts <\/li>\n<li>Regulatory matters<\/li>\n<li>Disputes before complaints committees and representation before court<\/li>\n<\/ul>\n<\/div>\t\t\t\t\t\t<\/div>\n\t\t\t\t<\/div>\n\t\t\t\t\t<\/div>\n\t\t<\/div>\n\t\t\t\t\t\t\t<\/div>\n\t\t<\/section>\n\t\t\t\t\t\t<\/div>\n\t\t\t\t\t<\/div>","protected":false},"excerpt":{"rendered":"<p>V\u00e1tryggingar\u00e9ttur ADVEL hefur um \u00e1ratuga skei\u00f0 veitt v\u00ed\u00f0t\u00e6ka r\u00e1\u00f0gj\u00f6f \u00e1 svi\u00f0i v\u00e1tryggingar\u00e9ttar, einkum fyrir frum- og endurtryggjendur, enda hefur starfsf\u00f3lk stofunnar umfangsmikla reynslu af st\u00f6rfum fyrir v\u00e1tryggjendum. Tekur \u00fej\u00f3nustan m.a. til eftirfarandi svi\u00f0a\/verkefna: Greiningar \u00e1 umfangi v\u00e1tryggingarverndar og r\u00e9ttarst\u00f6\u00f0u a\u00f0ila R\u00e1\u00f0gjafar vegna tilkynninga og krafna \u00ed v\u00e1tryggingar R\u00e1\u00f0gjafar um t\u00falkun og efni skilm\u00e1la Samskipta vi\u00f0&hellip; <a class=\"more-link\" href=\"https:\/\/advel.is\/en\/home\/starfssvid\/vatryggingarettur\/\">Continue reading <span class=\"screen-reader-text\">(Re)Insurance<\/span><\/a><\/p>","protected":false},"author":1,"featured_media":0,"parent":147,"menu_order":0,"comment_status":"closed","ping_status":"closed","template":"","meta":{"_acf_changed":false,"footnotes":""},"class_list":["post-313","page","type-page","status-publish","hentry","entry"],"acf":[],"yoast_head":"<!-- This site is optimized with the Yoast SEO plugin v27.3 - https:\/\/yoast.com\/product\/yoast-seo-wordpress\/ -->\n<title>V\u00e1tryggingar\u00e9ttur - ADVEL<\/title>\n<meta name=\"robots\" content=\"index, follow, max-snippet:-1, max-image-preview:large, max-video-preview:-1\" \/>\n<link rel=\"canonical\" href=\"https:\/\/advel.is\/en\/home\/starfssvid\/vatryggingarettur\/\" \/>\n<meta property=\"og:locale\" content=\"en_US\" \/>\n<meta property=\"og:type\" content=\"article\" \/>\n<meta property=\"og:title\" content=\"V\u00e1tryggingar\u00e9ttur - ADVEL\" \/>\n<meta property=\"og:description\" content=\"V\u00e1tryggingar\u00e9ttur ADVEL hefur um \u00e1ratuga skei\u00f0 veitt v\u00ed\u00f0t\u00e6ka r\u00e1\u00f0gj\u00f6f \u00e1 svi\u00f0i v\u00e1tryggingar\u00e9ttar, einkum fyrir frum- og endurtryggjendur, enda hefur starfsf\u00f3lk stofunnar umfangsmikla reynslu af st\u00f6rfum fyrir v\u00e1tryggjendum. Tekur \u00fej\u00f3nustan m.a. til eftirfarandi svi\u00f0a\/verkefna: Greiningar \u00e1 umfangi v\u00e1tryggingarverndar og r\u00e9ttarst\u00f6\u00f0u a\u00f0ila R\u00e1\u00f0gjafar vegna tilkynninga og krafna \u00ed v\u00e1tryggingar R\u00e1\u00f0gjafar um t\u00falkun og efni skilm\u00e1la Samskipta vi\u00f0&hellip; Continue reading V\u00e1tryggingar\u00e9ttur\" \/>\n<meta property=\"og:url\" content=\"https:\/\/advel.is\/en\/home\/starfssvid\/vatryggingarettur\/\" \/>\n<meta property=\"og:site_name\" content=\"ADVEL\" \/>\n<meta property=\"article:modified_time\" content=\"2021-09-23T15:00:32+00:00\" \/>\n<meta name=\"twitter:card\" content=\"summary_large_image\" \/>\n<meta name=\"twitter:label1\" content=\"Est. reading time\" \/>\n\t<meta name=\"twitter:data1\" content=\"1 minute\" \/>\n<script type=\"application\/ld+json\" class=\"yoast-schema-graph\">{\"@context\":\"https:\\\/\\\/schema.org\",\"@graph\":[{\"@type\":\"WebPage\",\"@id\":\"https:\\\/\\\/advel.is\\\/home\\\/starfssvid\\\/vatryggingarettur\\\/\",\"url\":\"https:\\\/\\\/advel.is\\\/home\\\/starfssvid\\\/vatryggingarettur\\\/\",\"name\":\"V\u00e1tryggingar\u00e9ttur - ADVEL\",\"isPartOf\":{\"@id\":\"https:\\\/\\\/advel.is\\\/#website\"},\"datePublished\":\"2021-08-16T20:25:30+00:00\",\"dateModified\":\"2021-09-23T15:00:32+00:00\",\"breadcrumb\":{\"@id\":\"https:\\\/\\\/advel.is\\\/home\\\/starfssvid\\\/vatryggingarettur\\\/#breadcrumb\"},\"inLanguage\":\"en-US\",\"potentialAction\":[{\"@type\":\"ReadAction\",\"target\":[\"https:\\\/\\\/advel.is\\\/home\\\/starfssvid\\\/vatryggingarettur\\\/\"]}]},{\"@type\":\"BreadcrumbList\",\"@id\":\"https:\\\/\\\/advel.is\\\/home\\\/starfssvid\\\/vatryggingarettur\\\/#breadcrumb\",\"itemListElement\":[{\"@type\":\"ListItem\",\"position\":1,\"name\":\"Heim\",\"item\":\"https:\\\/\\\/advel.is\\\/\"},{\"@type\":\"ListItem\",\"position\":2,\"name\":\"Starfssvi\u00f0\",\"item\":\"https:\\\/\\\/advel.is\\\/home\\\/starfssvid\\\/\"},{\"@type\":\"ListItem\",\"position\":3,\"name\":\"V\u00e1tryggingar\u00e9ttur\"}]},{\"@type\":\"WebSite\",\"@id\":\"https:\\\/\\\/advel.is\\\/#website\",\"url\":\"https:\\\/\\\/advel.is\\\/\",\"name\":\"ADVEL\",\"description\":\"\",\"publisher\":{\"@id\":\"https:\\\/\\\/advel.is\\\/#organization\"},\"potentialAction\":[{\"@type\":\"SearchAction\",\"target\":{\"@type\":\"EntryPoint\",\"urlTemplate\":\"https:\\\/\\\/advel.is\\\/?s={search_term_string}\"},\"query-input\":{\"@type\":\"PropertyValueSpecification\",\"valueRequired\":true,\"valueName\":\"search_term_string\"}}],\"inLanguage\":\"en-US\"},{\"@type\":\"Organization\",\"@id\":\"https:\\\/\\\/advel.is\\\/#organization\",\"name\":\"ADVEL\",\"url\":\"https:\\\/\\\/advel.is\\\/\",\"logo\":{\"@type\":\"ImageObject\",\"inLanguage\":\"en-US\",\"@id\":\"https:\\\/\\\/advel.is\\\/#\\\/schema\\\/logo\\\/image\\\/\",\"url\":\"https:\\\/\\\/advel.is\\\/wp-content\\\/uploads\\\/2021\\\/06\\\/advel-litid.png\",\"contentUrl\":\"https:\\\/\\\/advel.is\\\/wp-content\\\/uploads\\\/2021\\\/06\\\/advel-litid.png\",\"width\":70,\"height\":64,\"caption\":\"ADVEL\"},\"image\":{\"@id\":\"https:\\\/\\\/advel.is\\\/#\\\/schema\\\/logo\\\/image\\\/\"}}]}<\/script>\n<!-- \/ Yoast SEO plugin. -->","yoast_head_json":{"title":"V\u00e1tryggingar\u00e9ttur - ADVEL","robots":{"index":"index","follow":"follow","max-snippet":"max-snippet:-1","max-image-preview":"max-image-preview:large","max-video-preview":"max-video-preview:-1"},"canonical":"https:\/\/advel.is\/en\/home\/starfssvid\/vatryggingarettur\/","og_locale":"en_US","og_type":"article","og_title":"V\u00e1tryggingar\u00e9ttur - ADVEL","og_description":"V\u00e1tryggingar\u00e9ttur ADVEL hefur um \u00e1ratuga skei\u00f0 veitt v\u00ed\u00f0t\u00e6ka r\u00e1\u00f0gj\u00f6f \u00e1 svi\u00f0i v\u00e1tryggingar\u00e9ttar, einkum fyrir frum- og endurtryggjendur, enda hefur starfsf\u00f3lk stofunnar umfangsmikla reynslu af st\u00f6rfum fyrir v\u00e1tryggjendum. Tekur \u00fej\u00f3nustan m.a. til eftirfarandi svi\u00f0a\/verkefna: Greiningar \u00e1 umfangi v\u00e1tryggingarverndar og r\u00e9ttarst\u00f6\u00f0u a\u00f0ila R\u00e1\u00f0gjafar vegna tilkynninga og krafna \u00ed v\u00e1tryggingar R\u00e1\u00f0gjafar um t\u00falkun og efni skilm\u00e1la Samskipta vi\u00f0&hellip; Continue reading V\u00e1tryggingar\u00e9ttur","og_url":"https:\/\/advel.is\/en\/home\/starfssvid\/vatryggingarettur\/","og_site_name":"ADVEL","article_modified_time":"2021-09-23T15:00:32+00:00","twitter_card":"summary_large_image","twitter_misc":{"Est. reading time":"1 minute"},"schema":{"@context":"https:\/\/schema.org","@graph":[{"@type":"WebPage","@id":"https:\/\/advel.is\/home\/starfssvid\/vatryggingarettur\/","url":"https:\/\/advel.is\/home\/starfssvid\/vatryggingarettur\/","name":"V\u00e1tryggingar\u00e9ttur - ADVEL","isPartOf":{"@id":"https:\/\/advel.is\/#website"},"datePublished":"2021-08-16T20:25:30+00:00","dateModified":"2021-09-23T15:00:32+00:00","breadcrumb":{"@id":"https:\/\/advel.is\/home\/starfssvid\/vatryggingarettur\/#breadcrumb"},"inLanguage":"en-US","potentialAction":[{"@type":"ReadAction","target":["https:\/\/advel.is\/home\/starfssvid\/vatryggingarettur\/"]}]},{"@type":"BreadcrumbList","@id":"https:\/\/advel.is\/home\/starfssvid\/vatryggingarettur\/#breadcrumb","itemListElement":[{"@type":"ListItem","position":1,"name":"Heim","item":"https:\/\/advel.is\/"},{"@type":"ListItem","position":2,"name":"Starfssvi\u00f0","item":"https:\/\/advel.is\/home\/starfssvid\/"},{"@type":"ListItem","position":3,"name":"V\u00e1tryggingar\u00e9ttur"}]},{"@type":"WebSite","@id":"https:\/\/advel.is\/#website","url":"https:\/\/advel.is\/","name":"ADVEL","description":"","publisher":{"@id":"https:\/\/advel.is\/#organization"},"potentialAction":[{"@type":"SearchAction","target":{"@type":"EntryPoint","urlTemplate":"https:\/\/advel.is\/?s={search_term_string}"},"query-input":{"@type":"PropertyValueSpecification","valueRequired":true,"valueName":"search_term_string"}}],"inLanguage":"en-US"},{"@type":"Organization","@id":"https:\/\/advel.is\/#organization","name":"ADVEL","url":"https:\/\/advel.is\/","logo":{"@type":"ImageObject","inLanguage":"en-US","@id":"https:\/\/advel.is\/#\/schema\/logo\/image\/","url":"https:\/\/advel.is\/wp-content\/uploads\/2021\/06\/advel-litid.png","contentUrl":"https:\/\/advel.is\/wp-content\/uploads\/2021\/06\/advel-litid.png","width":70,"height":64,"caption":"ADVEL"},"image":{"@id":"https:\/\/advel.is\/#\/schema\/logo\/image\/"}}]}},"brizy_media":[],"_links":{"self":[{"href":"https:\/\/advel.is\/en\/wp-json\/wp\/v2\/pages\/313","targetHints":{"allow":["GET"]}}],"collection":[{"href":"https:\/\/advel.is\/en\/wp-json\/wp\/v2\/pages"}],"about":[{"href":"https:\/\/advel.is\/en\/wp-json\/wp\/v2\/types\/page"}],"author":[{"embeddable":true,"href":"https:\/\/advel.is\/en\/wp-json\/wp\/v2\/users\/1"}],"replies":[{"embeddable":true,"href":"https:\/\/advel.is\/en\/wp-json\/wp\/v2\/comments?post=313"}],"version-history":[{"count":13,"href":"https:\/\/advel.is\/en\/wp-json\/wp\/v2\/pages\/313\/revisions"}],"predecessor-version":[{"id":1465,"href":"https:\/\/advel.is\/en\/wp-json\/wp\/v2\/pages\/313\/revisions\/1465"}],"up":[{"embeddable":true,"href":"https:\/\/advel.is\/en\/wp-json\/wp\/v2\/pages\/147"}],"wp:attachment":[{"href":"https:\/\/advel.is\/en\/wp-json\/wp\/v2\/media?parent=313"}],"curies":[{"name":"wp","href":"https:\/\/api.w.org\/{rel}","templated":true}]}}