{"id":3124,"date":"2026-01-22T22:47:13","date_gmt":"2026-01-22T22:47:13","guid":{"rendered":"https:\/\/advel.is\/?page_id=3124"},"modified":"2026-02-06T15:13:20","modified_gmt":"2026-02-06T15:13:20","slug":"vinnurettur","status":"publish","type":"page","link":"https:\/\/advel.is\/en\/vinnurettur\/","title":{"rendered":"Labour Law"},"content":{"rendered":"<p>ADVEL has extensive experience in the field of labour law and the firm\u2019s experts have for years provided employees, employers and public authorities with counsel and assistance in all aspects of this field. The services include:<\/p>\n\n\n\n<ul class=\"wp-block-list\">\n<li>Ger\u00f0 og t\u00falkun kjarasamninga<\/li>\n\n\n\n<li>Employment agreements<\/li>\n\n\n\n<li>Termination of employment<\/li>\n\n\n\n<li>Assistance in solving disputes<\/li>\n\n\n\n<li>R\u00e9ttarsta\u00f0a starfsmanna vi\u00f0 a\u00f0ilaskipti a\u00f0 fyrirt\u00e6kjum<\/li>\n\n\n\n<li>Uppsagnir<\/li>\n\n\n\n<li>Group dismissals<\/li>\n\n\n\n<li>Litigation<\/li>\n\n\n\n<li>Employment and Residence Permits<\/li>\n<\/ul>","protected":false},"excerpt":{"rendered":"<p>ADVEL has extensive experience in the field of labour law and the firm\u2019s experts have for years provided employees, employers and public authorities with counsel and assistance in all aspects of this field. The services include:<\/p>","protected":false},"author":3,"featured_media":0,"parent":0,"menu_order":0,"comment_status":"closed","ping_status":"closed","template":"","meta":{"_acf_changed":false,"footnotes":""},"class_list":["post-3124","page","type-page","status-publish","hentry","entry"],"acf":[],"yoast_head":"<!-- This site is optimized with the Yoast SEO plugin v27.3 - https:\/\/yoast.com\/product\/yoast-seo-wordpress\/ -->\n<title>Vinnur\u00e9ttur - ADVEL<\/title>\n<meta name=\"robots\" content=\"index, follow, max-snippet:-1, max-image-preview:large, max-video-preview:-1\" \/>\n<link rel=\"canonical\" href=\"https:\/\/advel.is\/en\/vinnurettur\/\" \/>\n<meta property=\"og:locale\" content=\"en_US\" \/>\n<meta property=\"og:type\" content=\"article\" \/>\n<meta property=\"og:title\" content=\"Vinnur\u00e9ttur - ADVEL\" \/>\n<meta property=\"og:description\" content=\"ADVEL hefur mikla reynslu af vinnur\u00e9ttarm\u00e1lum og hafa s\u00e9rfr\u00e6\u00f0ingar stofunnar um \u00e1rabil veitt laun\u00feegum, atvinnurekendum og opinberum a\u00f0ilum r\u00e1\u00f0gj\u00f6f og a\u00f0sto\u00f0 \u00ed m\u00e1lum af \u00f6llum toga \u00e1 \u00feessu r\u00e9ttarsvi\u00f0i. Tekur \u00fej\u00f3nustan m.a. til eftirfarandi svi\u00f0a\/verkefna:\" \/>\n<meta property=\"og:url\" content=\"https:\/\/advel.is\/en\/vinnurettur\/\" \/>\n<meta property=\"og:site_name\" content=\"ADVEL\" \/>\n<meta property=\"article:modified_time\" content=\"2026-02-06T15:13:20+00:00\" \/>\n<meta name=\"twitter:card\" content=\"summary_large_image\" \/>\n<meta name=\"twitter:label1\" content=\"Est. reading time\" \/>\n\t<meta name=\"twitter:data1\" content=\"1 minute\" \/>\n<script type=\"application\/ld+json\" class=\"yoast-schema-graph\">{\"@context\":\"https:\\\/\\\/schema.org\",\"@graph\":[{\"@type\":\"WebPage\",\"@id\":\"https:\\\/\\\/advel.is\\\/vinnurettur\\\/\",\"url\":\"https:\\\/\\\/advel.is\\\/vinnurettur\\\/\",\"name\":\"Vinnur\u00e9ttur - ADVEL\",\"isPartOf\":{\"@id\":\"https:\\\/\\\/advel.is\\\/#website\"},\"datePublished\":\"2026-01-22T22:47:13+00:00\",\"dateModified\":\"2026-02-06T15:13:20+00:00\",\"inLanguage\":\"en-US\",\"potentialAction\":[{\"@type\":\"ReadAction\",\"target\":[\"https:\\\/\\\/advel.is\\\/vinnurettur\\\/\"]}]},{\"@type\":\"WebSite\",\"@id\":\"https:\\\/\\\/advel.is\\\/#website\",\"url\":\"https:\\\/\\\/advel.is\\\/\",\"name\":\"ADVEL\",\"description\":\"\",\"publisher\":{\"@id\":\"https:\\\/\\\/advel.is\\\/#organization\"},\"potentialAction\":[{\"@type\":\"SearchAction\",\"target\":{\"@type\":\"EntryPoint\",\"urlTemplate\":\"https:\\\/\\\/advel.is\\\/?s={search_term_string}\"},\"query-input\":{\"@type\":\"PropertyValueSpecification\",\"valueRequired\":true,\"valueName\":\"search_term_string\"}}],\"inLanguage\":\"en-US\"},{\"@type\":\"Organization\",\"@id\":\"https:\\\/\\\/advel.is\\\/#organization\",\"name\":\"ADVEL\",\"url\":\"https:\\\/\\\/advel.is\\\/\",\"logo\":{\"@type\":\"ImageObject\",\"inLanguage\":\"en-US\",\"@id\":\"https:\\\/\\\/advel.is\\\/#\\\/schema\\\/logo\\\/image\\\/\",\"url\":\"https:\\\/\\\/advel.is\\\/wp-content\\\/uploads\\\/2021\\\/06\\\/advel-litid.png\",\"contentUrl\":\"https:\\\/\\\/advel.is\\\/wp-content\\\/uploads\\\/2021\\\/06\\\/advel-litid.png\",\"width\":70,\"height\":64,\"caption\":\"ADVEL\"},\"image\":{\"@id\":\"https:\\\/\\\/advel.is\\\/#\\\/schema\\\/logo\\\/image\\\/\"}}]}<\/script>\n<!-- \/ Yoast SEO plugin. -->","yoast_head_json":{"title":"Vinnur\u00e9ttur - ADVEL","robots":{"index":"index","follow":"follow","max-snippet":"max-snippet:-1","max-image-preview":"max-image-preview:large","max-video-preview":"max-video-preview:-1"},"canonical":"https:\/\/advel.is\/en\/vinnurettur\/","og_locale":"en_US","og_type":"article","og_title":"Vinnur\u00e9ttur - ADVEL","og_description":"ADVEL hefur mikla reynslu af vinnur\u00e9ttarm\u00e1lum og hafa s\u00e9rfr\u00e6\u00f0ingar stofunnar um \u00e1rabil veitt laun\u00feegum, atvinnurekendum og opinberum a\u00f0ilum r\u00e1\u00f0gj\u00f6f og a\u00f0sto\u00f0 \u00ed m\u00e1lum af \u00f6llum toga \u00e1 \u00feessu r\u00e9ttarsvi\u00f0i. Tekur \u00fej\u00f3nustan m.a. til eftirfarandi svi\u00f0a\/verkefna:","og_url":"https:\/\/advel.is\/en\/vinnurettur\/","og_site_name":"ADVEL","article_modified_time":"2026-02-06T15:13:20+00:00","twitter_card":"summary_large_image","twitter_misc":{"Est. reading time":"1 minute"},"schema":{"@context":"https:\/\/schema.org","@graph":[{"@type":"WebPage","@id":"https:\/\/advel.is\/vinnurettur\/","url":"https:\/\/advel.is\/vinnurettur\/","name":"Vinnur\u00e9ttur - ADVEL","isPartOf":{"@id":"https:\/\/advel.is\/#website"},"datePublished":"2026-01-22T22:47:13+00:00","dateModified":"2026-02-06T15:13:20+00:00","inLanguage":"en-US","potentialAction":[{"@type":"ReadAction","target":["https:\/\/advel.is\/vinnurettur\/"]}]},{"@type":"WebSite","@id":"https:\/\/advel.is\/#website","url":"https:\/\/advel.is\/","name":"ADVEL","description":"","publisher":{"@id":"https:\/\/advel.is\/#organization"},"potentialAction":[{"@type":"SearchAction","target":{"@type":"EntryPoint","urlTemplate":"https:\/\/advel.is\/?s={search_term_string}"},"query-input":{"@type":"PropertyValueSpecification","valueRequired":true,"valueName":"search_term_string"}}],"inLanguage":"en-US"},{"@type":"Organization","@id":"https:\/\/advel.is\/#organization","name":"ADVEL","url":"https:\/\/advel.is\/","logo":{"@type":"ImageObject","inLanguage":"en-US","@id":"https:\/\/advel.is\/#\/schema\/logo\/image\/","url":"https:\/\/advel.is\/wp-content\/uploads\/2021\/06\/advel-litid.png","contentUrl":"https:\/\/advel.is\/wp-content\/uploads\/2021\/06\/advel-litid.png","width":70,"height":64,"caption":"ADVEL"},"image":{"@id":"https:\/\/advel.is\/#\/schema\/logo\/image\/"}}]}},"brizy_media":[],"_links":{"self":[{"href":"https:\/\/advel.is\/en\/wp-json\/wp\/v2\/pages\/3124","targetHints":{"allow":["GET"]}}],"collection":[{"href":"https:\/\/advel.is\/en\/wp-json\/wp\/v2\/pages"}],"about":[{"href":"https:\/\/advel.is\/en\/wp-json\/wp\/v2\/types\/page"}],"author":[{"embeddable":true,"href":"https:\/\/advel.is\/en\/wp-json\/wp\/v2\/users\/3"}],"replies":[{"embeddable":true,"href":"https:\/\/advel.is\/en\/wp-json\/wp\/v2\/comments?post=3124"}],"version-history":[{"count":3,"href":"https:\/\/advel.is\/en\/wp-json\/wp\/v2\/pages\/3124\/revisions"}],"predecessor-version":[{"id":3474,"href":"https:\/\/advel.is\/en\/wp-json\/wp\/v2\/pages\/3124\/revisions\/3474"}],"wp:attachment":[{"href":"https:\/\/advel.is\/en\/wp-json\/wp\/v2\/media?parent=3124"}],"curies":[{"name":"wp","href":"https:\/\/api.w.org\/{rel}","templated":true}]}}