{"id":3122,"date":"2026-01-22T22:47:13","date_gmt":"2026-01-22T22:47:13","guid":{"rendered":"https:\/\/advel.is\/?page_id=3122"},"modified":"2026-02-06T16:35:47","modified_gmt":"2026-02-06T16:35:47","slug":"verdbrefamarkadsrettur","status":"publish","type":"page","link":"https:\/\/advel.is\/en\/verdbrefamarkadsrettur\/","title":{"rendered":"Securities Market Law"},"content":{"rendered":"<p>Starfsmenn ADVEL hafa v\u00ed\u00f0t\u00e6ka reynslu og \u00feekkingu \u00e1 svi\u00f0i ver\u00f0br\u00e9famarka\u00f0sr\u00e9ttar og \u00feekkja \u00fe\u00e6r skyldur sem lag\u00f0ar eru \u00e1 her\u00f0ar f\u00e9laga sem skr\u00e1\u00f0 eru \u00e1 marka\u00f0storg fj\u00e1rm\u00e1lagerninga. Tekur \u00fej\u00f3nustan m.a. til eftirfarandi svi\u00f0a\/verkefna:<\/p>\n\n\n\n<ul class=\"wp-block-list\">\n<li>R\u00e1\u00f0gj\u00f6f vegna skr\u00e1ningar \u00e1 marka\u00f0<\/li>\n\n\n\n<li>Preparation of prospectuses and information disclosure<\/li>\n\n\n\n<li>Due diligence<\/li>\n\n\n\n<li>Regluvarsla og r\u00e1\u00f0gj\u00f6f<\/li>\n\n\n\n<li>Uppl\u00fdsingagj\u00f6f og me\u00f0fer\u00f0 innherjauppl\u00fdsinga<\/li>\n\n\n\n<li>V\u00f6rustj\u00f3rnun og neytendavernd<\/li>\n\n\n\n<li>Interaction with stock exchanges and financial supervisory authorities<\/li>\n\n\n\n<li>Rights of minority shareholders<\/li>\n\n\n\n<li>Bid and takeover obligations<\/li>\n<\/ul>","protected":false},"excerpt":{"rendered":"<p>Starfsmenn ADVEL hafa v\u00ed\u00f0t\u00e6ka reynslu og \u00feekkingu \u00e1 svi\u00f0i ver\u00f0br\u00e9famarka\u00f0sr\u00e9ttar og \u00feekkja \u00fe\u00e6r skyldur sem lag\u00f0ar eru \u00e1 her\u00f0ar f\u00e9laga sem skr\u00e1\u00f0 eru \u00e1 marka\u00f0storg fj\u00e1rm\u00e1lagerninga. Tekur \u00fej\u00f3nustan m.a. til eftirfarandi svi\u00f0a\/verkefna:<\/p>","protected":false},"author":3,"featured_media":0,"parent":0,"menu_order":0,"comment_status":"closed","ping_status":"closed","template":"","meta":{"_acf_changed":false,"footnotes":""},"class_list":["post-3122","page","type-page","status-publish","hentry","entry"],"acf":[],"yoast_head":"<!-- This site is optimized with the Yoast SEO plugin v27.3 - https:\/\/yoast.com\/product\/yoast-seo-wordpress\/ -->\n<title>Ver\u00f0br\u00e9famarka\u00f0sr\u00e9ttur - ADVEL<\/title>\n<meta name=\"robots\" content=\"index, follow, max-snippet:-1, max-image-preview:large, max-video-preview:-1\" \/>\n<link rel=\"canonical\" href=\"https:\/\/advel.is\/en\/verdbrefamarkadsrettur\/\" \/>\n<meta property=\"og:locale\" content=\"en_US\" \/>\n<meta property=\"og:type\" content=\"article\" \/>\n<meta property=\"og:title\" content=\"Ver\u00f0br\u00e9famarka\u00f0sr\u00e9ttur - ADVEL\" \/>\n<meta property=\"og:description\" content=\"Starfsmenn ADVEL hafa v\u00ed\u00f0t\u00e6ka reynslu og \u00feekkingu \u00e1 svi\u00f0i ver\u00f0br\u00e9famarka\u00f0sr\u00e9ttar og \u00feekkja \u00fe\u00e6r skyldur sem lag\u00f0ar eru \u00e1 her\u00f0ar f\u00e9laga sem skr\u00e1\u00f0 eru \u00e1 marka\u00f0storg fj\u00e1rm\u00e1lagerninga. Tekur \u00fej\u00f3nustan m.a. til eftirfarandi svi\u00f0a\/verkefna:\" \/>\n<meta property=\"og:url\" content=\"https:\/\/advel.is\/en\/verdbrefamarkadsrettur\/\" \/>\n<meta property=\"og:site_name\" content=\"ADVEL\" \/>\n<meta property=\"article:modified_time\" content=\"2026-02-06T16:35:47+00:00\" \/>\n<meta name=\"twitter:card\" content=\"summary_large_image\" \/>\n<meta name=\"twitter:label1\" content=\"Est. reading time\" \/>\n\t<meta name=\"twitter:data1\" content=\"1 minute\" \/>\n<script type=\"application\/ld+json\" class=\"yoast-schema-graph\">{\"@context\":\"https:\\\/\\\/schema.org\",\"@graph\":[{\"@type\":\"WebPage\",\"@id\":\"https:\\\/\\\/advel.is\\\/verdbrefamarkadsrettur\\\/\",\"url\":\"https:\\\/\\\/advel.is\\\/verdbrefamarkadsrettur\\\/\",\"name\":\"Ver\u00f0br\u00e9famarka\u00f0sr\u00e9ttur - ADVEL\",\"isPartOf\":{\"@id\":\"https:\\\/\\\/advel.is\\\/#website\"},\"datePublished\":\"2026-01-22T22:47:13+00:00\",\"dateModified\":\"2026-02-06T16:35:47+00:00\",\"inLanguage\":\"en-US\",\"potentialAction\":[{\"@type\":\"ReadAction\",\"target\":[\"https:\\\/\\\/advel.is\\\/verdbrefamarkadsrettur\\\/\"]}]},{\"@type\":\"WebSite\",\"@id\":\"https:\\\/\\\/advel.is\\\/#website\",\"url\":\"https:\\\/\\\/advel.is\\\/\",\"name\":\"ADVEL\",\"description\":\"\",\"publisher\":{\"@id\":\"https:\\\/\\\/advel.is\\\/#organization\"},\"potentialAction\":[{\"@type\":\"SearchAction\",\"target\":{\"@type\":\"EntryPoint\",\"urlTemplate\":\"https:\\\/\\\/advel.is\\\/?s={search_term_string}\"},\"query-input\":{\"@type\":\"PropertyValueSpecification\",\"valueRequired\":true,\"valueName\":\"search_term_string\"}}],\"inLanguage\":\"en-US\"},{\"@type\":\"Organization\",\"@id\":\"https:\\\/\\\/advel.is\\\/#organization\",\"name\":\"ADVEL\",\"url\":\"https:\\\/\\\/advel.is\\\/\",\"logo\":{\"@type\":\"ImageObject\",\"inLanguage\":\"en-US\",\"@id\":\"https:\\\/\\\/advel.is\\\/#\\\/schema\\\/logo\\\/image\\\/\",\"url\":\"https:\\\/\\\/advel.is\\\/wp-content\\\/uploads\\\/2021\\\/06\\\/advel-litid.png\",\"contentUrl\":\"https:\\\/\\\/advel.is\\\/wp-content\\\/uploads\\\/2021\\\/06\\\/advel-litid.png\",\"width\":70,\"height\":64,\"caption\":\"ADVEL\"},\"image\":{\"@id\":\"https:\\\/\\\/advel.is\\\/#\\\/schema\\\/logo\\\/image\\\/\"}}]}<\/script>\n<!-- \/ Yoast SEO plugin. -->","yoast_head_json":{"title":"Ver\u00f0br\u00e9famarka\u00f0sr\u00e9ttur - ADVEL","robots":{"index":"index","follow":"follow","max-snippet":"max-snippet:-1","max-image-preview":"max-image-preview:large","max-video-preview":"max-video-preview:-1"},"canonical":"https:\/\/advel.is\/en\/verdbrefamarkadsrettur\/","og_locale":"en_US","og_type":"article","og_title":"Ver\u00f0br\u00e9famarka\u00f0sr\u00e9ttur - ADVEL","og_description":"Starfsmenn ADVEL hafa v\u00ed\u00f0t\u00e6ka reynslu og \u00feekkingu \u00e1 svi\u00f0i ver\u00f0br\u00e9famarka\u00f0sr\u00e9ttar og \u00feekkja \u00fe\u00e6r skyldur sem lag\u00f0ar eru \u00e1 her\u00f0ar f\u00e9laga sem skr\u00e1\u00f0 eru \u00e1 marka\u00f0storg fj\u00e1rm\u00e1lagerninga. Tekur \u00fej\u00f3nustan m.a. til eftirfarandi svi\u00f0a\/verkefna:","og_url":"https:\/\/advel.is\/en\/verdbrefamarkadsrettur\/","og_site_name":"ADVEL","article_modified_time":"2026-02-06T16:35:47+00:00","twitter_card":"summary_large_image","twitter_misc":{"Est. reading time":"1 minute"},"schema":{"@context":"https:\/\/schema.org","@graph":[{"@type":"WebPage","@id":"https:\/\/advel.is\/verdbrefamarkadsrettur\/","url":"https:\/\/advel.is\/verdbrefamarkadsrettur\/","name":"Ver\u00f0br\u00e9famarka\u00f0sr\u00e9ttur - ADVEL","isPartOf":{"@id":"https:\/\/advel.is\/#website"},"datePublished":"2026-01-22T22:47:13+00:00","dateModified":"2026-02-06T16:35:47+00:00","inLanguage":"en-US","potentialAction":[{"@type":"ReadAction","target":["https:\/\/advel.is\/verdbrefamarkadsrettur\/"]}]},{"@type":"WebSite","@id":"https:\/\/advel.is\/#website","url":"https:\/\/advel.is\/","name":"ADVEL","description":"","publisher":{"@id":"https:\/\/advel.is\/#organization"},"potentialAction":[{"@type":"SearchAction","target":{"@type":"EntryPoint","urlTemplate":"https:\/\/advel.is\/?s={search_term_string}"},"query-input":{"@type":"PropertyValueSpecification","valueRequired":true,"valueName":"search_term_string"}}],"inLanguage":"en-US"},{"@type":"Organization","@id":"https:\/\/advel.is\/#organization","name":"ADVEL","url":"https:\/\/advel.is\/","logo":{"@type":"ImageObject","inLanguage":"en-US","@id":"https:\/\/advel.is\/#\/schema\/logo\/image\/","url":"https:\/\/advel.is\/wp-content\/uploads\/2021\/06\/advel-litid.png","contentUrl":"https:\/\/advel.is\/wp-content\/uploads\/2021\/06\/advel-litid.png","width":70,"height":64,"caption":"ADVEL"},"image":{"@id":"https:\/\/advel.is\/#\/schema\/logo\/image\/"}}]}},"brizy_media":[],"_links":{"self":[{"href":"https:\/\/advel.is\/en\/wp-json\/wp\/v2\/pages\/3122","targetHints":{"allow":["GET"]}}],"collection":[{"href":"https:\/\/advel.is\/en\/wp-json\/wp\/v2\/pages"}],"about":[{"href":"https:\/\/advel.is\/en\/wp-json\/wp\/v2\/types\/page"}],"author":[{"embeddable":true,"href":"https:\/\/advel.is\/en\/wp-json\/wp\/v2\/users\/3"}],"replies":[{"embeddable":true,"href":"https:\/\/advel.is\/en\/wp-json\/wp\/v2\/comments?post=3122"}],"version-history":[{"count":2,"href":"https:\/\/advel.is\/en\/wp-json\/wp\/v2\/pages\/3122\/revisions"}],"predecessor-version":[{"id":3488,"href":"https:\/\/advel.is\/en\/wp-json\/wp\/v2\/pages\/3122\/revisions\/3488"}],"wp:attachment":[{"href":"https:\/\/advel.is\/en\/wp-json\/wp\/v2\/media?parent=3122"}],"curies":[{"name":"wp","href":"https:\/\/api.w.org\/{rel}","templated":true}]}}