{"id":3120,"date":"2026-01-22T22:47:13","date_gmt":"2026-01-22T22:47:13","guid":{"rendered":"https:\/\/advel.is\/?page_id=3120"},"modified":"2026-01-22T22:47:13","modified_gmt":"2026-01-22T22:47:13","slug":"vatryggingarettur","status":"publish","type":"page","link":"https:\/\/advel.is\/en\/vatryggingarettur\/","title":{"rendered":"(Re)Insurance"},"content":{"rendered":"<p>ADVEL hefur um \u00e1ratuga skei\u00f0 veitt v\u00ed\u00f0t\u00e6ka r\u00e1\u00f0gj\u00f6f \u00e1 svi\u00f0i v\u00e1tryggingar\u00e9ttar, einkum fyrir frum- og endurtryggjendur, enda hefur starfsf\u00f3lk stofunnar umfangsmikla reynslu af st\u00f6rfum fyrir v\u00e1tryggjendum. Tekur \u00fej\u00f3nustan m.a. til eftirfarandi svi\u00f0a\/verkefna:<\/p>\n\n\n\n<ul class=\"wp-block-list\">\n<li>Greiningar \u00e1 umfangi v\u00e1tryggingarverndar og r\u00e9ttarst\u00f6\u00f0u a\u00f0ila<\/li>\n\n\n\n<li>R\u00e1\u00f0gjafar vegna tilkynninga og krafna \u00ed v\u00e1tryggingar<\/li>\n\n\n\n<li>R\u00e1\u00f0gjafar um t\u00falkun og efni skilm\u00e1la<\/li>\n\n\n\n<li>Samskipta vi\u00f0 eftirlitsa\u00f0ila<\/li>\n\n\n\n<li>\u00darlausn \u00e1greiningsm\u00e1la fyrir \u00farskur\u00f0arnefndum og d\u00f3mst\u00f3lum<\/li>\n<\/ul>","protected":false},"excerpt":{"rendered":"<p>ADVEL hefur um \u00e1ratuga skei\u00f0 veitt v\u00ed\u00f0t\u00e6ka r\u00e1\u00f0gj\u00f6f \u00e1 svi\u00f0i v\u00e1tryggingar\u00e9ttar, einkum fyrir frum- og endurtryggjendur, enda hefur starfsf\u00f3lk stofunnar umfangsmikla reynslu af st\u00f6rfum fyrir v\u00e1tryggjendum. Tekur \u00fej\u00f3nustan m.a. til eftirfarandi svi\u00f0a\/verkefna:<\/p>","protected":false},"author":3,"featured_media":0,"parent":0,"menu_order":0,"comment_status":"closed","ping_status":"closed","template":"","meta":{"_acf_changed":false,"footnotes":""},"class_list":["post-3120","page","type-page","status-publish","hentry","entry"],"acf":[],"yoast_head":"<!-- This site is optimized with the Yoast SEO plugin v27.3 - https:\/\/yoast.com\/product\/yoast-seo-wordpress\/ -->\n<title>V\u00e1tryggingar\u00e9ttur - ADVEL<\/title>\n<meta name=\"robots\" content=\"index, follow, max-snippet:-1, max-image-preview:large, max-video-preview:-1\" \/>\n<link rel=\"canonical\" href=\"https:\/\/advel.is\/en\/vatryggingarettur\/\" \/>\n<meta property=\"og:locale\" content=\"en_US\" \/>\n<meta property=\"og:type\" content=\"article\" \/>\n<meta property=\"og:title\" content=\"V\u00e1tryggingar\u00e9ttur - ADVEL\" \/>\n<meta property=\"og:description\" content=\"ADVEL hefur um \u00e1ratuga skei\u00f0 veitt v\u00ed\u00f0t\u00e6ka r\u00e1\u00f0gj\u00f6f \u00e1 svi\u00f0i v\u00e1tryggingar\u00e9ttar, einkum fyrir frum- og endurtryggjendur, enda hefur starfsf\u00f3lk stofunnar umfangsmikla reynslu af st\u00f6rfum fyrir v\u00e1tryggjendum. Tekur \u00fej\u00f3nustan m.a. til eftirfarandi svi\u00f0a\/verkefna:\" \/>\n<meta property=\"og:url\" content=\"https:\/\/advel.is\/en\/vatryggingarettur\/\" \/>\n<meta property=\"og:site_name\" content=\"ADVEL\" \/>\n<meta name=\"twitter:card\" content=\"summary_large_image\" \/>\n<meta name=\"twitter:label1\" content=\"Est. reading time\" \/>\n\t<meta name=\"twitter:data1\" content=\"1 minute\" \/>\n<script type=\"application\/ld+json\" class=\"yoast-schema-graph\">{\"@context\":\"https:\\\/\\\/schema.org\",\"@graph\":[{\"@type\":\"WebPage\",\"@id\":\"https:\\\/\\\/advel.is\\\/vatryggingarettur\\\/\",\"url\":\"https:\\\/\\\/advel.is\\\/vatryggingarettur\\\/\",\"name\":\"V\u00e1tryggingar\u00e9ttur - ADVEL\",\"isPartOf\":{\"@id\":\"https:\\\/\\\/advel.is\\\/#website\"},\"datePublished\":\"2026-01-22T22:47:13+00:00\",\"inLanguage\":\"en-US\",\"potentialAction\":[{\"@type\":\"ReadAction\",\"target\":[\"https:\\\/\\\/advel.is\\\/vatryggingarettur\\\/\"]}]},{\"@type\":\"WebSite\",\"@id\":\"https:\\\/\\\/advel.is\\\/#website\",\"url\":\"https:\\\/\\\/advel.is\\\/\",\"name\":\"ADVEL\",\"description\":\"\",\"publisher\":{\"@id\":\"https:\\\/\\\/advel.is\\\/#organization\"},\"potentialAction\":[{\"@type\":\"SearchAction\",\"target\":{\"@type\":\"EntryPoint\",\"urlTemplate\":\"https:\\\/\\\/advel.is\\\/?s={search_term_string}\"},\"query-input\":{\"@type\":\"PropertyValueSpecification\",\"valueRequired\":true,\"valueName\":\"search_term_string\"}}],\"inLanguage\":\"en-US\"},{\"@type\":\"Organization\",\"@id\":\"https:\\\/\\\/advel.is\\\/#organization\",\"name\":\"ADVEL\",\"url\":\"https:\\\/\\\/advel.is\\\/\",\"logo\":{\"@type\":\"ImageObject\",\"inLanguage\":\"en-US\",\"@id\":\"https:\\\/\\\/advel.is\\\/#\\\/schema\\\/logo\\\/image\\\/\",\"url\":\"https:\\\/\\\/advel.is\\\/wp-content\\\/uploads\\\/2021\\\/06\\\/advel-litid.png\",\"contentUrl\":\"https:\\\/\\\/advel.is\\\/wp-content\\\/uploads\\\/2021\\\/06\\\/advel-litid.png\",\"width\":70,\"height\":64,\"caption\":\"ADVEL\"},\"image\":{\"@id\":\"https:\\\/\\\/advel.is\\\/#\\\/schema\\\/logo\\\/image\\\/\"}}]}<\/script>\n<!-- \/ Yoast SEO plugin. -->","yoast_head_json":{"title":"V\u00e1tryggingar\u00e9ttur - ADVEL","robots":{"index":"index","follow":"follow","max-snippet":"max-snippet:-1","max-image-preview":"max-image-preview:large","max-video-preview":"max-video-preview:-1"},"canonical":"https:\/\/advel.is\/en\/vatryggingarettur\/","og_locale":"en_US","og_type":"article","og_title":"V\u00e1tryggingar\u00e9ttur - ADVEL","og_description":"ADVEL hefur um \u00e1ratuga skei\u00f0 veitt v\u00ed\u00f0t\u00e6ka r\u00e1\u00f0gj\u00f6f \u00e1 svi\u00f0i v\u00e1tryggingar\u00e9ttar, einkum fyrir frum- og endurtryggjendur, enda hefur starfsf\u00f3lk stofunnar umfangsmikla reynslu af st\u00f6rfum fyrir v\u00e1tryggjendum. Tekur \u00fej\u00f3nustan m.a. til eftirfarandi svi\u00f0a\/verkefna:","og_url":"https:\/\/advel.is\/en\/vatryggingarettur\/","og_site_name":"ADVEL","twitter_card":"summary_large_image","twitter_misc":{"Est. reading time":"1 minute"},"schema":{"@context":"https:\/\/schema.org","@graph":[{"@type":"WebPage","@id":"https:\/\/advel.is\/vatryggingarettur\/","url":"https:\/\/advel.is\/vatryggingarettur\/","name":"V\u00e1tryggingar\u00e9ttur - ADVEL","isPartOf":{"@id":"https:\/\/advel.is\/#website"},"datePublished":"2026-01-22T22:47:13+00:00","inLanguage":"en-US","potentialAction":[{"@type":"ReadAction","target":["https:\/\/advel.is\/vatryggingarettur\/"]}]},{"@type":"WebSite","@id":"https:\/\/advel.is\/#website","url":"https:\/\/advel.is\/","name":"ADVEL","description":"","publisher":{"@id":"https:\/\/advel.is\/#organization"},"potentialAction":[{"@type":"SearchAction","target":{"@type":"EntryPoint","urlTemplate":"https:\/\/advel.is\/?s={search_term_string}"},"query-input":{"@type":"PropertyValueSpecification","valueRequired":true,"valueName":"search_term_string"}}],"inLanguage":"en-US"},{"@type":"Organization","@id":"https:\/\/advel.is\/#organization","name":"ADVEL","url":"https:\/\/advel.is\/","logo":{"@type":"ImageObject","inLanguage":"en-US","@id":"https:\/\/advel.is\/#\/schema\/logo\/image\/","url":"https:\/\/advel.is\/wp-content\/uploads\/2021\/06\/advel-litid.png","contentUrl":"https:\/\/advel.is\/wp-content\/uploads\/2021\/06\/advel-litid.png","width":70,"height":64,"caption":"ADVEL"},"image":{"@id":"https:\/\/advel.is\/#\/schema\/logo\/image\/"}}]}},"brizy_media":[],"_links":{"self":[{"href":"https:\/\/advel.is\/en\/wp-json\/wp\/v2\/pages\/3120","targetHints":{"allow":["GET"]}}],"collection":[{"href":"https:\/\/advel.is\/en\/wp-json\/wp\/v2\/pages"}],"about":[{"href":"https:\/\/advel.is\/en\/wp-json\/wp\/v2\/types\/page"}],"author":[{"embeddable":true,"href":"https:\/\/advel.is\/en\/wp-json\/wp\/v2\/users\/3"}],"replies":[{"embeddable":true,"href":"https:\/\/advel.is\/en\/wp-json\/wp\/v2\/comments?post=3120"}],"version-history":[{"count":1,"href":"https:\/\/advel.is\/en\/wp-json\/wp\/v2\/pages\/3120\/revisions"}],"predecessor-version":[{"id":3121,"href":"https:\/\/advel.is\/en\/wp-json\/wp\/v2\/pages\/3120\/revisions\/3121"}],"wp:attachment":[{"href":"https:\/\/advel.is\/en\/wp-json\/wp\/v2\/media?parent=3120"}],"curies":[{"name":"wp","href":"https:\/\/api.w.org\/{rel}","templated":true}]}}