{"id":3118,"date":"2026-01-22T22:47:14","date_gmt":"2026-01-22T22:47:14","guid":{"rendered":"https:\/\/advel.is\/?page_id=3118"},"modified":"2026-01-22T22:47:14","modified_gmt":"2026-01-22T22:47:14","slug":"skattarettur","status":"publish","type":"page","link":"https:\/\/advel.is\/en\/skattarettur\/","title":{"rendered":"Tax Law"},"content":{"rendered":"<p>ADVEL has extensive experience in the field of tax law and provides its clients with comprehensive tax advisory services, whether in domestic tax matters or international cross-border transactions. ADVEL has provided tax advice for companies of all sizes and types, as well as individuals. Our attorneys regularly give lectures on tax law at university level. Our services include:<\/p>\n\n\n\n<ul class=\"wp-block-list\">\n<li>Domestic and international tax law<\/li>\n\n\n\n<li>Tax preparation in relation to investments and restructuring<\/li>\n\n\n\n<li>VAT and other indirect taxes and levies<\/li>\n\n\n\n<li>Transfer pricing<\/li>\n\n\n\n<li>Interaction with tax authorities including requests for binding opinions<\/li>\n\n\n\n<li>Dispute resolution<\/li>\n<\/ul>","protected":false},"excerpt":{"rendered":"<p>ADVEL has extensive experience in the field of tax law and provides its clients with comprehensive tax advisory services, whether in domestic tax matters or international cross-border transactions. ADVEL has provided tax advice for companies of all sizes and types, as well as individuals. Our attorneys regularly give lectures on tax law at university level. Our services include:<\/p>","protected":false},"author":3,"featured_media":0,"parent":0,"menu_order":0,"comment_status":"closed","ping_status":"closed","template":"","meta":{"_acf_changed":false,"footnotes":""},"class_list":["post-3118","page","type-page","status-publish","hentry","entry"],"acf":[],"yoast_head":"<!-- This site is optimized with the Yoast SEO plugin v27.3 - https:\/\/yoast.com\/product\/yoast-seo-wordpress\/ -->\n<title>Skattar\u00e9ttur - ADVEL<\/title>\n<meta name=\"robots\" content=\"index, follow, max-snippet:-1, max-image-preview:large, max-video-preview:-1\" \/>\n<link rel=\"canonical\" href=\"https:\/\/advel.is\/en\/skattarettur\/\" \/>\n<meta property=\"og:locale\" content=\"en_US\" \/>\n<meta property=\"og:type\" content=\"article\" \/>\n<meta property=\"og:title\" content=\"Skattar\u00e9ttur - ADVEL\" \/>\n<meta property=\"og:description\" content=\"Starfsmenn ADVEL b\u00faa yfir v\u00ed\u00f0t\u00e6kri reynslu \u00e1 svi\u00f0i skattar\u00e9ttar og veita alhli\u00f0a r\u00e1\u00f0gj\u00f6f \u00e1 \u00fev\u00ed svi\u00f0i, hvort sem um er a\u00f0 r\u00e6\u00f0a innlend skattam\u00e1l e\u00f0a \u00ed al\u00fej\u00f3\u00f0avi\u00f0skiptum yfir landam\u00e6ri. S\u00e9rfr\u00e6\u00f0ingar stofunnar hafa veitt b\u00e6\u00f0i fyrirt\u00e6kjum og einstaklingum margv\u00edslega r\u00e1\u00f0gj\u00f6f um skattam\u00e1l og sinnt kennslu \u00ed skattar\u00e9tti \u00e1 h\u00e1sk\u00f3lastigi. Tekur \u00fej\u00f3nustan m.a. til eftirfarandi svi\u00f0a\/verkefna:\" \/>\n<meta property=\"og:url\" content=\"https:\/\/advel.is\/en\/skattarettur\/\" \/>\n<meta property=\"og:site_name\" content=\"ADVEL\" \/>\n<meta name=\"twitter:card\" content=\"summary_large_image\" \/>\n<meta name=\"twitter:label1\" content=\"Est. reading time\" \/>\n\t<meta name=\"twitter:data1\" content=\"1 minute\" \/>\n<script type=\"application\/ld+json\" class=\"yoast-schema-graph\">{\"@context\":\"https:\\\/\\\/schema.org\",\"@graph\":[{\"@type\":\"WebPage\",\"@id\":\"https:\\\/\\\/advel.is\\\/skattarettur\\\/\",\"url\":\"https:\\\/\\\/advel.is\\\/skattarettur\\\/\",\"name\":\"Skattar\u00e9ttur - ADVEL\",\"isPartOf\":{\"@id\":\"https:\\\/\\\/advel.is\\\/#website\"},\"datePublished\":\"2026-01-22T22:47:14+00:00\",\"inLanguage\":\"en-US\",\"potentialAction\":[{\"@type\":\"ReadAction\",\"target\":[\"https:\\\/\\\/advel.is\\\/skattarettur\\\/\"]}]},{\"@type\":\"WebSite\",\"@id\":\"https:\\\/\\\/advel.is\\\/#website\",\"url\":\"https:\\\/\\\/advel.is\\\/\",\"name\":\"ADVEL\",\"description\":\"\",\"publisher\":{\"@id\":\"https:\\\/\\\/advel.is\\\/#organization\"},\"potentialAction\":[{\"@type\":\"SearchAction\",\"target\":{\"@type\":\"EntryPoint\",\"urlTemplate\":\"https:\\\/\\\/advel.is\\\/?s={search_term_string}\"},\"query-input\":{\"@type\":\"PropertyValueSpecification\",\"valueRequired\":true,\"valueName\":\"search_term_string\"}}],\"inLanguage\":\"en-US\"},{\"@type\":\"Organization\",\"@id\":\"https:\\\/\\\/advel.is\\\/#organization\",\"name\":\"ADVEL\",\"url\":\"https:\\\/\\\/advel.is\\\/\",\"logo\":{\"@type\":\"ImageObject\",\"inLanguage\":\"en-US\",\"@id\":\"https:\\\/\\\/advel.is\\\/#\\\/schema\\\/logo\\\/image\\\/\",\"url\":\"https:\\\/\\\/advel.is\\\/wp-content\\\/uploads\\\/2021\\\/06\\\/advel-litid.png\",\"contentUrl\":\"https:\\\/\\\/advel.is\\\/wp-content\\\/uploads\\\/2021\\\/06\\\/advel-litid.png\",\"width\":70,\"height\":64,\"caption\":\"ADVEL\"},\"image\":{\"@id\":\"https:\\\/\\\/advel.is\\\/#\\\/schema\\\/logo\\\/image\\\/\"}}]}<\/script>\n<!-- \/ Yoast SEO plugin. -->","yoast_head_json":{"title":"Skattar\u00e9ttur - ADVEL","robots":{"index":"index","follow":"follow","max-snippet":"max-snippet:-1","max-image-preview":"max-image-preview:large","max-video-preview":"max-video-preview:-1"},"canonical":"https:\/\/advel.is\/en\/skattarettur\/","og_locale":"en_US","og_type":"article","og_title":"Skattar\u00e9ttur - ADVEL","og_description":"Starfsmenn ADVEL b\u00faa yfir v\u00ed\u00f0t\u00e6kri reynslu \u00e1 svi\u00f0i skattar\u00e9ttar og veita alhli\u00f0a r\u00e1\u00f0gj\u00f6f \u00e1 \u00fev\u00ed svi\u00f0i, hvort sem um er a\u00f0 r\u00e6\u00f0a innlend skattam\u00e1l e\u00f0a \u00ed al\u00fej\u00f3\u00f0avi\u00f0skiptum yfir landam\u00e6ri. S\u00e9rfr\u00e6\u00f0ingar stofunnar hafa veitt b\u00e6\u00f0i fyrirt\u00e6kjum og einstaklingum margv\u00edslega r\u00e1\u00f0gj\u00f6f um skattam\u00e1l og sinnt kennslu \u00ed skattar\u00e9tti \u00e1 h\u00e1sk\u00f3lastigi. Tekur \u00fej\u00f3nustan m.a. til eftirfarandi svi\u00f0a\/verkefna:","og_url":"https:\/\/advel.is\/en\/skattarettur\/","og_site_name":"ADVEL","twitter_card":"summary_large_image","twitter_misc":{"Est. reading time":"1 minute"},"schema":{"@context":"https:\/\/schema.org","@graph":[{"@type":"WebPage","@id":"https:\/\/advel.is\/skattarettur\/","url":"https:\/\/advel.is\/skattarettur\/","name":"Skattar\u00e9ttur - ADVEL","isPartOf":{"@id":"https:\/\/advel.is\/#website"},"datePublished":"2026-01-22T22:47:14+00:00","inLanguage":"en-US","potentialAction":[{"@type":"ReadAction","target":["https:\/\/advel.is\/skattarettur\/"]}]},{"@type":"WebSite","@id":"https:\/\/advel.is\/#website","url":"https:\/\/advel.is\/","name":"ADVEL","description":"","publisher":{"@id":"https:\/\/advel.is\/#organization"},"potentialAction":[{"@type":"SearchAction","target":{"@type":"EntryPoint","urlTemplate":"https:\/\/advel.is\/?s={search_term_string}"},"query-input":{"@type":"PropertyValueSpecification","valueRequired":true,"valueName":"search_term_string"}}],"inLanguage":"en-US"},{"@type":"Organization","@id":"https:\/\/advel.is\/#organization","name":"ADVEL","url":"https:\/\/advel.is\/","logo":{"@type":"ImageObject","inLanguage":"en-US","@id":"https:\/\/advel.is\/#\/schema\/logo\/image\/","url":"https:\/\/advel.is\/wp-content\/uploads\/2021\/06\/advel-litid.png","contentUrl":"https:\/\/advel.is\/wp-content\/uploads\/2021\/06\/advel-litid.png","width":70,"height":64,"caption":"ADVEL"},"image":{"@id":"https:\/\/advel.is\/#\/schema\/logo\/image\/"}}]}},"brizy_media":[],"_links":{"self":[{"href":"https:\/\/advel.is\/en\/wp-json\/wp\/v2\/pages\/3118","targetHints":{"allow":["GET"]}}],"collection":[{"href":"https:\/\/advel.is\/en\/wp-json\/wp\/v2\/pages"}],"about":[{"href":"https:\/\/advel.is\/en\/wp-json\/wp\/v2\/types\/page"}],"author":[{"embeddable":true,"href":"https:\/\/advel.is\/en\/wp-json\/wp\/v2\/users\/3"}],"replies":[{"embeddable":true,"href":"https:\/\/advel.is\/en\/wp-json\/wp\/v2\/comments?post=3118"}],"version-history":[{"count":1,"href":"https:\/\/advel.is\/en\/wp-json\/wp\/v2\/pages\/3118\/revisions"}],"predecessor-version":[{"id":3119,"href":"https:\/\/advel.is\/en\/wp-json\/wp\/v2\/pages\/3118\/revisions\/3119"}],"wp:attachment":[{"href":"https:\/\/advel.is\/en\/wp-json\/wp\/v2\/media?parent=3118"}],"curies":[{"name":"wp","href":"https:\/\/api.w.org\/{rel}","templated":true}]}}