{"id":3116,"date":"2026-01-22T22:47:14","date_gmt":"2026-01-22T22:47:14","guid":{"rendered":"https:\/\/advel.is\/?page_id=3116"},"modified":"2026-02-06T16:35:17","modified_gmt":"2026-02-06T16:35:17","slug":"samkeppnisrettur-og-opinber-innkaup","status":"publish","type":"page","link":"https:\/\/advel.is\/en\/samkeppnisrettur-og-opinber-innkaup\/","title":{"rendered":"Samkeppnisr\u00e9ttur og r\u00edkisa\u00f0sto\u00f0"},"content":{"rendered":"<p>Our staff has extensive knowledge and experience in the field of competition law and public procurement and provides companies and public authorities comprehensive counsel in this field. The services:<\/p>\n\n\n\n<ul class=\"wp-block-list\">\n<li>Efnisreglur samkeppnislaga \u2013 marka\u00f0sr\u00e1\u00f0andi sta\u00f0a og \u00f3l\u00f6gm\u00e6tt samr\u00e1\u00f0<\/li>\n\n\n\n<li>Notification of mergers<\/li>\n\n\n\n<li>Samkeppnisr\u00e9ttar\u00e1\u00e6tlanir<\/li>\n\n\n\n<li>N\u00e1mskei\u00f0 og fr\u00e6\u00f0sla<\/li>\n\n\n\n<li>R\u00edkisa\u00f0sto\u00f0arreglur EES samningsins<\/li>\n\n\n\n<li>Samskipti vi\u00f0 Eftirlitsstofnun EFTA og Framkv\u00e6mdastj\u00f3rn ESB<\/li>\n\n\n\n<li>Litigation<\/li>\n<\/ul>","protected":false},"excerpt":{"rendered":"<p>Our staff has extensive knowledge and experience in the field of competition law and public procurement and provides companies and public authorities comprehensive counsel in this field. The services:<\/p>","protected":false},"author":3,"featured_media":0,"parent":0,"menu_order":0,"comment_status":"closed","ping_status":"closed","template":"","meta":{"_acf_changed":false,"footnotes":""},"class_list":["post-3116","page","type-page","status-publish","hentry","entry"],"acf":[],"yoast_head":"<!-- This site is optimized with the Yoast SEO plugin v27.3 - https:\/\/yoast.com\/product\/yoast-seo-wordpress\/ -->\n<title>Samkeppnisr\u00e9ttur og r\u00edkisa\u00f0sto\u00f0 - ADVEL<\/title>\n<meta name=\"robots\" content=\"index, follow, max-snippet:-1, max-image-preview:large, max-video-preview:-1\" \/>\n<link rel=\"canonical\" href=\"https:\/\/advel.is\/en\/samkeppnisrettur-og-opinber-innkaup\/\" \/>\n<meta property=\"og:locale\" content=\"en_US\" \/>\n<meta property=\"og:type\" content=\"article\" \/>\n<meta property=\"og:title\" content=\"Samkeppnisr\u00e9ttur og r\u00edkisa\u00f0sto\u00f0 - ADVEL\" \/>\n<meta property=\"og:description\" content=\"ADVEL veitir fyrirt\u00e6kjum alhli\u00f0a r\u00e1\u00f0gj\u00f6f \u00e1 svi\u00f0i samkeppnism\u00e1la og \u00e1 \u00f6llum svi\u00f0um EES og Evr\u00f3pul\u00f6ggjafar. Jafnframt veitir ADVEL fyrirt\u00e6kjum og opinberum a\u00f0ilum r\u00e1\u00f0gj\u00f6f \u00e1 svi\u00f0i opinberra innkaupa. Tekur \u00fej\u00f3nustan m.a. til eftirfarandi svi\u00f0a\/verkefna:\" \/>\n<meta property=\"og:url\" content=\"https:\/\/advel.is\/en\/samkeppnisrettur-og-opinber-innkaup\/\" \/>\n<meta property=\"og:site_name\" content=\"ADVEL\" \/>\n<meta property=\"article:modified_time\" content=\"2026-02-06T16:35:17+00:00\" \/>\n<meta name=\"twitter:card\" content=\"summary_large_image\" \/>\n<meta name=\"twitter:label1\" content=\"Est. reading time\" \/>\n\t<meta name=\"twitter:data1\" content=\"1 minute\" \/>\n<script type=\"application\/ld+json\" class=\"yoast-schema-graph\">{\"@context\":\"https:\\\/\\\/schema.org\",\"@graph\":[{\"@type\":\"WebPage\",\"@id\":\"https:\\\/\\\/advel.is\\\/samkeppnisrettur-og-opinber-innkaup\\\/\",\"url\":\"https:\\\/\\\/advel.is\\\/samkeppnisrettur-og-opinber-innkaup\\\/\",\"name\":\"Samkeppnisr\u00e9ttur og r\u00edkisa\u00f0sto\u00f0 - ADVEL\",\"isPartOf\":{\"@id\":\"https:\\\/\\\/advel.is\\\/#website\"},\"datePublished\":\"2026-01-22T22:47:14+00:00\",\"dateModified\":\"2026-02-06T16:35:17+00:00\",\"inLanguage\":\"en-US\",\"potentialAction\":[{\"@type\":\"ReadAction\",\"target\":[\"https:\\\/\\\/advel.is\\\/samkeppnisrettur-og-opinber-innkaup\\\/\"]}]},{\"@type\":\"WebSite\",\"@id\":\"https:\\\/\\\/advel.is\\\/#website\",\"url\":\"https:\\\/\\\/advel.is\\\/\",\"name\":\"ADVEL\",\"description\":\"\",\"publisher\":{\"@id\":\"https:\\\/\\\/advel.is\\\/#organization\"},\"potentialAction\":[{\"@type\":\"SearchAction\",\"target\":{\"@type\":\"EntryPoint\",\"urlTemplate\":\"https:\\\/\\\/advel.is\\\/?s={search_term_string}\"},\"query-input\":{\"@type\":\"PropertyValueSpecification\",\"valueRequired\":true,\"valueName\":\"search_term_string\"}}],\"inLanguage\":\"en-US\"},{\"@type\":\"Organization\",\"@id\":\"https:\\\/\\\/advel.is\\\/#organization\",\"name\":\"ADVEL\",\"url\":\"https:\\\/\\\/advel.is\\\/\",\"logo\":{\"@type\":\"ImageObject\",\"inLanguage\":\"en-US\",\"@id\":\"https:\\\/\\\/advel.is\\\/#\\\/schema\\\/logo\\\/image\\\/\",\"url\":\"https:\\\/\\\/advel.is\\\/wp-content\\\/uploads\\\/2021\\\/06\\\/advel-litid.png\",\"contentUrl\":\"https:\\\/\\\/advel.is\\\/wp-content\\\/uploads\\\/2021\\\/06\\\/advel-litid.png\",\"width\":70,\"height\":64,\"caption\":\"ADVEL\"},\"image\":{\"@id\":\"https:\\\/\\\/advel.is\\\/#\\\/schema\\\/logo\\\/image\\\/\"}}]}<\/script>\n<!-- \/ Yoast SEO plugin. -->","yoast_head_json":{"title":"Samkeppnisr\u00e9ttur og r\u00edkisa\u00f0sto\u00f0 - ADVEL","robots":{"index":"index","follow":"follow","max-snippet":"max-snippet:-1","max-image-preview":"max-image-preview:large","max-video-preview":"max-video-preview:-1"},"canonical":"https:\/\/advel.is\/en\/samkeppnisrettur-og-opinber-innkaup\/","og_locale":"en_US","og_type":"article","og_title":"Samkeppnisr\u00e9ttur og r\u00edkisa\u00f0sto\u00f0 - ADVEL","og_description":"ADVEL veitir fyrirt\u00e6kjum alhli\u00f0a r\u00e1\u00f0gj\u00f6f \u00e1 svi\u00f0i samkeppnism\u00e1la og \u00e1 \u00f6llum svi\u00f0um EES og Evr\u00f3pul\u00f6ggjafar. Jafnframt veitir ADVEL fyrirt\u00e6kjum og opinberum a\u00f0ilum r\u00e1\u00f0gj\u00f6f \u00e1 svi\u00f0i opinberra innkaupa. Tekur \u00fej\u00f3nustan m.a. til eftirfarandi svi\u00f0a\/verkefna:","og_url":"https:\/\/advel.is\/en\/samkeppnisrettur-og-opinber-innkaup\/","og_site_name":"ADVEL","article_modified_time":"2026-02-06T16:35:17+00:00","twitter_card":"summary_large_image","twitter_misc":{"Est. reading time":"1 minute"},"schema":{"@context":"https:\/\/schema.org","@graph":[{"@type":"WebPage","@id":"https:\/\/advel.is\/samkeppnisrettur-og-opinber-innkaup\/","url":"https:\/\/advel.is\/samkeppnisrettur-og-opinber-innkaup\/","name":"Samkeppnisr\u00e9ttur og r\u00edkisa\u00f0sto\u00f0 - ADVEL","isPartOf":{"@id":"https:\/\/advel.is\/#website"},"datePublished":"2026-01-22T22:47:14+00:00","dateModified":"2026-02-06T16:35:17+00:00","inLanguage":"en-US","potentialAction":[{"@type":"ReadAction","target":["https:\/\/advel.is\/samkeppnisrettur-og-opinber-innkaup\/"]}]},{"@type":"WebSite","@id":"https:\/\/advel.is\/#website","url":"https:\/\/advel.is\/","name":"ADVEL","description":"","publisher":{"@id":"https:\/\/advel.is\/#organization"},"potentialAction":[{"@type":"SearchAction","target":{"@type":"EntryPoint","urlTemplate":"https:\/\/advel.is\/?s={search_term_string}"},"query-input":{"@type":"PropertyValueSpecification","valueRequired":true,"valueName":"search_term_string"}}],"inLanguage":"en-US"},{"@type":"Organization","@id":"https:\/\/advel.is\/#organization","name":"ADVEL","url":"https:\/\/advel.is\/","logo":{"@type":"ImageObject","inLanguage":"en-US","@id":"https:\/\/advel.is\/#\/schema\/logo\/image\/","url":"https:\/\/advel.is\/wp-content\/uploads\/2021\/06\/advel-litid.png","contentUrl":"https:\/\/advel.is\/wp-content\/uploads\/2021\/06\/advel-litid.png","width":70,"height":64,"caption":"ADVEL"},"image":{"@id":"https:\/\/advel.is\/#\/schema\/logo\/image\/"}}]}},"brizy_media":[],"_links":{"self":[{"href":"https:\/\/advel.is\/en\/wp-json\/wp\/v2\/pages\/3116","targetHints":{"allow":["GET"]}}],"collection":[{"href":"https:\/\/advel.is\/en\/wp-json\/wp\/v2\/pages"}],"about":[{"href":"https:\/\/advel.is\/en\/wp-json\/wp\/v2\/types\/page"}],"author":[{"embeddable":true,"href":"https:\/\/advel.is\/en\/wp-json\/wp\/v2\/users\/3"}],"replies":[{"embeddable":true,"href":"https:\/\/advel.is\/en\/wp-json\/wp\/v2\/comments?post=3116"}],"version-history":[{"count":4,"href":"https:\/\/advel.is\/en\/wp-json\/wp\/v2\/pages\/3116\/revisions"}],"predecessor-version":[{"id":3487,"href":"https:\/\/advel.is\/en\/wp-json\/wp\/v2\/pages\/3116\/revisions\/3487"}],"wp:attachment":[{"href":"https:\/\/advel.is\/en\/wp-json\/wp\/v2\/media?parent=3116"}],"curies":[{"name":"wp","href":"https:\/\/api.w.org\/{rel}","templated":true}]}}