{"id":3114,"date":"2026-01-22T22:47:14","date_gmt":"2026-01-22T22:47:14","guid":{"rendered":"https:\/\/advel.is\/?page_id=3114"},"modified":"2026-02-06T16:34:25","modified_gmt":"2026-02-06T16:34:25","slug":"personuvernd-hugverk-fjarskipti","status":"publish","type":"page","link":"https:\/\/advel.is\/en\/personuvernd-hugverk-fjarskipti\/","title":{"rendered":"Data Protection, IP and Communications"},"content":{"rendered":"<p>We offer companies and public institutions advice and assistance related to the implementation of the GDPR and other data protection requirements. ADVEL offers expert advice on protecting and acquiring intellectual property rights. Our staff has extensive knowledge and experience in the field of electronic communications legislation. The services include for instance the following:<\/p>\n\n\n\n<ul class=\"wp-block-list\">\n<li>Eftirfylgni vi\u00f0 l\u00f6g um pers\u00f3nuvernd<\/li>\n\n\n\n<li>N\u00e1mskei\u00f0 og fr\u00e6\u00f0sla fyrir fyrirt\u00e6ki og stofnanir<\/li>\n\n\n\n<li>Fjarskiptal\u00f6ggj\u00f6f og samskipti vi\u00f0 eftirlitsstofnanir<\/li>\n\n\n\n<li>Protection of intellectual property rights<\/li>\n\n\n\n<li>Preparing and filing applications for the registration of intellectual property rights<\/li>\n\n\n\n<li>Samningsger\u00f0 um hagn\u00fdtingu og framsal hugverkar\u00e9ttinda<\/li>\n\n\n\n<li>Communication with domestic and foreign intellectual property entities<\/li>\n<\/ul>","protected":false},"excerpt":{"rendered":"<p>We offer companies and public institutions advice and assistance related to the implementation of the GDPR and other data protection requirements. ADVEL offers expert advice on protecting and acquiring intellectual property rights. Our staff has extensive knowledge and experience in the field of electronic communications legislation. The services include for instance the following:<\/p>","protected":false},"author":3,"featured_media":0,"parent":0,"menu_order":0,"comment_status":"closed","ping_status":"closed","template":"","meta":{"_acf_changed":false,"footnotes":""},"class_list":["post-3114","page","type-page","status-publish","hentry","entry"],"acf":[],"yoast_head":"<!-- This site is optimized with the Yoast SEO plugin v27.3 - https:\/\/yoast.com\/product\/yoast-seo-wordpress\/ -->\n<title>Pers\u00f3nuvernd, hugverk &amp; fjarskipti - ADVEL<\/title>\n<meta name=\"robots\" content=\"index, follow, max-snippet:-1, max-image-preview:large, max-video-preview:-1\" \/>\n<link rel=\"canonical\" href=\"https:\/\/advel.is\/en\/personuvernd-hugverk-fjarskipti\/\" \/>\n<meta property=\"og:locale\" content=\"en_US\" \/>\n<meta property=\"og:type\" content=\"article\" \/>\n<meta property=\"og:title\" content=\"Pers\u00f3nuvernd, hugverk &amp; fjarskipti - ADVEL\" \/>\n<meta property=\"og:description\" content=\"ADVEL l\u00f6gmenn veita b\u00e6\u00f0i fyrirt\u00e6kjum og stofnunum r\u00e1\u00f0gj\u00f6f og a\u00f0sto\u00f0 \u00ed tengslum vi\u00f0 me\u00f0fer\u00f0 pers\u00f3nuuppl\u00fdsinga og hl\u00edtingu vi\u00f0 pers\u00f3nuverndarl\u00f6ggj\u00f6f \u00e1 hverjum t\u00edma. Vi\u00f0 veitum s\u00e9rfr\u00e6\u00f0ir\u00e1\u00f0gj\u00f6f um verndun og \u00f6flun hugverkar\u00e9ttinda auk \u00feess sem vi\u00f0 sinnum r\u00e1\u00f0gj\u00f6f \u00e1 svi\u00f0i fjarskiptar\u00e9ttar. Tekur \u00fej\u00f3nustan m.a. til eftirfarandi svi\u00f0a\/verkefna:\" \/>\n<meta property=\"og:url\" content=\"https:\/\/advel.is\/en\/personuvernd-hugverk-fjarskipti\/\" \/>\n<meta property=\"og:site_name\" content=\"ADVEL\" \/>\n<meta property=\"article:modified_time\" content=\"2026-02-06T16:34:25+00:00\" \/>\n<meta name=\"twitter:card\" content=\"summary_large_image\" \/>\n<meta name=\"twitter:label1\" content=\"Est. reading time\" \/>\n\t<meta name=\"twitter:data1\" content=\"1 minute\" \/>\n<script type=\"application\/ld+json\" class=\"yoast-schema-graph\">{\"@context\":\"https:\\\/\\\/schema.org\",\"@graph\":[{\"@type\":\"WebPage\",\"@id\":\"https:\\\/\\\/advel.is\\\/personuvernd-hugverk-fjarskipti\\\/\",\"url\":\"https:\\\/\\\/advel.is\\\/personuvernd-hugverk-fjarskipti\\\/\",\"name\":\"Pers\u00f3nuvernd, hugverk &amp; fjarskipti - ADVEL\",\"isPartOf\":{\"@id\":\"https:\\\/\\\/advel.is\\\/#website\"},\"datePublished\":\"2026-01-22T22:47:14+00:00\",\"dateModified\":\"2026-02-06T16:34:25+00:00\",\"inLanguage\":\"en-US\",\"potentialAction\":[{\"@type\":\"ReadAction\",\"target\":[\"https:\\\/\\\/advel.is\\\/personuvernd-hugverk-fjarskipti\\\/\"]}]},{\"@type\":\"WebSite\",\"@id\":\"https:\\\/\\\/advel.is\\\/#website\",\"url\":\"https:\\\/\\\/advel.is\\\/\",\"name\":\"ADVEL\",\"description\":\"\",\"publisher\":{\"@id\":\"https:\\\/\\\/advel.is\\\/#organization\"},\"potentialAction\":[{\"@type\":\"SearchAction\",\"target\":{\"@type\":\"EntryPoint\",\"urlTemplate\":\"https:\\\/\\\/advel.is\\\/?s={search_term_string}\"},\"query-input\":{\"@type\":\"PropertyValueSpecification\",\"valueRequired\":true,\"valueName\":\"search_term_string\"}}],\"inLanguage\":\"en-US\"},{\"@type\":\"Organization\",\"@id\":\"https:\\\/\\\/advel.is\\\/#organization\",\"name\":\"ADVEL\",\"url\":\"https:\\\/\\\/advel.is\\\/\",\"logo\":{\"@type\":\"ImageObject\",\"inLanguage\":\"en-US\",\"@id\":\"https:\\\/\\\/advel.is\\\/#\\\/schema\\\/logo\\\/image\\\/\",\"url\":\"https:\\\/\\\/advel.is\\\/wp-content\\\/uploads\\\/2021\\\/06\\\/advel-litid.png\",\"contentUrl\":\"https:\\\/\\\/advel.is\\\/wp-content\\\/uploads\\\/2021\\\/06\\\/advel-litid.png\",\"width\":70,\"height\":64,\"caption\":\"ADVEL\"},\"image\":{\"@id\":\"https:\\\/\\\/advel.is\\\/#\\\/schema\\\/logo\\\/image\\\/\"}}]}<\/script>\n<!-- \/ Yoast SEO plugin. -->","yoast_head_json":{"title":"Pers\u00f3nuvernd, hugverk &amp; fjarskipti - ADVEL","robots":{"index":"index","follow":"follow","max-snippet":"max-snippet:-1","max-image-preview":"max-image-preview:large","max-video-preview":"max-video-preview:-1"},"canonical":"https:\/\/advel.is\/en\/personuvernd-hugverk-fjarskipti\/","og_locale":"en_US","og_type":"article","og_title":"Pers\u00f3nuvernd, hugverk &amp; fjarskipti - ADVEL","og_description":"ADVEL l\u00f6gmenn veita b\u00e6\u00f0i fyrirt\u00e6kjum og stofnunum r\u00e1\u00f0gj\u00f6f og a\u00f0sto\u00f0 \u00ed tengslum vi\u00f0 me\u00f0fer\u00f0 pers\u00f3nuuppl\u00fdsinga og hl\u00edtingu vi\u00f0 pers\u00f3nuverndarl\u00f6ggj\u00f6f \u00e1 hverjum t\u00edma. Vi\u00f0 veitum s\u00e9rfr\u00e6\u00f0ir\u00e1\u00f0gj\u00f6f um verndun og \u00f6flun hugverkar\u00e9ttinda auk \u00feess sem vi\u00f0 sinnum r\u00e1\u00f0gj\u00f6f \u00e1 svi\u00f0i fjarskiptar\u00e9ttar. Tekur \u00fej\u00f3nustan m.a. til eftirfarandi svi\u00f0a\/verkefna:","og_url":"https:\/\/advel.is\/en\/personuvernd-hugverk-fjarskipti\/","og_site_name":"ADVEL","article_modified_time":"2026-02-06T16:34:25+00:00","twitter_card":"summary_large_image","twitter_misc":{"Est. reading time":"1 minute"},"schema":{"@context":"https:\/\/schema.org","@graph":[{"@type":"WebPage","@id":"https:\/\/advel.is\/personuvernd-hugverk-fjarskipti\/","url":"https:\/\/advel.is\/personuvernd-hugverk-fjarskipti\/","name":"Pers\u00f3nuvernd, hugverk &amp; fjarskipti - ADVEL","isPartOf":{"@id":"https:\/\/advel.is\/#website"},"datePublished":"2026-01-22T22:47:14+00:00","dateModified":"2026-02-06T16:34:25+00:00","inLanguage":"en-US","potentialAction":[{"@type":"ReadAction","target":["https:\/\/advel.is\/personuvernd-hugverk-fjarskipti\/"]}]},{"@type":"WebSite","@id":"https:\/\/advel.is\/#website","url":"https:\/\/advel.is\/","name":"ADVEL","description":"","publisher":{"@id":"https:\/\/advel.is\/#organization"},"potentialAction":[{"@type":"SearchAction","target":{"@type":"EntryPoint","urlTemplate":"https:\/\/advel.is\/?s={search_term_string}"},"query-input":{"@type":"PropertyValueSpecification","valueRequired":true,"valueName":"search_term_string"}}],"inLanguage":"en-US"},{"@type":"Organization","@id":"https:\/\/advel.is\/#organization","name":"ADVEL","url":"https:\/\/advel.is\/","logo":{"@type":"ImageObject","inLanguage":"en-US","@id":"https:\/\/advel.is\/#\/schema\/logo\/image\/","url":"https:\/\/advel.is\/wp-content\/uploads\/2021\/06\/advel-litid.png","contentUrl":"https:\/\/advel.is\/wp-content\/uploads\/2021\/06\/advel-litid.png","width":70,"height":64,"caption":"ADVEL"},"image":{"@id":"https:\/\/advel.is\/#\/schema\/logo\/image\/"}}]}},"brizy_media":[],"_links":{"self":[{"href":"https:\/\/advel.is\/en\/wp-json\/wp\/v2\/pages\/3114","targetHints":{"allow":["GET"]}}],"collection":[{"href":"https:\/\/advel.is\/en\/wp-json\/wp\/v2\/pages"}],"about":[{"href":"https:\/\/advel.is\/en\/wp-json\/wp\/v2\/types\/page"}],"author":[{"embeddable":true,"href":"https:\/\/advel.is\/en\/wp-json\/wp\/v2\/users\/3"}],"replies":[{"embeddable":true,"href":"https:\/\/advel.is\/en\/wp-json\/wp\/v2\/comments?post=3114"}],"version-history":[{"count":2,"href":"https:\/\/advel.is\/en\/wp-json\/wp\/v2\/pages\/3114\/revisions"}],"predecessor-version":[{"id":3486,"href":"https:\/\/advel.is\/en\/wp-json\/wp\/v2\/pages\/3114\/revisions\/3486"}],"wp:attachment":[{"href":"https:\/\/advel.is\/en\/wp-json\/wp\/v2\/media?parent=3114"}],"curies":[{"name":"wp","href":"https:\/\/api.w.org\/{rel}","templated":true}]}}