{"id":3110,"date":"2026-01-22T22:47:15","date_gmt":"2026-01-22T22:47:15","guid":{"rendered":"https:\/\/advel.is\/?page_id=3110"},"modified":"2026-02-06T16:33:41","modified_gmt":"2026-02-06T16:33:41","slug":"fjarmalathjonusta-og-fjarmognun","status":"publish","type":"page","link":"https:\/\/advel.is\/en\/fjarmalathjonusta-og-fjarmognun\/","title":{"rendered":"Financial Services and\nCorporate Financing"},"content":{"rendered":"<p>Our staff has extensive knowledge of financial services regulation and routinely provides services to banks and other financial institutions. ADVEL has participated in financing of companies of all shapes and sizes and has extensive knowledge of the relevant legal framework. The services include:<\/p>\n\n\n\n<ul class=\"wp-block-list\">\n<li>L\u00f6ggj\u00f6f um starfsemi fj\u00e1rm\u00e1lafyrirt\u00e6kja<\/li>\n\n\n\n<li>Securities Market Law<\/li>\n\n\n\n<li>Financing of companies and projects<\/li>\n\n\n\n<li>Guarantees<\/li>\n\n\n\n<li>Pledge agreements<\/li>\n\n\n\n<li>Insurance and mortgages<\/li>\n\n\n\n<li>Skuldabr\u00e9fa\u00fatg\u00e1fur og fj\u00e1rm\u00f6gnun fj\u00e1rm\u00e1lafyrirt\u00e6kja<\/li>\n<\/ul>","protected":false},"excerpt":{"rendered":"<p>Our staff has extensive knowledge of financial services regulation and routinely provides services to banks and other financial institutions. ADVEL has participated in financing of companies of all shapes and sizes and has extensive knowledge of the relevant legal framework. The services include:<\/p>","protected":false},"author":3,"featured_media":0,"parent":0,"menu_order":0,"comment_status":"closed","ping_status":"closed","template":"","meta":{"_acf_changed":false,"footnotes":""},"class_list":["post-3110","page","type-page","status-publish","hentry","entry"],"acf":[],"yoast_head":"<!-- This site is optimized with the Yoast SEO plugin v27.3 - https:\/\/yoast.com\/product\/yoast-seo-wordpress\/ -->\n<title>Fj\u00e1rm\u00e1la\u00fej\u00f3nusta og fj\u00e1rm\u00f6gnun - ADVEL<\/title>\n<meta name=\"robots\" content=\"index, follow, max-snippet:-1, max-image-preview:large, max-video-preview:-1\" \/>\n<link rel=\"canonical\" href=\"https:\/\/advel.is\/en\/fjarmalathjonusta-og-fjarmognun\/\" \/>\n<meta property=\"og:locale\" content=\"en_US\" \/>\n<meta property=\"og:type\" content=\"article\" \/>\n<meta property=\"og:title\" content=\"Fj\u00e1rm\u00e1la\u00fej\u00f3nusta og fj\u00e1rm\u00f6gnun - ADVEL\" \/>\n<meta property=\"og:description\" content=\"Starfsmenn ADVEL hafa yfir a\u00f0 b\u00faa v\u00ed\u00f0t\u00e6kri \u00feekkingu \u00e1 l\u00f6ggj\u00f6f um fj\u00e1rm\u00e1lafyrirt\u00e6ki og reynslu af \u00fev\u00ed a\u00f0 vinna fyrir banka og \u00f6nnur fj\u00e1rm\u00e1lafyrirt\u00e6ki. \u00de\u00e1 h\u00f6fum vi\u00f0 komi\u00f0 a\u00f0 fj\u00e1rm\u00f6gnun fyrirt\u00e6kja af \u00f6llum st\u00e6r\u00f0um og ger\u00f0um. Tekur \u00fej\u00f3nustan m.a. til eftirfarandi svi\u00f0a\/verkefna:\" \/>\n<meta property=\"og:url\" content=\"https:\/\/advel.is\/en\/fjarmalathjonusta-og-fjarmognun\/\" \/>\n<meta property=\"og:site_name\" content=\"ADVEL\" \/>\n<meta property=\"article:modified_time\" content=\"2026-02-06T16:33:41+00:00\" \/>\n<meta name=\"twitter:card\" content=\"summary_large_image\" \/>\n<meta name=\"twitter:label1\" content=\"Est. reading time\" \/>\n\t<meta name=\"twitter:data1\" content=\"1 minute\" \/>\n<script type=\"application\/ld+json\" class=\"yoast-schema-graph\">{\"@context\":\"https:\\\/\\\/schema.org\",\"@graph\":[{\"@type\":\"WebPage\",\"@id\":\"https:\\\/\\\/advel.is\\\/fjarmalathjonusta-og-fjarmognun\\\/\",\"url\":\"https:\\\/\\\/advel.is\\\/fjarmalathjonusta-og-fjarmognun\\\/\",\"name\":\"Fj\u00e1rm\u00e1la\u00fej\u00f3nusta og fj\u00e1rm\u00f6gnun - ADVEL\",\"isPartOf\":{\"@id\":\"https:\\\/\\\/advel.is\\\/#website\"},\"datePublished\":\"2026-01-22T22:47:15+00:00\",\"dateModified\":\"2026-02-06T16:33:41+00:00\",\"inLanguage\":\"en-US\",\"potentialAction\":[{\"@type\":\"ReadAction\",\"target\":[\"https:\\\/\\\/advel.is\\\/fjarmalathjonusta-og-fjarmognun\\\/\"]}]},{\"@type\":\"WebSite\",\"@id\":\"https:\\\/\\\/advel.is\\\/#website\",\"url\":\"https:\\\/\\\/advel.is\\\/\",\"name\":\"ADVEL\",\"description\":\"\",\"publisher\":{\"@id\":\"https:\\\/\\\/advel.is\\\/#organization\"},\"potentialAction\":[{\"@type\":\"SearchAction\",\"target\":{\"@type\":\"EntryPoint\",\"urlTemplate\":\"https:\\\/\\\/advel.is\\\/?s={search_term_string}\"},\"query-input\":{\"@type\":\"PropertyValueSpecification\",\"valueRequired\":true,\"valueName\":\"search_term_string\"}}],\"inLanguage\":\"en-US\"},{\"@type\":\"Organization\",\"@id\":\"https:\\\/\\\/advel.is\\\/#organization\",\"name\":\"ADVEL\",\"url\":\"https:\\\/\\\/advel.is\\\/\",\"logo\":{\"@type\":\"ImageObject\",\"inLanguage\":\"en-US\",\"@id\":\"https:\\\/\\\/advel.is\\\/#\\\/schema\\\/logo\\\/image\\\/\",\"url\":\"https:\\\/\\\/advel.is\\\/wp-content\\\/uploads\\\/2021\\\/06\\\/advel-litid.png\",\"contentUrl\":\"https:\\\/\\\/advel.is\\\/wp-content\\\/uploads\\\/2021\\\/06\\\/advel-litid.png\",\"width\":70,\"height\":64,\"caption\":\"ADVEL\"},\"image\":{\"@id\":\"https:\\\/\\\/advel.is\\\/#\\\/schema\\\/logo\\\/image\\\/\"}}]}<\/script>\n<!-- \/ Yoast SEO plugin. -->","yoast_head_json":{"title":"Fj\u00e1rm\u00e1la\u00fej\u00f3nusta og fj\u00e1rm\u00f6gnun - ADVEL","robots":{"index":"index","follow":"follow","max-snippet":"max-snippet:-1","max-image-preview":"max-image-preview:large","max-video-preview":"max-video-preview:-1"},"canonical":"https:\/\/advel.is\/en\/fjarmalathjonusta-og-fjarmognun\/","og_locale":"en_US","og_type":"article","og_title":"Fj\u00e1rm\u00e1la\u00fej\u00f3nusta og fj\u00e1rm\u00f6gnun - ADVEL","og_description":"Starfsmenn ADVEL hafa yfir a\u00f0 b\u00faa v\u00ed\u00f0t\u00e6kri \u00feekkingu \u00e1 l\u00f6ggj\u00f6f um fj\u00e1rm\u00e1lafyrirt\u00e6ki og reynslu af \u00fev\u00ed a\u00f0 vinna fyrir banka og \u00f6nnur fj\u00e1rm\u00e1lafyrirt\u00e6ki. \u00de\u00e1 h\u00f6fum vi\u00f0 komi\u00f0 a\u00f0 fj\u00e1rm\u00f6gnun fyrirt\u00e6kja af \u00f6llum st\u00e6r\u00f0um og ger\u00f0um. Tekur \u00fej\u00f3nustan m.a. til eftirfarandi svi\u00f0a\/verkefna:","og_url":"https:\/\/advel.is\/en\/fjarmalathjonusta-og-fjarmognun\/","og_site_name":"ADVEL","article_modified_time":"2026-02-06T16:33:41+00:00","twitter_card":"summary_large_image","twitter_misc":{"Est. reading time":"1 minute"},"schema":{"@context":"https:\/\/schema.org","@graph":[{"@type":"WebPage","@id":"https:\/\/advel.is\/fjarmalathjonusta-og-fjarmognun\/","url":"https:\/\/advel.is\/fjarmalathjonusta-og-fjarmognun\/","name":"Fj\u00e1rm\u00e1la\u00fej\u00f3nusta og fj\u00e1rm\u00f6gnun - ADVEL","isPartOf":{"@id":"https:\/\/advel.is\/#website"},"datePublished":"2026-01-22T22:47:15+00:00","dateModified":"2026-02-06T16:33:41+00:00","inLanguage":"en-US","potentialAction":[{"@type":"ReadAction","target":["https:\/\/advel.is\/fjarmalathjonusta-og-fjarmognun\/"]}]},{"@type":"WebSite","@id":"https:\/\/advel.is\/#website","url":"https:\/\/advel.is\/","name":"ADVEL","description":"","publisher":{"@id":"https:\/\/advel.is\/#organization"},"potentialAction":[{"@type":"SearchAction","target":{"@type":"EntryPoint","urlTemplate":"https:\/\/advel.is\/?s={search_term_string}"},"query-input":{"@type":"PropertyValueSpecification","valueRequired":true,"valueName":"search_term_string"}}],"inLanguage":"en-US"},{"@type":"Organization","@id":"https:\/\/advel.is\/#organization","name":"ADVEL","url":"https:\/\/advel.is\/","logo":{"@type":"ImageObject","inLanguage":"en-US","@id":"https:\/\/advel.is\/#\/schema\/logo\/image\/","url":"https:\/\/advel.is\/wp-content\/uploads\/2021\/06\/advel-litid.png","contentUrl":"https:\/\/advel.is\/wp-content\/uploads\/2021\/06\/advel-litid.png","width":70,"height":64,"caption":"ADVEL"},"image":{"@id":"https:\/\/advel.is\/#\/schema\/logo\/image\/"}}]}},"brizy_media":[],"_links":{"self":[{"href":"https:\/\/advel.is\/en\/wp-json\/wp\/v2\/pages\/3110","targetHints":{"allow":["GET"]}}],"collection":[{"href":"https:\/\/advel.is\/en\/wp-json\/wp\/v2\/pages"}],"about":[{"href":"https:\/\/advel.is\/en\/wp-json\/wp\/v2\/types\/page"}],"author":[{"embeddable":true,"href":"https:\/\/advel.is\/en\/wp-json\/wp\/v2\/users\/3"}],"replies":[{"embeddable":true,"href":"https:\/\/advel.is\/en\/wp-json\/wp\/v2\/comments?post=3110"}],"version-history":[{"count":2,"href":"https:\/\/advel.is\/en\/wp-json\/wp\/v2\/pages\/3110\/revisions"}],"predecessor-version":[{"id":3485,"href":"https:\/\/advel.is\/en\/wp-json\/wp\/v2\/pages\/3110\/revisions\/3485"}],"wp:attachment":[{"href":"https:\/\/advel.is\/en\/wp-json\/wp\/v2\/media?parent=3110"}],"curies":[{"name":"wp","href":"https:\/\/api.w.org\/{rel}","templated":true}]}}