{"id":311,"date":"2021-08-16T20:25:04","date_gmt":"2021-08-16T20:25:04","guid":{"rendered":"https:\/\/advel.is\/?page_id=311"},"modified":"2021-09-24T15:40:03","modified_gmt":"2021-09-24T15:40:03","slug":"malflutningur","status":"publish","type":"page","link":"https:\/\/advel.is\/en\/home\/starfssvid\/malflutningur\/","title":{"rendered":"Litigation"},"content":{"rendered":"<div data-elementor-type=\"wp-page\" data-elementor-id=\"311\" class=\"elementor elementor-311\" data-elementor-settings=\"[]\">\n\t\t\t\t\t\t\t<div class=\"elementor-section-wrap\">\n\t\t\t\t\t\t\t<section class=\"elementor-section elementor-top-section elementor-element elementor-element-6980b79 elementor-section-boxed elementor-section-height-default elementor-section-height-default\" data-id=\"6980b79\" data-element_type=\"section\">\n\t\t\t\t\t\t<div class=\"elementor-container elementor-column-gap-default\">\n\t\t\t\t\t<div class=\"elementor-column elementor-col-100 elementor-top-column elementor-element elementor-element-cee6715\" data-id=\"cee6715\" data-element_type=\"column\">\n\t\t\t<div class=\"elementor-widget-wrap elementor-element-populated\">\n\t\t\t\t\t\t\t\t<div class=\"elementor-element elementor-element-90ef0e6 elementor-widget elementor-widget-heading\" data-id=\"90ef0e6\" data-element_type=\"widget\" data-widget_type=\"heading.default\">\n\t\t\t\t<div class=\"elementor-widget-container\">\n\t\t\t<h2 class=\"elementor-heading-title elementor-size-default\">Litigation<\/h2>\t\t<\/div>\n\t\t\t\t<\/div>\n\t\t\t\t<div class=\"elementor-element elementor-element-d9aabb0 elementor-widget elementor-widget-text-editor\" data-id=\"d9aabb0\" data-element_type=\"widget\" data-widget_type=\"text-editor.default\">\n\t\t\t\t<div class=\"elementor-widget-container\">\n\t\t\t\t\t\t\t\t<p>We represent individuals, companies, municipalities and public authorities before national courts (district courts, the Appeal Court and the Supreme Court), the EFTA Court and the CJEU. The services include:<br><br><\/p>\n<div class=\"translation-block\">\n<ul>\n<li>Advice on judicial procedure<\/li>\n<li>Preparing and filing all necessary documents<\/li>\n<li>Litigation before the Icelandic District Courts<\/li>\n<li>Litigation before the Appeal Court<\/li>\n<li>Litigation before the Supreme Court<\/li>\n<li>Litigation before the EFTA court<\/li>\n<li>Litigation before the CJEU<\/li>\n<li>Arbitration procedure<\/li>\n<\/ul>\n<\/div>\t\t\t\t\t\t<\/div>\n\t\t\t\t<\/div>\n\t\t\t\t\t<\/div>\n\t\t<\/div>\n\t\t\t\t\t\t\t<\/div>\n\t\t<\/section>\n\t\t\t\t\t\t<\/div>\n\t\t\t\t\t<\/div>","protected":false},"excerpt":{"rendered":"<p>M\u00e1lflutningur L\u00f6gmenn ADVEL l\u00f6gmanna annast m\u00e1lflutning fyrir einstaklinga, fyrirt\u00e6ki, sveitarf\u00e9l\u00f6g og opinberar stofnanir fyrir \u00f6llum d\u00f3mstigum innanlands og fyrir EFTA d\u00f3mst\u00f3lnum. Tekur \u00fej\u00f3nustan m.a. til eftirfarandi svi\u00f0a\/verkefna: R\u00e9ttarfar Skjalager\u00f0 M\u00e1lflutningur fyrir h\u00e9ra\u00f0sd\u00f3mi M\u00e1lflutningur fyrir Landsr\u00e9tti M\u00e1lflutningur fyrir H\u00e6star\u00e9tti M\u00e1lflutningur fyrir EFTA d\u00f3mst\u00f3lnum Ger\u00f0ard\u00f3msme\u00f0fer\u00f0<\/p>","protected":false},"author":1,"featured_media":0,"parent":147,"menu_order":0,"comment_status":"closed","ping_status":"closed","template":"","meta":{"_acf_changed":false,"footnotes":""},"class_list":["post-311","page","type-page","status-publish","hentry","entry"],"acf":[],"yoast_head":"<!-- This site is optimized with the Yoast SEO plugin v27.3 - https:\/\/yoast.com\/product\/yoast-seo-wordpress\/ -->\n<title>M\u00e1lflutningur - ADVEL<\/title>\n<meta name=\"robots\" content=\"index, follow, max-snippet:-1, max-image-preview:large, max-video-preview:-1\" \/>\n<link rel=\"canonical\" href=\"https:\/\/advel.is\/en\/home\/starfssvid\/malflutningur\/\" \/>\n<meta property=\"og:locale\" content=\"en_US\" \/>\n<meta property=\"og:type\" content=\"article\" \/>\n<meta property=\"og:title\" content=\"M\u00e1lflutningur - ADVEL\" \/>\n<meta property=\"og:description\" content=\"M\u00e1lflutningur L\u00f6gmenn ADVEL l\u00f6gmanna annast m\u00e1lflutning fyrir einstaklinga, fyrirt\u00e6ki, sveitarf\u00e9l\u00f6g og opinberar stofnanir fyrir \u00f6llum d\u00f3mstigum innanlands og fyrir EFTA d\u00f3mst\u00f3lnum. Tekur \u00fej\u00f3nustan m.a. til eftirfarandi svi\u00f0a\/verkefna: R\u00e9ttarfar Skjalager\u00f0 M\u00e1lflutningur fyrir h\u00e9ra\u00f0sd\u00f3mi M\u00e1lflutningur fyrir Landsr\u00e9tti M\u00e1lflutningur fyrir H\u00e6star\u00e9tti M\u00e1lflutningur fyrir EFTA d\u00f3mst\u00f3lnum Ger\u00f0ard\u00f3msme\u00f0fer\u00f0\" \/>\n<meta property=\"og:url\" content=\"https:\/\/advel.is\/en\/home\/starfssvid\/malflutningur\/\" \/>\n<meta property=\"og:site_name\" content=\"ADVEL\" \/>\n<meta property=\"article:modified_time\" content=\"2021-09-24T15:40:03+00:00\" \/>\n<meta name=\"twitter:card\" content=\"summary_large_image\" \/>\n<meta name=\"twitter:label1\" content=\"Est. reading time\" \/>\n\t<meta name=\"twitter:data1\" content=\"1 minute\" \/>\n<script type=\"application\/ld+json\" class=\"yoast-schema-graph\">{\"@context\":\"https:\\\/\\\/schema.org\",\"@graph\":[{\"@type\":\"WebPage\",\"@id\":\"https:\\\/\\\/advel.is\\\/en\\\/home\\\/starfssvid\\\/malflutningur\\\/\",\"url\":\"https:\\\/\\\/advel.is\\\/en\\\/home\\\/starfssvid\\\/malflutningur\\\/\",\"name\":\"M\u00e1lflutningur - ADVEL\",\"isPartOf\":{\"@id\":\"https:\\\/\\\/advel.is\\\/#website\"},\"datePublished\":\"2021-08-16T20:25:04+00:00\",\"dateModified\":\"2021-09-24T15:40:03+00:00\",\"breadcrumb\":{\"@id\":\"https:\\\/\\\/advel.is\\\/en\\\/home\\\/starfssvid\\\/malflutningur\\\/#breadcrumb\"},\"inLanguage\":\"en-US\",\"potentialAction\":[{\"@type\":\"ReadAction\",\"target\":[\"https:\\\/\\\/advel.is\\\/en\\\/home\\\/starfssvid\\\/malflutningur\\\/\"]}]},{\"@type\":\"BreadcrumbList\",\"@id\":\"https:\\\/\\\/advel.is\\\/en\\\/home\\\/starfssvid\\\/malflutningur\\\/#breadcrumb\",\"itemListElement\":[{\"@type\":\"ListItem\",\"position\":1,\"name\":\"Heim\",\"item\":\"https:\\\/\\\/advel.is\\\/\"},{\"@type\":\"ListItem\",\"position\":2,\"name\":\"Starfssvi\u00f0\",\"item\":\"https:\\\/\\\/advel.is\\\/home\\\/starfssvid\\\/\"},{\"@type\":\"ListItem\",\"position\":3,\"name\":\"M\u00e1lflutningur\"}]},{\"@type\":\"WebSite\",\"@id\":\"https:\\\/\\\/advel.is\\\/#website\",\"url\":\"https:\\\/\\\/advel.is\\\/\",\"name\":\"ADVEL\",\"description\":\"\",\"publisher\":{\"@id\":\"https:\\\/\\\/advel.is\\\/#organization\"},\"potentialAction\":[{\"@type\":\"SearchAction\",\"target\":{\"@type\":\"EntryPoint\",\"urlTemplate\":\"https:\\\/\\\/advel.is\\\/?s={search_term_string}\"},\"query-input\":{\"@type\":\"PropertyValueSpecification\",\"valueRequired\":true,\"valueName\":\"search_term_string\"}}],\"inLanguage\":\"en-US\"},{\"@type\":\"Organization\",\"@id\":\"https:\\\/\\\/advel.is\\\/#organization\",\"name\":\"ADVEL\",\"url\":\"https:\\\/\\\/advel.is\\\/\",\"logo\":{\"@type\":\"ImageObject\",\"inLanguage\":\"en-US\",\"@id\":\"https:\\\/\\\/advel.is\\\/#\\\/schema\\\/logo\\\/image\\\/\",\"url\":\"https:\\\/\\\/advel.is\\\/wp-content\\\/uploads\\\/2021\\\/06\\\/advel-litid.png\",\"contentUrl\":\"https:\\\/\\\/advel.is\\\/wp-content\\\/uploads\\\/2021\\\/06\\\/advel-litid.png\",\"width\":70,\"height\":64,\"caption\":\"ADVEL\"},\"image\":{\"@id\":\"https:\\\/\\\/advel.is\\\/#\\\/schema\\\/logo\\\/image\\\/\"}}]}<\/script>\n<!-- \/ Yoast SEO plugin. -->","yoast_head_json":{"title":"M\u00e1lflutningur - ADVEL","robots":{"index":"index","follow":"follow","max-snippet":"max-snippet:-1","max-image-preview":"max-image-preview:large","max-video-preview":"max-video-preview:-1"},"canonical":"https:\/\/advel.is\/en\/home\/starfssvid\/malflutningur\/","og_locale":"en_US","og_type":"article","og_title":"M\u00e1lflutningur - ADVEL","og_description":"M\u00e1lflutningur L\u00f6gmenn ADVEL l\u00f6gmanna annast m\u00e1lflutning fyrir einstaklinga, fyrirt\u00e6ki, sveitarf\u00e9l\u00f6g og opinberar stofnanir fyrir \u00f6llum d\u00f3mstigum innanlands og fyrir EFTA d\u00f3mst\u00f3lnum. Tekur \u00fej\u00f3nustan m.a. til eftirfarandi svi\u00f0a\/verkefna: R\u00e9ttarfar Skjalager\u00f0 M\u00e1lflutningur fyrir h\u00e9ra\u00f0sd\u00f3mi M\u00e1lflutningur fyrir Landsr\u00e9tti M\u00e1lflutningur fyrir H\u00e6star\u00e9tti M\u00e1lflutningur fyrir EFTA d\u00f3mst\u00f3lnum Ger\u00f0ard\u00f3msme\u00f0fer\u00f0","og_url":"https:\/\/advel.is\/en\/home\/starfssvid\/malflutningur\/","og_site_name":"ADVEL","article_modified_time":"2021-09-24T15:40:03+00:00","twitter_card":"summary_large_image","twitter_misc":{"Est. reading time":"1 minute"},"schema":{"@context":"https:\/\/schema.org","@graph":[{"@type":"WebPage","@id":"https:\/\/advel.is\/en\/home\/starfssvid\/malflutningur\/","url":"https:\/\/advel.is\/en\/home\/starfssvid\/malflutningur\/","name":"M\u00e1lflutningur - ADVEL","isPartOf":{"@id":"https:\/\/advel.is\/#website"},"datePublished":"2021-08-16T20:25:04+00:00","dateModified":"2021-09-24T15:40:03+00:00","breadcrumb":{"@id":"https:\/\/advel.is\/en\/home\/starfssvid\/malflutningur\/#breadcrumb"},"inLanguage":"en-US","potentialAction":[{"@type":"ReadAction","target":["https:\/\/advel.is\/en\/home\/starfssvid\/malflutningur\/"]}]},{"@type":"BreadcrumbList","@id":"https:\/\/advel.is\/en\/home\/starfssvid\/malflutningur\/#breadcrumb","itemListElement":[{"@type":"ListItem","position":1,"name":"Heim","item":"https:\/\/advel.is\/"},{"@type":"ListItem","position":2,"name":"Starfssvi\u00f0","item":"https:\/\/advel.is\/home\/starfssvid\/"},{"@type":"ListItem","position":3,"name":"M\u00e1lflutningur"}]},{"@type":"WebSite","@id":"https:\/\/advel.is\/#website","url":"https:\/\/advel.is\/","name":"ADVEL","description":"","publisher":{"@id":"https:\/\/advel.is\/#organization"},"potentialAction":[{"@type":"SearchAction","target":{"@type":"EntryPoint","urlTemplate":"https:\/\/advel.is\/?s={search_term_string}"},"query-input":{"@type":"PropertyValueSpecification","valueRequired":true,"valueName":"search_term_string"}}],"inLanguage":"en-US"},{"@type":"Organization","@id":"https:\/\/advel.is\/#organization","name":"ADVEL","url":"https:\/\/advel.is\/","logo":{"@type":"ImageObject","inLanguage":"en-US","@id":"https:\/\/advel.is\/#\/schema\/logo\/image\/","url":"https:\/\/advel.is\/wp-content\/uploads\/2021\/06\/advel-litid.png","contentUrl":"https:\/\/advel.is\/wp-content\/uploads\/2021\/06\/advel-litid.png","width":70,"height":64,"caption":"ADVEL"},"image":{"@id":"https:\/\/advel.is\/#\/schema\/logo\/image\/"}}]}},"brizy_media":[],"_links":{"self":[{"href":"https:\/\/advel.is\/en\/wp-json\/wp\/v2\/pages\/311","targetHints":{"allow":["GET"]}}],"collection":[{"href":"https:\/\/advel.is\/en\/wp-json\/wp\/v2\/pages"}],"about":[{"href":"https:\/\/advel.is\/en\/wp-json\/wp\/v2\/types\/page"}],"author":[{"embeddable":true,"href":"https:\/\/advel.is\/en\/wp-json\/wp\/v2\/users\/1"}],"replies":[{"embeddable":true,"href":"https:\/\/advel.is\/en\/wp-json\/wp\/v2\/comments?post=311"}],"version-history":[{"count":13,"href":"https:\/\/advel.is\/en\/wp-json\/wp\/v2\/pages\/311\/revisions"}],"predecessor-version":[{"id":1816,"href":"https:\/\/advel.is\/en\/wp-json\/wp\/v2\/pages\/311\/revisions\/1816"}],"up":[{"embeddable":true,"href":"https:\/\/advel.is\/en\/wp-json\/wp\/v2\/pages\/147"}],"wp:attachment":[{"href":"https:\/\/advel.is\/en\/wp-json\/wp\/v2\/media?parent=311"}],"curies":[{"name":"wp","href":"https:\/\/api.w.org\/{rel}","templated":true}]}}