{"id":3107,"date":"2026-01-22T22:47:15","date_gmt":"2026-01-22T22:47:15","guid":{"rendered":"https:\/\/advel.is\/?page_id=3107"},"modified":"2026-01-22T22:47:15","modified_gmt":"2026-01-22T22:47:15","slug":"fjarhagsleg-endurskipulagning-og-gjaldthrotarettur","status":"publish","type":"page","link":"https:\/\/advel.is\/en\/fjarhagsleg-endurskipulagning-og-gjaldthrotarettur\/","title":{"rendered":"Financial Restructuring and Bankruptcy"},"content":{"rendered":"<p>ADVEL provides comprehensive advice in the field financial restructuring. We have overseen large-scale projects involving moratoria, bankruptcy procedures and composition. The services include:<\/p>\n\n\n\n<ul class=\"wp-block-list\">\n<li>Advice regarding financial restructuring<\/li>\n\n\n\n<li>Counsel regarding financial\/payment difficulties<\/li>\n\n\n\n<li>Moratorium<\/li>\n\n\n\n<li>Compositions<\/li>\n\n\n\n<li>Advice related to bankruptcy proceedings<\/li>\n\n\n\n<li>Bankruptcy<\/li>\n\n\n\n<li>Administration of bankruptcy and probate estates<\/li>\n\n\n\n<li>Disputes and litigation<\/li>\n<\/ul>\n\n\n\n<p><\/p>","protected":false},"excerpt":{"rendered":"<p>ADVEL provides comprehensive advice in the field financial restructuring. We have overseen large-scale projects involving moratoria, bankruptcy procedures and composition. The services include:<\/p>","protected":false},"author":3,"featured_media":0,"parent":0,"menu_order":0,"comment_status":"closed","ping_status":"closed","template":"","meta":{"_acf_changed":false,"footnotes":""},"class_list":["post-3107","page","type-page","status-publish","hentry","entry"],"acf":[],"yoast_head":"<!-- This site is optimized with the Yoast SEO plugin v27.3 - https:\/\/yoast.com\/product\/yoast-seo-wordpress\/ -->\n<title>Fj\u00e1rhagsleg endurskipulagning og gjald\u00ferotar\u00e9ttur - ADVEL<\/title>\n<meta name=\"robots\" content=\"index, follow, max-snippet:-1, max-image-preview:large, max-video-preview:-1\" \/>\n<link rel=\"canonical\" href=\"https:\/\/advel.is\/en\/fjarhagsleg-endurskipulagning-og-gjaldthrotarettur\/\" \/>\n<meta property=\"og:locale\" content=\"en_US\" \/>\n<meta property=\"og:type\" content=\"article\" \/>\n<meta property=\"og:title\" content=\"Fj\u00e1rhagsleg endurskipulagning og gjald\u00ferotar\u00e9ttur - ADVEL\" \/>\n<meta property=\"og:description\" content=\"L\u00f6gmenn ADVEL veita vi\u00f0skiptavinum stofunnar hvers kyns r\u00e1\u00f0gj\u00f6f \u00ed tengslum vi\u00f0 fj\u00e1rhagslega endurskipulagningu. ADVEL hefur haft umsj\u00f3n me\u00f0 umfangsmiklum verkefnum \u00e1 svi\u00f0i grei\u00f0slust\u00f6\u00f0vunar, gjald\u00ferotaskipta og nau\u00f0asamninga. Tekur \u00fej\u00f3nustan m.a. til eftirfarandi svi\u00f0a\/verkefna:\" \/>\n<meta property=\"og:url\" content=\"https:\/\/advel.is\/en\/fjarhagsleg-endurskipulagning-og-gjaldthrotarettur\/\" \/>\n<meta property=\"og:site_name\" content=\"ADVEL\" \/>\n<meta name=\"twitter:card\" content=\"summary_large_image\" \/>\n<meta name=\"twitter:label1\" content=\"Est. reading time\" \/>\n\t<meta name=\"twitter:data1\" content=\"1 minute\" \/>\n<script type=\"application\/ld+json\" class=\"yoast-schema-graph\">{\"@context\":\"https:\\\/\\\/schema.org\",\"@graph\":[{\"@type\":\"WebPage\",\"@id\":\"https:\\\/\\\/advel.is\\\/fjarhagsleg-endurskipulagning-og-gjaldthrotarettur\\\/\",\"url\":\"https:\\\/\\\/advel.is\\\/fjarhagsleg-endurskipulagning-og-gjaldthrotarettur\\\/\",\"name\":\"Fj\u00e1rhagsleg endurskipulagning og gjald\u00ferotar\u00e9ttur - ADVEL\",\"isPartOf\":{\"@id\":\"https:\\\/\\\/advel.is\\\/#website\"},\"datePublished\":\"2026-01-22T22:47:15+00:00\",\"inLanguage\":\"en-US\",\"potentialAction\":[{\"@type\":\"ReadAction\",\"target\":[\"https:\\\/\\\/advel.is\\\/fjarhagsleg-endurskipulagning-og-gjaldthrotarettur\\\/\"]}]},{\"@type\":\"WebSite\",\"@id\":\"https:\\\/\\\/advel.is\\\/#website\",\"url\":\"https:\\\/\\\/advel.is\\\/\",\"name\":\"ADVEL\",\"description\":\"\",\"publisher\":{\"@id\":\"https:\\\/\\\/advel.is\\\/#organization\"},\"potentialAction\":[{\"@type\":\"SearchAction\",\"target\":{\"@type\":\"EntryPoint\",\"urlTemplate\":\"https:\\\/\\\/advel.is\\\/?s={search_term_string}\"},\"query-input\":{\"@type\":\"PropertyValueSpecification\",\"valueRequired\":true,\"valueName\":\"search_term_string\"}}],\"inLanguage\":\"en-US\"},{\"@type\":\"Organization\",\"@id\":\"https:\\\/\\\/advel.is\\\/#organization\",\"name\":\"ADVEL\",\"url\":\"https:\\\/\\\/advel.is\\\/\",\"logo\":{\"@type\":\"ImageObject\",\"inLanguage\":\"en-US\",\"@id\":\"https:\\\/\\\/advel.is\\\/#\\\/schema\\\/logo\\\/image\\\/\",\"url\":\"https:\\\/\\\/advel.is\\\/wp-content\\\/uploads\\\/2021\\\/06\\\/advel-litid.png\",\"contentUrl\":\"https:\\\/\\\/advel.is\\\/wp-content\\\/uploads\\\/2021\\\/06\\\/advel-litid.png\",\"width\":70,\"height\":64,\"caption\":\"ADVEL\"},\"image\":{\"@id\":\"https:\\\/\\\/advel.is\\\/#\\\/schema\\\/logo\\\/image\\\/\"}}]}<\/script>\n<!-- \/ Yoast SEO plugin. -->","yoast_head_json":{"title":"Fj\u00e1rhagsleg endurskipulagning og gjald\u00ferotar\u00e9ttur - ADVEL","robots":{"index":"index","follow":"follow","max-snippet":"max-snippet:-1","max-image-preview":"max-image-preview:large","max-video-preview":"max-video-preview:-1"},"canonical":"https:\/\/advel.is\/en\/fjarhagsleg-endurskipulagning-og-gjaldthrotarettur\/","og_locale":"en_US","og_type":"article","og_title":"Fj\u00e1rhagsleg endurskipulagning og gjald\u00ferotar\u00e9ttur - ADVEL","og_description":"L\u00f6gmenn ADVEL veita vi\u00f0skiptavinum stofunnar hvers kyns r\u00e1\u00f0gj\u00f6f \u00ed tengslum vi\u00f0 fj\u00e1rhagslega endurskipulagningu. ADVEL hefur haft umsj\u00f3n me\u00f0 umfangsmiklum verkefnum \u00e1 svi\u00f0i grei\u00f0slust\u00f6\u00f0vunar, gjald\u00ferotaskipta og nau\u00f0asamninga. Tekur \u00fej\u00f3nustan m.a. til eftirfarandi svi\u00f0a\/verkefna:","og_url":"https:\/\/advel.is\/en\/fjarhagsleg-endurskipulagning-og-gjaldthrotarettur\/","og_site_name":"ADVEL","twitter_card":"summary_large_image","twitter_misc":{"Est. reading time":"1 minute"},"schema":{"@context":"https:\/\/schema.org","@graph":[{"@type":"WebPage","@id":"https:\/\/advel.is\/fjarhagsleg-endurskipulagning-og-gjaldthrotarettur\/","url":"https:\/\/advel.is\/fjarhagsleg-endurskipulagning-og-gjaldthrotarettur\/","name":"Fj\u00e1rhagsleg endurskipulagning og gjald\u00ferotar\u00e9ttur - ADVEL","isPartOf":{"@id":"https:\/\/advel.is\/#website"},"datePublished":"2026-01-22T22:47:15+00:00","inLanguage":"en-US","potentialAction":[{"@type":"ReadAction","target":["https:\/\/advel.is\/fjarhagsleg-endurskipulagning-og-gjaldthrotarettur\/"]}]},{"@type":"WebSite","@id":"https:\/\/advel.is\/#website","url":"https:\/\/advel.is\/","name":"ADVEL","description":"","publisher":{"@id":"https:\/\/advel.is\/#organization"},"potentialAction":[{"@type":"SearchAction","target":{"@type":"EntryPoint","urlTemplate":"https:\/\/advel.is\/?s={search_term_string}"},"query-input":{"@type":"PropertyValueSpecification","valueRequired":true,"valueName":"search_term_string"}}],"inLanguage":"en-US"},{"@type":"Organization","@id":"https:\/\/advel.is\/#organization","name":"ADVEL","url":"https:\/\/advel.is\/","logo":{"@type":"ImageObject","inLanguage":"en-US","@id":"https:\/\/advel.is\/#\/schema\/logo\/image\/","url":"https:\/\/advel.is\/wp-content\/uploads\/2021\/06\/advel-litid.png","contentUrl":"https:\/\/advel.is\/wp-content\/uploads\/2021\/06\/advel-litid.png","width":70,"height":64,"caption":"ADVEL"},"image":{"@id":"https:\/\/advel.is\/#\/schema\/logo\/image\/"}}]}},"brizy_media":[],"_links":{"self":[{"href":"https:\/\/advel.is\/en\/wp-json\/wp\/v2\/pages\/3107","targetHints":{"allow":["GET"]}}],"collection":[{"href":"https:\/\/advel.is\/en\/wp-json\/wp\/v2\/pages"}],"about":[{"href":"https:\/\/advel.is\/en\/wp-json\/wp\/v2\/types\/page"}],"author":[{"embeddable":true,"href":"https:\/\/advel.is\/en\/wp-json\/wp\/v2\/users\/3"}],"replies":[{"embeddable":true,"href":"https:\/\/advel.is\/en\/wp-json\/wp\/v2\/comments?post=3107"}],"version-history":[{"count":2,"href":"https:\/\/advel.is\/en\/wp-json\/wp\/v2\/pages\/3107\/revisions"}],"predecessor-version":[{"id":3109,"href":"https:\/\/advel.is\/en\/wp-json\/wp\/v2\/pages\/3107\/revisions\/3109"}],"wp:attachment":[{"href":"https:\/\/advel.is\/en\/wp-json\/wp\/v2\/media?parent=3107"}],"curies":[{"name":"wp","href":"https:\/\/api.w.org\/{rel}","templated":true}]}}