{"id":3105,"date":"2026-01-22T22:47:16","date_gmt":"2026-01-22T22:47:16","guid":{"rendered":"https:\/\/advel.is\/?page_id=3105"},"modified":"2026-01-22T22:47:16","modified_gmt":"2026-01-22T22:47:16","slug":"felagarettur-og-fyrirtaekjaradgjof","status":"publish","type":"page","link":"https:\/\/advel.is\/en\/felagarettur-og-fyrirtaekjaradgjof\/","title":{"rendered":"Corporate Law and Corporate Consultancy services"},"content":{"rendered":"<p>ADVEL has a long history of providing comprehensive services in the field of corporate law. ADVEL strives to provide companies of all sizes and types with comprehensive services in matters pertaining to all fields of corporate law. The services include:<\/p>\n\n\n\n<ul class=\"wp-block-list\">\n<li>Corporate law<\/li>\n\n\n\n<li>Corporate establishment<\/li>\n\n\n\n<li>Shareholders\u2019 Agreements<\/li>\n\n\n\n<li>Advice to Boards of Directors<\/li>\n\n\n\n<li>Corporate Governance<\/li>\n\n\n\n<li>Performance Assessment<\/li>\n\n\n\n<li>Board appointments<\/li>\n\n\n\n<li>Shareholders\u2019 Meetings \u2013 organising, preparing, acting as chairs and secretaries<\/li>\n\n\n\n<li>Corporate Financing<\/li>\n\n\n\n<li>Business Contracts<\/li>\n\n\n\n<li>Mergers and Acquisitions<\/li>\n\n\n\n<li>Due diligence<\/li>\n\n\n\n<li>Assistance in solving disputes<\/li>\n\n\n\n<li>Solving disputes<\/li>\n<\/ul>\n\n\n\n<p><\/p>","protected":false},"excerpt":{"rendered":"<p>ADVEL has a long history of providing comprehensive services in the field of corporate law. ADVEL strives to provide companies of all sizes and types with comprehensive services in matters pertaining to all fields of corporate law. The services include:<\/p>","protected":false},"author":3,"featured_media":0,"parent":0,"menu_order":0,"comment_status":"closed","ping_status":"closed","template":"","meta":{"_acf_changed":false,"footnotes":""},"class_list":["post-3105","page","type-page","status-publish","hentry","entry"],"acf":[],"yoast_head":"<!-- This site is optimized with the Yoast SEO plugin v27.3 - https:\/\/yoast.com\/product\/yoast-seo-wordpress\/ -->\n<title>F\u00e9lagar\u00e9ttur og fyrirt\u00e6kjar\u00e1\u00f0gj\u00f6f - ADVEL<\/title>\n<meta name=\"robots\" content=\"index, follow, max-snippet:-1, max-image-preview:large, max-video-preview:-1\" \/>\n<link rel=\"canonical\" href=\"https:\/\/advel.is\/en\/felagarettur-og-fyrirtaekjaradgjof\/\" \/>\n<meta property=\"og:locale\" content=\"en_US\" \/>\n<meta property=\"og:type\" content=\"article\" \/>\n<meta property=\"og:title\" content=\"F\u00e9lagar\u00e9ttur og fyrirt\u00e6kjar\u00e1\u00f0gj\u00f6f - ADVEL\" \/>\n<meta property=\"og:description\" content=\"ADVEL l\u00f6gmenn hafa veitt vi\u00f0skiptavinum s\u00ednum heildst\u00e6\u00f0a \u00fej\u00f3nustu \u00e1 svi\u00f0i f\u00e9lagar\u00e9ttar um langt skei\u00f0. ADVEL kappkostar a\u00f0 veita f\u00e9l\u00f6gum af \u00f6llum st\u00e6r\u00f0um og ger\u00f0um alhli\u00f0a \u00fej\u00f3nustu var\u00f0andi f\u00e9lagar\u00e9ttarleg m\u00e1lefni. Tekur \u00fej\u00f3nustan m.a. til eftirfarandi svi\u00f0a\/verkefna:\" \/>\n<meta property=\"og:url\" content=\"https:\/\/advel.is\/en\/felagarettur-og-fyrirtaekjaradgjof\/\" \/>\n<meta property=\"og:site_name\" content=\"ADVEL\" \/>\n<meta name=\"twitter:card\" content=\"summary_large_image\" \/>\n<meta name=\"twitter:label1\" content=\"Est. reading time\" \/>\n\t<meta name=\"twitter:data1\" content=\"1 minute\" \/>\n<script type=\"application\/ld+json\" class=\"yoast-schema-graph\">{\"@context\":\"https:\\\/\\\/schema.org\",\"@graph\":[{\"@type\":\"WebPage\",\"@id\":\"https:\\\/\\\/advel.is\\\/felagarettur-og-fyrirtaekjaradgjof\\\/\",\"url\":\"https:\\\/\\\/advel.is\\\/felagarettur-og-fyrirtaekjaradgjof\\\/\",\"name\":\"F\u00e9lagar\u00e9ttur og fyrirt\u00e6kjar\u00e1\u00f0gj\u00f6f - ADVEL\",\"isPartOf\":{\"@id\":\"https:\\\/\\\/advel.is\\\/#website\"},\"datePublished\":\"2026-01-22T22:47:16+00:00\",\"inLanguage\":\"en-US\",\"potentialAction\":[{\"@type\":\"ReadAction\",\"target\":[\"https:\\\/\\\/advel.is\\\/felagarettur-og-fyrirtaekjaradgjof\\\/\"]}]},{\"@type\":\"WebSite\",\"@id\":\"https:\\\/\\\/advel.is\\\/#website\",\"url\":\"https:\\\/\\\/advel.is\\\/\",\"name\":\"ADVEL\",\"description\":\"\",\"publisher\":{\"@id\":\"https:\\\/\\\/advel.is\\\/#organization\"},\"potentialAction\":[{\"@type\":\"SearchAction\",\"target\":{\"@type\":\"EntryPoint\",\"urlTemplate\":\"https:\\\/\\\/advel.is\\\/?s={search_term_string}\"},\"query-input\":{\"@type\":\"PropertyValueSpecification\",\"valueRequired\":true,\"valueName\":\"search_term_string\"}}],\"inLanguage\":\"en-US\"},{\"@type\":\"Organization\",\"@id\":\"https:\\\/\\\/advel.is\\\/#organization\",\"name\":\"ADVEL\",\"url\":\"https:\\\/\\\/advel.is\\\/\",\"logo\":{\"@type\":\"ImageObject\",\"inLanguage\":\"en-US\",\"@id\":\"https:\\\/\\\/advel.is\\\/#\\\/schema\\\/logo\\\/image\\\/\",\"url\":\"https:\\\/\\\/advel.is\\\/wp-content\\\/uploads\\\/2021\\\/06\\\/advel-litid.png\",\"contentUrl\":\"https:\\\/\\\/advel.is\\\/wp-content\\\/uploads\\\/2021\\\/06\\\/advel-litid.png\",\"width\":70,\"height\":64,\"caption\":\"ADVEL\"},\"image\":{\"@id\":\"https:\\\/\\\/advel.is\\\/#\\\/schema\\\/logo\\\/image\\\/\"}}]}<\/script>\n<!-- \/ Yoast SEO plugin. -->","yoast_head_json":{"title":"F\u00e9lagar\u00e9ttur og fyrirt\u00e6kjar\u00e1\u00f0gj\u00f6f - ADVEL","robots":{"index":"index","follow":"follow","max-snippet":"max-snippet:-1","max-image-preview":"max-image-preview:large","max-video-preview":"max-video-preview:-1"},"canonical":"https:\/\/advel.is\/en\/felagarettur-og-fyrirtaekjaradgjof\/","og_locale":"en_US","og_type":"article","og_title":"F\u00e9lagar\u00e9ttur og fyrirt\u00e6kjar\u00e1\u00f0gj\u00f6f - ADVEL","og_description":"ADVEL l\u00f6gmenn hafa veitt vi\u00f0skiptavinum s\u00ednum heildst\u00e6\u00f0a \u00fej\u00f3nustu \u00e1 svi\u00f0i f\u00e9lagar\u00e9ttar um langt skei\u00f0. ADVEL kappkostar a\u00f0 veita f\u00e9l\u00f6gum af \u00f6llum st\u00e6r\u00f0um og ger\u00f0um alhli\u00f0a \u00fej\u00f3nustu var\u00f0andi f\u00e9lagar\u00e9ttarleg m\u00e1lefni. Tekur \u00fej\u00f3nustan m.a. til eftirfarandi svi\u00f0a\/verkefna:","og_url":"https:\/\/advel.is\/en\/felagarettur-og-fyrirtaekjaradgjof\/","og_site_name":"ADVEL","twitter_card":"summary_large_image","twitter_misc":{"Est. reading time":"1 minute"},"schema":{"@context":"https:\/\/schema.org","@graph":[{"@type":"WebPage","@id":"https:\/\/advel.is\/felagarettur-og-fyrirtaekjaradgjof\/","url":"https:\/\/advel.is\/felagarettur-og-fyrirtaekjaradgjof\/","name":"F\u00e9lagar\u00e9ttur og fyrirt\u00e6kjar\u00e1\u00f0gj\u00f6f - ADVEL","isPartOf":{"@id":"https:\/\/advel.is\/#website"},"datePublished":"2026-01-22T22:47:16+00:00","inLanguage":"en-US","potentialAction":[{"@type":"ReadAction","target":["https:\/\/advel.is\/felagarettur-og-fyrirtaekjaradgjof\/"]}]},{"@type":"WebSite","@id":"https:\/\/advel.is\/#website","url":"https:\/\/advel.is\/","name":"ADVEL","description":"","publisher":{"@id":"https:\/\/advel.is\/#organization"},"potentialAction":[{"@type":"SearchAction","target":{"@type":"EntryPoint","urlTemplate":"https:\/\/advel.is\/?s={search_term_string}"},"query-input":{"@type":"PropertyValueSpecification","valueRequired":true,"valueName":"search_term_string"}}],"inLanguage":"en-US"},{"@type":"Organization","@id":"https:\/\/advel.is\/#organization","name":"ADVEL","url":"https:\/\/advel.is\/","logo":{"@type":"ImageObject","inLanguage":"en-US","@id":"https:\/\/advel.is\/#\/schema\/logo\/image\/","url":"https:\/\/advel.is\/wp-content\/uploads\/2021\/06\/advel-litid.png","contentUrl":"https:\/\/advel.is\/wp-content\/uploads\/2021\/06\/advel-litid.png","width":70,"height":64,"caption":"ADVEL"},"image":{"@id":"https:\/\/advel.is\/#\/schema\/logo\/image\/"}}]}},"brizy_media":[],"_links":{"self":[{"href":"https:\/\/advel.is\/en\/wp-json\/wp\/v2\/pages\/3105","targetHints":{"allow":["GET"]}}],"collection":[{"href":"https:\/\/advel.is\/en\/wp-json\/wp\/v2\/pages"}],"about":[{"href":"https:\/\/advel.is\/en\/wp-json\/wp\/v2\/types\/page"}],"author":[{"embeddable":true,"href":"https:\/\/advel.is\/en\/wp-json\/wp\/v2\/users\/3"}],"replies":[{"embeddable":true,"href":"https:\/\/advel.is\/en\/wp-json\/wp\/v2\/comments?post=3105"}],"version-history":[{"count":1,"href":"https:\/\/advel.is\/en\/wp-json\/wp\/v2\/pages\/3105\/revisions"}],"predecessor-version":[{"id":3106,"href":"https:\/\/advel.is\/en\/wp-json\/wp\/v2\/pages\/3105\/revisions\/3106"}],"wp:attachment":[{"href":"https:\/\/advel.is\/en\/wp-json\/wp\/v2\/media?parent=3105"}],"curies":[{"name":"wp","href":"https:\/\/api.w.org\/{rel}","templated":true}]}}