{"id":3103,"date":"2026-01-22T22:47:16","date_gmt":"2026-01-22T22:47:16","guid":{"rendered":"https:\/\/advel.is\/?page_id=3103"},"modified":"2026-02-06T16:32:47","modified_gmt":"2026-02-06T16:32:47","slug":"evropurettur","status":"publish","type":"page","link":"https:\/\/advel.is\/en\/evropurettur\/","title":{"rendered":"European Law"},"content":{"rendered":"<p>ADVEL veitir r\u00e1\u00f0gj\u00f6f \u00e1 \u00f6llum svi\u00f0um EES og Evr\u00f3pur\u00e9ttar. Tekur \u00fej\u00f3nustan m.a. til eftirfarandi svi\u00f0a\/verkefna:<\/p>\n\n\n\n<ul class=\"wp-block-list\">\n<li>International trade<\/li>\n\n\n\n<li>Reglur um frj\u00e1lsa f\u00f6r \u00e1 innri marka\u00f0i<\/li>\n\n\n\n<li>Innlei\u00f0ing ESB ger\u00f0a<\/li>\n\n\n\n<li>Legal opinions<\/li>\n\n\n\n<li>Hagmunag\u00e6sla gagnvart Eftirlitsstofnun EFTA<\/li>\n\n\n\n<li>Litigation before the EFTA court<br><\/li>\n<\/ul>","protected":false},"excerpt":{"rendered":"<p>ADVEL veitir r\u00e1\u00f0gj\u00f6f \u00e1 \u00f6llum svi\u00f0um EES og Evr\u00f3pur\u00e9ttar. Tekur \u00fej\u00f3nustan m.a. til eftirfarandi svi\u00f0a\/verkefna:<\/p>","protected":false},"author":3,"featured_media":0,"parent":0,"menu_order":0,"comment_status":"closed","ping_status":"closed","template":"","meta":{"_acf_changed":false,"footnotes":""},"class_list":["post-3103","page","type-page","status-publish","hentry","entry"],"acf":[],"yoast_head":"<!-- This site is optimized with the Yoast SEO plugin v27.3 - https:\/\/yoast.com\/product\/yoast-seo-wordpress\/ -->\n<title>Evr\u00f3pur\u00e9ttur - ADVEL<\/title>\n<meta name=\"robots\" content=\"index, follow, max-snippet:-1, max-image-preview:large, max-video-preview:-1\" \/>\n<link rel=\"canonical\" href=\"https:\/\/advel.is\/en\/evropurettur\/\" \/>\n<meta property=\"og:locale\" content=\"en_US\" \/>\n<meta property=\"og:type\" content=\"article\" \/>\n<meta property=\"og:title\" content=\"Evr\u00f3pur\u00e9ttur - ADVEL\" \/>\n<meta property=\"og:description\" content=\"ADVEL veitir r\u00e1\u00f0gj\u00f6f \u00e1 \u00f6llum svi\u00f0um EES og Evr\u00f3pur\u00e9ttar. Tekur \u00fej\u00f3nustan m.a. til eftirfarandi svi\u00f0a\/verkefna:\" \/>\n<meta property=\"og:url\" content=\"https:\/\/advel.is\/en\/evropurettur\/\" \/>\n<meta property=\"og:site_name\" content=\"ADVEL\" \/>\n<meta property=\"article:modified_time\" content=\"2026-02-06T16:32:47+00:00\" \/>\n<meta name=\"twitter:card\" content=\"summary_large_image\" \/>\n<meta name=\"twitter:label1\" content=\"Est. reading time\" \/>\n\t<meta name=\"twitter:data1\" content=\"1 minute\" \/>\n<script type=\"application\/ld+json\" class=\"yoast-schema-graph\">{\"@context\":\"https:\\\/\\\/schema.org\",\"@graph\":[{\"@type\":\"WebPage\",\"@id\":\"https:\\\/\\\/advel.is\\\/evropurettur\\\/\",\"url\":\"https:\\\/\\\/advel.is\\\/evropurettur\\\/\",\"name\":\"Evr\u00f3pur\u00e9ttur - ADVEL\",\"isPartOf\":{\"@id\":\"https:\\\/\\\/advel.is\\\/#website\"},\"datePublished\":\"2026-01-22T22:47:16+00:00\",\"dateModified\":\"2026-02-06T16:32:47+00:00\",\"inLanguage\":\"en-US\",\"potentialAction\":[{\"@type\":\"ReadAction\",\"target\":[\"https:\\\/\\\/advel.is\\\/evropurettur\\\/\"]}]},{\"@type\":\"WebSite\",\"@id\":\"https:\\\/\\\/advel.is\\\/#website\",\"url\":\"https:\\\/\\\/advel.is\\\/\",\"name\":\"ADVEL\",\"description\":\"\",\"publisher\":{\"@id\":\"https:\\\/\\\/advel.is\\\/#organization\"},\"potentialAction\":[{\"@type\":\"SearchAction\",\"target\":{\"@type\":\"EntryPoint\",\"urlTemplate\":\"https:\\\/\\\/advel.is\\\/?s={search_term_string}\"},\"query-input\":{\"@type\":\"PropertyValueSpecification\",\"valueRequired\":true,\"valueName\":\"search_term_string\"}}],\"inLanguage\":\"en-US\"},{\"@type\":\"Organization\",\"@id\":\"https:\\\/\\\/advel.is\\\/#organization\",\"name\":\"ADVEL\",\"url\":\"https:\\\/\\\/advel.is\\\/\",\"logo\":{\"@type\":\"ImageObject\",\"inLanguage\":\"en-US\",\"@id\":\"https:\\\/\\\/advel.is\\\/#\\\/schema\\\/logo\\\/image\\\/\",\"url\":\"https:\\\/\\\/advel.is\\\/wp-content\\\/uploads\\\/2021\\\/06\\\/advel-litid.png\",\"contentUrl\":\"https:\\\/\\\/advel.is\\\/wp-content\\\/uploads\\\/2021\\\/06\\\/advel-litid.png\",\"width\":70,\"height\":64,\"caption\":\"ADVEL\"},\"image\":{\"@id\":\"https:\\\/\\\/advel.is\\\/#\\\/schema\\\/logo\\\/image\\\/\"}}]}<\/script>\n<!-- \/ Yoast SEO plugin. -->","yoast_head_json":{"title":"Evr\u00f3pur\u00e9ttur - ADVEL","robots":{"index":"index","follow":"follow","max-snippet":"max-snippet:-1","max-image-preview":"max-image-preview:large","max-video-preview":"max-video-preview:-1"},"canonical":"https:\/\/advel.is\/en\/evropurettur\/","og_locale":"en_US","og_type":"article","og_title":"Evr\u00f3pur\u00e9ttur - ADVEL","og_description":"ADVEL veitir r\u00e1\u00f0gj\u00f6f \u00e1 \u00f6llum svi\u00f0um EES og Evr\u00f3pur\u00e9ttar. Tekur \u00fej\u00f3nustan m.a. til eftirfarandi svi\u00f0a\/verkefna:","og_url":"https:\/\/advel.is\/en\/evropurettur\/","og_site_name":"ADVEL","article_modified_time":"2026-02-06T16:32:47+00:00","twitter_card":"summary_large_image","twitter_misc":{"Est. reading time":"1 minute"},"schema":{"@context":"https:\/\/schema.org","@graph":[{"@type":"WebPage","@id":"https:\/\/advel.is\/evropurettur\/","url":"https:\/\/advel.is\/evropurettur\/","name":"Evr\u00f3pur\u00e9ttur - ADVEL","isPartOf":{"@id":"https:\/\/advel.is\/#website"},"datePublished":"2026-01-22T22:47:16+00:00","dateModified":"2026-02-06T16:32:47+00:00","inLanguage":"en-US","potentialAction":[{"@type":"ReadAction","target":["https:\/\/advel.is\/evropurettur\/"]}]},{"@type":"WebSite","@id":"https:\/\/advel.is\/#website","url":"https:\/\/advel.is\/","name":"ADVEL","description":"","publisher":{"@id":"https:\/\/advel.is\/#organization"},"potentialAction":[{"@type":"SearchAction","target":{"@type":"EntryPoint","urlTemplate":"https:\/\/advel.is\/?s={search_term_string}"},"query-input":{"@type":"PropertyValueSpecification","valueRequired":true,"valueName":"search_term_string"}}],"inLanguage":"en-US"},{"@type":"Organization","@id":"https:\/\/advel.is\/#organization","name":"ADVEL","url":"https:\/\/advel.is\/","logo":{"@type":"ImageObject","inLanguage":"en-US","@id":"https:\/\/advel.is\/#\/schema\/logo\/image\/","url":"https:\/\/advel.is\/wp-content\/uploads\/2021\/06\/advel-litid.png","contentUrl":"https:\/\/advel.is\/wp-content\/uploads\/2021\/06\/advel-litid.png","width":70,"height":64,"caption":"ADVEL"},"image":{"@id":"https:\/\/advel.is\/#\/schema\/logo\/image\/"}}]}},"brizy_media":[],"_links":{"self":[{"href":"https:\/\/advel.is\/en\/wp-json\/wp\/v2\/pages\/3103","targetHints":{"allow":["GET"]}}],"collection":[{"href":"https:\/\/advel.is\/en\/wp-json\/wp\/v2\/pages"}],"about":[{"href":"https:\/\/advel.is\/en\/wp-json\/wp\/v2\/types\/page"}],"author":[{"embeddable":true,"href":"https:\/\/advel.is\/en\/wp-json\/wp\/v2\/users\/3"}],"replies":[{"embeddable":true,"href":"https:\/\/advel.is\/en\/wp-json\/wp\/v2\/comments?post=3103"}],"version-history":[{"count":4,"href":"https:\/\/advel.is\/en\/wp-json\/wp\/v2\/pages\/3103\/revisions"}],"predecessor-version":[{"id":3484,"href":"https:\/\/advel.is\/en\/wp-json\/wp\/v2\/pages\/3103\/revisions\/3484"}],"wp:attachment":[{"href":"https:\/\/advel.is\/en\/wp-json\/wp\/v2\/media?parent=3103"}],"curies":[{"name":"wp","href":"https:\/\/api.w.org\/{rel}","templated":true}]}}