{"id":309,"date":"2021-08-16T20:24:42","date_gmt":"2021-08-16T20:24:42","guid":{"rendered":"https:\/\/advel.is\/?page_id=309"},"modified":"2021-09-24T22:01:39","modified_gmt":"2021-09-24T22:01:39","slug":"fjarhagsleg-endurskipulagning-gjaldthrotarettur","status":"publish","type":"page","link":"https:\/\/advel.is\/en\/home\/starfssvid\/fjarhagsleg-endurskipulagning-gjaldthrotarettur\/","title":{"rendered":"Financial Restructuring and Bankruptcy"},"content":{"rendered":"<div data-elementor-type=\"wp-page\" data-elementor-id=\"309\" class=\"elementor elementor-309\" data-elementor-settings=\"[]\">\n\t\t\t\t\t\t\t<div class=\"elementor-section-wrap\">\n\t\t\t\t\t\t\t<section class=\"elementor-section elementor-top-section elementor-element elementor-element-ba8ae5f elementor-section-boxed elementor-section-height-default elementor-section-height-default\" data-id=\"ba8ae5f\" data-element_type=\"section\">\n\t\t\t\t\t\t<div class=\"elementor-container elementor-column-gap-default\">\n\t\t\t\t\t<div class=\"elementor-column elementor-col-100 elementor-top-column elementor-element elementor-element-ff3331d\" data-id=\"ff3331d\" data-element_type=\"column\">\n\t\t\t<div class=\"elementor-widget-wrap elementor-element-populated\">\n\t\t\t\t\t\t\t\t<div class=\"elementor-element elementor-element-cdcbbf1 elementor-widget elementor-widget-heading\" data-id=\"cdcbbf1\" data-element_type=\"widget\" data-widget_type=\"heading.default\">\n\t\t\t\t<div class=\"elementor-widget-container\">\n\t\t\t<h2 class=\"elementor-heading-title elementor-size-default\">Financial Restructuring and Bankruptcy<\/h2>\t\t<\/div>\n\t\t\t\t<\/div>\n\t\t\t\t<div class=\"elementor-element elementor-element-d17187c elementor-widget elementor-widget-text-editor\" data-id=\"d17187c\" data-element_type=\"widget\" data-widget_type=\"text-editor.default\">\n\t\t\t\t<div class=\"elementor-widget-container\">\n\t\t\t\t\t\t\t\t<p>ADVEL provides comprehensive advice in the field financial restructuring. We have overseen large-scale projects involving moratoria, bankruptcy procedures and composition. The services include:<br><br><\/p>\n<div class=\"translation-block\">\n<ul>\n<li>Advice regarding financial restructuring<\/li>\n<li>Counsel regarding financial\/payment difficulties<\/li>\n<li>Moratorium<\/li>\n<li>Compositions<\/li>\n<li>Advice related to bankruptcy proceedings <\/li>\n<li>Administration of bankruptcy and probate estates<\/li>\n<li>Disputes and litigation<\/li>\n<\/ul>\n<\/div>\t\t\t\t\t\t<\/div>\n\t\t\t\t<\/div>\n\t\t\t\t\t<\/div>\n\t\t<\/div>\n\t\t\t\t\t\t\t<\/div>\n\t\t<\/section>\n\t\t\t\t\t\t<\/div>\n\t\t\t\t\t<\/div>","protected":false},"excerpt":{"rendered":"<p>Fj\u00e1rhagsleg endurskipulagning og gjald\u00ferotar\u00e9ttur L\u00f6gmenn ADVEL veita vi\u00f0skiptavinum stofunnar hvers kyns r\u00e1\u00f0gj\u00f6f \u00ed tengslum vi\u00f0 fj\u00e1rhagslega endurskipulagningu. ADVEL hefur haft umsj\u00f3n me\u00f0 umfangsmiklum verkefnum \u00e1 svi\u00f0i grei\u00f0slust\u00f6\u00f0vunar, gjald\u00ferotaskipta og nau\u00f0asamninga. Tekur \u00fej\u00f3nustan m.a. til eftirfarandi svi\u00f0a\/verkefna: R\u00e1\u00f0gj\u00f6f \u00ed tengslum vi\u00f0 fj\u00e1rhagslega endurskipulagningu Grei\u00f0sluerfi\u00f0leikar Grei\u00f0slust\u00f6\u00f0vun Nau\u00f0asamningar Umsj\u00f3n me\u00f0 nau\u00f0asamningsumleitunum Gjald\u00ferot Skiptastj\u00f3rn Me\u00f0fer\u00f0 \u00e1greiningsm\u00e1la<\/p>","protected":false},"author":1,"featured_media":0,"parent":147,"menu_order":0,"comment_status":"closed","ping_status":"closed","template":"","meta":{"_acf_changed":false,"footnotes":""},"class_list":["post-309","page","type-page","status-publish","hentry","entry"],"acf":[],"yoast_head":"<!-- This site is optimized with the Yoast SEO plugin v26.9 - https:\/\/yoast.com\/product\/yoast-seo-wordpress\/ -->\n<title>Fj\u00e1rhagsleg endurskipulagning &amp; gjald\u00ferotar\u00e9ttur - ADVEL<\/title>\n<meta name=\"robots\" content=\"index, follow, max-snippet:-1, max-image-preview:large, max-video-preview:-1\" \/>\n<link rel=\"canonical\" href=\"https:\/\/advel.is\/en\/home\/starfssvid\/fjarhagsleg-endurskipulagning-gjaldthrotarettur\/\" \/>\n<meta property=\"og:locale\" content=\"en_US\" \/>\n<meta property=\"og:type\" content=\"article\" \/>\n<meta property=\"og:title\" content=\"Fj\u00e1rhagsleg endurskipulagning &amp; gjald\u00ferotar\u00e9ttur - ADVEL\" \/>\n<meta property=\"og:description\" content=\"Fj\u00e1rhagsleg endurskipulagning og gjald\u00ferotar\u00e9ttur L\u00f6gmenn ADVEL veita vi\u00f0skiptavinum stofunnar hvers kyns r\u00e1\u00f0gj\u00f6f \u00ed tengslum vi\u00f0 fj\u00e1rhagslega endurskipulagningu. ADVEL hefur haft umsj\u00f3n me\u00f0 umfangsmiklum verkefnum \u00e1 svi\u00f0i grei\u00f0slust\u00f6\u00f0vunar, gjald\u00ferotaskipta og nau\u00f0asamninga. Tekur \u00fej\u00f3nustan m.a. til eftirfarandi svi\u00f0a\/verkefna: R\u00e1\u00f0gj\u00f6f \u00ed tengslum vi\u00f0 fj\u00e1rhagslega endurskipulagningu Grei\u00f0sluerfi\u00f0leikar Grei\u00f0slust\u00f6\u00f0vun Nau\u00f0asamningar Umsj\u00f3n me\u00f0 nau\u00f0asamningsumleitunum Gjald\u00ferot Skiptastj\u00f3rn Me\u00f0fer\u00f0 \u00e1greiningsm\u00e1la\" \/>\n<meta property=\"og:url\" content=\"https:\/\/advel.is\/en\/home\/starfssvid\/fjarhagsleg-endurskipulagning-gjaldthrotarettur\/\" \/>\n<meta property=\"og:site_name\" content=\"ADVEL\" \/>\n<meta property=\"article:modified_time\" content=\"2021-09-24T22:01:39+00:00\" \/>\n<meta name=\"twitter:card\" content=\"summary_large_image\" \/>\n<meta name=\"twitter:label1\" content=\"Est. reading time\" \/>\n\t<meta name=\"twitter:data1\" content=\"1 minute\" \/>\n<script type=\"application\/ld+json\" class=\"yoast-schema-graph\">{\"@context\":\"https:\/\/schema.org\",\"@graph\":[{\"@type\":\"WebPage\",\"@id\":\"https:\/\/advel.is\/home\/starfssvid\/fjarhagsleg-endurskipulagning-gjaldthrotarettur\/\",\"url\":\"https:\/\/advel.is\/home\/starfssvid\/fjarhagsleg-endurskipulagning-gjaldthrotarettur\/\",\"name\":\"Fj\u00e1rhagsleg endurskipulagning & gjald\u00ferotar\u00e9ttur - ADVEL\",\"isPartOf\":{\"@id\":\"https:\/\/advel.is\/#website\"},\"datePublished\":\"2021-08-16T20:24:42+00:00\",\"dateModified\":\"2021-09-24T22:01:39+00:00\",\"breadcrumb\":{\"@id\":\"https:\/\/advel.is\/home\/starfssvid\/fjarhagsleg-endurskipulagning-gjaldthrotarettur\/#breadcrumb\"},\"inLanguage\":\"en-US\",\"potentialAction\":[{\"@type\":\"ReadAction\",\"target\":[\"https:\/\/advel.is\/home\/starfssvid\/fjarhagsleg-endurskipulagning-gjaldthrotarettur\/\"]}]},{\"@type\":\"BreadcrumbList\",\"@id\":\"https:\/\/advel.is\/home\/starfssvid\/fjarhagsleg-endurskipulagning-gjaldthrotarettur\/#breadcrumb\",\"itemListElement\":[{\"@type\":\"ListItem\",\"position\":1,\"name\":\"Heim\",\"item\":\"https:\/\/advel.is\/\"},{\"@type\":\"ListItem\",\"position\":2,\"name\":\"Starfssvi\u00f0\",\"item\":\"https:\/\/advel.is\/home\/starfssvid\/\"},{\"@type\":\"ListItem\",\"position\":3,\"name\":\"Fj\u00e1rhagsleg endurskipulagning &#038; gjald\u00ferotar\u00e9ttur\"}]},{\"@type\":\"WebSite\",\"@id\":\"https:\/\/advel.is\/#website\",\"url\":\"https:\/\/advel.is\/\",\"name\":\"ADVEL\",\"description\":\"\",\"publisher\":{\"@id\":\"https:\/\/advel.is\/#organization\"},\"potentialAction\":[{\"@type\":\"SearchAction\",\"target\":{\"@type\":\"EntryPoint\",\"urlTemplate\":\"https:\/\/advel.is\/?s={search_term_string}\"},\"query-input\":{\"@type\":\"PropertyValueSpecification\",\"valueRequired\":true,\"valueName\":\"search_term_string\"}}],\"inLanguage\":\"en-US\"},{\"@type\":\"Organization\",\"@id\":\"https:\/\/advel.is\/#organization\",\"name\":\"ADVEL\",\"url\":\"https:\/\/advel.is\/\",\"logo\":{\"@type\":\"ImageObject\",\"inLanguage\":\"en-US\",\"@id\":\"https:\/\/advel.is\/#\/schema\/logo\/image\/\",\"url\":\"https:\/\/advel.is\/wp-content\/uploads\/2021\/06\/advel-litid.png\",\"contentUrl\":\"https:\/\/advel.is\/wp-content\/uploads\/2021\/06\/advel-litid.png\",\"width\":70,\"height\":64,\"caption\":\"ADVEL\"},\"image\":{\"@id\":\"https:\/\/advel.is\/#\/schema\/logo\/image\/\"}}]}<\/script>\n<!-- \/ Yoast SEO plugin. -->","yoast_head_json":{"title":"Fj\u00e1rhagsleg endurskipulagning & gjald\u00ferotar\u00e9ttur - ADVEL","robots":{"index":"index","follow":"follow","max-snippet":"max-snippet:-1","max-image-preview":"max-image-preview:large","max-video-preview":"max-video-preview:-1"},"canonical":"https:\/\/advel.is\/en\/home\/starfssvid\/fjarhagsleg-endurskipulagning-gjaldthrotarettur\/","og_locale":"en_US","og_type":"article","og_title":"Fj\u00e1rhagsleg endurskipulagning & gjald\u00ferotar\u00e9ttur - ADVEL","og_description":"Fj\u00e1rhagsleg endurskipulagning og gjald\u00ferotar\u00e9ttur L\u00f6gmenn ADVEL veita vi\u00f0skiptavinum stofunnar hvers kyns r\u00e1\u00f0gj\u00f6f \u00ed tengslum vi\u00f0 fj\u00e1rhagslega endurskipulagningu. ADVEL hefur haft umsj\u00f3n me\u00f0 umfangsmiklum verkefnum \u00e1 svi\u00f0i grei\u00f0slust\u00f6\u00f0vunar, gjald\u00ferotaskipta og nau\u00f0asamninga. Tekur \u00fej\u00f3nustan m.a. til eftirfarandi svi\u00f0a\/verkefna: R\u00e1\u00f0gj\u00f6f \u00ed tengslum vi\u00f0 fj\u00e1rhagslega endurskipulagningu Grei\u00f0sluerfi\u00f0leikar Grei\u00f0slust\u00f6\u00f0vun Nau\u00f0asamningar Umsj\u00f3n me\u00f0 nau\u00f0asamningsumleitunum Gjald\u00ferot Skiptastj\u00f3rn Me\u00f0fer\u00f0 \u00e1greiningsm\u00e1la","og_url":"https:\/\/advel.is\/en\/home\/starfssvid\/fjarhagsleg-endurskipulagning-gjaldthrotarettur\/","og_site_name":"ADVEL","article_modified_time":"2021-09-24T22:01:39+00:00","twitter_card":"summary_large_image","twitter_misc":{"Est. reading time":"1 minute"},"schema":{"@context":"https:\/\/schema.org","@graph":[{"@type":"WebPage","@id":"https:\/\/advel.is\/home\/starfssvid\/fjarhagsleg-endurskipulagning-gjaldthrotarettur\/","url":"https:\/\/advel.is\/home\/starfssvid\/fjarhagsleg-endurskipulagning-gjaldthrotarettur\/","name":"Fj\u00e1rhagsleg endurskipulagning & gjald\u00ferotar\u00e9ttur - ADVEL","isPartOf":{"@id":"https:\/\/advel.is\/#website"},"datePublished":"2021-08-16T20:24:42+00:00","dateModified":"2021-09-24T22:01:39+00:00","breadcrumb":{"@id":"https:\/\/advel.is\/home\/starfssvid\/fjarhagsleg-endurskipulagning-gjaldthrotarettur\/#breadcrumb"},"inLanguage":"en-US","potentialAction":[{"@type":"ReadAction","target":["https:\/\/advel.is\/home\/starfssvid\/fjarhagsleg-endurskipulagning-gjaldthrotarettur\/"]}]},{"@type":"BreadcrumbList","@id":"https:\/\/advel.is\/home\/starfssvid\/fjarhagsleg-endurskipulagning-gjaldthrotarettur\/#breadcrumb","itemListElement":[{"@type":"ListItem","position":1,"name":"Heim","item":"https:\/\/advel.is\/"},{"@type":"ListItem","position":2,"name":"Starfssvi\u00f0","item":"https:\/\/advel.is\/home\/starfssvid\/"},{"@type":"ListItem","position":3,"name":"Fj\u00e1rhagsleg endurskipulagning &#038; gjald\u00ferotar\u00e9ttur"}]},{"@type":"WebSite","@id":"https:\/\/advel.is\/#website","url":"https:\/\/advel.is\/","name":"ADVEL","description":"","publisher":{"@id":"https:\/\/advel.is\/#organization"},"potentialAction":[{"@type":"SearchAction","target":{"@type":"EntryPoint","urlTemplate":"https:\/\/advel.is\/?s={search_term_string}"},"query-input":{"@type":"PropertyValueSpecification","valueRequired":true,"valueName":"search_term_string"}}],"inLanguage":"en-US"},{"@type":"Organization","@id":"https:\/\/advel.is\/#organization","name":"ADVEL","url":"https:\/\/advel.is\/","logo":{"@type":"ImageObject","inLanguage":"en-US","@id":"https:\/\/advel.is\/#\/schema\/logo\/image\/","url":"https:\/\/advel.is\/wp-content\/uploads\/2021\/06\/advel-litid.png","contentUrl":"https:\/\/advel.is\/wp-content\/uploads\/2021\/06\/advel-litid.png","width":70,"height":64,"caption":"ADVEL"},"image":{"@id":"https:\/\/advel.is\/#\/schema\/logo\/image\/"}}]}},"brizy_media":[],"_links":{"self":[{"href":"https:\/\/advel.is\/en\/wp-json\/wp\/v2\/pages\/309","targetHints":{"allow":["GET"]}}],"collection":[{"href":"https:\/\/advel.is\/en\/wp-json\/wp\/v2\/pages"}],"about":[{"href":"https:\/\/advel.is\/en\/wp-json\/wp\/v2\/types\/page"}],"author":[{"embeddable":true,"href":"https:\/\/advel.is\/en\/wp-json\/wp\/v2\/users\/1"}],"replies":[{"embeddable":true,"href":"https:\/\/advel.is\/en\/wp-json\/wp\/v2\/comments?post=309"}],"version-history":[{"count":10,"href":"https:\/\/advel.is\/en\/wp-json\/wp\/v2\/pages\/309\/revisions"}],"predecessor-version":[{"id":1843,"href":"https:\/\/advel.is\/en\/wp-json\/wp\/v2\/pages\/309\/revisions\/1843"}],"up":[{"embeddable":true,"href":"https:\/\/advel.is\/en\/wp-json\/wp\/v2\/pages\/147"}],"wp:attachment":[{"href":"https:\/\/advel.is\/en\/wp-json\/wp\/v2\/media?parent=309"}],"curies":[{"name":"wp","href":"https:\/\/api.w.org\/{rel}","templated":true}]}}