{"id":307,"date":"2021-08-16T20:24:12","date_gmt":"2021-08-16T20:24:12","guid":{"rendered":"https:\/\/advel.is\/?page_id=307"},"modified":"2021-09-19T09:27:58","modified_gmt":"2021-09-19T09:27:58","slug":"evropurettur","status":"publish","type":"page","link":"https:\/\/advel.is\/en\/home\/starfssvid\/evropurettur\/","title":{"rendered":"European Law"},"content":{"rendered":"<div data-elementor-type=\"wp-page\" data-elementor-id=\"307\" class=\"elementor elementor-307\" data-elementor-settings=\"[]\">\n\t\t\t\t\t\t\t<div class=\"elementor-section-wrap\">\n\t\t\t\t\t\t\t<section class=\"elementor-section elementor-top-section elementor-element elementor-element-4be8fc7 elementor-section-boxed elementor-section-height-default elementor-section-height-default\" data-id=\"4be8fc7\" data-element_type=\"section\">\n\t\t\t\t\t\t<div class=\"elementor-container elementor-column-gap-default\">\n\t\t\t\t\t<div class=\"elementor-column elementor-col-100 elementor-top-column elementor-element elementor-element-0140bc4\" data-id=\"0140bc4\" data-element_type=\"column\">\n\t\t\t<div class=\"elementor-widget-wrap elementor-element-populated\">\n\t\t\t\t\t\t\t\t<div class=\"elementor-element elementor-element-d451093 elementor-widget elementor-widget-heading\" data-id=\"d451093\" data-element_type=\"widget\" data-widget_type=\"heading.default\">\n\t\t\t\t<div class=\"elementor-widget-container\">\n\t\t\t<h2 class=\"elementor-heading-title elementor-size-default\">European Law<\/h2>\t\t<\/div>\n\t\t\t\t<\/div>\n\t\t\t\t<div class=\"elementor-element elementor-element-2f99bbf elementor-widget elementor-widget-text-editor\" data-id=\"2f99bbf\" data-element_type=\"widget\" data-widget_type=\"text-editor.default\">\n\t\t\t\t<div class=\"elementor-widget-container\">\n\t\t\t\t\t\t\t\t<p>ADVEL offers legal services in all fields of EEA and EU law. Our team is led by one of the leading experts in this field in Iceland with extensive experience from European Institutions. The services include:<br><br><\/p>\n<div class=\"translation-block\">\n<ul>\n<li>Internal market legislation<\/li>\n<li>Implementation and state compliance with EEA\/EU law <\/li>\n<li>State Aid<\/li>\n<li>Competition and merger rules<\/li>\n<li>Public procurement<\/li>\n<li>Representation before the EFTA Surveillance Authority<\/li>\n<li>Litigation in the EFTA court and the CJEU<\/li>\n<li>Legal opinions<\/li>\n<\/ul>\n<\/div>\t\t\t\t\t\t<\/div>\n\t\t\t\t<\/div>\n\t\t\t\t\t<\/div>\n\t\t<\/div>\n\t\t\t\t\t\t\t<\/div>\n\t\t<\/section>\n\t\t\t\t\t\t<\/div>\n\t\t\t\t\t<\/div>","protected":false},"excerpt":{"rendered":"<p>Evr\u00f3pur\u00e9ttur ADVEL veitir r\u00e1\u00f0gj\u00f6f \u00e1 \u00f6llum svi\u00f0um EES og Evr\u00f3pul\u00f6ggjafar. Tekur \u00fej\u00f3nustan m.a. til eftirfarandi svi\u00f0a\/verkefna: Millir\u00edkjavi\u00f0skipti R\u00edkisstyrkir Samkeppni og samrunareglur \u00datbo\u00f0sreglur Samskipti vi\u00f0 Eftirlitsstofnun EFTA M\u00e1lflutningur fyrir EFTA d\u00f3mst\u00f3lnum L\u00f6gfr\u00e6\u00f0ilegar \u00e1litsger\u00f0ir<\/p>","protected":false},"author":1,"featured_media":0,"parent":147,"menu_order":0,"comment_status":"closed","ping_status":"closed","template":"","meta":{"_acf_changed":false,"footnotes":""},"class_list":["post-307","page","type-page","status-publish","hentry","entry"],"acf":[],"yoast_head":"<!-- This site is optimized with the Yoast SEO plugin v26.9 - https:\/\/yoast.com\/product\/yoast-seo-wordpress\/ -->\n<title>Evr\u00f3pur\u00e9ttur - ADVEL<\/title>\n<meta name=\"robots\" content=\"index, follow, max-snippet:-1, max-image-preview:large, max-video-preview:-1\" \/>\n<link rel=\"canonical\" href=\"https:\/\/advel.is\/en\/home\/starfssvid\/evropurettur\/\" \/>\n<meta property=\"og:locale\" content=\"en_US\" \/>\n<meta property=\"og:type\" content=\"article\" \/>\n<meta property=\"og:title\" content=\"Evr\u00f3pur\u00e9ttur - ADVEL\" \/>\n<meta property=\"og:description\" content=\"Evr\u00f3pur\u00e9ttur ADVEL veitir r\u00e1\u00f0gj\u00f6f \u00e1 \u00f6llum svi\u00f0um EES og Evr\u00f3pul\u00f6ggjafar. Tekur \u00fej\u00f3nustan m.a. til eftirfarandi svi\u00f0a\/verkefna: Millir\u00edkjavi\u00f0skipti R\u00edkisstyrkir Samkeppni og samrunareglur \u00datbo\u00f0sreglur Samskipti vi\u00f0 Eftirlitsstofnun EFTA M\u00e1lflutningur fyrir EFTA d\u00f3mst\u00f3lnum L\u00f6gfr\u00e6\u00f0ilegar \u00e1litsger\u00f0ir\" \/>\n<meta property=\"og:url\" content=\"https:\/\/advel.is\/en\/home\/starfssvid\/evropurettur\/\" \/>\n<meta property=\"og:site_name\" content=\"ADVEL\" \/>\n<meta property=\"article:modified_time\" content=\"2021-09-19T09:27:58+00:00\" \/>\n<meta name=\"twitter:card\" content=\"summary_large_image\" \/>\n<meta name=\"twitter:label1\" content=\"Est. reading time\" \/>\n\t<meta name=\"twitter:data1\" content=\"1 minute\" \/>\n<script type=\"application\/ld+json\" class=\"yoast-schema-graph\">{\"@context\":\"https:\/\/schema.org\",\"@graph\":[{\"@type\":\"WebPage\",\"@id\":\"https:\/\/advel.is\/home\/starfssvid\/evropurettur\/\",\"url\":\"https:\/\/advel.is\/home\/starfssvid\/evropurettur\/\",\"name\":\"Evr\u00f3pur\u00e9ttur - ADVEL\",\"isPartOf\":{\"@id\":\"https:\/\/advel.is\/#website\"},\"datePublished\":\"2021-08-16T20:24:12+00:00\",\"dateModified\":\"2021-09-19T09:27:58+00:00\",\"breadcrumb\":{\"@id\":\"https:\/\/advel.is\/home\/starfssvid\/evropurettur\/#breadcrumb\"},\"inLanguage\":\"en-US\",\"potentialAction\":[{\"@type\":\"ReadAction\",\"target\":[\"https:\/\/advel.is\/home\/starfssvid\/evropurettur\/\"]}]},{\"@type\":\"BreadcrumbList\",\"@id\":\"https:\/\/advel.is\/home\/starfssvid\/evropurettur\/#breadcrumb\",\"itemListElement\":[{\"@type\":\"ListItem\",\"position\":1,\"name\":\"Heim\",\"item\":\"https:\/\/advel.is\/\"},{\"@type\":\"ListItem\",\"position\":2,\"name\":\"Starfssvi\u00f0\",\"item\":\"https:\/\/advel.is\/home\/starfssvid\/\"},{\"@type\":\"ListItem\",\"position\":3,\"name\":\"Evr\u00f3pur\u00e9ttur\"}]},{\"@type\":\"WebSite\",\"@id\":\"https:\/\/advel.is\/#website\",\"url\":\"https:\/\/advel.is\/\",\"name\":\"ADVEL\",\"description\":\"\",\"publisher\":{\"@id\":\"https:\/\/advel.is\/#organization\"},\"potentialAction\":[{\"@type\":\"SearchAction\",\"target\":{\"@type\":\"EntryPoint\",\"urlTemplate\":\"https:\/\/advel.is\/?s={search_term_string}\"},\"query-input\":{\"@type\":\"PropertyValueSpecification\",\"valueRequired\":true,\"valueName\":\"search_term_string\"}}],\"inLanguage\":\"en-US\"},{\"@type\":\"Organization\",\"@id\":\"https:\/\/advel.is\/#organization\",\"name\":\"ADVEL\",\"url\":\"https:\/\/advel.is\/\",\"logo\":{\"@type\":\"ImageObject\",\"inLanguage\":\"en-US\",\"@id\":\"https:\/\/advel.is\/#\/schema\/logo\/image\/\",\"url\":\"https:\/\/advel.is\/wp-content\/uploads\/2021\/06\/advel-litid.png\",\"contentUrl\":\"https:\/\/advel.is\/wp-content\/uploads\/2021\/06\/advel-litid.png\",\"width\":70,\"height\":64,\"caption\":\"ADVEL\"},\"image\":{\"@id\":\"https:\/\/advel.is\/#\/schema\/logo\/image\/\"}}]}<\/script>\n<!-- \/ Yoast SEO plugin. -->","yoast_head_json":{"title":"Evr\u00f3pur\u00e9ttur - ADVEL","robots":{"index":"index","follow":"follow","max-snippet":"max-snippet:-1","max-image-preview":"max-image-preview:large","max-video-preview":"max-video-preview:-1"},"canonical":"https:\/\/advel.is\/en\/home\/starfssvid\/evropurettur\/","og_locale":"en_US","og_type":"article","og_title":"Evr\u00f3pur\u00e9ttur - ADVEL","og_description":"Evr\u00f3pur\u00e9ttur ADVEL veitir r\u00e1\u00f0gj\u00f6f \u00e1 \u00f6llum svi\u00f0um EES og Evr\u00f3pul\u00f6ggjafar. Tekur \u00fej\u00f3nustan m.a. til eftirfarandi svi\u00f0a\/verkefna: Millir\u00edkjavi\u00f0skipti R\u00edkisstyrkir Samkeppni og samrunareglur \u00datbo\u00f0sreglur Samskipti vi\u00f0 Eftirlitsstofnun EFTA M\u00e1lflutningur fyrir EFTA d\u00f3mst\u00f3lnum L\u00f6gfr\u00e6\u00f0ilegar \u00e1litsger\u00f0ir","og_url":"https:\/\/advel.is\/en\/home\/starfssvid\/evropurettur\/","og_site_name":"ADVEL","article_modified_time":"2021-09-19T09:27:58+00:00","twitter_card":"summary_large_image","twitter_misc":{"Est. reading time":"1 minute"},"schema":{"@context":"https:\/\/schema.org","@graph":[{"@type":"WebPage","@id":"https:\/\/advel.is\/home\/starfssvid\/evropurettur\/","url":"https:\/\/advel.is\/home\/starfssvid\/evropurettur\/","name":"Evr\u00f3pur\u00e9ttur - ADVEL","isPartOf":{"@id":"https:\/\/advel.is\/#website"},"datePublished":"2021-08-16T20:24:12+00:00","dateModified":"2021-09-19T09:27:58+00:00","breadcrumb":{"@id":"https:\/\/advel.is\/home\/starfssvid\/evropurettur\/#breadcrumb"},"inLanguage":"en-US","potentialAction":[{"@type":"ReadAction","target":["https:\/\/advel.is\/home\/starfssvid\/evropurettur\/"]}]},{"@type":"BreadcrumbList","@id":"https:\/\/advel.is\/home\/starfssvid\/evropurettur\/#breadcrumb","itemListElement":[{"@type":"ListItem","position":1,"name":"Heim","item":"https:\/\/advel.is\/"},{"@type":"ListItem","position":2,"name":"Starfssvi\u00f0","item":"https:\/\/advel.is\/home\/starfssvid\/"},{"@type":"ListItem","position":3,"name":"Evr\u00f3pur\u00e9ttur"}]},{"@type":"WebSite","@id":"https:\/\/advel.is\/#website","url":"https:\/\/advel.is\/","name":"ADVEL","description":"","publisher":{"@id":"https:\/\/advel.is\/#organization"},"potentialAction":[{"@type":"SearchAction","target":{"@type":"EntryPoint","urlTemplate":"https:\/\/advel.is\/?s={search_term_string}"},"query-input":{"@type":"PropertyValueSpecification","valueRequired":true,"valueName":"search_term_string"}}],"inLanguage":"en-US"},{"@type":"Organization","@id":"https:\/\/advel.is\/#organization","name":"ADVEL","url":"https:\/\/advel.is\/","logo":{"@type":"ImageObject","inLanguage":"en-US","@id":"https:\/\/advel.is\/#\/schema\/logo\/image\/","url":"https:\/\/advel.is\/wp-content\/uploads\/2021\/06\/advel-litid.png","contentUrl":"https:\/\/advel.is\/wp-content\/uploads\/2021\/06\/advel-litid.png","width":70,"height":64,"caption":"ADVEL"},"image":{"@id":"https:\/\/advel.is\/#\/schema\/logo\/image\/"}}]}},"brizy_media":[],"_links":{"self":[{"href":"https:\/\/advel.is\/en\/wp-json\/wp\/v2\/pages\/307","targetHints":{"allow":["GET"]}}],"collection":[{"href":"https:\/\/advel.is\/en\/wp-json\/wp\/v2\/pages"}],"about":[{"href":"https:\/\/advel.is\/en\/wp-json\/wp\/v2\/types\/page"}],"author":[{"embeddable":true,"href":"https:\/\/advel.is\/en\/wp-json\/wp\/v2\/users\/1"}],"replies":[{"embeddable":true,"href":"https:\/\/advel.is\/en\/wp-json\/wp\/v2\/comments?post=307"}],"version-history":[{"count":7,"href":"https:\/\/advel.is\/en\/wp-json\/wp\/v2\/pages\/307\/revisions"}],"predecessor-version":[{"id":693,"href":"https:\/\/advel.is\/en\/wp-json\/wp\/v2\/pages\/307\/revisions\/693"}],"up":[{"embeddable":true,"href":"https:\/\/advel.is\/en\/wp-json\/wp\/v2\/pages\/147"}],"wp:attachment":[{"href":"https:\/\/advel.is\/en\/wp-json\/wp\/v2\/media?parent=307"}],"curies":[{"name":"wp","href":"https:\/\/api.w.org\/{rel}","templated":true}]}}