{"id":305,"date":"2021-08-16T20:23:53","date_gmt":"2021-08-16T20:23:53","guid":{"rendered":"https:\/\/advel.is\/?page_id=305"},"modified":"2021-09-24T15:15:25","modified_gmt":"2021-09-24T15:15:25","slug":"samkeppnisrettur-opinber-innkaup","status":"publish","type":"page","link":"https:\/\/advel.is\/en\/home\/starfssvid\/samkeppnisrettur-opinber-innkaup\/","title":{"rendered":"Competition Law and Public Procurement"},"content":{"rendered":"<div data-elementor-type=\"wp-page\" data-elementor-id=\"305\" class=\"elementor elementor-305\" data-elementor-settings=\"[]\">\n\t\t\t\t\t\t\t<div class=\"elementor-section-wrap\">\n\t\t\t\t\t\t\t<section class=\"elementor-section elementor-top-section elementor-element elementor-element-e019e6c elementor-section-boxed elementor-section-height-default elementor-section-height-default\" data-id=\"e019e6c\" data-element_type=\"section\">\n\t\t\t\t\t\t<div class=\"elementor-container elementor-column-gap-default\">\n\t\t\t\t\t<div class=\"elementor-column elementor-col-100 elementor-top-column elementor-element elementor-element-2506571\" data-id=\"2506571\" data-element_type=\"column\">\n\t\t\t<div class=\"elementor-widget-wrap elementor-element-populated\">\n\t\t\t\t\t\t\t\t<div class=\"elementor-element elementor-element-7013d96 elementor-widget elementor-widget-heading\" data-id=\"7013d96\" data-element_type=\"widget\" data-widget_type=\"heading.default\">\n\t\t\t\t<div class=\"elementor-widget-container\">\n\t\t\t<h2 class=\"elementor-heading-title elementor-size-default\">Competition Law and Public Procurement<\/h2>\t\t<\/div>\n\t\t\t\t<\/div>\n\t\t\t\t<div class=\"elementor-element elementor-element-37517ec elementor-widget elementor-widget-text-editor\" data-id=\"37517ec\" data-element_type=\"widget\" data-widget_type=\"text-editor.default\">\n\t\t\t\t<div class=\"elementor-widget-container\">\n\t\t\t\t\t\t\t\t<p>Our staff has extensive knowledge and experience in the field of competition law and public procurement and provides companies and public authorities comprehensive counsel in this field. The services:<br \/><br \/><\/p><div class=\"translation-block\"><ul>\n<li>Counsel related to all material requirements of competition law (dominance \u2013 restrictive practices)<\/li>\n<li>Notification of mergers<\/li>\n<li>Representation before competition authorities<\/li>\n<li>Representation before the EFTA Surveillance Authority and European Commission<\/li>\n<li>State Aid rules<\/li>\n<li>Assistance in preparing competition law compliance programmes <\/li>\n<li>Audit of company compliance with competition law<\/li>\n<li>Specialised courses in competition law<\/li>\n<li>Public procurement regulation <\/li>\n<li>Assistance in selecting the method of procurement<\/li>\n<li>Review of tender documents<\/li>\n<li>Communications with tenderers<\/li>\n<li>Analysis of tenders and general protection of interests towards buyers<\/li>\n<li>Representation before administration authorities, national courts, EFTA Court and CJEU<\/li>\n<\/ul><\/div>\t\t\t\t\t\t<\/div>\n\t\t\t\t<\/div>\n\t\t\t\t\t<\/div>\n\t\t<\/div>\n\t\t\t\t\t\t\t<\/div>\n\t\t<\/section>\n\t\t\t\t\t\t<\/div>\n\t\t\t\t\t<\/div>","protected":false},"excerpt":{"rendered":"<p>Samkeppnisr\u00e9ttur og opinber innkaup ADVEL veitir fyrirt\u00e6kjum alhli\u00f0a r\u00e1\u00f0gj\u00f6f \u00e1 svi\u00f0i samkeppnism\u00e1la og \u00e1 \u00f6llum svi\u00f0um EES og Evr\u00f3pul\u00f6ggjafar. Jafnframt veitir ADVEL fyrirt\u00e6kjum og opinberum a\u00f0ilum r\u00e1\u00f0gj\u00f6f \u00e1 svi\u00f0i opinberra innkaupa. Tekur \u00fej\u00f3nustan m.a. til eftirfarandi svi\u00f0a\/verkefna: Efnisreglur samkeppnislaga (marka\u00f0syfirr\u00e1\u00f0 og r\u00f6skun \u00e1 samkeppni) Samrunareglur Samkeppnisr\u00e9ttar\u00e1\u00e6tlanir Samkeppnisr\u00e9ttarstefnur Samkeppnisr\u00e9ttarleg \u00fattekt N\u00e1mskei\u00f0 og fr\u00e6\u00f0sla R\u00edkisa\u00f0sto\u00f0 Samskipti vi\u00f0&hellip; <a class=\"more-link\" href=\"https:\/\/advel.is\/en\/home\/starfssvid\/samkeppnisrettur-opinber-innkaup\/\">Continue reading <span class=\"screen-reader-text\">Competition Law and Public Procurement<\/span><\/a><\/p>","protected":false},"author":1,"featured_media":0,"parent":147,"menu_order":0,"comment_status":"closed","ping_status":"closed","template":"","meta":{"_acf_changed":false,"footnotes":""},"class_list":["post-305","page","type-page","status-publish","hentry","entry"],"acf":[],"yoast_head":"<!-- This site is optimized with the Yoast SEO plugin v27.3 - https:\/\/yoast.com\/product\/yoast-seo-wordpress\/ -->\n<title>Samkeppnisr\u00e9ttur &amp; opinber innkaup - ADVEL<\/title>\n<meta name=\"robots\" content=\"index, follow, max-snippet:-1, max-image-preview:large, max-video-preview:-1\" \/>\n<link rel=\"canonical\" href=\"https:\/\/advel.is\/en\/home\/starfssvid\/samkeppnisrettur-opinber-innkaup\/\" \/>\n<meta property=\"og:locale\" content=\"en_US\" \/>\n<meta property=\"og:type\" content=\"article\" \/>\n<meta property=\"og:title\" content=\"Samkeppnisr\u00e9ttur &amp; opinber innkaup - ADVEL\" \/>\n<meta property=\"og:description\" content=\"Samkeppnisr\u00e9ttur og opinber innkaup ADVEL veitir fyrirt\u00e6kjum alhli\u00f0a r\u00e1\u00f0gj\u00f6f \u00e1 svi\u00f0i samkeppnism\u00e1la og \u00e1 \u00f6llum svi\u00f0um EES og Evr\u00f3pul\u00f6ggjafar. Jafnframt veitir ADVEL fyrirt\u00e6kjum og opinberum a\u00f0ilum r\u00e1\u00f0gj\u00f6f \u00e1 svi\u00f0i opinberra innkaupa. Tekur \u00fej\u00f3nustan m.a. til eftirfarandi svi\u00f0a\/verkefna: Efnisreglur samkeppnislaga (marka\u00f0syfirr\u00e1\u00f0 og r\u00f6skun \u00e1 samkeppni) Samrunareglur Samkeppnisr\u00e9ttar\u00e1\u00e6tlanir Samkeppnisr\u00e9ttarstefnur Samkeppnisr\u00e9ttarleg \u00fattekt N\u00e1mskei\u00f0 og fr\u00e6\u00f0sla R\u00edkisa\u00f0sto\u00f0 Samskipti vi\u00f0&hellip; Continue reading Samkeppnisr\u00e9ttur &#038; opinber innkaup\" \/>\n<meta property=\"og:url\" content=\"https:\/\/advel.is\/en\/home\/starfssvid\/samkeppnisrettur-opinber-innkaup\/\" \/>\n<meta property=\"og:site_name\" content=\"ADVEL\" \/>\n<meta property=\"article:modified_time\" content=\"2021-09-24T15:15:25+00:00\" \/>\n<meta name=\"twitter:card\" content=\"summary_large_image\" \/>\n<meta name=\"twitter:label1\" content=\"Est. reading time\" \/>\n\t<meta name=\"twitter:data1\" content=\"1 minute\" \/>\n<script type=\"application\/ld+json\" class=\"yoast-schema-graph\">{\"@context\":\"https:\\\/\\\/schema.org\",\"@graph\":[{\"@type\":\"WebPage\",\"@id\":\"https:\\\/\\\/advel.is\\\/home\\\/starfssvid\\\/samkeppnisrettur-opinber-innkaup\\\/\",\"url\":\"https:\\\/\\\/advel.is\\\/home\\\/starfssvid\\\/samkeppnisrettur-opinber-innkaup\\\/\",\"name\":\"Samkeppnisr\u00e9ttur & opinber innkaup - ADVEL\",\"isPartOf\":{\"@id\":\"https:\\\/\\\/advel.is\\\/#website\"},\"datePublished\":\"2021-08-16T20:23:53+00:00\",\"dateModified\":\"2021-09-24T15:15:25+00:00\",\"breadcrumb\":{\"@id\":\"https:\\\/\\\/advel.is\\\/home\\\/starfssvid\\\/samkeppnisrettur-opinber-innkaup\\\/#breadcrumb\"},\"inLanguage\":\"en-US\",\"potentialAction\":[{\"@type\":\"ReadAction\",\"target\":[\"https:\\\/\\\/advel.is\\\/home\\\/starfssvid\\\/samkeppnisrettur-opinber-innkaup\\\/\"]}]},{\"@type\":\"BreadcrumbList\",\"@id\":\"https:\\\/\\\/advel.is\\\/home\\\/starfssvid\\\/samkeppnisrettur-opinber-innkaup\\\/#breadcrumb\",\"itemListElement\":[{\"@type\":\"ListItem\",\"position\":1,\"name\":\"Heim\",\"item\":\"https:\\\/\\\/advel.is\\\/\"},{\"@type\":\"ListItem\",\"position\":2,\"name\":\"Starfssvi\u00f0\",\"item\":\"https:\\\/\\\/advel.is\\\/home\\\/starfssvid\\\/\"},{\"@type\":\"ListItem\",\"position\":3,\"name\":\"Samkeppnisr\u00e9ttur &#038; opinber innkaup\"}]},{\"@type\":\"WebSite\",\"@id\":\"https:\\\/\\\/advel.is\\\/#website\",\"url\":\"https:\\\/\\\/advel.is\\\/\",\"name\":\"ADVEL\",\"description\":\"\",\"publisher\":{\"@id\":\"https:\\\/\\\/advel.is\\\/#organization\"},\"potentialAction\":[{\"@type\":\"SearchAction\",\"target\":{\"@type\":\"EntryPoint\",\"urlTemplate\":\"https:\\\/\\\/advel.is\\\/?s={search_term_string}\"},\"query-input\":{\"@type\":\"PropertyValueSpecification\",\"valueRequired\":true,\"valueName\":\"search_term_string\"}}],\"inLanguage\":\"en-US\"},{\"@type\":\"Organization\",\"@id\":\"https:\\\/\\\/advel.is\\\/#organization\",\"name\":\"ADVEL\",\"url\":\"https:\\\/\\\/advel.is\\\/\",\"logo\":{\"@type\":\"ImageObject\",\"inLanguage\":\"en-US\",\"@id\":\"https:\\\/\\\/advel.is\\\/#\\\/schema\\\/logo\\\/image\\\/\",\"url\":\"https:\\\/\\\/advel.is\\\/wp-content\\\/uploads\\\/2021\\\/06\\\/advel-litid.png\",\"contentUrl\":\"https:\\\/\\\/advel.is\\\/wp-content\\\/uploads\\\/2021\\\/06\\\/advel-litid.png\",\"width\":70,\"height\":64,\"caption\":\"ADVEL\"},\"image\":{\"@id\":\"https:\\\/\\\/advel.is\\\/#\\\/schema\\\/logo\\\/image\\\/\"}}]}<\/script>\n<!-- \/ Yoast SEO plugin. -->","yoast_head_json":{"title":"Samkeppnisr\u00e9ttur & opinber innkaup - ADVEL","robots":{"index":"index","follow":"follow","max-snippet":"max-snippet:-1","max-image-preview":"max-image-preview:large","max-video-preview":"max-video-preview:-1"},"canonical":"https:\/\/advel.is\/en\/home\/starfssvid\/samkeppnisrettur-opinber-innkaup\/","og_locale":"en_US","og_type":"article","og_title":"Samkeppnisr\u00e9ttur & opinber innkaup - ADVEL","og_description":"Samkeppnisr\u00e9ttur og opinber innkaup ADVEL veitir fyrirt\u00e6kjum alhli\u00f0a r\u00e1\u00f0gj\u00f6f \u00e1 svi\u00f0i samkeppnism\u00e1la og \u00e1 \u00f6llum svi\u00f0um EES og Evr\u00f3pul\u00f6ggjafar. Jafnframt veitir ADVEL fyrirt\u00e6kjum og opinberum a\u00f0ilum r\u00e1\u00f0gj\u00f6f \u00e1 svi\u00f0i opinberra innkaupa. Tekur \u00fej\u00f3nustan m.a. til eftirfarandi svi\u00f0a\/verkefna: Efnisreglur samkeppnislaga (marka\u00f0syfirr\u00e1\u00f0 og r\u00f6skun \u00e1 samkeppni) Samrunareglur Samkeppnisr\u00e9ttar\u00e1\u00e6tlanir Samkeppnisr\u00e9ttarstefnur Samkeppnisr\u00e9ttarleg \u00fattekt N\u00e1mskei\u00f0 og fr\u00e6\u00f0sla R\u00edkisa\u00f0sto\u00f0 Samskipti vi\u00f0&hellip; Continue reading Samkeppnisr\u00e9ttur &#038; opinber innkaup","og_url":"https:\/\/advel.is\/en\/home\/starfssvid\/samkeppnisrettur-opinber-innkaup\/","og_site_name":"ADVEL","article_modified_time":"2021-09-24T15:15:25+00:00","twitter_card":"summary_large_image","twitter_misc":{"Est. reading time":"1 minute"},"schema":{"@context":"https:\/\/schema.org","@graph":[{"@type":"WebPage","@id":"https:\/\/advel.is\/home\/starfssvid\/samkeppnisrettur-opinber-innkaup\/","url":"https:\/\/advel.is\/home\/starfssvid\/samkeppnisrettur-opinber-innkaup\/","name":"Samkeppnisr\u00e9ttur & opinber innkaup - ADVEL","isPartOf":{"@id":"https:\/\/advel.is\/#website"},"datePublished":"2021-08-16T20:23:53+00:00","dateModified":"2021-09-24T15:15:25+00:00","breadcrumb":{"@id":"https:\/\/advel.is\/home\/starfssvid\/samkeppnisrettur-opinber-innkaup\/#breadcrumb"},"inLanguage":"en-US","potentialAction":[{"@type":"ReadAction","target":["https:\/\/advel.is\/home\/starfssvid\/samkeppnisrettur-opinber-innkaup\/"]}]},{"@type":"BreadcrumbList","@id":"https:\/\/advel.is\/home\/starfssvid\/samkeppnisrettur-opinber-innkaup\/#breadcrumb","itemListElement":[{"@type":"ListItem","position":1,"name":"Heim","item":"https:\/\/advel.is\/"},{"@type":"ListItem","position":2,"name":"Starfssvi\u00f0","item":"https:\/\/advel.is\/home\/starfssvid\/"},{"@type":"ListItem","position":3,"name":"Samkeppnisr\u00e9ttur &#038; opinber innkaup"}]},{"@type":"WebSite","@id":"https:\/\/advel.is\/#website","url":"https:\/\/advel.is\/","name":"ADVEL","description":"","publisher":{"@id":"https:\/\/advel.is\/#organization"},"potentialAction":[{"@type":"SearchAction","target":{"@type":"EntryPoint","urlTemplate":"https:\/\/advel.is\/?s={search_term_string}"},"query-input":{"@type":"PropertyValueSpecification","valueRequired":true,"valueName":"search_term_string"}}],"inLanguage":"en-US"},{"@type":"Organization","@id":"https:\/\/advel.is\/#organization","name":"ADVEL","url":"https:\/\/advel.is\/","logo":{"@type":"ImageObject","inLanguage":"en-US","@id":"https:\/\/advel.is\/#\/schema\/logo\/image\/","url":"https:\/\/advel.is\/wp-content\/uploads\/2021\/06\/advel-litid.png","contentUrl":"https:\/\/advel.is\/wp-content\/uploads\/2021\/06\/advel-litid.png","width":70,"height":64,"caption":"ADVEL"},"image":{"@id":"https:\/\/advel.is\/#\/schema\/logo\/image\/"}}]}},"brizy_media":[],"_links":{"self":[{"href":"https:\/\/advel.is\/en\/wp-json\/wp\/v2\/pages\/305","targetHints":{"allow":["GET"]}}],"collection":[{"href":"https:\/\/advel.is\/en\/wp-json\/wp\/v2\/pages"}],"about":[{"href":"https:\/\/advel.is\/en\/wp-json\/wp\/v2\/types\/page"}],"author":[{"embeddable":true,"href":"https:\/\/advel.is\/en\/wp-json\/wp\/v2\/users\/1"}],"replies":[{"embeddable":true,"href":"https:\/\/advel.is\/en\/wp-json\/wp\/v2\/comments?post=305"}],"version-history":[{"count":13,"href":"https:\/\/advel.is\/en\/wp-json\/wp\/v2\/pages\/305\/revisions"}],"predecessor-version":[{"id":1787,"href":"https:\/\/advel.is\/en\/wp-json\/wp\/v2\/pages\/305\/revisions\/1787"}],"up":[{"embeddable":true,"href":"https:\/\/advel.is\/en\/wp-json\/wp\/v2\/pages\/147"}],"wp:attachment":[{"href":"https:\/\/advel.is\/en\/wp-json\/wp\/v2\/media?parent=305"}],"curies":[{"name":"wp","href":"https:\/\/api.w.org\/{rel}","templated":true}]}}