{"id":303,"date":"2021-08-16T20:23:20","date_gmt":"2021-08-16T20:23:20","guid":{"rendered":"https:\/\/advel.is\/?page_id=303"},"modified":"2021-09-19T09:22:10","modified_gmt":"2021-09-19T09:22:10","slug":"vinnurettur","status":"publish","type":"page","link":"https:\/\/advel.is\/en\/home\/starfssvid\/vinnurettur\/","title":{"rendered":"Labour Law"},"content":{"rendered":"<div data-elementor-type=\"wp-page\" data-elementor-id=\"303\" class=\"elementor elementor-303\" data-elementor-settings=\"[]\">\n\t\t\t\t\t\t\t<div class=\"elementor-section-wrap\">\n\t\t\t\t\t\t\t<section class=\"elementor-section elementor-top-section elementor-element elementor-element-c7116c5 elementor-section-boxed elementor-section-height-default elementor-section-height-default\" data-id=\"c7116c5\" data-element_type=\"section\">\n\t\t\t\t\t\t<div class=\"elementor-container elementor-column-gap-default\">\n\t\t\t\t\t<div class=\"elementor-column elementor-col-100 elementor-top-column elementor-element elementor-element-7cd9dda\" data-id=\"7cd9dda\" data-element_type=\"column\">\n\t\t\t<div class=\"elementor-widget-wrap elementor-element-populated\">\n\t\t\t\t\t\t\t\t<div class=\"elementor-element elementor-element-700c8d9 elementor-widget elementor-widget-heading\" data-id=\"700c8d9\" data-element_type=\"widget\" data-widget_type=\"heading.default\">\n\t\t\t\t<div class=\"elementor-widget-container\">\n\t\t\t<h2 class=\"elementor-heading-title elementor-size-default\">Labour Law<\/h2>\t\t<\/div>\n\t\t\t\t<\/div>\n\t\t\t\t<div class=\"elementor-element elementor-element-9a82cf2 elementor-widget elementor-widget-text-editor\" data-id=\"9a82cf2\" data-element_type=\"widget\" data-widget_type=\"text-editor.default\">\n\t\t\t\t<div class=\"elementor-widget-container\">\n\t\t\t\t\t\t\t\t<p>ADVEL has extensive experience in the field of labour law and the firm\u2019s experts have for years provided employees, employers and public authorities with counsel and assistance in all aspects of this field. The services include:<br><br><\/p>\n<div class=\"translation-block\">\n<ul>\n<li>Wage and bonus agreements<\/li>\n<li>Employment agreements<\/li>\n<li>Termination of employment<\/li>\n<li>Assistance in solving disputes<\/li>\n<li>Trade Unions \/ Labour Unions<\/li>\n<li>Group dismissals<\/li>\n<li>Transfer of undertakings<\/li>\n<li>Litigation<\/li>\n<\/ul>\n<\/div>\t\t\t\t\t\t<\/div>\n\t\t\t\t<\/div>\n\t\t\t\t\t<\/div>\n\t\t<\/div>\n\t\t\t\t\t\t\t<\/div>\n\t\t<\/section>\n\t\t\t\t\t\t<\/div>\n\t\t\t\t\t<\/div>","protected":false},"excerpt":{"rendered":"<p>Vinnur\u00e9ttur ADVEL hefur mikla reynslu af vinnur\u00e9ttarm\u00e1lum og hafa s\u00e9rfr\u00e6\u00f0ingar stofunnar um \u00e1rabil veitt laun\u00feegum, atvinnurekendum og opinberum a\u00f0ilum r\u00e1\u00f0gj\u00f6f og a\u00f0sto\u00f0 \u00ed m\u00e1lum af \u00f6llum toga \u00e1 \u00feessu r\u00e9ttarsvi\u00f0i. Tekur \u00fej\u00f3nustan m.a. til eftirfarandi svi\u00f0a\/verkefna: Kjarasamningar R\u00e1\u00f0ningarsamningar Starfslokasamningar \u00darlausn \u00e1greiningsm\u00e1la St\u00e9ttarf\u00e9l\u00f6g H\u00f3puppsagnir M\u00e1lflutningur<\/p>","protected":false},"author":1,"featured_media":0,"parent":147,"menu_order":0,"comment_status":"closed","ping_status":"closed","template":"","meta":{"_acf_changed":false,"footnotes":""},"class_list":["post-303","page","type-page","status-publish","hentry","entry"],"acf":[],"yoast_head":"<!-- This site is optimized with the Yoast SEO plugin v27.3 - https:\/\/yoast.com\/product\/yoast-seo-wordpress\/ -->\n<title>Vinnur\u00e9ttur - ADVEL<\/title>\n<meta name=\"robots\" content=\"index, follow, max-snippet:-1, max-image-preview:large, max-video-preview:-1\" \/>\n<link rel=\"canonical\" href=\"https:\/\/advel.is\/en\/home\/starfssvid\/vinnurettur\/\" \/>\n<meta property=\"og:locale\" content=\"en_US\" \/>\n<meta property=\"og:type\" content=\"article\" \/>\n<meta property=\"og:title\" content=\"Vinnur\u00e9ttur - ADVEL\" \/>\n<meta property=\"og:description\" content=\"Vinnur\u00e9ttur ADVEL hefur mikla reynslu af vinnur\u00e9ttarm\u00e1lum og hafa s\u00e9rfr\u00e6\u00f0ingar stofunnar um \u00e1rabil veitt laun\u00feegum, atvinnurekendum og opinberum a\u00f0ilum r\u00e1\u00f0gj\u00f6f og a\u00f0sto\u00f0 \u00ed m\u00e1lum af \u00f6llum toga \u00e1 \u00feessu r\u00e9ttarsvi\u00f0i. Tekur \u00fej\u00f3nustan m.a. til eftirfarandi svi\u00f0a\/verkefna: Kjarasamningar R\u00e1\u00f0ningarsamningar Starfslokasamningar \u00darlausn \u00e1greiningsm\u00e1la St\u00e9ttarf\u00e9l\u00f6g H\u00f3puppsagnir M\u00e1lflutningur\" \/>\n<meta property=\"og:url\" content=\"https:\/\/advel.is\/en\/home\/starfssvid\/vinnurettur\/\" \/>\n<meta property=\"og:site_name\" content=\"ADVEL\" \/>\n<meta property=\"article:modified_time\" content=\"2021-09-19T09:22:10+00:00\" \/>\n<meta name=\"twitter:card\" content=\"summary_large_image\" \/>\n<meta name=\"twitter:label1\" content=\"Est. reading time\" \/>\n\t<meta name=\"twitter:data1\" content=\"1 minute\" \/>\n<script type=\"application\/ld+json\" class=\"yoast-schema-graph\">{\"@context\":\"https:\\\/\\\/schema.org\",\"@graph\":[{\"@type\":\"WebPage\",\"@id\":\"https:\\\/\\\/advel.is\\\/home\\\/starfssvid\\\/vinnurettur\\\/\",\"url\":\"https:\\\/\\\/advel.is\\\/home\\\/starfssvid\\\/vinnurettur\\\/\",\"name\":\"Vinnur\u00e9ttur - ADVEL\",\"isPartOf\":{\"@id\":\"https:\\\/\\\/advel.is\\\/#website\"},\"datePublished\":\"2021-08-16T20:23:20+00:00\",\"dateModified\":\"2021-09-19T09:22:10+00:00\",\"breadcrumb\":{\"@id\":\"https:\\\/\\\/advel.is\\\/home\\\/starfssvid\\\/vinnurettur\\\/#breadcrumb\"},\"inLanguage\":\"en-US\",\"potentialAction\":[{\"@type\":\"ReadAction\",\"target\":[\"https:\\\/\\\/advel.is\\\/home\\\/starfssvid\\\/vinnurettur\\\/\"]}]},{\"@type\":\"BreadcrumbList\",\"@id\":\"https:\\\/\\\/advel.is\\\/home\\\/starfssvid\\\/vinnurettur\\\/#breadcrumb\",\"itemListElement\":[{\"@type\":\"ListItem\",\"position\":1,\"name\":\"Heim\",\"item\":\"https:\\\/\\\/advel.is\\\/\"},{\"@type\":\"ListItem\",\"position\":2,\"name\":\"Starfssvi\u00f0\",\"item\":\"https:\\\/\\\/advel.is\\\/home\\\/starfssvid\\\/\"},{\"@type\":\"ListItem\",\"position\":3,\"name\":\"Vinnur\u00e9ttur\"}]},{\"@type\":\"WebSite\",\"@id\":\"https:\\\/\\\/advel.is\\\/#website\",\"url\":\"https:\\\/\\\/advel.is\\\/\",\"name\":\"ADVEL\",\"description\":\"\",\"publisher\":{\"@id\":\"https:\\\/\\\/advel.is\\\/#organization\"},\"potentialAction\":[{\"@type\":\"SearchAction\",\"target\":{\"@type\":\"EntryPoint\",\"urlTemplate\":\"https:\\\/\\\/advel.is\\\/?s={search_term_string}\"},\"query-input\":{\"@type\":\"PropertyValueSpecification\",\"valueRequired\":true,\"valueName\":\"search_term_string\"}}],\"inLanguage\":\"en-US\"},{\"@type\":\"Organization\",\"@id\":\"https:\\\/\\\/advel.is\\\/#organization\",\"name\":\"ADVEL\",\"url\":\"https:\\\/\\\/advel.is\\\/\",\"logo\":{\"@type\":\"ImageObject\",\"inLanguage\":\"en-US\",\"@id\":\"https:\\\/\\\/advel.is\\\/#\\\/schema\\\/logo\\\/image\\\/\",\"url\":\"https:\\\/\\\/advel.is\\\/wp-content\\\/uploads\\\/2021\\\/06\\\/advel-litid.png\",\"contentUrl\":\"https:\\\/\\\/advel.is\\\/wp-content\\\/uploads\\\/2021\\\/06\\\/advel-litid.png\",\"width\":70,\"height\":64,\"caption\":\"ADVEL\"},\"image\":{\"@id\":\"https:\\\/\\\/advel.is\\\/#\\\/schema\\\/logo\\\/image\\\/\"}}]}<\/script>\n<!-- \/ Yoast SEO plugin. -->","yoast_head_json":{"title":"Vinnur\u00e9ttur - ADVEL","robots":{"index":"index","follow":"follow","max-snippet":"max-snippet:-1","max-image-preview":"max-image-preview:large","max-video-preview":"max-video-preview:-1"},"canonical":"https:\/\/advel.is\/en\/home\/starfssvid\/vinnurettur\/","og_locale":"en_US","og_type":"article","og_title":"Vinnur\u00e9ttur - ADVEL","og_description":"Vinnur\u00e9ttur ADVEL hefur mikla reynslu af vinnur\u00e9ttarm\u00e1lum og hafa s\u00e9rfr\u00e6\u00f0ingar stofunnar um \u00e1rabil veitt laun\u00feegum, atvinnurekendum og opinberum a\u00f0ilum r\u00e1\u00f0gj\u00f6f og a\u00f0sto\u00f0 \u00ed m\u00e1lum af \u00f6llum toga \u00e1 \u00feessu r\u00e9ttarsvi\u00f0i. Tekur \u00fej\u00f3nustan m.a. til eftirfarandi svi\u00f0a\/verkefna: Kjarasamningar R\u00e1\u00f0ningarsamningar Starfslokasamningar \u00darlausn \u00e1greiningsm\u00e1la St\u00e9ttarf\u00e9l\u00f6g H\u00f3puppsagnir M\u00e1lflutningur","og_url":"https:\/\/advel.is\/en\/home\/starfssvid\/vinnurettur\/","og_site_name":"ADVEL","article_modified_time":"2021-09-19T09:22:10+00:00","twitter_card":"summary_large_image","twitter_misc":{"Est. reading time":"1 minute"},"schema":{"@context":"https:\/\/schema.org","@graph":[{"@type":"WebPage","@id":"https:\/\/advel.is\/home\/starfssvid\/vinnurettur\/","url":"https:\/\/advel.is\/home\/starfssvid\/vinnurettur\/","name":"Vinnur\u00e9ttur - ADVEL","isPartOf":{"@id":"https:\/\/advel.is\/#website"},"datePublished":"2021-08-16T20:23:20+00:00","dateModified":"2021-09-19T09:22:10+00:00","breadcrumb":{"@id":"https:\/\/advel.is\/home\/starfssvid\/vinnurettur\/#breadcrumb"},"inLanguage":"en-US","potentialAction":[{"@type":"ReadAction","target":["https:\/\/advel.is\/home\/starfssvid\/vinnurettur\/"]}]},{"@type":"BreadcrumbList","@id":"https:\/\/advel.is\/home\/starfssvid\/vinnurettur\/#breadcrumb","itemListElement":[{"@type":"ListItem","position":1,"name":"Heim","item":"https:\/\/advel.is\/"},{"@type":"ListItem","position":2,"name":"Starfssvi\u00f0","item":"https:\/\/advel.is\/home\/starfssvid\/"},{"@type":"ListItem","position":3,"name":"Vinnur\u00e9ttur"}]},{"@type":"WebSite","@id":"https:\/\/advel.is\/#website","url":"https:\/\/advel.is\/","name":"ADVEL","description":"","publisher":{"@id":"https:\/\/advel.is\/#organization"},"potentialAction":[{"@type":"SearchAction","target":{"@type":"EntryPoint","urlTemplate":"https:\/\/advel.is\/?s={search_term_string}"},"query-input":{"@type":"PropertyValueSpecification","valueRequired":true,"valueName":"search_term_string"}}],"inLanguage":"en-US"},{"@type":"Organization","@id":"https:\/\/advel.is\/#organization","name":"ADVEL","url":"https:\/\/advel.is\/","logo":{"@type":"ImageObject","inLanguage":"en-US","@id":"https:\/\/advel.is\/#\/schema\/logo\/image\/","url":"https:\/\/advel.is\/wp-content\/uploads\/2021\/06\/advel-litid.png","contentUrl":"https:\/\/advel.is\/wp-content\/uploads\/2021\/06\/advel-litid.png","width":70,"height":64,"caption":"ADVEL"},"image":{"@id":"https:\/\/advel.is\/#\/schema\/logo\/image\/"}}]}},"brizy_media":[],"_links":{"self":[{"href":"https:\/\/advel.is\/en\/wp-json\/wp\/v2\/pages\/303","targetHints":{"allow":["GET"]}}],"collection":[{"href":"https:\/\/advel.is\/en\/wp-json\/wp\/v2\/pages"}],"about":[{"href":"https:\/\/advel.is\/en\/wp-json\/wp\/v2\/types\/page"}],"author":[{"embeddable":true,"href":"https:\/\/advel.is\/en\/wp-json\/wp\/v2\/users\/1"}],"replies":[{"embeddable":true,"href":"https:\/\/advel.is\/en\/wp-json\/wp\/v2\/comments?post=303"}],"version-history":[{"count":13,"href":"https:\/\/advel.is\/en\/wp-json\/wp\/v2\/pages\/303\/revisions"}],"predecessor-version":[{"id":684,"href":"https:\/\/advel.is\/en\/wp-json\/wp\/v2\/pages\/303\/revisions\/684"}],"up":[{"embeddable":true,"href":"https:\/\/advel.is\/en\/wp-json\/wp\/v2\/pages\/147"}],"wp:attachment":[{"href":"https:\/\/advel.is\/en\/wp-json\/wp\/v2\/media?parent=303"}],"curies":[{"name":"wp","href":"https:\/\/api.w.org\/{rel}","templated":true}]}}