{"id":301,"date":"2021-08-16T20:22:37","date_gmt":"2021-08-16T20:22:37","guid":{"rendered":"https:\/\/advel.is\/?page_id=301"},"modified":"2021-09-24T15:31:23","modified_gmt":"2021-09-24T15:31:23","slug":"personuvernd-hugverk-fjarskipti","status":"publish","type":"page","link":"https:\/\/advel.is\/en\/home\/starfssvid\/personuvernd-hugverk-fjarskipti\/","title":{"rendered":"Data Protection, IP and Communications"},"content":{"rendered":"<div data-elementor-type=\"wp-page\" data-elementor-id=\"301\" class=\"elementor elementor-301\" data-elementor-settings=\"[]\">\n\t\t\t\t\t\t\t<div class=\"elementor-section-wrap\">\n\t\t\t\t\t\t\t<section class=\"elementor-section elementor-top-section elementor-element elementor-element-14e2602 elementor-section-boxed elementor-section-height-default elementor-section-height-default\" data-id=\"14e2602\" data-element_type=\"section\">\n\t\t\t\t\t\t<div class=\"elementor-container elementor-column-gap-default\">\n\t\t\t\t\t<div class=\"elementor-column elementor-col-100 elementor-top-column elementor-element elementor-element-3840766\" data-id=\"3840766\" data-element_type=\"column\">\n\t\t\t<div class=\"elementor-widget-wrap elementor-element-populated\">\n\t\t\t\t\t\t\t\t<div class=\"elementor-element elementor-element-f28b09b elementor-widget elementor-widget-heading\" data-id=\"f28b09b\" data-element_type=\"widget\" data-widget_type=\"heading.default\">\n\t\t\t\t<div class=\"elementor-widget-container\">\n\t\t\t<h2 class=\"elementor-heading-title elementor-size-default\">Data Protection, IP and Communications<\/h2>\t\t<\/div>\n\t\t\t\t<\/div>\n\t\t\t\t<div class=\"elementor-element elementor-element-b7aaf0f elementor-widget elementor-widget-text-editor\" data-id=\"b7aaf0f\" data-element_type=\"widget\" data-widget_type=\"text-editor.default\">\n\t\t\t\t<div class=\"elementor-widget-container\">\n\t\t\t\t\t\t\t\t<p>We offer companies and public institutions advice and assistance related to the implementation of the GDPR and other data protection requirements. ADVEL offers expert advice on protecting and acquiring intellectual property rights. Our staff has extensive knowledge and experience in the field of electronic communications legislation. The services include for instance the following:<br \/><br \/><\/p><div class=\"translation-block\"><ul>\n<li>Data retention and processing<\/li>\n<li>Mapping <\/li>\n<li>Records of data processing activities<\/li>\n<li>Data processing agreements <\/li>\n<li>Data Protection Officer<\/li>\n<li>Privacy policy<\/li>\n<li>Seminars on Data Protection legislation<\/li>\n<li>Protection of intellectual property rights<\/li>\n<li>Preparing and filing applications for the registration of intellectual property rights<\/li>\n<li>Preparing contracts for the use and assignation of intellectual property rights<\/li>\n<li>Communication with domestic and foreign intellectual property entities<\/li>\n<li>Electronic communications regulation<\/li>\n<li>Representation and interaction with supervisory authorities in the field of electronic communications law<\/li>\n<\/ul><\/div>\t\t\t\t\t\t<\/div>\n\t\t\t\t<\/div>\n\t\t\t\t\t<\/div>\n\t\t<\/div>\n\t\t\t\t\t\t\t<\/div>\n\t\t<\/section>\n\t\t\t\t\t\t<\/div>\n\t\t\t\t\t<\/div>","protected":false},"excerpt":{"rendered":"<p>Pers\u00f3nuvernd, hugverk &amp; fjarskipti ADVEL l\u00f6gmenn veita b\u00e6\u00f0i fyrirt\u00e6kjum og stofnunum r\u00e1\u00f0gj\u00f6f og a\u00f0sto\u00f0 \u00ed tengslum vi\u00f0 me\u00f0fer\u00f0 pers\u00f3nuuppl\u00fdsinga og hl\u00edtingu vi\u00f0 pers\u00f3nuverndarl\u00f6ggj\u00f6f \u00e1 hverjum t\u00edma. Vi\u00f0 veitum s\u00e9rfr\u00e6\u00f0ir\u00e1\u00f0gj\u00f6f um verndun og \u00f6flun hugverkar\u00e9ttinda auk \u00feess sem vi\u00f0 sinnum r\u00e1\u00f0gj\u00f6f \u00e1 svi\u00f0i fjarskiptar\u00e9ttar. Tekur \u00fej\u00f3nustan m.a. til eftirfarandi svi\u00f0a\/verkefna: Heimildir til var\u00f0veislu og vinnslu pers\u00f3nuuppl\u00fdsinga&hellip; <a class=\"more-link\" href=\"https:\/\/advel.is\/en\/home\/starfssvid\/personuvernd-hugverk-fjarskipti\/\">Continue reading <span class=\"screen-reader-text\">Data Protection, IP and Communications<\/span><\/a><\/p>","protected":false},"author":1,"featured_media":0,"parent":147,"menu_order":0,"comment_status":"closed","ping_status":"closed","template":"","meta":{"_acf_changed":false,"footnotes":""},"class_list":["post-301","page","type-page","status-publish","hentry","entry"],"acf":[],"yoast_head":"<!-- This site is optimized with the Yoast SEO plugin v27.3 - https:\/\/yoast.com\/product\/yoast-seo-wordpress\/ -->\n<title>Pers\u00f3nuvernd, hugverk &amp; fjarskipti - ADVEL<\/title>\n<meta name=\"robots\" content=\"index, follow, max-snippet:-1, max-image-preview:large, max-video-preview:-1\" \/>\n<link rel=\"canonical\" href=\"https:\/\/advel.is\/en\/home\/starfssvid\/personuvernd-hugverk-fjarskipti\/\" \/>\n<meta property=\"og:locale\" content=\"en_US\" \/>\n<meta property=\"og:type\" content=\"article\" \/>\n<meta property=\"og:title\" content=\"Pers\u00f3nuvernd, hugverk &amp; fjarskipti - ADVEL\" \/>\n<meta property=\"og:description\" content=\"Pers\u00f3nuvernd, hugverk &amp; fjarskipti ADVEL l\u00f6gmenn veita b\u00e6\u00f0i fyrirt\u00e6kjum og stofnunum r\u00e1\u00f0gj\u00f6f og a\u00f0sto\u00f0 \u00ed tengslum vi\u00f0 me\u00f0fer\u00f0 pers\u00f3nuuppl\u00fdsinga og hl\u00edtingu vi\u00f0 pers\u00f3nuverndarl\u00f6ggj\u00f6f \u00e1 hverjum t\u00edma. Vi\u00f0 veitum s\u00e9rfr\u00e6\u00f0ir\u00e1\u00f0gj\u00f6f um verndun og \u00f6flun hugverkar\u00e9ttinda auk \u00feess sem vi\u00f0 sinnum r\u00e1\u00f0gj\u00f6f \u00e1 svi\u00f0i fjarskiptar\u00e9ttar. Tekur \u00fej\u00f3nustan m.a. til eftirfarandi svi\u00f0a\/verkefna: Heimildir til var\u00f0veislu og vinnslu pers\u00f3nuuppl\u00fdsinga&hellip; Continue reading Pers\u00f3nuvernd, hugverk &#038; fjarskipti\" \/>\n<meta property=\"og:url\" content=\"https:\/\/advel.is\/en\/home\/starfssvid\/personuvernd-hugverk-fjarskipti\/\" \/>\n<meta property=\"og:site_name\" content=\"ADVEL\" \/>\n<meta property=\"article:modified_time\" content=\"2021-09-24T15:31:23+00:00\" \/>\n<meta name=\"twitter:card\" content=\"summary_large_image\" \/>\n<meta name=\"twitter:label1\" content=\"Est. reading time\" \/>\n\t<meta name=\"twitter:data1\" content=\"1 minute\" \/>\n<script type=\"application\/ld+json\" class=\"yoast-schema-graph\">{\"@context\":\"https:\\\/\\\/schema.org\",\"@graph\":[{\"@type\":\"WebPage\",\"@id\":\"https:\\\/\\\/advel.is\\\/home\\\/starfssvid\\\/personuvernd-hugverk-fjarskipti\\\/\",\"url\":\"https:\\\/\\\/advel.is\\\/home\\\/starfssvid\\\/personuvernd-hugverk-fjarskipti\\\/\",\"name\":\"Pers\u00f3nuvernd, hugverk & fjarskipti - ADVEL\",\"isPartOf\":{\"@id\":\"https:\\\/\\\/advel.is\\\/#website\"},\"datePublished\":\"2021-08-16T20:22:37+00:00\",\"dateModified\":\"2021-09-24T15:31:23+00:00\",\"breadcrumb\":{\"@id\":\"https:\\\/\\\/advel.is\\\/home\\\/starfssvid\\\/personuvernd-hugverk-fjarskipti\\\/#breadcrumb\"},\"inLanguage\":\"en-US\",\"potentialAction\":[{\"@type\":\"ReadAction\",\"target\":[\"https:\\\/\\\/advel.is\\\/home\\\/starfssvid\\\/personuvernd-hugverk-fjarskipti\\\/\"]}]},{\"@type\":\"BreadcrumbList\",\"@id\":\"https:\\\/\\\/advel.is\\\/home\\\/starfssvid\\\/personuvernd-hugverk-fjarskipti\\\/#breadcrumb\",\"itemListElement\":[{\"@type\":\"ListItem\",\"position\":1,\"name\":\"Heim\",\"item\":\"https:\\\/\\\/advel.is\\\/\"},{\"@type\":\"ListItem\",\"position\":2,\"name\":\"Starfssvi\u00f0\",\"item\":\"https:\\\/\\\/advel.is\\\/home\\\/starfssvid\\\/\"},{\"@type\":\"ListItem\",\"position\":3,\"name\":\"Pers\u00f3nuvernd, hugverk &#038; fjarskipti\"}]},{\"@type\":\"WebSite\",\"@id\":\"https:\\\/\\\/advel.is\\\/#website\",\"url\":\"https:\\\/\\\/advel.is\\\/\",\"name\":\"ADVEL\",\"description\":\"\",\"publisher\":{\"@id\":\"https:\\\/\\\/advel.is\\\/#organization\"},\"potentialAction\":[{\"@type\":\"SearchAction\",\"target\":{\"@type\":\"EntryPoint\",\"urlTemplate\":\"https:\\\/\\\/advel.is\\\/?s={search_term_string}\"},\"query-input\":{\"@type\":\"PropertyValueSpecification\",\"valueRequired\":true,\"valueName\":\"search_term_string\"}}],\"inLanguage\":\"en-US\"},{\"@type\":\"Organization\",\"@id\":\"https:\\\/\\\/advel.is\\\/#organization\",\"name\":\"ADVEL\",\"url\":\"https:\\\/\\\/advel.is\\\/\",\"logo\":{\"@type\":\"ImageObject\",\"inLanguage\":\"en-US\",\"@id\":\"https:\\\/\\\/advel.is\\\/#\\\/schema\\\/logo\\\/image\\\/\",\"url\":\"https:\\\/\\\/advel.is\\\/wp-content\\\/uploads\\\/2021\\\/06\\\/advel-litid.png\",\"contentUrl\":\"https:\\\/\\\/advel.is\\\/wp-content\\\/uploads\\\/2021\\\/06\\\/advel-litid.png\",\"width\":70,\"height\":64,\"caption\":\"ADVEL\"},\"image\":{\"@id\":\"https:\\\/\\\/advel.is\\\/#\\\/schema\\\/logo\\\/image\\\/\"}}]}<\/script>\n<!-- \/ Yoast SEO plugin. -->","yoast_head_json":{"title":"Pers\u00f3nuvernd, hugverk & fjarskipti - ADVEL","robots":{"index":"index","follow":"follow","max-snippet":"max-snippet:-1","max-image-preview":"max-image-preview:large","max-video-preview":"max-video-preview:-1"},"canonical":"https:\/\/advel.is\/en\/home\/starfssvid\/personuvernd-hugverk-fjarskipti\/","og_locale":"en_US","og_type":"article","og_title":"Pers\u00f3nuvernd, hugverk & fjarskipti - ADVEL","og_description":"Pers\u00f3nuvernd, hugverk &amp; fjarskipti ADVEL l\u00f6gmenn veita b\u00e6\u00f0i fyrirt\u00e6kjum og stofnunum r\u00e1\u00f0gj\u00f6f og a\u00f0sto\u00f0 \u00ed tengslum vi\u00f0 me\u00f0fer\u00f0 pers\u00f3nuuppl\u00fdsinga og hl\u00edtingu vi\u00f0 pers\u00f3nuverndarl\u00f6ggj\u00f6f \u00e1 hverjum t\u00edma. Vi\u00f0 veitum s\u00e9rfr\u00e6\u00f0ir\u00e1\u00f0gj\u00f6f um verndun og \u00f6flun hugverkar\u00e9ttinda auk \u00feess sem vi\u00f0 sinnum r\u00e1\u00f0gj\u00f6f \u00e1 svi\u00f0i fjarskiptar\u00e9ttar. Tekur \u00fej\u00f3nustan m.a. til eftirfarandi svi\u00f0a\/verkefna: Heimildir til var\u00f0veislu og vinnslu pers\u00f3nuuppl\u00fdsinga&hellip; Continue reading Pers\u00f3nuvernd, hugverk &#038; fjarskipti","og_url":"https:\/\/advel.is\/en\/home\/starfssvid\/personuvernd-hugverk-fjarskipti\/","og_site_name":"ADVEL","article_modified_time":"2021-09-24T15:31:23+00:00","twitter_card":"summary_large_image","twitter_misc":{"Est. reading time":"1 minute"},"schema":{"@context":"https:\/\/schema.org","@graph":[{"@type":"WebPage","@id":"https:\/\/advel.is\/home\/starfssvid\/personuvernd-hugverk-fjarskipti\/","url":"https:\/\/advel.is\/home\/starfssvid\/personuvernd-hugverk-fjarskipti\/","name":"Pers\u00f3nuvernd, hugverk & fjarskipti - ADVEL","isPartOf":{"@id":"https:\/\/advel.is\/#website"},"datePublished":"2021-08-16T20:22:37+00:00","dateModified":"2021-09-24T15:31:23+00:00","breadcrumb":{"@id":"https:\/\/advel.is\/home\/starfssvid\/personuvernd-hugverk-fjarskipti\/#breadcrumb"},"inLanguage":"en-US","potentialAction":[{"@type":"ReadAction","target":["https:\/\/advel.is\/home\/starfssvid\/personuvernd-hugverk-fjarskipti\/"]}]},{"@type":"BreadcrumbList","@id":"https:\/\/advel.is\/home\/starfssvid\/personuvernd-hugverk-fjarskipti\/#breadcrumb","itemListElement":[{"@type":"ListItem","position":1,"name":"Heim","item":"https:\/\/advel.is\/"},{"@type":"ListItem","position":2,"name":"Starfssvi\u00f0","item":"https:\/\/advel.is\/home\/starfssvid\/"},{"@type":"ListItem","position":3,"name":"Pers\u00f3nuvernd, hugverk &#038; fjarskipti"}]},{"@type":"WebSite","@id":"https:\/\/advel.is\/#website","url":"https:\/\/advel.is\/","name":"ADVEL","description":"","publisher":{"@id":"https:\/\/advel.is\/#organization"},"potentialAction":[{"@type":"SearchAction","target":{"@type":"EntryPoint","urlTemplate":"https:\/\/advel.is\/?s={search_term_string}"},"query-input":{"@type":"PropertyValueSpecification","valueRequired":true,"valueName":"search_term_string"}}],"inLanguage":"en-US"},{"@type":"Organization","@id":"https:\/\/advel.is\/#organization","name":"ADVEL","url":"https:\/\/advel.is\/","logo":{"@type":"ImageObject","inLanguage":"en-US","@id":"https:\/\/advel.is\/#\/schema\/logo\/image\/","url":"https:\/\/advel.is\/wp-content\/uploads\/2021\/06\/advel-litid.png","contentUrl":"https:\/\/advel.is\/wp-content\/uploads\/2021\/06\/advel-litid.png","width":70,"height":64,"caption":"ADVEL"},"image":{"@id":"https:\/\/advel.is\/#\/schema\/logo\/image\/"}}]}},"brizy_media":[],"_links":{"self":[{"href":"https:\/\/advel.is\/en\/wp-json\/wp\/v2\/pages\/301","targetHints":{"allow":["GET"]}}],"collection":[{"href":"https:\/\/advel.is\/en\/wp-json\/wp\/v2\/pages"}],"about":[{"href":"https:\/\/advel.is\/en\/wp-json\/wp\/v2\/types\/page"}],"author":[{"embeddable":true,"href":"https:\/\/advel.is\/en\/wp-json\/wp\/v2\/users\/1"}],"replies":[{"embeddable":true,"href":"https:\/\/advel.is\/en\/wp-json\/wp\/v2\/comments?post=301"}],"version-history":[{"count":16,"href":"https:\/\/advel.is\/en\/wp-json\/wp\/v2\/pages\/301\/revisions"}],"predecessor-version":[{"id":1801,"href":"https:\/\/advel.is\/en\/wp-json\/wp\/v2\/pages\/301\/revisions\/1801"}],"up":[{"embeddable":true,"href":"https:\/\/advel.is\/en\/wp-json\/wp\/v2\/pages\/147"}],"wp:attachment":[{"href":"https:\/\/advel.is\/en\/wp-json\/wp\/v2\/media?parent=301"}],"curies":[{"name":"wp","href":"https:\/\/api.w.org\/{rel}","templated":true}]}}