{"id":299,"date":"2021-08-16T20:21:42","date_gmt":"2021-08-16T20:21:42","guid":{"rendered":"https:\/\/advel.is\/?page_id=299"},"modified":"2021-09-19T09:15:49","modified_gmt":"2021-09-19T09:15:49","slug":"verdbrefamarkadsrettur","status":"publish","type":"page","link":"https:\/\/advel.is\/en\/home\/starfssvid\/verdbrefamarkadsrettur\/","title":{"rendered":"Securities Market Law"},"content":{"rendered":"<div data-elementor-type=\"wp-page\" data-elementor-id=\"299\" class=\"elementor elementor-299\" data-elementor-settings=\"[]\">\n\t\t\t\t\t\t\t<div class=\"elementor-section-wrap\">\n\t\t\t\t\t\t\t<section class=\"elementor-section elementor-top-section elementor-element elementor-element-b9f38b7 elementor-section-boxed elementor-section-height-default elementor-section-height-default\" data-id=\"b9f38b7\" data-element_type=\"section\">\n\t\t\t\t\t\t<div class=\"elementor-container elementor-column-gap-default\">\n\t\t\t\t\t<div class=\"elementor-column elementor-col-100 elementor-top-column elementor-element elementor-element-57afa24\" data-id=\"57afa24\" data-element_type=\"column\">\n\t\t\t<div class=\"elementor-widget-wrap elementor-element-populated\">\n\t\t\t\t\t\t\t\t<div class=\"elementor-element elementor-element-93dc28f elementor-widget elementor-widget-heading\" data-id=\"93dc28f\" data-element_type=\"widget\" data-widget_type=\"heading.default\">\n\t\t\t\t<div class=\"elementor-widget-container\">\n\t\t\t<h2 class=\"elementor-heading-title elementor-size-default\">Securities Market Law<\/h2>\t\t<\/div>\n\t\t\t\t<\/div>\n\t\t\t\t<div class=\"elementor-element elementor-element-3a8d01f elementor-widget elementor-widget-text-editor\" data-id=\"3a8d01f\" data-element_type=\"widget\" data-widget_type=\"text-editor.default\">\n\t\t\t\t<div class=\"elementor-widget-container\">\n\t\t\t\t\t\t\t\t<p>Our staff has a wide-ranging experience in the field of securities market and stock exchange legislation and assisting companies listed on a regulated securities market. The services include:<br><br><\/p>\n<div class=\"translation-block\">\n<ul>\n \t<li>Assistance and advice for the listing of companies<\/li>\n \t<li>Preparation of prospectuses and information disclosure<\/li>\n \t<li>Due Diligence<\/li>\n \t<li>Acting as Compliance Officers for listed companies<\/li>\n \t<li>Counsel to Compliance Officers<\/li>\n \t<li>Advice related to information and notification requirements<\/li>\n \t<li>Interaction with stock exchanges and financial supervisory authorities<\/li>\n \t<li>Handling of insider information<\/li>\n \t<li>Major holdings<\/li>\n \t<li>Rights of minority shareholders<\/li>\n<li>Bid and takeover obligations<\/li>\n<\/ul>\n<\/div>\t\t\t\t\t\t<\/div>\n\t\t\t\t<\/div>\n\t\t\t\t\t<\/div>\n\t\t<\/div>\n\t\t\t\t\t\t\t<\/div>\n\t\t<\/section>\n\t\t\t\t\t\t<\/div>\n\t\t\t\t\t<\/div>","protected":false},"excerpt":{"rendered":"<p>Ver\u00f0br\u00e9famarka\u00f0sr\u00e9ttur Starfsmenn ADVEL hafa v\u00ed\u00f0t\u00e6ka reynslu og \u00feekkingu \u00e1 svi\u00f0i ver\u00f0br\u00e9famarka\u00f0sr\u00e9ttar og \u00feekkja \u00fe\u00e6r skyldur sem lag\u00f0ar eru \u00e1 her\u00f0ar f\u00e9laga sem skr\u00e1\u00f0 eru \u00e1 skipulegan ver\u00f0br\u00e9famarka\u00f0. Tekur \u00fej\u00f3nustan m.a. til eftirfarandi svi\u00f0a\/verkefna: R\u00e1\u00f0gj\u00f6f vi\u00f0 skr\u00e1ningu \u00e1 marka\u00f0 Skr\u00e1ningarl\u00fdsingar \u00c1rei\u00f0anleikakannanir Regluvarsla \u00ed \u00fatvistun R\u00e1\u00f0gj\u00f6f vi\u00f0 regluver\u00f0i Uppl\u00fdsingagj\u00f6f til marka\u00f0ar og eftirlitsa\u00f0ila Me\u00f0fer\u00f0 innherjauppl\u00fdsinga Fl\u00f6ggun Minnihlutavernd&hellip; <a class=\"more-link\" href=\"https:\/\/advel.is\/en\/home\/starfssvid\/verdbrefamarkadsrettur\/\">Continue reading <span class=\"screen-reader-text\">Securities Market Law<\/span><\/a><\/p>","protected":false},"author":1,"featured_media":0,"parent":147,"menu_order":0,"comment_status":"closed","ping_status":"closed","template":"","meta":{"_acf_changed":false,"footnotes":""},"class_list":["post-299","page","type-page","status-publish","hentry","entry"],"acf":[],"yoast_head":"<!-- This site is optimized with the Yoast SEO plugin v27.3 - https:\/\/yoast.com\/product\/yoast-seo-wordpress\/ -->\n<title>Ver\u00f0br\u00e9famarka\u00f0sr\u00e9ttur - ADVEL<\/title>\n<meta name=\"description\" content=\"Starfsmenn ADVEL hafa v\u00ed\u00f0t\u00e6ka reynslu og \u00feekkingu \u00e1 svi\u00f0i ver\u00f0br\u00e9famarka\u00f0sr\u00e9ttar og \u00feekkja \u00fe\u00e6r skyldur sem lag\u00f0ar eru \u00e1 her\u00f0ar f\u00e9laga sem skr\u00e1\u00f0 eru \u00e1 skipulegan ver\u00f0br\u00e9famarka\u00f0.\" \/>\n<meta name=\"robots\" content=\"index, follow, max-snippet:-1, max-image-preview:large, max-video-preview:-1\" \/>\n<link rel=\"canonical\" href=\"https:\/\/advel.is\/en\/home\/starfssvid\/verdbrefamarkadsrettur\/\" \/>\n<meta property=\"og:locale\" content=\"en_US\" \/>\n<meta property=\"og:type\" content=\"article\" \/>\n<meta property=\"og:title\" content=\"Ver\u00f0br\u00e9famarka\u00f0sr\u00e9ttur - ADVEL\" \/>\n<meta property=\"og:description\" content=\"Starfsmenn ADVEL hafa v\u00ed\u00f0t\u00e6ka reynslu og \u00feekkingu \u00e1 svi\u00f0i ver\u00f0br\u00e9famarka\u00f0sr\u00e9ttar og \u00feekkja \u00fe\u00e6r skyldur sem lag\u00f0ar eru \u00e1 her\u00f0ar f\u00e9laga sem skr\u00e1\u00f0 eru \u00e1 skipulegan ver\u00f0br\u00e9famarka\u00f0.\" \/>\n<meta property=\"og:url\" content=\"https:\/\/advel.is\/en\/home\/starfssvid\/verdbrefamarkadsrettur\/\" \/>\n<meta property=\"og:site_name\" content=\"ADVEL\" \/>\n<meta property=\"article:modified_time\" content=\"2021-09-19T09:15:49+00:00\" \/>\n<meta name=\"twitter:card\" content=\"summary_large_image\" \/>\n<meta name=\"twitter:label1\" content=\"Est. reading time\" \/>\n\t<meta name=\"twitter:data1\" content=\"1 minute\" \/>\n<script type=\"application\/ld+json\" class=\"yoast-schema-graph\">{\"@context\":\"https:\\\/\\\/schema.org\",\"@graph\":[{\"@type\":\"WebPage\",\"@id\":\"https:\\\/\\\/advel.is\\\/home\\\/starfssvid\\\/verdbrefamarkadsrettur\\\/\",\"url\":\"https:\\\/\\\/advel.is\\\/home\\\/starfssvid\\\/verdbrefamarkadsrettur\\\/\",\"name\":\"Ver\u00f0br\u00e9famarka\u00f0sr\u00e9ttur - ADVEL\",\"isPartOf\":{\"@id\":\"https:\\\/\\\/advel.is\\\/#website\"},\"datePublished\":\"2021-08-16T20:21:42+00:00\",\"dateModified\":\"2021-09-19T09:15:49+00:00\",\"description\":\"Starfsmenn ADVEL hafa v\u00ed\u00f0t\u00e6ka reynslu og \u00feekkingu \u00e1 svi\u00f0i ver\u00f0br\u00e9famarka\u00f0sr\u00e9ttar og \u00feekkja \u00fe\u00e6r skyldur sem lag\u00f0ar eru \u00e1 her\u00f0ar f\u00e9laga sem skr\u00e1\u00f0 eru \u00e1 skipulegan ver\u00f0br\u00e9famarka\u00f0.\",\"breadcrumb\":{\"@id\":\"https:\\\/\\\/advel.is\\\/home\\\/starfssvid\\\/verdbrefamarkadsrettur\\\/#breadcrumb\"},\"inLanguage\":\"en-US\",\"potentialAction\":[{\"@type\":\"ReadAction\",\"target\":[\"https:\\\/\\\/advel.is\\\/home\\\/starfssvid\\\/verdbrefamarkadsrettur\\\/\"]}]},{\"@type\":\"BreadcrumbList\",\"@id\":\"https:\\\/\\\/advel.is\\\/home\\\/starfssvid\\\/verdbrefamarkadsrettur\\\/#breadcrumb\",\"itemListElement\":[{\"@type\":\"ListItem\",\"position\":1,\"name\":\"Heim\",\"item\":\"https:\\\/\\\/advel.is\\\/\"},{\"@type\":\"ListItem\",\"position\":2,\"name\":\"Starfssvi\u00f0\",\"item\":\"https:\\\/\\\/advel.is\\\/home\\\/starfssvid\\\/\"},{\"@type\":\"ListItem\",\"position\":3,\"name\":\"Ver\u00f0br\u00e9famarka\u00f0sr\u00e9ttur\"}]},{\"@type\":\"WebSite\",\"@id\":\"https:\\\/\\\/advel.is\\\/#website\",\"url\":\"https:\\\/\\\/advel.is\\\/\",\"name\":\"ADVEL\",\"description\":\"\",\"publisher\":{\"@id\":\"https:\\\/\\\/advel.is\\\/#organization\"},\"potentialAction\":[{\"@type\":\"SearchAction\",\"target\":{\"@type\":\"EntryPoint\",\"urlTemplate\":\"https:\\\/\\\/advel.is\\\/?s={search_term_string}\"},\"query-input\":{\"@type\":\"PropertyValueSpecification\",\"valueRequired\":true,\"valueName\":\"search_term_string\"}}],\"inLanguage\":\"en-US\"},{\"@type\":\"Organization\",\"@id\":\"https:\\\/\\\/advel.is\\\/#organization\",\"name\":\"ADVEL\",\"url\":\"https:\\\/\\\/advel.is\\\/\",\"logo\":{\"@type\":\"ImageObject\",\"inLanguage\":\"en-US\",\"@id\":\"https:\\\/\\\/advel.is\\\/#\\\/schema\\\/logo\\\/image\\\/\",\"url\":\"https:\\\/\\\/advel.is\\\/wp-content\\\/uploads\\\/2021\\\/06\\\/advel-litid.png\",\"contentUrl\":\"https:\\\/\\\/advel.is\\\/wp-content\\\/uploads\\\/2021\\\/06\\\/advel-litid.png\",\"width\":70,\"height\":64,\"caption\":\"ADVEL\"},\"image\":{\"@id\":\"https:\\\/\\\/advel.is\\\/#\\\/schema\\\/logo\\\/image\\\/\"}}]}<\/script>\n<!-- \/ Yoast SEO plugin. -->","yoast_head_json":{"title":"Ver\u00f0br\u00e9famarka\u00f0sr\u00e9ttur - ADVEL","description":"Starfsmenn ADVEL hafa v\u00ed\u00f0t\u00e6ka reynslu og \u00feekkingu \u00e1 svi\u00f0i ver\u00f0br\u00e9famarka\u00f0sr\u00e9ttar og \u00feekkja \u00fe\u00e6r skyldur sem lag\u00f0ar eru \u00e1 her\u00f0ar f\u00e9laga sem skr\u00e1\u00f0 eru \u00e1 skipulegan ver\u00f0br\u00e9famarka\u00f0.","robots":{"index":"index","follow":"follow","max-snippet":"max-snippet:-1","max-image-preview":"max-image-preview:large","max-video-preview":"max-video-preview:-1"},"canonical":"https:\/\/advel.is\/en\/home\/starfssvid\/verdbrefamarkadsrettur\/","og_locale":"en_US","og_type":"article","og_title":"Ver\u00f0br\u00e9famarka\u00f0sr\u00e9ttur - ADVEL","og_description":"Starfsmenn ADVEL hafa v\u00ed\u00f0t\u00e6ka reynslu og \u00feekkingu \u00e1 svi\u00f0i ver\u00f0br\u00e9famarka\u00f0sr\u00e9ttar og \u00feekkja \u00fe\u00e6r skyldur sem lag\u00f0ar eru \u00e1 her\u00f0ar f\u00e9laga sem skr\u00e1\u00f0 eru \u00e1 skipulegan ver\u00f0br\u00e9famarka\u00f0.","og_url":"https:\/\/advel.is\/en\/home\/starfssvid\/verdbrefamarkadsrettur\/","og_site_name":"ADVEL","article_modified_time":"2021-09-19T09:15:49+00:00","twitter_card":"summary_large_image","twitter_misc":{"Est. reading time":"1 minute"},"schema":{"@context":"https:\/\/schema.org","@graph":[{"@type":"WebPage","@id":"https:\/\/advel.is\/home\/starfssvid\/verdbrefamarkadsrettur\/","url":"https:\/\/advel.is\/home\/starfssvid\/verdbrefamarkadsrettur\/","name":"Ver\u00f0br\u00e9famarka\u00f0sr\u00e9ttur - ADVEL","isPartOf":{"@id":"https:\/\/advel.is\/#website"},"datePublished":"2021-08-16T20:21:42+00:00","dateModified":"2021-09-19T09:15:49+00:00","description":"Starfsmenn ADVEL hafa v\u00ed\u00f0t\u00e6ka reynslu og \u00feekkingu \u00e1 svi\u00f0i ver\u00f0br\u00e9famarka\u00f0sr\u00e9ttar og \u00feekkja \u00fe\u00e6r skyldur sem lag\u00f0ar eru \u00e1 her\u00f0ar f\u00e9laga sem skr\u00e1\u00f0 eru \u00e1 skipulegan ver\u00f0br\u00e9famarka\u00f0.","breadcrumb":{"@id":"https:\/\/advel.is\/home\/starfssvid\/verdbrefamarkadsrettur\/#breadcrumb"},"inLanguage":"en-US","potentialAction":[{"@type":"ReadAction","target":["https:\/\/advel.is\/home\/starfssvid\/verdbrefamarkadsrettur\/"]}]},{"@type":"BreadcrumbList","@id":"https:\/\/advel.is\/home\/starfssvid\/verdbrefamarkadsrettur\/#breadcrumb","itemListElement":[{"@type":"ListItem","position":1,"name":"Heim","item":"https:\/\/advel.is\/"},{"@type":"ListItem","position":2,"name":"Starfssvi\u00f0","item":"https:\/\/advel.is\/home\/starfssvid\/"},{"@type":"ListItem","position":3,"name":"Ver\u00f0br\u00e9famarka\u00f0sr\u00e9ttur"}]},{"@type":"WebSite","@id":"https:\/\/advel.is\/#website","url":"https:\/\/advel.is\/","name":"ADVEL","description":"","publisher":{"@id":"https:\/\/advel.is\/#organization"},"potentialAction":[{"@type":"SearchAction","target":{"@type":"EntryPoint","urlTemplate":"https:\/\/advel.is\/?s={search_term_string}"},"query-input":{"@type":"PropertyValueSpecification","valueRequired":true,"valueName":"search_term_string"}}],"inLanguage":"en-US"},{"@type":"Organization","@id":"https:\/\/advel.is\/#organization","name":"ADVEL","url":"https:\/\/advel.is\/","logo":{"@type":"ImageObject","inLanguage":"en-US","@id":"https:\/\/advel.is\/#\/schema\/logo\/image\/","url":"https:\/\/advel.is\/wp-content\/uploads\/2021\/06\/advel-litid.png","contentUrl":"https:\/\/advel.is\/wp-content\/uploads\/2021\/06\/advel-litid.png","width":70,"height":64,"caption":"ADVEL"},"image":{"@id":"https:\/\/advel.is\/#\/schema\/logo\/image\/"}}]}},"brizy_media":[],"_links":{"self":[{"href":"https:\/\/advel.is\/en\/wp-json\/wp\/v2\/pages\/299","targetHints":{"allow":["GET"]}}],"collection":[{"href":"https:\/\/advel.is\/en\/wp-json\/wp\/v2\/pages"}],"about":[{"href":"https:\/\/advel.is\/en\/wp-json\/wp\/v2\/types\/page"}],"author":[{"embeddable":true,"href":"https:\/\/advel.is\/en\/wp-json\/wp\/v2\/users\/1"}],"replies":[{"embeddable":true,"href":"https:\/\/advel.is\/en\/wp-json\/wp\/v2\/comments?post=299"}],"version-history":[{"count":13,"href":"https:\/\/advel.is\/en\/wp-json\/wp\/v2\/pages\/299\/revisions"}],"predecessor-version":[{"id":678,"href":"https:\/\/advel.is\/en\/wp-json\/wp\/v2\/pages\/299\/revisions\/678"}],"up":[{"embeddable":true,"href":"https:\/\/advel.is\/en\/wp-json\/wp\/v2\/pages\/147"}],"wp:attachment":[{"href":"https:\/\/advel.is\/en\/wp-json\/wp\/v2\/media?parent=299"}],"curies":[{"name":"wp","href":"https:\/\/api.w.org\/{rel}","templated":true}]}}