{"id":297,"date":"2021-08-16T20:19:04","date_gmt":"2021-08-16T20:19:04","guid":{"rendered":"https:\/\/advel.is\/?page_id=297"},"modified":"2021-09-19T09:08:32","modified_gmt":"2021-09-19T09:08:32","slug":"fjarmalathjonusta-og-fjarmognun","status":"publish","type":"page","link":"https:\/\/advel.is\/en\/home\/starfssvid\/fjarmalathjonusta-og-fjarmognun\/","title":{"rendered":"Financial Services and\nCorporate Financing"},"content":{"rendered":"<div data-elementor-type=\"wp-page\" data-elementor-id=\"297\" class=\"elementor elementor-297\" data-elementor-settings=\"[]\">\n\t\t\t\t\t\t\t<div class=\"elementor-section-wrap\">\n\t\t\t\t\t\t\t<section class=\"elementor-section elementor-top-section elementor-element elementor-element-de58aaa elementor-section-boxed elementor-section-height-default elementor-section-height-default\" data-id=\"de58aaa\" data-element_type=\"section\">\n\t\t\t\t\t\t<div class=\"elementor-container elementor-column-gap-default\">\n\t\t\t\t\t<div class=\"elementor-column elementor-col-100 elementor-top-column elementor-element elementor-element-195bf35\" data-id=\"195bf35\" data-element_type=\"column\">\n\t\t\t<div class=\"elementor-widget-wrap elementor-element-populated\">\n\t\t\t\t\t\t\t\t<div class=\"elementor-element elementor-element-7f60037 elementor-widget elementor-widget-heading\" data-id=\"7f60037\" data-element_type=\"widget\" data-widget_type=\"heading.default\">\n\t\t\t\t<div class=\"elementor-widget-container\">\n\t\t\t<h2 class=\"elementor-heading-title elementor-size-default\">Financial Services and\nCorporate Financing<\/h2>\t\t<\/div>\n\t\t\t\t<\/div>\n\t\t\t\t<div class=\"elementor-element elementor-element-ac05f19 elementor-widget elementor-widget-text-editor\" data-id=\"ac05f19\" data-element_type=\"widget\" data-widget_type=\"text-editor.default\">\n\t\t\t\t<div class=\"elementor-widget-container\">\n\t\t\t\t\t\t\t\t<p>Our staff has extensive knowledge of financial services regulation and routinely provides services to banks and other financial institutions. ADVEL has participated in financing of companies of all shapes and sizes and has extensive knowledge of the relevant legal framework. The services include:<br><br><\/p>\n<div class=\"translation-block\">\n<ul>\n<li>Financial services regulation<\/li>\n<li>Regulated securities market<\/li>\n<li>Financing of companies and projects<\/li>\n<li>Loan Agreements<\/li>\n<li>Guarantees<\/li>\n<li>Pledge agreements<\/li>\n<li>Bonds and securities<\/li>\n<\/ul>\n<\/div>\t\t\t\t\t\t<\/div>\n\t\t\t\t<\/div>\n\t\t\t\t\t<\/div>\n\t\t<\/div>\n\t\t\t\t\t\t\t<\/div>\n\t\t<\/section>\n\t\t\t\t\t\t<\/div>\n\t\t\t\t\t<\/div>","protected":false},"excerpt":{"rendered":"<p>Fj\u00e1rm\u00e1la\u00fej\u00f3nusta og fj\u00e1rm\u00f6gnun Starfsmenn ADVEL hafa yfir a\u00f0 b\u00faa v\u00ed\u00f0t\u00e6kri \u00feekkingu \u00e1 l\u00f6ggj\u00f6f um fj\u00e1rm\u00e1lafyrirt\u00e6ki og reynslu af \u00fev\u00ed a\u00f0 vinna fyrir banka og \u00f6nnur fj\u00e1rm\u00e1lafyrirt\u00e6ki. \u00de\u00e1 h\u00f6fum vi\u00f0 komi\u00f0 a\u00f0 fj\u00e1rm\u00f6gnun fyrirt\u00e6kja af \u00f6llum st\u00e6r\u00f0um og ger\u00f0um. Tekur \u00fej\u00f3nustan m.a. til eftirfarandi svi\u00f0a\/verkefna: L\u00f6ggj\u00f6f um fj\u00e1rm\u00e1lafyrirt\u00e6ki Skipulegir ver\u00f0br\u00e9famarka\u00f0ir Fj\u00e1rm\u00f6gnun fyrirt\u00e6kja og verkefna Fj\u00e1rm\u00f6gnunarsamningar L\u00e1nasamningar&hellip; <a class=\"more-link\" href=\"https:\/\/advel.is\/en\/home\/starfssvid\/fjarmalathjonusta-og-fjarmognun\/\">Continue reading <span class=\"screen-reader-text\">Financial Services and\nCorporate Financing<\/span><\/a><\/p>","protected":false},"author":1,"featured_media":0,"parent":147,"menu_order":0,"comment_status":"closed","ping_status":"closed","template":"","meta":{"_acf_changed":false,"footnotes":""},"class_list":["post-297","page","type-page","status-publish","hentry","entry"],"acf":[],"yoast_head":"<!-- This site is optimized with the Yoast SEO plugin v27.3 - https:\/\/yoast.com\/product\/yoast-seo-wordpress\/ -->\n<title>Fj\u00e1rm\u00e1la\u00fej\u00f3nusta og fj\u00e1rm\u00f6gnun - ADVEL<\/title>\n<meta name=\"description\" content=\"Starfsmenn ADVEL hafa yfir a\u00f0 b\u00faa v\u00ed\u00f0t\u00e6kri \u00feekkingu \u00e1 l\u00f6ggj\u00f6f um fj\u00e1rm\u00e1lafyrirt\u00e6ki og reynslu af \u00fev\u00ed a\u00f0 vinna fyrir banka og \u00f6nnur fj\u00e1rm\u00e1lafyrirt\u00e6ki.\" \/>\n<meta name=\"robots\" content=\"index, follow, max-snippet:-1, max-image-preview:large, max-video-preview:-1\" \/>\n<link rel=\"canonical\" href=\"https:\/\/advel.is\/en\/home\/starfssvid\/fjarmalathjonusta-og-fjarmognun\/\" \/>\n<meta property=\"og:locale\" content=\"en_US\" \/>\n<meta property=\"og:type\" content=\"article\" \/>\n<meta property=\"og:title\" content=\"Fj\u00e1rm\u00e1la\u00fej\u00f3nusta og fj\u00e1rm\u00f6gnun - ADVEL\" \/>\n<meta property=\"og:description\" content=\"Starfsmenn ADVEL hafa yfir a\u00f0 b\u00faa v\u00ed\u00f0t\u00e6kri \u00feekkingu \u00e1 l\u00f6ggj\u00f6f um fj\u00e1rm\u00e1lafyrirt\u00e6ki og reynslu af \u00fev\u00ed a\u00f0 vinna fyrir banka og \u00f6nnur fj\u00e1rm\u00e1lafyrirt\u00e6ki.\" \/>\n<meta property=\"og:url\" content=\"https:\/\/advel.is\/en\/home\/starfssvid\/fjarmalathjonusta-og-fjarmognun\/\" \/>\n<meta property=\"og:site_name\" content=\"ADVEL\" \/>\n<meta property=\"article:modified_time\" content=\"2021-09-19T09:08:32+00:00\" \/>\n<meta name=\"twitter:card\" content=\"summary_large_image\" \/>\n<meta name=\"twitter:label1\" content=\"Est. reading time\" \/>\n\t<meta name=\"twitter:data1\" content=\"1 minute\" \/>\n<script type=\"application\/ld+json\" class=\"yoast-schema-graph\">{\"@context\":\"https:\\\/\\\/schema.org\",\"@graph\":[{\"@type\":\"WebPage\",\"@id\":\"https:\\\/\\\/advel.is\\\/home\\\/starfssvid\\\/fjarmalathjonusta-og-fjarmognun\\\/\",\"url\":\"https:\\\/\\\/advel.is\\\/home\\\/starfssvid\\\/fjarmalathjonusta-og-fjarmognun\\\/\",\"name\":\"Fj\u00e1rm\u00e1la\u00fej\u00f3nusta og fj\u00e1rm\u00f6gnun - ADVEL\",\"isPartOf\":{\"@id\":\"https:\\\/\\\/advel.is\\\/#website\"},\"datePublished\":\"2021-08-16T20:19:04+00:00\",\"dateModified\":\"2021-09-19T09:08:32+00:00\",\"description\":\"Starfsmenn ADVEL hafa yfir a\u00f0 b\u00faa v\u00ed\u00f0t\u00e6kri \u00feekkingu \u00e1 l\u00f6ggj\u00f6f um fj\u00e1rm\u00e1lafyrirt\u00e6ki og reynslu af \u00fev\u00ed a\u00f0 vinna fyrir banka og \u00f6nnur fj\u00e1rm\u00e1lafyrirt\u00e6ki.\",\"breadcrumb\":{\"@id\":\"https:\\\/\\\/advel.is\\\/home\\\/starfssvid\\\/fjarmalathjonusta-og-fjarmognun\\\/#breadcrumb\"},\"inLanguage\":\"en-US\",\"potentialAction\":[{\"@type\":\"ReadAction\",\"target\":[\"https:\\\/\\\/advel.is\\\/home\\\/starfssvid\\\/fjarmalathjonusta-og-fjarmognun\\\/\"]}]},{\"@type\":\"BreadcrumbList\",\"@id\":\"https:\\\/\\\/advel.is\\\/home\\\/starfssvid\\\/fjarmalathjonusta-og-fjarmognun\\\/#breadcrumb\",\"itemListElement\":[{\"@type\":\"ListItem\",\"position\":1,\"name\":\"Heim\",\"item\":\"https:\\\/\\\/advel.is\\\/\"},{\"@type\":\"ListItem\",\"position\":2,\"name\":\"Starfssvi\u00f0\",\"item\":\"https:\\\/\\\/advel.is\\\/home\\\/starfssvid\\\/\"},{\"@type\":\"ListItem\",\"position\":3,\"name\":\"Fj\u00e1rm\u00e1la\u00fej\u00f3nusta og fj\u00e1rm\u00f6gnun\"}]},{\"@type\":\"WebSite\",\"@id\":\"https:\\\/\\\/advel.is\\\/#website\",\"url\":\"https:\\\/\\\/advel.is\\\/\",\"name\":\"ADVEL\",\"description\":\"\",\"publisher\":{\"@id\":\"https:\\\/\\\/advel.is\\\/#organization\"},\"potentialAction\":[{\"@type\":\"SearchAction\",\"target\":{\"@type\":\"EntryPoint\",\"urlTemplate\":\"https:\\\/\\\/advel.is\\\/?s={search_term_string}\"},\"query-input\":{\"@type\":\"PropertyValueSpecification\",\"valueRequired\":true,\"valueName\":\"search_term_string\"}}],\"inLanguage\":\"en-US\"},{\"@type\":\"Organization\",\"@id\":\"https:\\\/\\\/advel.is\\\/#organization\",\"name\":\"ADVEL\",\"url\":\"https:\\\/\\\/advel.is\\\/\",\"logo\":{\"@type\":\"ImageObject\",\"inLanguage\":\"en-US\",\"@id\":\"https:\\\/\\\/advel.is\\\/#\\\/schema\\\/logo\\\/image\\\/\",\"url\":\"https:\\\/\\\/advel.is\\\/wp-content\\\/uploads\\\/2021\\\/06\\\/advel-litid.png\",\"contentUrl\":\"https:\\\/\\\/advel.is\\\/wp-content\\\/uploads\\\/2021\\\/06\\\/advel-litid.png\",\"width\":70,\"height\":64,\"caption\":\"ADVEL\"},\"image\":{\"@id\":\"https:\\\/\\\/advel.is\\\/#\\\/schema\\\/logo\\\/image\\\/\"}}]}<\/script>\n<!-- \/ Yoast SEO plugin. -->","yoast_head_json":{"title":"Fj\u00e1rm\u00e1la\u00fej\u00f3nusta og fj\u00e1rm\u00f6gnun - ADVEL","description":"Starfsmenn ADVEL hafa yfir a\u00f0 b\u00faa v\u00ed\u00f0t\u00e6kri \u00feekkingu \u00e1 l\u00f6ggj\u00f6f um fj\u00e1rm\u00e1lafyrirt\u00e6ki og reynslu af \u00fev\u00ed a\u00f0 vinna fyrir banka og \u00f6nnur fj\u00e1rm\u00e1lafyrirt\u00e6ki.","robots":{"index":"index","follow":"follow","max-snippet":"max-snippet:-1","max-image-preview":"max-image-preview:large","max-video-preview":"max-video-preview:-1"},"canonical":"https:\/\/advel.is\/en\/home\/starfssvid\/fjarmalathjonusta-og-fjarmognun\/","og_locale":"en_US","og_type":"article","og_title":"Fj\u00e1rm\u00e1la\u00fej\u00f3nusta og fj\u00e1rm\u00f6gnun - ADVEL","og_description":"Starfsmenn ADVEL hafa yfir a\u00f0 b\u00faa v\u00ed\u00f0t\u00e6kri \u00feekkingu \u00e1 l\u00f6ggj\u00f6f um fj\u00e1rm\u00e1lafyrirt\u00e6ki og reynslu af \u00fev\u00ed a\u00f0 vinna fyrir banka og \u00f6nnur fj\u00e1rm\u00e1lafyrirt\u00e6ki.","og_url":"https:\/\/advel.is\/en\/home\/starfssvid\/fjarmalathjonusta-og-fjarmognun\/","og_site_name":"ADVEL","article_modified_time":"2021-09-19T09:08:32+00:00","twitter_card":"summary_large_image","twitter_misc":{"Est. reading time":"1 minute"},"schema":{"@context":"https:\/\/schema.org","@graph":[{"@type":"WebPage","@id":"https:\/\/advel.is\/home\/starfssvid\/fjarmalathjonusta-og-fjarmognun\/","url":"https:\/\/advel.is\/home\/starfssvid\/fjarmalathjonusta-og-fjarmognun\/","name":"Fj\u00e1rm\u00e1la\u00fej\u00f3nusta og fj\u00e1rm\u00f6gnun - ADVEL","isPartOf":{"@id":"https:\/\/advel.is\/#website"},"datePublished":"2021-08-16T20:19:04+00:00","dateModified":"2021-09-19T09:08:32+00:00","description":"Starfsmenn ADVEL hafa yfir a\u00f0 b\u00faa v\u00ed\u00f0t\u00e6kri \u00feekkingu \u00e1 l\u00f6ggj\u00f6f um fj\u00e1rm\u00e1lafyrirt\u00e6ki og reynslu af \u00fev\u00ed a\u00f0 vinna fyrir banka og \u00f6nnur fj\u00e1rm\u00e1lafyrirt\u00e6ki.","breadcrumb":{"@id":"https:\/\/advel.is\/home\/starfssvid\/fjarmalathjonusta-og-fjarmognun\/#breadcrumb"},"inLanguage":"en-US","potentialAction":[{"@type":"ReadAction","target":["https:\/\/advel.is\/home\/starfssvid\/fjarmalathjonusta-og-fjarmognun\/"]}]},{"@type":"BreadcrumbList","@id":"https:\/\/advel.is\/home\/starfssvid\/fjarmalathjonusta-og-fjarmognun\/#breadcrumb","itemListElement":[{"@type":"ListItem","position":1,"name":"Heim","item":"https:\/\/advel.is\/"},{"@type":"ListItem","position":2,"name":"Starfssvi\u00f0","item":"https:\/\/advel.is\/home\/starfssvid\/"},{"@type":"ListItem","position":3,"name":"Fj\u00e1rm\u00e1la\u00fej\u00f3nusta og fj\u00e1rm\u00f6gnun"}]},{"@type":"WebSite","@id":"https:\/\/advel.is\/#website","url":"https:\/\/advel.is\/","name":"ADVEL","description":"","publisher":{"@id":"https:\/\/advel.is\/#organization"},"potentialAction":[{"@type":"SearchAction","target":{"@type":"EntryPoint","urlTemplate":"https:\/\/advel.is\/?s={search_term_string}"},"query-input":{"@type":"PropertyValueSpecification","valueRequired":true,"valueName":"search_term_string"}}],"inLanguage":"en-US"},{"@type":"Organization","@id":"https:\/\/advel.is\/#organization","name":"ADVEL","url":"https:\/\/advel.is\/","logo":{"@type":"ImageObject","inLanguage":"en-US","@id":"https:\/\/advel.is\/#\/schema\/logo\/image\/","url":"https:\/\/advel.is\/wp-content\/uploads\/2021\/06\/advel-litid.png","contentUrl":"https:\/\/advel.is\/wp-content\/uploads\/2021\/06\/advel-litid.png","width":70,"height":64,"caption":"ADVEL"},"image":{"@id":"https:\/\/advel.is\/#\/schema\/logo\/image\/"}}]}},"brizy_media":[],"_links":{"self":[{"href":"https:\/\/advel.is\/en\/wp-json\/wp\/v2\/pages\/297","targetHints":{"allow":["GET"]}}],"collection":[{"href":"https:\/\/advel.is\/en\/wp-json\/wp\/v2\/pages"}],"about":[{"href":"https:\/\/advel.is\/en\/wp-json\/wp\/v2\/types\/page"}],"author":[{"embeddable":true,"href":"https:\/\/advel.is\/en\/wp-json\/wp\/v2\/users\/1"}],"replies":[{"embeddable":true,"href":"https:\/\/advel.is\/en\/wp-json\/wp\/v2\/comments?post=297"}],"version-history":[{"count":23,"href":"https:\/\/advel.is\/en\/wp-json\/wp\/v2\/pages\/297\/revisions"}],"predecessor-version":[{"id":672,"href":"https:\/\/advel.is\/en\/wp-json\/wp\/v2\/pages\/297\/revisions\/672"}],"up":[{"embeddable":true,"href":"https:\/\/advel.is\/en\/wp-json\/wp\/v2\/pages\/147"}],"wp:attachment":[{"href":"https:\/\/advel.is\/en\/wp-json\/wp\/v2\/media?parent=297"}],"curies":[{"name":"wp","href":"https:\/\/api.w.org\/{rel}","templated":true}]}}