{"id":284,"date":"2021-08-16T20:03:12","date_gmt":"2021-08-16T20:03:12","guid":{"rendered":"https:\/\/advel.is\/?page_id=284"},"modified":"2021-09-19T09:06:45","modified_gmt":"2021-09-19T09:06:45","slug":"felagarettur-og-fyrirtaekjaradgjof","status":"publish","type":"page","link":"https:\/\/advel.is\/en\/home\/starfssvid\/felagarettur-og-fyrirtaekjaradgjof\/","title":{"rendered":"Corporate Law and Corporate Consultancy services"},"content":{"rendered":"<div data-elementor-type=\"wp-page\" data-elementor-id=\"284\" class=\"elementor elementor-284\" data-elementor-settings=\"[]\">\n\t\t\t\t\t\t\t<div class=\"elementor-section-wrap\">\n\t\t\t\t\t\t\t<section class=\"elementor-section elementor-top-section elementor-element elementor-element-7adc328 elementor-section-boxed elementor-section-height-default elementor-section-height-default\" data-id=\"7adc328\" data-element_type=\"section\">\n\t\t\t\t\t\t<div class=\"elementor-container elementor-column-gap-default\">\n\t\t\t\t\t<div class=\"elementor-column elementor-col-100 elementor-top-column elementor-element elementor-element-0425850\" data-id=\"0425850\" data-element_type=\"column\">\n\t\t\t<div class=\"elementor-widget-wrap elementor-element-populated\">\n\t\t\t\t\t\t\t\t<div class=\"elementor-element elementor-element-7845980 elementor-widget elementor-widget-heading\" data-id=\"7845980\" data-element_type=\"widget\" data-widget_type=\"heading.default\">\n\t\t\t\t<div class=\"elementor-widget-container\">\n\t\t\t<h2 class=\"elementor-heading-title elementor-size-default\">Corporate Law and Corporate Consultancy services<\/h2>\t\t<\/div>\n\t\t\t\t<\/div>\n\t\t\t\t\t<\/div>\n\t\t<\/div>\n\t\t\t\t\t\t\t<\/div>\n\t\t<\/section>\n\t\t\t\t<section class=\"elementor-section elementor-top-section elementor-element elementor-element-d95a5f4 elementor-section-boxed elementor-section-height-default elementor-section-height-default\" data-id=\"d95a5f4\" data-element_type=\"section\">\n\t\t\t\t\t\t<div class=\"elementor-container elementor-column-gap-default\">\n\t\t\t\t\t<div class=\"elementor-column elementor-col-100 elementor-top-column elementor-element elementor-element-37384f2\" data-id=\"37384f2\" data-element_type=\"column\">\n\t\t\t<div class=\"elementor-widget-wrap elementor-element-populated\">\n\t\t\t\t\t\t\t\t<div class=\"elementor-element elementor-element-d936741 elementor-widget elementor-widget-text-editor\" data-id=\"d936741\" data-element_type=\"widget\" data-widget_type=\"text-editor.default\">\n\t\t\t\t<div class=\"elementor-widget-container\">\n\t\t\t\t\t\t\t\tADVEL has a long history of providing comprehensive services in the field of corporate law. ADVEL strives to provide companies of all sizes and types with comprehensive services in matters pertaining to all fields of corporate law. The services include:\n<div class=\"translation-block\">\n<ul>\n \t<li>Corporate law<\/li>\n \t<li>Corporate establishment<\/li>\n \t<li>Shareholders\u2019 Agreements<\/li>\n \t<li>Advice to Boards of Directors<\/li>\n \t<li>Corporate Governance<\/li>\n \t<li>Performance Assessment<\/li>\n \t<li>Board appointments<\/li>\n \t<li>Shareholders\u2019 Meetings \u2013 organising, preparing, acting as chairs and secretaries<\/li>\n \t<li>Corporate Financing<\/li>\n \t<li>Mergers and Acquisitions<\/li>\n \t<li>Due Diligence<\/li>\n<\/ul>\n<\/div>\t\t\t\t\t\t<\/div>\n\t\t\t\t<\/div>\n\t\t\t\t\t<\/div>\n\t\t<\/div>\n\t\t\t\t\t\t\t<\/div>\n\t\t<\/section>\n\t\t\t\t\t\t<\/div>\n\t\t\t\t\t<\/div>","protected":false},"excerpt":{"rendered":"<p>F\u00e9lagar\u00e9ttur og fyrirt\u00e6kjar\u00e1\u00f0gj\u00f6f ADVEL l\u00f6gmenn hafa veitt vi\u00f0skiptavinum s\u00ednum heildst\u00e6\u00f0a \u00fej\u00f3nustu \u00e1 svi\u00f0i f\u00e9lagar\u00e9ttar um langt skei\u00f0. ADVEL kappkostar a\u00f0 veita f\u00e9l\u00f6gum af \u00f6llum st\u00e6r\u00f0um og ger\u00f0um alhli\u00f0a \u00fej\u00f3nustu var\u00f0andi f\u00e9lagar\u00e9ttarleg m\u00e1lefni. Tekur \u00fej\u00f3nustan m.a. til eftirfarandi svi\u00f0a\/verkefna: F\u00e9lagar\u00e9ttur Stofnun f\u00e9laga Hluthafasamkomulag R\u00e1\u00f0gj\u00f6f vi\u00f0 f\u00e9lagsstj\u00f3rnir Stj\u00f3rnarh\u00e6ttir fyrirt\u00e6kja \u00c1rangursmat stj\u00f3rnar Stj\u00f3rnarseta Hluthafafundir \u2013 undirb\u00faningur og utanumhald,&hellip; <a class=\"more-link\" href=\"https:\/\/advel.is\/en\/home\/starfssvid\/felagarettur-og-fyrirtaekjaradgjof\/\">Continue reading <span class=\"screen-reader-text\">Corporate Law and Corporate Consultancy services<\/span><\/a><\/p>","protected":false},"author":1,"featured_media":0,"parent":147,"menu_order":0,"comment_status":"closed","ping_status":"closed","template":"","meta":{"_acf_changed":false,"footnotes":""},"class_list":["post-284","page","type-page","status-publish","hentry","entry"],"acf":[],"yoast_head":"<!-- This site is optimized with the Yoast SEO plugin v27.3 - https:\/\/yoast.com\/product\/yoast-seo-wordpress\/ -->\n<title>F\u00e9lagar\u00e9ttur og fyrirt\u00e6kjar\u00e1\u00f0gj\u00f6f - ADVEL<\/title>\n<meta name=\"robots\" content=\"index, follow, max-snippet:-1, max-image-preview:large, max-video-preview:-1\" \/>\n<link rel=\"canonical\" href=\"https:\/\/advel.is\/en\/home\/starfssvid\/felagarettur-og-fyrirtaekjaradgjof\/\" \/>\n<meta property=\"og:locale\" content=\"en_US\" \/>\n<meta property=\"og:type\" content=\"article\" \/>\n<meta property=\"og:title\" content=\"F\u00e9lagar\u00e9ttur og fyrirt\u00e6kjar\u00e1\u00f0gj\u00f6f - ADVEL\" \/>\n<meta property=\"og:description\" content=\"F\u00e9lagar\u00e9ttur og fyrirt\u00e6kjar\u00e1\u00f0gj\u00f6f ADVEL l\u00f6gmenn hafa veitt vi\u00f0skiptavinum s\u00ednum heildst\u00e6\u00f0a \u00fej\u00f3nustu \u00e1 svi\u00f0i f\u00e9lagar\u00e9ttar um langt skei\u00f0. ADVEL kappkostar a\u00f0 veita f\u00e9l\u00f6gum af \u00f6llum st\u00e6r\u00f0um og ger\u00f0um alhli\u00f0a \u00fej\u00f3nustu var\u00f0andi f\u00e9lagar\u00e9ttarleg m\u00e1lefni. Tekur \u00fej\u00f3nustan m.a. til eftirfarandi svi\u00f0a\/verkefna: F\u00e9lagar\u00e9ttur Stofnun f\u00e9laga Hluthafasamkomulag R\u00e1\u00f0gj\u00f6f vi\u00f0 f\u00e9lagsstj\u00f3rnir Stj\u00f3rnarh\u00e6ttir fyrirt\u00e6kja \u00c1rangursmat stj\u00f3rnar Stj\u00f3rnarseta Hluthafafundir \u2013 undirb\u00faningur og utanumhald,&hellip; Continue reading F\u00e9lagar\u00e9ttur og fyrirt\u00e6kjar\u00e1\u00f0gj\u00f6f\" \/>\n<meta property=\"og:url\" content=\"https:\/\/advel.is\/en\/home\/starfssvid\/felagarettur-og-fyrirtaekjaradgjof\/\" \/>\n<meta property=\"og:site_name\" content=\"ADVEL\" \/>\n<meta property=\"article:modified_time\" content=\"2021-09-19T09:06:45+00:00\" \/>\n<meta name=\"twitter:card\" content=\"summary_large_image\" \/>\n<meta name=\"twitter:label1\" content=\"Est. reading time\" \/>\n\t<meta name=\"twitter:data1\" content=\"1 minute\" \/>\n<script type=\"application\/ld+json\" class=\"yoast-schema-graph\">{\"@context\":\"https:\\\/\\\/schema.org\",\"@graph\":[{\"@type\":\"WebPage\",\"@id\":\"https:\\\/\\\/advel.is\\\/en\\\/home\\\/starfssvid\\\/felagarettur-og-fyrirtaekjaradgjof\\\/\",\"url\":\"https:\\\/\\\/advel.is\\\/en\\\/home\\\/starfssvid\\\/felagarettur-og-fyrirtaekjaradgjof\\\/\",\"name\":\"F\u00e9lagar\u00e9ttur og fyrirt\u00e6kjar\u00e1\u00f0gj\u00f6f - ADVEL\",\"isPartOf\":{\"@id\":\"https:\\\/\\\/advel.is\\\/#website\"},\"datePublished\":\"2021-08-16T20:03:12+00:00\",\"dateModified\":\"2021-09-19T09:06:45+00:00\",\"breadcrumb\":{\"@id\":\"https:\\\/\\\/advel.is\\\/en\\\/home\\\/starfssvid\\\/felagarettur-og-fyrirtaekjaradgjof\\\/#breadcrumb\"},\"inLanguage\":\"en-US\",\"potentialAction\":[{\"@type\":\"ReadAction\",\"target\":[\"https:\\\/\\\/advel.is\\\/en\\\/home\\\/starfssvid\\\/felagarettur-og-fyrirtaekjaradgjof\\\/\"]}]},{\"@type\":\"BreadcrumbList\",\"@id\":\"https:\\\/\\\/advel.is\\\/en\\\/home\\\/starfssvid\\\/felagarettur-og-fyrirtaekjaradgjof\\\/#breadcrumb\",\"itemListElement\":[{\"@type\":\"ListItem\",\"position\":1,\"name\":\"Heim\",\"item\":\"https:\\\/\\\/advel.is\\\/\"},{\"@type\":\"ListItem\",\"position\":2,\"name\":\"Starfssvi\u00f0\",\"item\":\"https:\\\/\\\/advel.is\\\/home\\\/starfssvid\\\/\"},{\"@type\":\"ListItem\",\"position\":3,\"name\":\"F\u00e9lagar\u00e9ttur og fyrirt\u00e6kjar\u00e1\u00f0gj\u00f6f\"}]},{\"@type\":\"WebSite\",\"@id\":\"https:\\\/\\\/advel.is\\\/#website\",\"url\":\"https:\\\/\\\/advel.is\\\/\",\"name\":\"ADVEL\",\"description\":\"\",\"publisher\":{\"@id\":\"https:\\\/\\\/advel.is\\\/#organization\"},\"potentialAction\":[{\"@type\":\"SearchAction\",\"target\":{\"@type\":\"EntryPoint\",\"urlTemplate\":\"https:\\\/\\\/advel.is\\\/?s={search_term_string}\"},\"query-input\":{\"@type\":\"PropertyValueSpecification\",\"valueRequired\":true,\"valueName\":\"search_term_string\"}}],\"inLanguage\":\"en-US\"},{\"@type\":\"Organization\",\"@id\":\"https:\\\/\\\/advel.is\\\/#organization\",\"name\":\"ADVEL\",\"url\":\"https:\\\/\\\/advel.is\\\/\",\"logo\":{\"@type\":\"ImageObject\",\"inLanguage\":\"en-US\",\"@id\":\"https:\\\/\\\/advel.is\\\/#\\\/schema\\\/logo\\\/image\\\/\",\"url\":\"https:\\\/\\\/advel.is\\\/wp-content\\\/uploads\\\/2021\\\/06\\\/advel-litid.png\",\"contentUrl\":\"https:\\\/\\\/advel.is\\\/wp-content\\\/uploads\\\/2021\\\/06\\\/advel-litid.png\",\"width\":70,\"height\":64,\"caption\":\"ADVEL\"},\"image\":{\"@id\":\"https:\\\/\\\/advel.is\\\/#\\\/schema\\\/logo\\\/image\\\/\"}}]}<\/script>\n<!-- \/ Yoast SEO plugin. -->","yoast_head_json":{"title":"F\u00e9lagar\u00e9ttur og fyrirt\u00e6kjar\u00e1\u00f0gj\u00f6f - ADVEL","robots":{"index":"index","follow":"follow","max-snippet":"max-snippet:-1","max-image-preview":"max-image-preview:large","max-video-preview":"max-video-preview:-1"},"canonical":"https:\/\/advel.is\/en\/home\/starfssvid\/felagarettur-og-fyrirtaekjaradgjof\/","og_locale":"en_US","og_type":"article","og_title":"F\u00e9lagar\u00e9ttur og fyrirt\u00e6kjar\u00e1\u00f0gj\u00f6f - ADVEL","og_description":"F\u00e9lagar\u00e9ttur og fyrirt\u00e6kjar\u00e1\u00f0gj\u00f6f ADVEL l\u00f6gmenn hafa veitt vi\u00f0skiptavinum s\u00ednum heildst\u00e6\u00f0a \u00fej\u00f3nustu \u00e1 svi\u00f0i f\u00e9lagar\u00e9ttar um langt skei\u00f0. ADVEL kappkostar a\u00f0 veita f\u00e9l\u00f6gum af \u00f6llum st\u00e6r\u00f0um og ger\u00f0um alhli\u00f0a \u00fej\u00f3nustu var\u00f0andi f\u00e9lagar\u00e9ttarleg m\u00e1lefni. Tekur \u00fej\u00f3nustan m.a. til eftirfarandi svi\u00f0a\/verkefna: F\u00e9lagar\u00e9ttur Stofnun f\u00e9laga Hluthafasamkomulag R\u00e1\u00f0gj\u00f6f vi\u00f0 f\u00e9lagsstj\u00f3rnir Stj\u00f3rnarh\u00e6ttir fyrirt\u00e6kja \u00c1rangursmat stj\u00f3rnar Stj\u00f3rnarseta Hluthafafundir \u2013 undirb\u00faningur og utanumhald,&hellip; Continue reading F\u00e9lagar\u00e9ttur og fyrirt\u00e6kjar\u00e1\u00f0gj\u00f6f","og_url":"https:\/\/advel.is\/en\/home\/starfssvid\/felagarettur-og-fyrirtaekjaradgjof\/","og_site_name":"ADVEL","article_modified_time":"2021-09-19T09:06:45+00:00","twitter_card":"summary_large_image","twitter_misc":{"Est. reading time":"1 minute"},"schema":{"@context":"https:\/\/schema.org","@graph":[{"@type":"WebPage","@id":"https:\/\/advel.is\/en\/home\/starfssvid\/felagarettur-og-fyrirtaekjaradgjof\/","url":"https:\/\/advel.is\/en\/home\/starfssvid\/felagarettur-og-fyrirtaekjaradgjof\/","name":"F\u00e9lagar\u00e9ttur og fyrirt\u00e6kjar\u00e1\u00f0gj\u00f6f - ADVEL","isPartOf":{"@id":"https:\/\/advel.is\/#website"},"datePublished":"2021-08-16T20:03:12+00:00","dateModified":"2021-09-19T09:06:45+00:00","breadcrumb":{"@id":"https:\/\/advel.is\/en\/home\/starfssvid\/felagarettur-og-fyrirtaekjaradgjof\/#breadcrumb"},"inLanguage":"en-US","potentialAction":[{"@type":"ReadAction","target":["https:\/\/advel.is\/en\/home\/starfssvid\/felagarettur-og-fyrirtaekjaradgjof\/"]}]},{"@type":"BreadcrumbList","@id":"https:\/\/advel.is\/en\/home\/starfssvid\/felagarettur-og-fyrirtaekjaradgjof\/#breadcrumb","itemListElement":[{"@type":"ListItem","position":1,"name":"Heim","item":"https:\/\/advel.is\/"},{"@type":"ListItem","position":2,"name":"Starfssvi\u00f0","item":"https:\/\/advel.is\/home\/starfssvid\/"},{"@type":"ListItem","position":3,"name":"F\u00e9lagar\u00e9ttur og fyrirt\u00e6kjar\u00e1\u00f0gj\u00f6f"}]},{"@type":"WebSite","@id":"https:\/\/advel.is\/#website","url":"https:\/\/advel.is\/","name":"ADVEL","description":"","publisher":{"@id":"https:\/\/advel.is\/#organization"},"potentialAction":[{"@type":"SearchAction","target":{"@type":"EntryPoint","urlTemplate":"https:\/\/advel.is\/?s={search_term_string}"},"query-input":{"@type":"PropertyValueSpecification","valueRequired":true,"valueName":"search_term_string"}}],"inLanguage":"en-US"},{"@type":"Organization","@id":"https:\/\/advel.is\/#organization","name":"ADVEL","url":"https:\/\/advel.is\/","logo":{"@type":"ImageObject","inLanguage":"en-US","@id":"https:\/\/advel.is\/#\/schema\/logo\/image\/","url":"https:\/\/advel.is\/wp-content\/uploads\/2021\/06\/advel-litid.png","contentUrl":"https:\/\/advel.is\/wp-content\/uploads\/2021\/06\/advel-litid.png","width":70,"height":64,"caption":"ADVEL"},"image":{"@id":"https:\/\/advel.is\/#\/schema\/logo\/image\/"}}]}},"brizy_media":[],"_links":{"self":[{"href":"https:\/\/advel.is\/en\/wp-json\/wp\/v2\/pages\/284","targetHints":{"allow":["GET"]}}],"collection":[{"href":"https:\/\/advel.is\/en\/wp-json\/wp\/v2\/pages"}],"about":[{"href":"https:\/\/advel.is\/en\/wp-json\/wp\/v2\/types\/page"}],"author":[{"embeddable":true,"href":"https:\/\/advel.is\/en\/wp-json\/wp\/v2\/users\/1"}],"replies":[{"embeddable":true,"href":"https:\/\/advel.is\/en\/wp-json\/wp\/v2\/comments?post=284"}],"version-history":[{"count":14,"href":"https:\/\/advel.is\/en\/wp-json\/wp\/v2\/pages\/284\/revisions"}],"predecessor-version":[{"id":660,"href":"https:\/\/advel.is\/en\/wp-json\/wp\/v2\/pages\/284\/revisions\/660"}],"up":[{"embeddable":true,"href":"https:\/\/advel.is\/en\/wp-json\/wp\/v2\/pages\/147"}],"wp:attachment":[{"href":"https:\/\/advel.is\/en\/wp-json\/wp\/v2\/media?parent=284"}],"curies":[{"name":"wp","href":"https:\/\/api.w.org\/{rel}","templated":true}]}}