{"id":2729,"date":"2025-09-24T14:45:19","date_gmt":"2025-09-24T14:45:19","guid":{"rendered":"https:\/\/advel.is\/?page_id=2729"},"modified":"2025-12-09T15:05:54","modified_gmt":"2025-12-09T15:05:54","slug":"tiana-osk","status":"publish","type":"page","link":"https:\/\/advel.is\/en\/home\/starfsfolk\/tiana-osk\/","title":{"rendered":"Tiana \u00d3sk Whitworth"},"content":{"rendered":"<div data-elementor-type=\"wp-page\" data-elementor-id=\"2729\" class=\"elementor elementor-2729\" data-elementor-settings=\"[]\">\n\t\t\t\t\t\t\t<div class=\"elementor-section-wrap\">\n\t\t\t\t\t\t\t<section class=\"elementor-section elementor-top-section elementor-element elementor-element-fd8b31a elementor-section-boxed elementor-section-height-default elementor-section-height-default\" data-id=\"fd8b31a\" data-element_type=\"section\">\n\t\t\t\t\t\t<div class=\"elementor-container elementor-column-gap-default\">\n\t\t\t\t\t<div class=\"elementor-column elementor-col-100 elementor-top-column elementor-element elementor-element-662e162e\" data-id=\"662e162e\" data-element_type=\"column\">\n\t\t\t<div class=\"elementor-widget-wrap\">\n\t\t\t\t\t\t\t\t\t<\/div>\n\t\t<\/div>\n\t\t\t\t\t\t\t<\/div>\n\t\t<\/section>\n\t\t\t\t<section class=\"elementor-section elementor-top-section elementor-element elementor-element-60c02e18 elementor-section-boxed elementor-section-height-default elementor-section-height-default\" data-id=\"60c02e18\" data-element_type=\"section\" data-settings=\"{&quot;background_background&quot;:&quot;classic&quot;}\">\n\t\t\t\t\t\t<div class=\"elementor-container elementor-column-gap-default\">\n\t\t\t\t\t<div class=\"elementor-column elementor-col-50 elementor-top-column elementor-element elementor-element-52168f2a\" data-id=\"52168f2a\" data-element_type=\"column\" data-settings=\"{&quot;background_background&quot;:&quot;classic&quot;}\">\n\t\t\t<div class=\"elementor-widget-wrap elementor-element-populated\">\n\t\t\t\t\t\t\t\t<div class=\"elementor-element elementor-element-4fd02560 elementor-widget elementor-widget-image\" data-id=\"4fd02560\" data-element_type=\"widget\" data-widget_type=\"image.default\">\n\t\t\t\t<div class=\"elementor-widget-container\">\n\t\t\t\t\t\t\t\t\t\t\t\t\t\t\t<img loading=\"lazy\" decoding=\"async\" width=\"1860\" height=\"2480\" src=\"https:\/\/advel.is\/wp-content\/uploads\/2025\/12\/Advel2025_K211811_BW.jpg\" class=\"attachment-full size-full\" alt=\"\" srcset=\"https:\/\/advel.is\/wp-content\/uploads\/2025\/12\/Advel2025_K211811_BW.jpg 1860w, https:\/\/advel.is\/wp-content\/uploads\/2025\/12\/Advel2025_K211811_BW-225x300.jpg 225w, https:\/\/advel.is\/wp-content\/uploads\/2025\/12\/Advel2025_K211811_BW-768x1024.jpg 768w, https:\/\/advel.is\/wp-content\/uploads\/2025\/12\/Advel2025_K211811_BW-1152x1536.jpg 1152w, https:\/\/advel.is\/wp-content\/uploads\/2025\/12\/Advel2025_K211811_BW-1536x2048.jpg 1536w, https:\/\/advel.is\/wp-content\/uploads\/2025\/12\/Advel2025_K211811_BW-9x12.jpg 9w, https:\/\/advel.is\/wp-content\/uploads\/2025\/12\/Advel2025_K211811_BW-1568x2091.jpg 1568w\" sizes=\"auto, (max-width: 1860px) 100vw, 1860px\" style=\"width:100%;height:133.33%;max-width:1860px;\" \/>\t\t\t\t\t\t\t\t\t\t\t\t\t\t\t<\/div>\n\t\t\t\t<\/div>\n\t\t\t\t\t<\/div>\n\t\t<\/div>\n\t\t\t\t<div class=\"elementor-column elementor-col-50 elementor-top-column elementor-element elementor-element-65b012da\" data-id=\"65b012da\" data-element_type=\"column\" data-settings=\"{&quot;background_background&quot;:&quot;classic&quot;}\">\n\t\t\t<div class=\"elementor-widget-wrap elementor-element-populated\">\n\t\t\t\t\t<div class=\"elementor-background-overlay\"><\/div>\n\t\t\t\t\t\t\t\t<div class=\"elementor-element elementor-element-19d01095 elementor-widget elementor-widget-heading\" data-id=\"19d01095\" data-element_type=\"widget\" data-widget_type=\"heading.default\">\n\t\t\t\t<div class=\"elementor-widget-container\">\n\t\t\t<h4 class=\"elementor-heading-title elementor-size-default\">Paralegal <\/h4>\t\t<\/div>\n\t\t\t\t<\/div>\n\t\t\t\t<div class=\"elementor-element elementor-element-483eb1cb elementor-widget elementor-widget-heading\" data-id=\"483eb1cb\" data-element_type=\"widget\" data-widget_type=\"heading.default\">\n\t\t\t\t<div class=\"elementor-widget-container\">\n\t\t\t<h2 class=\"elementor-heading-title elementor-size-default\">Tiana \u00d3sk Whitworth<\/h2>\t\t<\/div>\n\t\t\t\t<\/div>\n\t\t\t\t<div class=\"elementor-element elementor-element-1885f3e6 elementor-icon-list--layout-traditional elementor-list-item-link-full_width elementor-widget elementor-widget-icon-list\" data-id=\"1885f3e6\" data-element_type=\"widget\" data-widget_type=\"icon-list.default\">\n\t\t\t\t<div class=\"elementor-widget-container\">\n\t\t\t\t\t<ul class=\"elementor-icon-list-items\">\n\t\t\t\t\t\t\t<li class=\"elementor-icon-list-item\">\n\t\t\t\t\t\t\t\t\t\t\t<span class=\"elementor-icon-list-icon\">\n\t\t\t\t\t\t\t<i aria-hidden=\"true\" class=\"fas fa-phone-square\"><\/i>\t\t\t\t\t\t<\/span>\n\t\t\t\t\t\t\t\t\t\t<span class=\"elementor-icon-list-text\">520 2050<\/span>\n\t\t\t\t\t\t\t\t\t<\/li>\n\t\t\t\t\t\t\t\t<li class=\"elementor-icon-list-item\">\n\t\t\t\t\t<a href=\"mailto:tiana@advel.is\">\t\t\t\t\t\t<span class=\"elementor-icon-list-icon\">\n\t\t\t\t\t\t\t<i aria-hidden=\"true\" class=\"fas fa-at\"><\/i>\t\t\t\t\t\t<\/span>\n\t\t\t\t\t\t\t\t\t\t<span class=\"elementor-icon-list-text\">tiana@advel.is<\/span>\n\t\t\t\t\t\t\t\t\t\t\t<\/a>\n\t\t\t\t\t\t\t\t\t<\/li>\n\t\t\t\t\t\t\t\t<li class=\"elementor-icon-list-item\">\n\t\t\t\t\t<a href=\"https:\/\/is.linkedin.com\/in\/tiana-%C3%B3sk-whitworth-67b230344\">\t\t\t\t\t\t<span class=\"elementor-icon-list-icon\">\n\t\t\t\t\t\t\t<i aria-hidden=\"true\" class=\"fab fa-linkedin\"><\/i>\t\t\t\t\t\t<\/span>\n\t\t\t\t\t\t\t\t\t\t<span class=\"elementor-icon-list-text\">LinkedIn<\/span>\n\t\t\t\t\t\t\t\t\t\t\t<\/a>\n\t\t\t\t\t\t\t\t\t<\/li>\n\t\t\t\t\t\t<\/ul>\n\t\t\t\t<\/div>\n\t\t\t\t<\/div>\n\t\t\t\t<div class=\"elementor-element elementor-element-38bf0882 elementor-widget elementor-widget-text-editor\" data-id=\"38bf0882\" data-element_type=\"widget\" data-widget_type=\"text-editor.default\">\n\t\t\t\t<div class=\"elementor-widget-container\">\n\t\t\t\t\t\t\t\t<h3>Career<\/h3>\t\t\t\t\t\t<\/div>\n\t\t\t\t<\/div>\n\t\t\t\t<div class=\"elementor-element elementor-element-706f0034 elementor-widget elementor-widget-text-editor\" data-id=\"706f0034\" data-element_type=\"widget\" data-widget_type=\"text-editor.default\">\n\t\t\t\t<div class=\"elementor-widget-container\">\n\t\t\t\t\t\t\t\t<p>2025 - ADVEL internship<\/p><p>2022 - 2025 Fulltingi l\u00f6gmannsstofa - Paralegal<\/p><p>2022 - S\u00fdn, Vodafone - Corporate Sales Representative<\/p>\t\t\t\t\t\t<\/div>\n\t\t\t\t<\/div>\n\t\t\t\t<div class=\"elementor-element elementor-element-6c38f8be elementor-widget elementor-widget-text-editor\" data-id=\"6c38f8be\" data-element_type=\"widget\" data-widget_type=\"text-editor.default\">\n\t\t\t\t<div class=\"elementor-widget-container\">\n\t\t\t\t\t\t\t\t<h3>Education<\/h3><div><p>2024 -2026 Reykjavik University, ML in Law<\/p><p><span style=\"color: var( --e-global-color-text ); font-family: var( --e-global-typography-text-font-family ), Sans-serif; font-weight: var( --e-global-typography-text-font-weight ); font-size: var(--global--font-size-base);\">2024 Universitat Pompeu Fabra, exchange semester \u2013 Advanced masters in legal sciences<\/span><\/p><p><span style=\"color: var( --e-global-color-text ); font-family: var( --e-global-typography-text-font-family ), Sans-serif; font-weight: var( --e-global-typography-text-font-weight ); font-size: var(--global--font-size-base);\">2024 University of Reykjav\u00edk, BA in law with a minor in Business Administration<\/span><\/p><p><span style=\"color: var( --e-global-color-text ); font-family: var( --e-global-typography-text-font-family ), Sans-serif; font-weight: var( --e-global-typography-text-font-weight ); font-size: var(--global--font-size-base);\">2023  University of Reykjav\u00edk BSc in Business Administration with a minor in law<\/span><\/p><p><span style=\"color: var( --e-global-color-text ); font-family: var( --e-global-typography-text-font-family ), Sans-serif; font-weight: var( --e-global-typography-text-font-weight ); font-size: var(--global--font-size-base);\">2019\u00a0 Verzlunarsk\u00f3li \u00cdslands, St\u00fadentspr\u00f3f<\/span><\/p><\/div>\t\t\t\t\t\t<\/div>\n\t\t\t\t<\/div>\n\t\t\t\t<div class=\"elementor-element elementor-element-7ecbf81e elementor-widget elementor-widget-text-editor\" data-id=\"7ecbf81e\" data-element_type=\"widget\" data-widget_type=\"text-editor.default\">\n\t\t\t\t<div class=\"elementor-widget-container\">\n\t\t\t\t\t\t\t\t<h3>Admitted to practice before<\/h3><div><p>\u00a0<\/p><\/div>\t\t\t\t\t\t<\/div>\n\t\t\t\t<\/div>\n\t\t\t\t<div class=\"elementor-element elementor-element-1bf5c18a elementor-widget elementor-widget-text-editor\" data-id=\"1bf5c18a\" data-element_type=\"widget\" data-widget_type=\"text-editor.default\">\n\t\t\t\t<div class=\"elementor-widget-container\">\n\t\t\t\t\t\t\t\t<h3>Practice areas<\/h3><div><p class=\"MsoNormal\">\u00a0<\/p><\/div>\t\t\t\t\t\t<\/div>\n\t\t\t\t<\/div>\n\t\t\t\t<div class=\"elementor-element elementor-element-62d95c80 elementor-widget elementor-widget-text-editor\" data-id=\"62d95c80\" data-element_type=\"widget\" data-widget_type=\"text-editor.default\">\n\t\t\t\t<div class=\"elementor-widget-container\">\n\t\t\t\t\t\t\t\t<h3>Languages<\/h3><div>English<\/div>\t\t\t\t\t\t<\/div>\n\t\t\t\t<\/div>\n\t\t\t\t\t<\/div>\n\t\t<\/div>\n\t\t\t\t\t\t\t<\/div>\n\t\t<\/section>\n\t\t\t\t\t\t<\/div>\n\t\t\t\t\t<\/div>","protected":false},"excerpt":{"rendered":"<p>B.A. \u00ed l\u00f6gfr\u00e6\u00f0i Tiana \u00d3sk Whitworth 520 2050 tiana@advel.is LinkedIn Starfsferill 2025 &#8211;\u00a0 ADVEL starfsn\u00e1m 2022 &#8211; 2025\u00a0 Fulltingi l\u00f6gmannsstofa &#8211; laganemi 2022 &#8211; S\u00fdn, Vodafone &#8211; s\u00f6luma\u00f0ur \u00e1 fyrirt\u00e6kjasvi\u00f0i Menntun 2024 &#8211; 2026\u00a0 H\u00e1sk\u00f3linn \u00ed Reykjav\u00edk, ML \u00ed l\u00f6gfr\u00e6\u00f0i 2024\u00a0 Universitat Pompeu Fabra, skiptin\u00e1m &#8211; Advanced master in lega sciences 2024\u00a0 H\u00e1sk\u00f3linn \u00ed Reykjav\u00edk,&hellip; <a class=\"more-link\" href=\"https:\/\/advel.is\/en\/home\/starfsfolk\/tiana-osk\/\">Continue reading <span class=\"screen-reader-text\">Tiana \u00d3sk Whitworth<\/span><\/a><\/p>","protected":false},"author":1,"featured_media":0,"parent":137,"menu_order":0,"comment_status":"closed","ping_status":"closed","template":"","meta":{"_acf_changed":false,"footnotes":""},"class_list":["post-2729","page","type-page","status-publish","hentry","entry"],"acf":[],"yoast_head":"<!-- This site is optimized with the Yoast SEO plugin v27.3 - https:\/\/yoast.com\/product\/yoast-seo-wordpress\/ -->\n<title>Tiana \u00d3sk Whitworth - ADVEL<\/title>\n<meta name=\"robots\" content=\"index, follow, max-snippet:-1, max-image-preview:large, max-video-preview:-1\" \/>\n<link rel=\"canonical\" href=\"https:\/\/advel.is\/en\/home\/starfsfolk\/tiana-osk\/\" \/>\n<meta property=\"og:locale\" content=\"en_US\" \/>\n<meta property=\"og:type\" content=\"article\" \/>\n<meta property=\"og:title\" content=\"Tiana \u00d3sk Whitworth - ADVEL\" \/>\n<meta property=\"og:description\" content=\"B.A. \u00ed l\u00f6gfr\u00e6\u00f0i Tiana \u00d3sk Whitworth 520 2050 tiana@advel.is LinkedIn Starfsferill 2025 &#8211;\u00a0 ADVEL starfsn\u00e1m 2022 &#8211; 2025\u00a0 Fulltingi l\u00f6gmannsstofa &#8211; laganemi 2022 &#8211; S\u00fdn, Vodafone &#8211; s\u00f6luma\u00f0ur \u00e1 fyrirt\u00e6kjasvi\u00f0i Menntun 2024 &#8211; 2026\u00a0 H\u00e1sk\u00f3linn \u00ed Reykjav\u00edk, ML \u00ed l\u00f6gfr\u00e6\u00f0i 2024\u00a0 Universitat Pompeu Fabra, skiptin\u00e1m &#8211; Advanced master in lega sciences 2024\u00a0 H\u00e1sk\u00f3linn \u00ed Reykjav\u00edk,&hellip; Continue reading Tiana \u00d3sk Whitworth\" \/>\n<meta property=\"og:url\" content=\"https:\/\/advel.is\/en\/home\/starfsfolk\/tiana-osk\/\" \/>\n<meta property=\"og:site_name\" content=\"ADVEL\" \/>\n<meta property=\"article:modified_time\" content=\"2025-12-09T15:05:54+00:00\" \/>\n<meta property=\"og:image\" content=\"https:\/\/advel.is\/wp-content\/uploads\/2025\/12\/Advel2025_K211811_BW.jpg\" \/>\n<meta name=\"twitter:card\" content=\"summary_large_image\" \/>\n<meta name=\"twitter:label1\" content=\"Est. reading time\" \/>\n\t<meta name=\"twitter:data1\" content=\"1 minute\" \/>\n<script type=\"application\/ld+json\" class=\"yoast-schema-graph\">{\"@context\":\"https:\\\/\\\/schema.org\",\"@graph\":[{\"@type\":\"WebPage\",\"@id\":\"https:\\\/\\\/advel.is\\\/home\\\/starfsfolk\\\/tiana-osk\\\/\",\"url\":\"https:\\\/\\\/advel.is\\\/home\\\/starfsfolk\\\/tiana-osk\\\/\",\"name\":\"Tiana \u00d3sk Whitworth - ADVEL\",\"isPartOf\":{\"@id\":\"https:\\\/\\\/advel.is\\\/#website\"},\"primaryImageOfPage\":{\"@id\":\"https:\\\/\\\/advel.is\\\/home\\\/starfsfolk\\\/tiana-osk\\\/#primaryimage\"},\"image\":{\"@id\":\"https:\\\/\\\/advel.is\\\/home\\\/starfsfolk\\\/tiana-osk\\\/#primaryimage\"},\"thumbnailUrl\":\"https:\\\/\\\/advel.is\\\/wp-content\\\/uploads\\\/2025\\\/12\\\/Advel2025_K211811_BW.jpg\",\"datePublished\":\"2025-09-24T14:45:19+00:00\",\"dateModified\":\"2025-12-09T15:05:54+00:00\",\"breadcrumb\":{\"@id\":\"https:\\\/\\\/advel.is\\\/home\\\/starfsfolk\\\/tiana-osk\\\/#breadcrumb\"},\"inLanguage\":\"en-US\",\"potentialAction\":[{\"@type\":\"ReadAction\",\"target\":[\"https:\\\/\\\/advel.is\\\/home\\\/starfsfolk\\\/tiana-osk\\\/\"]}]},{\"@type\":\"ImageObject\",\"inLanguage\":\"en-US\",\"@id\":\"https:\\\/\\\/advel.is\\\/home\\\/starfsfolk\\\/tiana-osk\\\/#primaryimage\",\"url\":\"https:\\\/\\\/advel.is\\\/wp-content\\\/uploads\\\/2025\\\/12\\\/Advel2025_K211811_BW.jpg\",\"contentUrl\":\"https:\\\/\\\/advel.is\\\/wp-content\\\/uploads\\\/2025\\\/12\\\/Advel2025_K211811_BW.jpg\"},{\"@type\":\"BreadcrumbList\",\"@id\":\"https:\\\/\\\/advel.is\\\/home\\\/starfsfolk\\\/tiana-osk\\\/#breadcrumb\",\"itemListElement\":[{\"@type\":\"ListItem\",\"position\":1,\"name\":\"Heim\",\"item\":\"https:\\\/\\\/advel.is\\\/\"},{\"@type\":\"ListItem\",\"position\":2,\"name\":\"Starfsf\u00f3lk\",\"item\":\"https:\\\/\\\/advel.is\\\/home\\\/starfsfolk\\\/\"},{\"@type\":\"ListItem\",\"position\":3,\"name\":\"Tiana \u00d3sk Whitworth\"}]},{\"@type\":\"WebSite\",\"@id\":\"https:\\\/\\\/advel.is\\\/#website\",\"url\":\"https:\\\/\\\/advel.is\\\/\",\"name\":\"ADVEL\",\"description\":\"\",\"publisher\":{\"@id\":\"https:\\\/\\\/advel.is\\\/#organization\"},\"potentialAction\":[{\"@type\":\"SearchAction\",\"target\":{\"@type\":\"EntryPoint\",\"urlTemplate\":\"https:\\\/\\\/advel.is\\\/?s={search_term_string}\"},\"query-input\":{\"@type\":\"PropertyValueSpecification\",\"valueRequired\":true,\"valueName\":\"search_term_string\"}}],\"inLanguage\":\"en-US\"},{\"@type\":\"Organization\",\"@id\":\"https:\\\/\\\/advel.is\\\/#organization\",\"name\":\"ADVEL\",\"url\":\"https:\\\/\\\/advel.is\\\/\",\"logo\":{\"@type\":\"ImageObject\",\"inLanguage\":\"en-US\",\"@id\":\"https:\\\/\\\/advel.is\\\/#\\\/schema\\\/logo\\\/image\\\/\",\"url\":\"https:\\\/\\\/advel.is\\\/wp-content\\\/uploads\\\/2021\\\/06\\\/advel-litid.png\",\"contentUrl\":\"https:\\\/\\\/advel.is\\\/wp-content\\\/uploads\\\/2021\\\/06\\\/advel-litid.png\",\"width\":70,\"height\":64,\"caption\":\"ADVEL\"},\"image\":{\"@id\":\"https:\\\/\\\/advel.is\\\/#\\\/schema\\\/logo\\\/image\\\/\"}}]}<\/script>\n<!-- \/ Yoast SEO plugin. -->","yoast_head_json":{"title":"Tiana \u00d3sk Whitworth - ADVEL","robots":{"index":"index","follow":"follow","max-snippet":"max-snippet:-1","max-image-preview":"max-image-preview:large","max-video-preview":"max-video-preview:-1"},"canonical":"https:\/\/advel.is\/en\/home\/starfsfolk\/tiana-osk\/","og_locale":"en_US","og_type":"article","og_title":"Tiana \u00d3sk Whitworth - ADVEL","og_description":"B.A. \u00ed l\u00f6gfr\u00e6\u00f0i Tiana \u00d3sk Whitworth 520 2050 tiana@advel.is LinkedIn Starfsferill 2025 &#8211;\u00a0 ADVEL starfsn\u00e1m 2022 &#8211; 2025\u00a0 Fulltingi l\u00f6gmannsstofa &#8211; laganemi 2022 &#8211; S\u00fdn, Vodafone &#8211; s\u00f6luma\u00f0ur \u00e1 fyrirt\u00e6kjasvi\u00f0i Menntun 2024 &#8211; 2026\u00a0 H\u00e1sk\u00f3linn \u00ed Reykjav\u00edk, ML \u00ed l\u00f6gfr\u00e6\u00f0i 2024\u00a0 Universitat Pompeu Fabra, skiptin\u00e1m &#8211; Advanced master in lega sciences 2024\u00a0 H\u00e1sk\u00f3linn \u00ed Reykjav\u00edk,&hellip; Continue reading Tiana \u00d3sk Whitworth","og_url":"https:\/\/advel.is\/en\/home\/starfsfolk\/tiana-osk\/","og_site_name":"ADVEL","article_modified_time":"2025-12-09T15:05:54+00:00","og_image":[{"url":"https:\/\/advel.is\/wp-content\/uploads\/2025\/12\/Advel2025_K211811_BW.jpg","type":"","width":"","height":""}],"twitter_card":"summary_large_image","twitter_misc":{"Est. reading time":"1 minute"},"schema":{"@context":"https:\/\/schema.org","@graph":[{"@type":"WebPage","@id":"https:\/\/advel.is\/home\/starfsfolk\/tiana-osk\/","url":"https:\/\/advel.is\/home\/starfsfolk\/tiana-osk\/","name":"Tiana \u00d3sk Whitworth - ADVEL","isPartOf":{"@id":"https:\/\/advel.is\/#website"},"primaryImageOfPage":{"@id":"https:\/\/advel.is\/home\/starfsfolk\/tiana-osk\/#primaryimage"},"image":{"@id":"https:\/\/advel.is\/home\/starfsfolk\/tiana-osk\/#primaryimage"},"thumbnailUrl":"https:\/\/advel.is\/wp-content\/uploads\/2025\/12\/Advel2025_K211811_BW.jpg","datePublished":"2025-09-24T14:45:19+00:00","dateModified":"2025-12-09T15:05:54+00:00","breadcrumb":{"@id":"https:\/\/advel.is\/home\/starfsfolk\/tiana-osk\/#breadcrumb"},"inLanguage":"en-US","potentialAction":[{"@type":"ReadAction","target":["https:\/\/advel.is\/home\/starfsfolk\/tiana-osk\/"]}]},{"@type":"ImageObject","inLanguage":"en-US","@id":"https:\/\/advel.is\/home\/starfsfolk\/tiana-osk\/#primaryimage","url":"https:\/\/advel.is\/wp-content\/uploads\/2025\/12\/Advel2025_K211811_BW.jpg","contentUrl":"https:\/\/advel.is\/wp-content\/uploads\/2025\/12\/Advel2025_K211811_BW.jpg"},{"@type":"BreadcrumbList","@id":"https:\/\/advel.is\/home\/starfsfolk\/tiana-osk\/#breadcrumb","itemListElement":[{"@type":"ListItem","position":1,"name":"Heim","item":"https:\/\/advel.is\/"},{"@type":"ListItem","position":2,"name":"Starfsf\u00f3lk","item":"https:\/\/advel.is\/home\/starfsfolk\/"},{"@type":"ListItem","position":3,"name":"Tiana \u00d3sk Whitworth"}]},{"@type":"WebSite","@id":"https:\/\/advel.is\/#website","url":"https:\/\/advel.is\/","name":"ADVEL","description":"","publisher":{"@id":"https:\/\/advel.is\/#organization"},"potentialAction":[{"@type":"SearchAction","target":{"@type":"EntryPoint","urlTemplate":"https:\/\/advel.is\/?s={search_term_string}"},"query-input":{"@type":"PropertyValueSpecification","valueRequired":true,"valueName":"search_term_string"}}],"inLanguage":"en-US"},{"@type":"Organization","@id":"https:\/\/advel.is\/#organization","name":"ADVEL","url":"https:\/\/advel.is\/","logo":{"@type":"ImageObject","inLanguage":"en-US","@id":"https:\/\/advel.is\/#\/schema\/logo\/image\/","url":"https:\/\/advel.is\/wp-content\/uploads\/2021\/06\/advel-litid.png","contentUrl":"https:\/\/advel.is\/wp-content\/uploads\/2021\/06\/advel-litid.png","width":70,"height":64,"caption":"ADVEL"},"image":{"@id":"https:\/\/advel.is\/#\/schema\/logo\/image\/"}}]}},"brizy_media":[],"_links":{"self":[{"href":"https:\/\/advel.is\/en\/wp-json\/wp\/v2\/pages\/2729","targetHints":{"allow":["GET"]}}],"collection":[{"href":"https:\/\/advel.is\/en\/wp-json\/wp\/v2\/pages"}],"about":[{"href":"https:\/\/advel.is\/en\/wp-json\/wp\/v2\/types\/page"}],"author":[{"embeddable":true,"href":"https:\/\/advel.is\/en\/wp-json\/wp\/v2\/users\/1"}],"replies":[{"embeddable":true,"href":"https:\/\/advel.is\/en\/wp-json\/wp\/v2\/comments?post=2729"}],"version-history":[{"count":17,"href":"https:\/\/advel.is\/en\/wp-json\/wp\/v2\/pages\/2729\/revisions"}],"predecessor-version":[{"id":2989,"href":"https:\/\/advel.is\/en\/wp-json\/wp\/v2\/pages\/2729\/revisions\/2989"}],"up":[{"embeddable":true,"href":"https:\/\/advel.is\/en\/wp-json\/wp\/v2\/pages\/137"}],"wp:attachment":[{"href":"https:\/\/advel.is\/en\/wp-json\/wp\/v2\/media?parent=2729"}],"curies":[{"name":"wp","href":"https:\/\/api.w.org\/{rel}","templated":true}]}}