{"id":2577,"date":"2025-01-27T19:46:32","date_gmt":"2025-01-27T19:46:32","guid":{"rendered":"https:\/\/advel.is\/?page_id=2577"},"modified":"2025-06-16T08:25:24","modified_gmt":"2025-06-16T08:25:24","slug":"kari-freyr-kristinsson-2","status":"publish","type":"page","link":"https:\/\/advel.is\/en\/home\/starfsfolk\/kari-freyr-kristinsson-2\/","title":{"rendered":"K\u00e1ri Freyr Kristinsson"},"content":{"rendered":"<div data-elementor-type=\"wp-page\" data-elementor-id=\"2577\" class=\"elementor elementor-2577\" data-elementor-settings=\"[]\">\n\t\t\t\t\t\t\t<div class=\"elementor-section-wrap\">\n\t\t\t\t\t\t\t<section class=\"elementor-section elementor-top-section elementor-element elementor-element-6299cd15 elementor-section-boxed elementor-section-height-default elementor-section-height-default\" data-id=\"6299cd15\" data-element_type=\"section\">\n\t\t\t\t\t\t<div class=\"elementor-container elementor-column-gap-default\">\n\t\t\t\t\t<div class=\"elementor-column elementor-col-100 elementor-top-column elementor-element elementor-element-5d38396e\" data-id=\"5d38396e\" data-element_type=\"column\">\n\t\t\t<div class=\"elementor-widget-wrap\">\n\t\t\t\t\t\t\t\t\t<\/div>\n\t\t<\/div>\n\t\t\t\t\t\t\t<\/div>\n\t\t<\/section>\n\t\t\t\t<section class=\"elementor-section elementor-top-section elementor-element elementor-element-7af0ebc0 elementor-section-boxed elementor-section-height-default elementor-section-height-default\" data-id=\"7af0ebc0\" data-element_type=\"section\" data-settings=\"{&quot;background_background&quot;:&quot;classic&quot;}\">\n\t\t\t\t\t\t<div class=\"elementor-container elementor-column-gap-default\">\n\t\t\t\t\t<div class=\"elementor-column elementor-col-50 elementor-top-column elementor-element elementor-element-52317770\" data-id=\"52317770\" data-element_type=\"column\" data-settings=\"{&quot;background_background&quot;:&quot;classic&quot;}\">\n\t\t\t<div class=\"elementor-widget-wrap elementor-element-populated\">\n\t\t\t\t\t\t\t\t<div class=\"elementor-element elementor-element-42176816 elementor-widget elementor-widget-image\" data-id=\"42176816\" data-element_type=\"widget\" data-widget_type=\"image.default\">\n\t\t\t\t<div class=\"elementor-widget-container\">\n\t\t\t\t\t\t\t\t\t\t\t\t\t\t\t<img loading=\"lazy\" decoding=\"async\" width=\"300\" height=\"400\" src=\"https:\/\/advel.is\/wp-content\/uploads\/2025\/01\/kari-freyr-kristinsson.jpg\" class=\"attachment-full size-full\" alt=\"\" srcset=\"https:\/\/advel.is\/wp-content\/uploads\/2025\/01\/kari-freyr-kristinsson.jpg 300w, https:\/\/advel.is\/wp-content\/uploads\/2025\/01\/kari-freyr-kristinsson-225x300.jpg 225w, https:\/\/advel.is\/wp-content\/uploads\/2025\/01\/kari-freyr-kristinsson-9x12.jpg 9w\" sizes=\"auto, (max-width: 300px) 100vw, 300px\" style=\"width:100%;height:133.33%;max-width:300px;\" \/>\t\t\t\t\t\t\t\t\t\t\t\t\t\t\t<\/div>\n\t\t\t\t<\/div>\n\t\t\t\t\t<\/div>\n\t\t<\/div>\n\t\t\t\t<div class=\"elementor-column elementor-col-50 elementor-top-column elementor-element elementor-element-28e635a5\" data-id=\"28e635a5\" data-element_type=\"column\" data-settings=\"{&quot;background_background&quot;:&quot;classic&quot;}\">\n\t\t\t<div class=\"elementor-widget-wrap elementor-element-populated\">\n\t\t\t\t\t<div class=\"elementor-background-overlay\"><\/div>\n\t\t\t\t\t\t\t\t<div class=\"elementor-element elementor-element-65063f5d elementor-widget elementor-widget-heading\" data-id=\"65063f5d\" data-element_type=\"widget\" data-widget_type=\"heading.default\">\n\t\t\t\t<div class=\"elementor-widget-container\">\n\t\t\t<h4 class=\"elementor-heading-title elementor-size-default\">B.A. \u00ed l\u00f6gfr\u00e6\u00f0i.<\/h4>\t\t<\/div>\n\t\t\t\t<\/div>\n\t\t\t\t<div class=\"elementor-element elementor-element-559f9e0b elementor-widget elementor-widget-heading\" data-id=\"559f9e0b\" data-element_type=\"widget\" data-widget_type=\"heading.default\">\n\t\t\t\t<div class=\"elementor-widget-container\">\n\t\t\t<h2 class=\"elementor-heading-title elementor-size-default\">K\u00e1ri Freyr Kristinsson<\/h2>\t\t<\/div>\n\t\t\t\t<\/div>\n\t\t\t\t<div class=\"elementor-element elementor-element-40b723d2 elementor-icon-list--layout-traditional elementor-list-item-link-full_width elementor-widget elementor-widget-icon-list\" data-id=\"40b723d2\" data-element_type=\"widget\" data-widget_type=\"icon-list.default\">\n\t\t\t\t<div class=\"elementor-widget-container\">\n\t\t\t\t\t<ul class=\"elementor-icon-list-items\">\n\t\t\t\t\t\t\t<li class=\"elementor-icon-list-item\">\n\t\t\t\t\t\t\t\t\t\t\t<span class=\"elementor-icon-list-icon\">\n\t\t\t\t\t\t\t<i aria-hidden=\"true\" class=\"fas fa-phone-square\"><\/i>\t\t\t\t\t\t<\/span>\n\t\t\t\t\t\t\t\t\t\t<span class=\"elementor-icon-list-text\">520 2050<\/span>\n\t\t\t\t\t\t\t\t\t<\/li>\n\t\t\t\t\t\t\t\t<li class=\"elementor-icon-list-item\">\n\t\t\t\t\t<a href=\"mailto:kari@advel.is\">\t\t\t\t\t\t<span class=\"elementor-icon-list-icon\">\n\t\t\t\t\t\t\t<i aria-hidden=\"true\" class=\"fas fa-at\"><\/i>\t\t\t\t\t\t<\/span>\n\t\t\t\t\t\t\t\t\t\t<span class=\"elementor-icon-list-text\">kari@advel.is<\/span>\n\t\t\t\t\t\t\t\t\t\t\t<\/a>\n\t\t\t\t\t\t\t\t\t<\/li>\n\t\t\t\t\t\t\t\t<li class=\"elementor-icon-list-item\">\n\t\t\t\t\t<a href=\"https:\/\/www.linkedin.com\/in\/k%C3%A1ri-freyr-kristinsson-16067b204\/\">\t\t\t\t\t\t<span class=\"elementor-icon-list-icon\">\n\t\t\t\t\t\t\t<i aria-hidden=\"true\" class=\"fab fa-linkedin\"><\/i>\t\t\t\t\t\t<\/span>\n\t\t\t\t\t\t\t\t\t\t<span class=\"elementor-icon-list-text\">LinkedIn<\/span>\n\t\t\t\t\t\t\t\t\t\t\t<\/a>\n\t\t\t\t\t\t\t\t\t<\/li>\n\t\t\t\t\t\t<\/ul>\n\t\t\t\t<\/div>\n\t\t\t\t<\/div>\n\t\t\t\t<div class=\"elementor-element elementor-element-312d2f59 elementor-widget elementor-widget-text-editor\" data-id=\"312d2f59\" data-element_type=\"widget\" data-widget_type=\"text-editor.default\">\n\t\t\t\t<div class=\"elementor-widget-container\">\n\t\t\t\t\t\t\t\t<h3>Career<\/h3>\t\t\t\t\t\t<\/div>\n\t\t\t\t<\/div>\n\t\t\t\t<div class=\"elementor-element elementor-element-6054bfa elementor-widget elementor-widget-text-editor\" data-id=\"6054bfa\" data-element_type=\"widget\" data-widget_type=\"text-editor.default\">\n\t\t\t\t<div class=\"elementor-widget-container\">\n\t\t\t\t\t\t\t\t<p>2026 &#8211;\u00a0 ADVEL l\u00f6gmenn<\/p><p>2023 &#8211; 2025\u00a0 Bla\u00f0ama\u00f0ur \u00e1 Morgunbla\u00f0inu og mbl.is<\/p>\t\t\t\t\t\t<\/div>\n\t\t\t\t<\/div>\n\t\t\t\t<div class=\"elementor-element elementor-element-643646ba elementor-widget elementor-widget-text-editor\" data-id=\"643646ba\" data-element_type=\"widget\" data-widget_type=\"text-editor.default\">\n\t\t\t\t<div class=\"elementor-widget-container\">\n\t\t\t\t\t\t\t\t<h3>Education<\/h3><div><p>2025 &#8211; BA \u00ed l\u00f6gfr\u00e6\u00f0i fr\u00e1 H\u00e1sk\u00f3lanum \u00ed Reykjav\u00edk<\/p><p><span style=\"color: var( --e-global-color-text ); font-family: var( --e-global-typography-text-font-family ), Sans-serif; font-weight: var( --e-global-typography-text-font-weight ); font-size: var(--global--font-size-base);\">2022 &#8211; St\u00fadentspr\u00f3f fr\u00e1 Verzlunarsk\u00f3la \u00cdslands<\/span><\/p><\/div>\t\t\t\t\t\t<\/div>\n\t\t\t\t<\/div>\n\t\t\t\t<div class=\"elementor-element elementor-element-2a231e4f elementor-widget elementor-widget-text-editor\" data-id=\"2a231e4f\" data-element_type=\"widget\" data-widget_type=\"text-editor.default\">\n\t\t\t\t<div class=\"elementor-widget-container\">\n\t\t\t\t\t\t\t\t<h3>Languages<\/h3><div>English<\/div>\t\t\t\t\t\t<\/div>\n\t\t\t\t<\/div>\n\t\t\t\t\t<\/div>\n\t\t<\/div>\n\t\t\t\t\t\t\t<\/div>\n\t\t<\/section>\n\t\t\t\t\t\t<\/div>\n\t\t\t\t\t<\/div>","protected":false},"excerpt":{"rendered":"<p>B.A. \u00ed l\u00f6gfr\u00e6\u00f0i. K\u00e1ri Freyr Kristinsson 520 2050 kari@advel.is LinkedIn Starfsferill 2026 &#8211;\u00a0 ADVEL l\u00f6gmenn 2023 &#8211; 2025\u00a0 Bla\u00f0ama\u00f0ur \u00e1 Morgunbla\u00f0inu og mbl.is Menntun 2025 &#8211; BA \u00ed l\u00f6gfr\u00e6\u00f0i fr\u00e1 H\u00e1sk\u00f3lanum \u00ed Reykjav\u00edk 2022 &#8211; St\u00fadentspr\u00f3f fr\u00e1 Verzlunarsk\u00f3la \u00cdslands Tungum\u00e1l Enska<\/p>","protected":false},"author":1,"featured_media":0,"parent":137,"menu_order":0,"comment_status":"closed","ping_status":"closed","template":"","meta":{"_acf_changed":false,"footnotes":""},"class_list":["post-2577","page","type-page","status-publish","hentry","entry"],"acf":[],"yoast_head":"<!-- This site is optimized with the Yoast SEO plugin v27.3 - https:\/\/yoast.com\/product\/yoast-seo-wordpress\/ -->\n<title>K\u00e1ri Freyr Kristinsson - ADVEL<\/title>\n<meta name=\"robots\" content=\"index, follow, max-snippet:-1, max-image-preview:large, max-video-preview:-1\" \/>\n<link rel=\"canonical\" href=\"https:\/\/advel.is\/en\/home\/starfsfolk\/kari-freyr-kristinsson-2\/\" \/>\n<meta property=\"og:locale\" content=\"en_US\" \/>\n<meta property=\"og:type\" content=\"article\" \/>\n<meta property=\"og:title\" content=\"K\u00e1ri Freyr Kristinsson - ADVEL\" \/>\n<meta property=\"og:description\" content=\"B.A. \u00ed l\u00f6gfr\u00e6\u00f0i. K\u00e1ri Freyr Kristinsson 520 2050 kari@advel.is LinkedIn Starfsferill 2026 &#8211;\u00a0 ADVEL l\u00f6gmenn 2023 &#8211; 2025\u00a0 Bla\u00f0ama\u00f0ur \u00e1 Morgunbla\u00f0inu og mbl.is Menntun 2025 &#8211; BA \u00ed l\u00f6gfr\u00e6\u00f0i fr\u00e1 H\u00e1sk\u00f3lanum \u00ed Reykjav\u00edk 2022 &#8211; St\u00fadentspr\u00f3f fr\u00e1 Verzlunarsk\u00f3la \u00cdslands Tungum\u00e1l Enska\" \/>\n<meta property=\"og:url\" content=\"https:\/\/advel.is\/en\/home\/starfsfolk\/kari-freyr-kristinsson-2\/\" \/>\n<meta property=\"og:site_name\" content=\"ADVEL\" \/>\n<meta property=\"article:modified_time\" content=\"2025-06-16T08:25:24+00:00\" \/>\n<meta property=\"og:image\" content=\"https:\/\/advel.is\/wp-content\/uploads\/2025\/01\/kari-freyr-kristinsson.jpg\" \/>\n<meta name=\"twitter:card\" content=\"summary_large_image\" \/>\n<meta name=\"twitter:label1\" content=\"Est. reading time\" \/>\n\t<meta name=\"twitter:data1\" content=\"1 minute\" \/>\n<script type=\"application\/ld+json\" class=\"yoast-schema-graph\">{\"@context\":\"https:\\\/\\\/schema.org\",\"@graph\":[{\"@type\":\"WebPage\",\"@id\":\"https:\\\/\\\/advel.is\\\/home\\\/starfsfolk\\\/kari-freyr-kristinsson-2\\\/\",\"url\":\"https:\\\/\\\/advel.is\\\/home\\\/starfsfolk\\\/kari-freyr-kristinsson-2\\\/\",\"name\":\"K\u00e1ri Freyr Kristinsson - ADVEL\",\"isPartOf\":{\"@id\":\"https:\\\/\\\/advel.is\\\/#website\"},\"primaryImageOfPage\":{\"@id\":\"https:\\\/\\\/advel.is\\\/home\\\/starfsfolk\\\/kari-freyr-kristinsson-2\\\/#primaryimage\"},\"image\":{\"@id\":\"https:\\\/\\\/advel.is\\\/home\\\/starfsfolk\\\/kari-freyr-kristinsson-2\\\/#primaryimage\"},\"thumbnailUrl\":\"https:\\\/\\\/advel.is\\\/wp-content\\\/uploads\\\/2025\\\/01\\\/kari-freyr-kristinsson.jpg\",\"datePublished\":\"2025-01-27T19:46:32+00:00\",\"dateModified\":\"2025-06-16T08:25:24+00:00\",\"breadcrumb\":{\"@id\":\"https:\\\/\\\/advel.is\\\/home\\\/starfsfolk\\\/kari-freyr-kristinsson-2\\\/#breadcrumb\"},\"inLanguage\":\"en-US\",\"potentialAction\":[{\"@type\":\"ReadAction\",\"target\":[\"https:\\\/\\\/advel.is\\\/home\\\/starfsfolk\\\/kari-freyr-kristinsson-2\\\/\"]}]},{\"@type\":\"ImageObject\",\"inLanguage\":\"en-US\",\"@id\":\"https:\\\/\\\/advel.is\\\/home\\\/starfsfolk\\\/kari-freyr-kristinsson-2\\\/#primaryimage\",\"url\":\"https:\\\/\\\/advel.is\\\/wp-content\\\/uploads\\\/2025\\\/01\\\/kari-freyr-kristinsson.jpg\",\"contentUrl\":\"https:\\\/\\\/advel.is\\\/wp-content\\\/uploads\\\/2025\\\/01\\\/kari-freyr-kristinsson.jpg\"},{\"@type\":\"BreadcrumbList\",\"@id\":\"https:\\\/\\\/advel.is\\\/home\\\/starfsfolk\\\/kari-freyr-kristinsson-2\\\/#breadcrumb\",\"itemListElement\":[{\"@type\":\"ListItem\",\"position\":1,\"name\":\"Heim\",\"item\":\"https:\\\/\\\/advel.is\\\/\"},{\"@type\":\"ListItem\",\"position\":2,\"name\":\"Starfsf\u00f3lk\",\"item\":\"https:\\\/\\\/advel.is\\\/home\\\/starfsfolk\\\/\"},{\"@type\":\"ListItem\",\"position\":3,\"name\":\"K\u00e1ri Freyr Kristinsson\"}]},{\"@type\":\"WebSite\",\"@id\":\"https:\\\/\\\/advel.is\\\/#website\",\"url\":\"https:\\\/\\\/advel.is\\\/\",\"name\":\"ADVEL\",\"description\":\"\",\"publisher\":{\"@id\":\"https:\\\/\\\/advel.is\\\/#organization\"},\"potentialAction\":[{\"@type\":\"SearchAction\",\"target\":{\"@type\":\"EntryPoint\",\"urlTemplate\":\"https:\\\/\\\/advel.is\\\/?s={search_term_string}\"},\"query-input\":{\"@type\":\"PropertyValueSpecification\",\"valueRequired\":true,\"valueName\":\"search_term_string\"}}],\"inLanguage\":\"en-US\"},{\"@type\":\"Organization\",\"@id\":\"https:\\\/\\\/advel.is\\\/#organization\",\"name\":\"ADVEL\",\"url\":\"https:\\\/\\\/advel.is\\\/\",\"logo\":{\"@type\":\"ImageObject\",\"inLanguage\":\"en-US\",\"@id\":\"https:\\\/\\\/advel.is\\\/#\\\/schema\\\/logo\\\/image\\\/\",\"url\":\"https:\\\/\\\/advel.is\\\/wp-content\\\/uploads\\\/2021\\\/06\\\/advel-litid.png\",\"contentUrl\":\"https:\\\/\\\/advel.is\\\/wp-content\\\/uploads\\\/2021\\\/06\\\/advel-litid.png\",\"width\":70,\"height\":64,\"caption\":\"ADVEL\"},\"image\":{\"@id\":\"https:\\\/\\\/advel.is\\\/#\\\/schema\\\/logo\\\/image\\\/\"}}]}<\/script>\n<!-- \/ Yoast SEO plugin. -->","yoast_head_json":{"title":"K\u00e1ri Freyr Kristinsson - ADVEL","robots":{"index":"index","follow":"follow","max-snippet":"max-snippet:-1","max-image-preview":"max-image-preview:large","max-video-preview":"max-video-preview:-1"},"canonical":"https:\/\/advel.is\/en\/home\/starfsfolk\/kari-freyr-kristinsson-2\/","og_locale":"en_US","og_type":"article","og_title":"K\u00e1ri Freyr Kristinsson - ADVEL","og_description":"B.A. \u00ed l\u00f6gfr\u00e6\u00f0i. K\u00e1ri Freyr Kristinsson 520 2050 kari@advel.is LinkedIn Starfsferill 2026 &#8211;\u00a0 ADVEL l\u00f6gmenn 2023 &#8211; 2025\u00a0 Bla\u00f0ama\u00f0ur \u00e1 Morgunbla\u00f0inu og mbl.is Menntun 2025 &#8211; BA \u00ed l\u00f6gfr\u00e6\u00f0i fr\u00e1 H\u00e1sk\u00f3lanum \u00ed Reykjav\u00edk 2022 &#8211; St\u00fadentspr\u00f3f fr\u00e1 Verzlunarsk\u00f3la \u00cdslands Tungum\u00e1l Enska","og_url":"https:\/\/advel.is\/en\/home\/starfsfolk\/kari-freyr-kristinsson-2\/","og_site_name":"ADVEL","article_modified_time":"2025-06-16T08:25:24+00:00","og_image":[{"url":"https:\/\/advel.is\/wp-content\/uploads\/2025\/01\/kari-freyr-kristinsson.jpg","type":"","width":"","height":""}],"twitter_card":"summary_large_image","twitter_misc":{"Est. reading time":"1 minute"},"schema":{"@context":"https:\/\/schema.org","@graph":[{"@type":"WebPage","@id":"https:\/\/advel.is\/home\/starfsfolk\/kari-freyr-kristinsson-2\/","url":"https:\/\/advel.is\/home\/starfsfolk\/kari-freyr-kristinsson-2\/","name":"K\u00e1ri Freyr Kristinsson - ADVEL","isPartOf":{"@id":"https:\/\/advel.is\/#website"},"primaryImageOfPage":{"@id":"https:\/\/advel.is\/home\/starfsfolk\/kari-freyr-kristinsson-2\/#primaryimage"},"image":{"@id":"https:\/\/advel.is\/home\/starfsfolk\/kari-freyr-kristinsson-2\/#primaryimage"},"thumbnailUrl":"https:\/\/advel.is\/wp-content\/uploads\/2025\/01\/kari-freyr-kristinsson.jpg","datePublished":"2025-01-27T19:46:32+00:00","dateModified":"2025-06-16T08:25:24+00:00","breadcrumb":{"@id":"https:\/\/advel.is\/home\/starfsfolk\/kari-freyr-kristinsson-2\/#breadcrumb"},"inLanguage":"en-US","potentialAction":[{"@type":"ReadAction","target":["https:\/\/advel.is\/home\/starfsfolk\/kari-freyr-kristinsson-2\/"]}]},{"@type":"ImageObject","inLanguage":"en-US","@id":"https:\/\/advel.is\/home\/starfsfolk\/kari-freyr-kristinsson-2\/#primaryimage","url":"https:\/\/advel.is\/wp-content\/uploads\/2025\/01\/kari-freyr-kristinsson.jpg","contentUrl":"https:\/\/advel.is\/wp-content\/uploads\/2025\/01\/kari-freyr-kristinsson.jpg"},{"@type":"BreadcrumbList","@id":"https:\/\/advel.is\/home\/starfsfolk\/kari-freyr-kristinsson-2\/#breadcrumb","itemListElement":[{"@type":"ListItem","position":1,"name":"Heim","item":"https:\/\/advel.is\/"},{"@type":"ListItem","position":2,"name":"Starfsf\u00f3lk","item":"https:\/\/advel.is\/home\/starfsfolk\/"},{"@type":"ListItem","position":3,"name":"K\u00e1ri Freyr Kristinsson"}]},{"@type":"WebSite","@id":"https:\/\/advel.is\/#website","url":"https:\/\/advel.is\/","name":"ADVEL","description":"","publisher":{"@id":"https:\/\/advel.is\/#organization"},"potentialAction":[{"@type":"SearchAction","target":{"@type":"EntryPoint","urlTemplate":"https:\/\/advel.is\/?s={search_term_string}"},"query-input":{"@type":"PropertyValueSpecification","valueRequired":true,"valueName":"search_term_string"}}],"inLanguage":"en-US"},{"@type":"Organization","@id":"https:\/\/advel.is\/#organization","name":"ADVEL","url":"https:\/\/advel.is\/","logo":{"@type":"ImageObject","inLanguage":"en-US","@id":"https:\/\/advel.is\/#\/schema\/logo\/image\/","url":"https:\/\/advel.is\/wp-content\/uploads\/2021\/06\/advel-litid.png","contentUrl":"https:\/\/advel.is\/wp-content\/uploads\/2021\/06\/advel-litid.png","width":70,"height":64,"caption":"ADVEL"},"image":{"@id":"https:\/\/advel.is\/#\/schema\/logo\/image\/"}}]}},"brizy_media":[],"_links":{"self":[{"href":"https:\/\/advel.is\/en\/wp-json\/wp\/v2\/pages\/2577","targetHints":{"allow":["GET"]}}],"collection":[{"href":"https:\/\/advel.is\/en\/wp-json\/wp\/v2\/pages"}],"about":[{"href":"https:\/\/advel.is\/en\/wp-json\/wp\/v2\/types\/page"}],"author":[{"embeddable":true,"href":"https:\/\/advel.is\/en\/wp-json\/wp\/v2\/users\/1"}],"replies":[{"embeddable":true,"href":"https:\/\/advel.is\/en\/wp-json\/wp\/v2\/comments?post=2577"}],"version-history":[{"count":17,"href":"https:\/\/advel.is\/en\/wp-json\/wp\/v2\/pages\/2577\/revisions"}],"predecessor-version":[{"id":2672,"href":"https:\/\/advel.is\/en\/wp-json\/wp\/v2\/pages\/2577\/revisions\/2672"}],"up":[{"embeddable":true,"href":"https:\/\/advel.is\/en\/wp-json\/wp\/v2\/pages\/137"}],"wp:attachment":[{"href":"https:\/\/advel.is\/en\/wp-json\/wp\/v2\/media?parent=2577"}],"curies":[{"name":"wp","href":"https:\/\/api.w.org\/{rel}","templated":true}]}}