{"id":2492,"date":"2024-08-19T17:36:13","date_gmt":"2024-08-19T17:36:13","guid":{"rendered":"https:\/\/advel.is\/?page_id=2492"},"modified":"2026-01-14T09:34:57","modified_gmt":"2026-01-14T09:34:57","slug":"hrafnhildur-kristinsdottir","status":"publish","type":"page","link":"https:\/\/advel.is\/en\/home\/starfsfolk\/hrafnhildur-kristinsdottir\/","title":{"rendered":"Hrafnhildur Kristinsd\u00f3ttir"},"content":{"rendered":"<div data-elementor-type=\"wp-page\" data-elementor-id=\"2492\" class=\"elementor elementor-2492\" data-elementor-settings=\"[]\">\n\t\t\t\t\t\t\t<div class=\"elementor-section-wrap\">\n\t\t\t\t\t\t\t<section class=\"elementor-section elementor-top-section elementor-element elementor-element-3e68db4a elementor-section-boxed elementor-section-height-default elementor-section-height-default\" data-id=\"3e68db4a\" data-element_type=\"section\">\n\t\t\t\t\t\t<div class=\"elementor-container elementor-column-gap-default\">\n\t\t\t\t\t<div class=\"elementor-column elementor-col-100 elementor-top-column elementor-element elementor-element-1092cc04\" data-id=\"1092cc04\" data-element_type=\"column\">\n\t\t\t<div class=\"elementor-widget-wrap\">\n\t\t\t\t\t\t\t\t\t<\/div>\n\t\t<\/div>\n\t\t\t\t\t\t\t<\/div>\n\t\t<\/section>\n\t\t\t\t<section class=\"elementor-section elementor-top-section elementor-element elementor-element-72c69874 elementor-section-boxed elementor-section-height-default elementor-section-height-default\" data-id=\"72c69874\" data-element_type=\"section\" data-settings=\"{&quot;background_background&quot;:&quot;classic&quot;}\">\n\t\t\t\t\t\t<div class=\"elementor-container elementor-column-gap-default\">\n\t\t\t\t\t<div class=\"elementor-column elementor-col-50 elementor-top-column elementor-element elementor-element-28a8d9c5\" data-id=\"28a8d9c5\" data-element_type=\"column\" data-settings=\"{&quot;background_background&quot;:&quot;classic&quot;}\">\n\t\t\t<div class=\"elementor-widget-wrap elementor-element-populated\">\n\t\t\t\t\t\t\t\t<div class=\"elementor-element elementor-element-223486c7 elementor-widget elementor-widget-image\" data-id=\"223486c7\" data-element_type=\"widget\" data-widget_type=\"image.default\">\n\t\t\t\t<div class=\"elementor-widget-container\">\n\t\t\t\t\t\t\t\t\t\t\t\t\t\t\t<img loading=\"lazy\" decoding=\"async\" width=\"300\" height=\"400\" src=\"https:\/\/advel.is\/wp-content\/uploads\/2024\/09\/hrafnhildur.jpg\" class=\"attachment-full size-full\" alt=\"\" srcset=\"https:\/\/advel.is\/wp-content\/uploads\/2024\/09\/hrafnhildur.jpg 300w, https:\/\/advel.is\/wp-content\/uploads\/2024\/09\/hrafnhildur-225x300.jpg 225w, https:\/\/advel.is\/wp-content\/uploads\/2024\/09\/hrafnhildur-9x12.jpg 9w\" sizes=\"auto, (max-width: 300px) 100vw, 300px\" style=\"width:100%;height:133.33%;max-width:300px;\" \/>\t\t\t\t\t\t\t\t\t\t\t\t\t\t\t<\/div>\n\t\t\t\t<\/div>\n\t\t\t\t\t<\/div>\n\t\t<\/div>\n\t\t\t\t<div class=\"elementor-column elementor-col-50 elementor-top-column elementor-element elementor-element-6d4575de\" data-id=\"6d4575de\" data-element_type=\"column\" data-settings=\"{&quot;background_background&quot;:&quot;classic&quot;}\">\n\t\t\t<div class=\"elementor-widget-wrap elementor-element-populated\">\n\t\t\t\t\t<div class=\"elementor-background-overlay\"><\/div>\n\t\t\t\t\t\t\t\t<div class=\"elementor-element elementor-element-47413baf elementor-widget elementor-widget-heading\" data-id=\"47413baf\" data-element_type=\"widget\" data-widget_type=\"heading.default\">\n\t\t\t\t<div class=\"elementor-widget-container\">\n\t\t\t<h4 class=\"elementor-heading-title elementor-size-default\">Attorney \/ LL.M. \/ Partner<\/h4>\t\t<\/div>\n\t\t\t\t<\/div>\n\t\t\t\t<div class=\"elementor-element elementor-element-4a65c0e elementor-widget elementor-widget-heading\" data-id=\"4a65c0e\" data-element_type=\"widget\" data-widget_type=\"heading.default\">\n\t\t\t\t<div class=\"elementor-widget-container\">\n\t\t\t<h2 class=\"elementor-heading-title elementor-size-default\">Hrafnhildur Kristinsd\u00f3ttir<\/h2>\t\t<\/div>\n\t\t\t\t<\/div>\n\t\t\t\t<div class=\"elementor-element elementor-element-12c57174 elementor-icon-list--layout-traditional elementor-list-item-link-full_width elementor-widget elementor-widget-icon-list\" data-id=\"12c57174\" data-element_type=\"widget\" data-widget_type=\"icon-list.default\">\n\t\t\t\t<div class=\"elementor-widget-container\">\n\t\t\t\t\t<ul class=\"elementor-icon-list-items\">\n\t\t\t\t\t\t\t<li class=\"elementor-icon-list-item\">\n\t\t\t\t\t\t\t\t\t\t\t<span class=\"elementor-icon-list-icon\">\n\t\t\t\t\t\t\t<i aria-hidden=\"true\" class=\"fas fa-phone-square\"><\/i>\t\t\t\t\t\t<\/span>\n\t\t\t\t\t\t\t\t\t\t<span class=\"elementor-icon-list-text\">520 2050<\/span>\n\t\t\t\t\t\t\t\t\t<\/li>\n\t\t\t\t\t\t\t\t<li class=\"elementor-icon-list-item\">\n\t\t\t\t\t<a href=\"mailto:hrafnhildur@advel.is\">\t\t\t\t\t\t<span class=\"elementor-icon-list-icon\">\n\t\t\t\t\t\t\t<i aria-hidden=\"true\" class=\"fas fa-at\"><\/i>\t\t\t\t\t\t<\/span>\n\t\t\t\t\t\t\t\t\t\t<span class=\"elementor-icon-list-text\">hrafnhildur@advel.is<\/span>\n\t\t\t\t\t\t\t\t\t\t\t<\/a>\n\t\t\t\t\t\t\t\t\t<\/li>\n\t\t\t\t\t\t\t\t<li class=\"elementor-icon-list-item\">\n\t\t\t\t\t<a href=\"https:\/\/www.linkedin.com\/in\/hrafnhildur-kristinsd%C3%B3ttir-311404296\/\">\t\t\t\t\t\t<span class=\"elementor-icon-list-icon\">\n\t\t\t\t\t\t\t<i aria-hidden=\"true\" class=\"fab fa-linkedin\"><\/i>\t\t\t\t\t\t<\/span>\n\t\t\t\t\t\t\t\t\t\t<span class=\"elementor-icon-list-text\">LinkedIn<\/span>\n\t\t\t\t\t\t\t\t\t\t\t<\/a>\n\t\t\t\t\t\t\t\t\t<\/li>\n\t\t\t\t\t\t<\/ul>\n\t\t\t\t<\/div>\n\t\t\t\t<\/div>\n\t\t\t\t<div class=\"elementor-element elementor-element-38cde59f elementor-widget elementor-widget-text-editor\" data-id=\"38cde59f\" data-element_type=\"widget\" data-widget_type=\"text-editor.default\">\n\t\t\t\t<div class=\"elementor-widget-container\">\n\t\t\t\t\t\t\t\t<h3>Career<\/h3>\t\t\t\t\t\t<\/div>\n\t\t\t\t<\/div>\n\t\t\t\t<div class=\"elementor-element elementor-element-a11cbe5 elementor-widget elementor-widget-text-editor\" data-id=\"a11cbe5\" data-element_type=\"widget\" data-widget_type=\"text-editor.default\">\n\t\t\t\t<div class=\"elementor-widget-container\">\n\t\t\t\t\t\t\t\t<p>2024 - ADVEL Attorneys<\/p><p>2017 - 2024 Legal Officer at the Internal Market Affairs Directorate of the EFTA Surveillance Authority<\/p><p>2014 - 2017 ADVEL Attorneys<\/p><p>2009 - 2014 LOGOS legal services<\/p>\t\t\t\t\t\t<\/div>\n\t\t\t\t<\/div>\n\t\t\t\t<div class=\"elementor-element elementor-element-6b4633aa elementor-widget elementor-widget-text-editor\" data-id=\"6b4633aa\" data-element_type=\"widget\" data-widget_type=\"text-editor.default\">\n\t\t\t\t<div class=\"elementor-widget-container\">\n\t\t\t\t\t\t\t\t<h3>Education<\/h3><div><p>2014  LL.M. in European law, University of Lund, Sweden<\/p><p><span style=\"color: var( --e-global-color-text ); font-family: var( --e-global-typography-text-font-family ), Sans-serif; font-weight: var( --e-global-typography-text-font-weight ); font-size: var(--global--font-size-base);\">2008  Mag. Jur., University of Iceland<\/span><\/p><\/div>\t\t\t\t\t\t<\/div>\n\t\t\t\t<\/div>\n\t\t\t\t<div class=\"elementor-element elementor-element-2567a117 elementor-widget elementor-widget-text-editor\" data-id=\"2567a117\" data-element_type=\"widget\" data-widget_type=\"text-editor.default\">\n\t\t\t\t<div class=\"elementor-widget-container\">\n\t\t\t\t\t\t\t\t<h3>Admitted to practice before<\/h3><div><p>The District Courts<\/p><\/div>\t\t\t\t\t\t<\/div>\n\t\t\t\t<\/div>\n\t\t\t\t<div class=\"elementor-element elementor-element-18f69e61 elementor-widget elementor-widget-text-editor\" data-id=\"18f69e61\" data-element_type=\"widget\" data-widget_type=\"text-editor.default\">\n\t\t\t\t<div class=\"elementor-widget-container\">\n\t\t\t\t\t\t\t\t<h3>Practice areas<\/h3><div><p class=\"MsoNormal\"><span lang=\"EN-US\">Employment law, European law, Administrative Law, Public Procurement, Tort Law, Contract Law, Litigation and Judicial Procedure<\/span><\/p><\/div>\t\t\t\t\t\t<\/div>\n\t\t\t\t<\/div>\n\t\t\t\t<div class=\"elementor-element elementor-element-371d3f61 elementor-widget elementor-widget-text-editor\" data-id=\"371d3f61\" data-element_type=\"widget\" data-widget_type=\"text-editor.default\">\n\t\t\t\t<div class=\"elementor-widget-container\">\n\t\t\t\t\t\t\t\t<h3>Languages<\/h3><div>English, Danish, Swedish, Italian, French<\/div>\t\t\t\t\t\t<\/div>\n\t\t\t\t<\/div>\n\t\t\t\t\t<\/div>\n\t\t<\/div>\n\t\t\t\t\t\t\t<\/div>\n\t\t<\/section>\n\t\t\t\t\t\t<\/div>\n\t\t\t\t\t<\/div>","protected":false},"excerpt":{"rendered":"<p>L\u00f6gma\u00f0ur \/ LL.M. \/ eigandi Hrafnhildur Kristinsd\u00f3ttir 520 2050 hrafnhildur@advel.is LinkedIn Starfsferill 2024 &#8211;\u00a0 ADVEL l\u00f6gmenn 2017 &#8211; 2024\u00a0 L\u00f6gfr\u00e6\u00f0ingur \u00e1 innri marka\u00f0ssvi\u00f0i Eftirlitsstofnunar EFTA 2014 &#8211; 2017\u00a0 ADVEL l\u00f6gmenn 2009 &#8211; 2014\u00a0 LOGOS l\u00f6gmanns\u00fej\u00f3nusta Menntun 2014\u00a0 LL.M. \u00ed Evr\u00f3pur\u00e9tti fr\u00e1 H\u00e1sk\u00f3lanum \u00ed Lundi, Sv\u00ed\u00fej\u00f3\u00f0 2008\u00a0 Meistaragr\u00e1\u00f0a (mag.jur.) fr\u00e1 lagadeild H\u00e1sk\u00f3la \u00cdslands R\u00e9ttindi til m\u00e1lflutnings&hellip; <a class=\"more-link\" href=\"https:\/\/advel.is\/en\/home\/starfsfolk\/hrafnhildur-kristinsdottir\/\">Continue reading <span class=\"screen-reader-text\">Hrafnhildur Kristinsd\u00f3ttir<\/span><\/a><\/p>","protected":false},"author":1,"featured_media":0,"parent":137,"menu_order":0,"comment_status":"closed","ping_status":"closed","template":"","meta":{"_acf_changed":false,"footnotes":""},"class_list":["post-2492","page","type-page","status-publish","hentry","entry"],"acf":[],"yoast_head":"<!-- This site is optimized with the Yoast SEO plugin v26.9 - https:\/\/yoast.com\/product\/yoast-seo-wordpress\/ -->\n<title>Hrafnhildur Kristinsd\u00f3ttir - ADVEL<\/title>\n<meta name=\"robots\" content=\"index, follow, max-snippet:-1, max-image-preview:large, max-video-preview:-1\" \/>\n<link rel=\"canonical\" href=\"https:\/\/advel.is\/en\/home\/starfsfolk\/hrafnhildur-kristinsdottir\/\" \/>\n<meta property=\"og:locale\" content=\"en_US\" \/>\n<meta property=\"og:type\" content=\"article\" \/>\n<meta property=\"og:title\" content=\"Hrafnhildur Kristinsd\u00f3ttir - ADVEL\" \/>\n<meta property=\"og:description\" content=\"L\u00f6gma\u00f0ur \/ LL.M. \/ eigandi Hrafnhildur Kristinsd\u00f3ttir 520 2050 hrafnhildur@advel.is LinkedIn Starfsferill 2024 &#8211;\u00a0 ADVEL l\u00f6gmenn 2017 &#8211; 2024\u00a0 L\u00f6gfr\u00e6\u00f0ingur \u00e1 innri marka\u00f0ssvi\u00f0i Eftirlitsstofnunar EFTA 2014 &#8211; 2017\u00a0 ADVEL l\u00f6gmenn 2009 &#8211; 2014\u00a0 LOGOS l\u00f6gmanns\u00fej\u00f3nusta Menntun 2014\u00a0 LL.M. \u00ed Evr\u00f3pur\u00e9tti fr\u00e1 H\u00e1sk\u00f3lanum \u00ed Lundi, Sv\u00ed\u00fej\u00f3\u00f0 2008\u00a0 Meistaragr\u00e1\u00f0a (mag.jur.) fr\u00e1 lagadeild H\u00e1sk\u00f3la \u00cdslands R\u00e9ttindi til m\u00e1lflutnings&hellip; Continue reading Hrafnhildur Kristinsd\u00f3ttir\" \/>\n<meta property=\"og:url\" content=\"https:\/\/advel.is\/en\/home\/starfsfolk\/hrafnhildur-kristinsdottir\/\" \/>\n<meta property=\"og:site_name\" content=\"ADVEL\" \/>\n<meta property=\"article:modified_time\" content=\"2026-01-14T09:34:57+00:00\" \/>\n<meta property=\"og:image\" content=\"https:\/\/advel.is\/wp-content\/uploads\/2024\/09\/hrafnhildur.jpg\" \/>\n<meta name=\"twitter:card\" content=\"summary_large_image\" \/>\n<meta name=\"twitter:label1\" content=\"Est. reading time\" \/>\n\t<meta name=\"twitter:data1\" content=\"1 minute\" \/>\n<script type=\"application\/ld+json\" class=\"yoast-schema-graph\">{\"@context\":\"https:\/\/schema.org\",\"@graph\":[{\"@type\":\"WebPage\",\"@id\":\"https:\/\/advel.is\/home\/starfsfolk\/hrafnhildur-kristinsdottir\/\",\"url\":\"https:\/\/advel.is\/home\/starfsfolk\/hrafnhildur-kristinsdottir\/\",\"name\":\"Hrafnhildur Kristinsd\u00f3ttir - ADVEL\",\"isPartOf\":{\"@id\":\"https:\/\/advel.is\/#website\"},\"primaryImageOfPage\":{\"@id\":\"https:\/\/advel.is\/home\/starfsfolk\/hrafnhildur-kristinsdottir\/#primaryimage\"},\"image\":{\"@id\":\"https:\/\/advel.is\/home\/starfsfolk\/hrafnhildur-kristinsdottir\/#primaryimage\"},\"thumbnailUrl\":\"https:\/\/advel.is\/wp-content\/uploads\/2024\/09\/hrafnhildur.jpg\",\"datePublished\":\"2024-08-19T17:36:13+00:00\",\"dateModified\":\"2026-01-14T09:34:57+00:00\",\"breadcrumb\":{\"@id\":\"https:\/\/advel.is\/home\/starfsfolk\/hrafnhildur-kristinsdottir\/#breadcrumb\"},\"inLanguage\":\"en-US\",\"potentialAction\":[{\"@type\":\"ReadAction\",\"target\":[\"https:\/\/advel.is\/home\/starfsfolk\/hrafnhildur-kristinsdottir\/\"]}]},{\"@type\":\"ImageObject\",\"inLanguage\":\"en-US\",\"@id\":\"https:\/\/advel.is\/home\/starfsfolk\/hrafnhildur-kristinsdottir\/#primaryimage\",\"url\":\"https:\/\/advel.is\/wp-content\/uploads\/2024\/09\/hrafnhildur.jpg\",\"contentUrl\":\"https:\/\/advel.is\/wp-content\/uploads\/2024\/09\/hrafnhildur.jpg\"},{\"@type\":\"BreadcrumbList\",\"@id\":\"https:\/\/advel.is\/home\/starfsfolk\/hrafnhildur-kristinsdottir\/#breadcrumb\",\"itemListElement\":[{\"@type\":\"ListItem\",\"position\":1,\"name\":\"Heim\",\"item\":\"https:\/\/advel.is\/\"},{\"@type\":\"ListItem\",\"position\":2,\"name\":\"Starfsf\u00f3lk\",\"item\":\"https:\/\/advel.is\/home\/starfsfolk\/\"},{\"@type\":\"ListItem\",\"position\":3,\"name\":\"Hrafnhildur Kristinsd\u00f3ttir\"}]},{\"@type\":\"WebSite\",\"@id\":\"https:\/\/advel.is\/#website\",\"url\":\"https:\/\/advel.is\/\",\"name\":\"ADVEL\",\"description\":\"\",\"publisher\":{\"@id\":\"https:\/\/advel.is\/#organization\"},\"potentialAction\":[{\"@type\":\"SearchAction\",\"target\":{\"@type\":\"EntryPoint\",\"urlTemplate\":\"https:\/\/advel.is\/?s={search_term_string}\"},\"query-input\":{\"@type\":\"PropertyValueSpecification\",\"valueRequired\":true,\"valueName\":\"search_term_string\"}}],\"inLanguage\":\"en-US\"},{\"@type\":\"Organization\",\"@id\":\"https:\/\/advel.is\/#organization\",\"name\":\"ADVEL\",\"url\":\"https:\/\/advel.is\/\",\"logo\":{\"@type\":\"ImageObject\",\"inLanguage\":\"en-US\",\"@id\":\"https:\/\/advel.is\/#\/schema\/logo\/image\/\",\"url\":\"https:\/\/advel.is\/wp-content\/uploads\/2021\/06\/advel-litid.png\",\"contentUrl\":\"https:\/\/advel.is\/wp-content\/uploads\/2021\/06\/advel-litid.png\",\"width\":70,\"height\":64,\"caption\":\"ADVEL\"},\"image\":{\"@id\":\"https:\/\/advel.is\/#\/schema\/logo\/image\/\"}}]}<\/script>\n<!-- \/ Yoast SEO plugin. -->","yoast_head_json":{"title":"Hrafnhildur Kristinsd\u00f3ttir - ADVEL","robots":{"index":"index","follow":"follow","max-snippet":"max-snippet:-1","max-image-preview":"max-image-preview:large","max-video-preview":"max-video-preview:-1"},"canonical":"https:\/\/advel.is\/en\/home\/starfsfolk\/hrafnhildur-kristinsdottir\/","og_locale":"en_US","og_type":"article","og_title":"Hrafnhildur Kristinsd\u00f3ttir - ADVEL","og_description":"L\u00f6gma\u00f0ur \/ LL.M. \/ eigandi Hrafnhildur Kristinsd\u00f3ttir 520 2050 hrafnhildur@advel.is LinkedIn Starfsferill 2024 &#8211;\u00a0 ADVEL l\u00f6gmenn 2017 &#8211; 2024\u00a0 L\u00f6gfr\u00e6\u00f0ingur \u00e1 innri marka\u00f0ssvi\u00f0i Eftirlitsstofnunar EFTA 2014 &#8211; 2017\u00a0 ADVEL l\u00f6gmenn 2009 &#8211; 2014\u00a0 LOGOS l\u00f6gmanns\u00fej\u00f3nusta Menntun 2014\u00a0 LL.M. \u00ed Evr\u00f3pur\u00e9tti fr\u00e1 H\u00e1sk\u00f3lanum \u00ed Lundi, Sv\u00ed\u00fej\u00f3\u00f0 2008\u00a0 Meistaragr\u00e1\u00f0a (mag.jur.) fr\u00e1 lagadeild H\u00e1sk\u00f3la \u00cdslands R\u00e9ttindi til m\u00e1lflutnings&hellip; Continue reading Hrafnhildur Kristinsd\u00f3ttir","og_url":"https:\/\/advel.is\/en\/home\/starfsfolk\/hrafnhildur-kristinsdottir\/","og_site_name":"ADVEL","article_modified_time":"2026-01-14T09:34:57+00:00","og_image":[{"url":"https:\/\/advel.is\/wp-content\/uploads\/2024\/09\/hrafnhildur.jpg","type":"","width":"","height":""}],"twitter_card":"summary_large_image","twitter_misc":{"Est. reading time":"1 minute"},"schema":{"@context":"https:\/\/schema.org","@graph":[{"@type":"WebPage","@id":"https:\/\/advel.is\/home\/starfsfolk\/hrafnhildur-kristinsdottir\/","url":"https:\/\/advel.is\/home\/starfsfolk\/hrafnhildur-kristinsdottir\/","name":"Hrafnhildur Kristinsd\u00f3ttir - ADVEL","isPartOf":{"@id":"https:\/\/advel.is\/#website"},"primaryImageOfPage":{"@id":"https:\/\/advel.is\/home\/starfsfolk\/hrafnhildur-kristinsdottir\/#primaryimage"},"image":{"@id":"https:\/\/advel.is\/home\/starfsfolk\/hrafnhildur-kristinsdottir\/#primaryimage"},"thumbnailUrl":"https:\/\/advel.is\/wp-content\/uploads\/2024\/09\/hrafnhildur.jpg","datePublished":"2024-08-19T17:36:13+00:00","dateModified":"2026-01-14T09:34:57+00:00","breadcrumb":{"@id":"https:\/\/advel.is\/home\/starfsfolk\/hrafnhildur-kristinsdottir\/#breadcrumb"},"inLanguage":"en-US","potentialAction":[{"@type":"ReadAction","target":["https:\/\/advel.is\/home\/starfsfolk\/hrafnhildur-kristinsdottir\/"]}]},{"@type":"ImageObject","inLanguage":"en-US","@id":"https:\/\/advel.is\/home\/starfsfolk\/hrafnhildur-kristinsdottir\/#primaryimage","url":"https:\/\/advel.is\/wp-content\/uploads\/2024\/09\/hrafnhildur.jpg","contentUrl":"https:\/\/advel.is\/wp-content\/uploads\/2024\/09\/hrafnhildur.jpg"},{"@type":"BreadcrumbList","@id":"https:\/\/advel.is\/home\/starfsfolk\/hrafnhildur-kristinsdottir\/#breadcrumb","itemListElement":[{"@type":"ListItem","position":1,"name":"Heim","item":"https:\/\/advel.is\/"},{"@type":"ListItem","position":2,"name":"Starfsf\u00f3lk","item":"https:\/\/advel.is\/home\/starfsfolk\/"},{"@type":"ListItem","position":3,"name":"Hrafnhildur Kristinsd\u00f3ttir"}]},{"@type":"WebSite","@id":"https:\/\/advel.is\/#website","url":"https:\/\/advel.is\/","name":"ADVEL","description":"","publisher":{"@id":"https:\/\/advel.is\/#organization"},"potentialAction":[{"@type":"SearchAction","target":{"@type":"EntryPoint","urlTemplate":"https:\/\/advel.is\/?s={search_term_string}"},"query-input":{"@type":"PropertyValueSpecification","valueRequired":true,"valueName":"search_term_string"}}],"inLanguage":"en-US"},{"@type":"Organization","@id":"https:\/\/advel.is\/#organization","name":"ADVEL","url":"https:\/\/advel.is\/","logo":{"@type":"ImageObject","inLanguage":"en-US","@id":"https:\/\/advel.is\/#\/schema\/logo\/image\/","url":"https:\/\/advel.is\/wp-content\/uploads\/2021\/06\/advel-litid.png","contentUrl":"https:\/\/advel.is\/wp-content\/uploads\/2021\/06\/advel-litid.png","width":70,"height":64,"caption":"ADVEL"},"image":{"@id":"https:\/\/advel.is\/#\/schema\/logo\/image\/"}}]}},"brizy_media":[],"_links":{"self":[{"href":"https:\/\/advel.is\/en\/wp-json\/wp\/v2\/pages\/2492","targetHints":{"allow":["GET"]}}],"collection":[{"href":"https:\/\/advel.is\/en\/wp-json\/wp\/v2\/pages"}],"about":[{"href":"https:\/\/advel.is\/en\/wp-json\/wp\/v2\/types\/page"}],"author":[{"embeddable":true,"href":"https:\/\/advel.is\/en\/wp-json\/wp\/v2\/users\/1"}],"replies":[{"embeddable":true,"href":"https:\/\/advel.is\/en\/wp-json\/wp\/v2\/comments?post=2492"}],"version-history":[{"count":13,"href":"https:\/\/advel.is\/en\/wp-json\/wp\/v2\/pages\/2492\/revisions"}],"predecessor-version":[{"id":3192,"href":"https:\/\/advel.is\/en\/wp-json\/wp\/v2\/pages\/2492\/revisions\/3192"}],"up":[{"embeddable":true,"href":"https:\/\/advel.is\/en\/wp-json\/wp\/v2\/pages\/137"}],"wp:attachment":[{"href":"https:\/\/advel.is\/en\/wp-json\/wp\/v2\/media?parent=2492"}],"curies":[{"name":"wp","href":"https:\/\/api.w.org\/{rel}","templated":true}]}}