{"id":2316,"date":"2023-04-18T20:53:38","date_gmt":"2023-04-18T20:53:38","guid":{"rendered":"https:\/\/advel.is\/?page_id=2316"},"modified":"2025-06-16T13:50:01","modified_gmt":"2025-06-16T13:50:01","slug":"inga-lilja-asgeirsdottir","status":"publish","type":"page","link":"https:\/\/advel.is\/en\/home\/starfsfolk\/inga-lilja-asgeirsdottir\/","title":{"rendered":"Inga Lilja \u00c1sgeirsd\u00f3ttir"},"content":{"rendered":"<div data-elementor-type=\"wp-page\" data-elementor-id=\"2316\" class=\"elementor elementor-2316\" data-elementor-settings=\"[]\">\n\t\t\t\t\t\t\t<div class=\"elementor-section-wrap\">\n\t\t\t\t\t\t\t<section class=\"elementor-section elementor-top-section elementor-element elementor-element-4aeef47b elementor-section-boxed elementor-section-height-default elementor-section-height-default\" data-id=\"4aeef47b\" data-element_type=\"section\">\n\t\t\t\t\t\t<div class=\"elementor-container elementor-column-gap-default\">\n\t\t\t\t\t<div class=\"elementor-column elementor-col-100 elementor-top-column elementor-element elementor-element-f08f12f\" data-id=\"f08f12f\" data-element_type=\"column\">\n\t\t\t<div class=\"elementor-widget-wrap\">\n\t\t\t\t\t\t\t\t\t<\/div>\n\t\t<\/div>\n\t\t\t\t\t\t\t<\/div>\n\t\t<\/section>\n\t\t\t\t<section class=\"elementor-section elementor-top-section elementor-element elementor-element-62f7b3e9 elementor-section-boxed elementor-section-height-default elementor-section-height-default\" data-id=\"62f7b3e9\" data-element_type=\"section\" data-settings=\"{&quot;background_background&quot;:&quot;classic&quot;}\">\n\t\t\t\t\t\t<div class=\"elementor-container elementor-column-gap-default\">\n\t\t\t\t\t<div class=\"elementor-column elementor-col-50 elementor-top-column elementor-element elementor-element-4a0a979e\" data-id=\"4a0a979e\" data-element_type=\"column\" data-settings=\"{&quot;background_background&quot;:&quot;classic&quot;}\">\n\t\t\t<div class=\"elementor-widget-wrap elementor-element-populated\">\n\t\t\t\t\t\t\t\t<div class=\"elementor-element elementor-element-6c3d1967 elementor-widget elementor-widget-image\" data-id=\"6c3d1967\" data-element_type=\"widget\" data-widget_type=\"image.default\">\n\t\t\t\t<div class=\"elementor-widget-container\">\n\t\t\t\t\t\t\t\t\t\t\t\t\t\t\t<img loading=\"lazy\" decoding=\"async\" width=\"300\" height=\"400\" src=\"https:\/\/advel.is\/wp-content\/uploads\/2023\/08\/Inga-Lilja-Asgeirsdottr.jpg\" class=\"attachment-full size-full\" alt=\"Inga Lilja \u00c1sgeirsd\u00f3ttr\" srcset=\"https:\/\/advel.is\/wp-content\/uploads\/2023\/08\/Inga-Lilja-Asgeirsdottr.jpg 300w, https:\/\/advel.is\/wp-content\/uploads\/2023\/08\/Inga-Lilja-Asgeirsdottr-225x300.jpg 225w, https:\/\/advel.is\/wp-content\/uploads\/2023\/08\/Inga-Lilja-Asgeirsdottr-9x12.jpg 9w\" sizes=\"auto, (max-width: 300px) 100vw, 300px\" style=\"width:100%;height:133.33%;max-width:300px;\" \/>\t\t\t\t\t\t\t\t\t\t\t\t\t\t\t<\/div>\n\t\t\t\t<\/div>\n\t\t\t\t\t<\/div>\n\t\t<\/div>\n\t\t\t\t<div class=\"elementor-column elementor-col-50 elementor-top-column elementor-element elementor-element-2bcde159\" data-id=\"2bcde159\" data-element_type=\"column\" data-settings=\"{&quot;background_background&quot;:&quot;classic&quot;}\">\n\t\t\t<div class=\"elementor-widget-wrap elementor-element-populated\">\n\t\t\t\t\t<div class=\"elementor-background-overlay\"><\/div>\n\t\t\t\t\t\t\t\t<div class=\"elementor-element elementor-element-5eabe4a2 elementor-widget elementor-widget-heading\" data-id=\"5eabe4a2\" data-element_type=\"widget\" data-widget_type=\"heading.default\">\n\t\t\t\t<div class=\"elementor-widget-container\">\n\t\t\t<h4 class=\"elementor-heading-title elementor-size-default\">Lawyer \/ Associate<\/h4>\t\t<\/div>\n\t\t\t\t<\/div>\n\t\t\t\t<div class=\"elementor-element elementor-element-3926775c elementor-widget elementor-widget-heading\" data-id=\"3926775c\" data-element_type=\"widget\" data-widget_type=\"heading.default\">\n\t\t\t\t<div class=\"elementor-widget-container\">\n\t\t\t<h2 class=\"elementor-heading-title elementor-size-default\">Inga Lilja \u00c1sgeirsd\u00f3ttir<\/h2>\t\t<\/div>\n\t\t\t\t<\/div>\n\t\t\t\t<div class=\"elementor-element elementor-element-1d19cbd7 elementor-icon-list--layout-traditional elementor-list-item-link-full_width elementor-widget elementor-widget-icon-list\" data-id=\"1d19cbd7\" data-element_type=\"widget\" data-widget_type=\"icon-list.default\">\n\t\t\t\t<div class=\"elementor-widget-container\">\n\t\t\t\t\t<ul class=\"elementor-icon-list-items\">\n\t\t\t\t\t\t\t<li class=\"elementor-icon-list-item\">\n\t\t\t\t\t\t\t\t\t\t\t<span class=\"elementor-icon-list-icon\">\n\t\t\t\t\t\t\t<i aria-hidden=\"true\" class=\"fas fa-phone-square\"><\/i>\t\t\t\t\t\t<\/span>\n\t\t\t\t\t\t\t\t\t\t<span class=\"elementor-icon-list-text\">520 2050<\/span>\n\t\t\t\t\t\t\t\t\t<\/li>\n\t\t\t\t\t\t\t\t<li class=\"elementor-icon-list-item\">\n\t\t\t\t\t<a href=\"mailto:inga@advel.is\">\t\t\t\t\t\t<span class=\"elementor-icon-list-icon\">\n\t\t\t\t\t\t\t<i aria-hidden=\"true\" class=\"fas fa-at\"><\/i>\t\t\t\t\t\t<\/span>\n\t\t\t\t\t\t\t\t\t\t<span class=\"elementor-icon-list-text\">inga@advel.is<\/span>\n\t\t\t\t\t\t\t\t\t\t\t<\/a>\n\t\t\t\t\t\t\t\t\t<\/li>\n\t\t\t\t\t\t\t\t<li class=\"elementor-icon-list-item\">\n\t\t\t\t\t<a href=\"http:\/\/www.linkedin.com\/in\/inga-lilja-\u00e1sgeirsd\u00f3ttir-449785258\">\t\t\t\t\t\t<span class=\"elementor-icon-list-icon\">\n\t\t\t\t\t\t\t<i aria-hidden=\"true\" class=\"fab fa-linkedin\"><\/i>\t\t\t\t\t\t<\/span>\n\t\t\t\t\t\t\t\t\t\t<span class=\"elementor-icon-list-text\">LinkedIn<\/span>\n\t\t\t\t\t\t\t\t\t\t\t<\/a>\n\t\t\t\t\t\t\t\t\t<\/li>\n\t\t\t\t\t\t<\/ul>\n\t\t\t\t<\/div>\n\t\t\t\t<\/div>\n\t\t\t\t<div class=\"elementor-element elementor-element-1c0ac772 elementor-widget elementor-widget-text-editor\" data-id=\"1c0ac772\" data-element_type=\"widget\" data-widget_type=\"text-editor.default\">\n\t\t\t\t<div class=\"elementor-widget-container\">\n\t\t\t\t\t\t\t\t<h3>Career<\/h3>\t\t\t\t\t\t<\/div>\n\t\t\t\t<\/div>\n\t\t\t\t<div class=\"elementor-element elementor-element-351218f2 elementor-widget elementor-widget-text-editor\" data-id=\"351218f2\" data-element_type=\"widget\" data-widget_type=\"text-editor.default\">\n\t\t\t\t<div class=\"elementor-widget-container\">\n\t\t\t\t\t\t\t\t<p>2023 &#8211;\u00a0 ADVEL l\u00f6gmenn<\/p><p>2018 &#8211; 2023 Auglj\u00f3s Laser augnl\u00e6kningar<\/p>\t\t\t\t\t\t<\/div>\n\t\t\t\t<\/div>\n\t\t\t\t<div class=\"elementor-element elementor-element-78046e37 elementor-widget elementor-widget-text-editor\" data-id=\"78046e37\" data-element_type=\"widget\" data-widget_type=\"text-editor.default\">\n\t\t\t\t<div class=\"elementor-widget-container\">\n\t\t\t\t\t\t\t\t<h3>Education<\/h3>\n<div>2025 Mag.jur, University of Iceland<br>2024 Erasmus Exchange at Paris Lodron University of Salzburg, Austria<\/div>\n<div>2023 BA in Law, University of Iceland<\/div>\t\t\t\t\t\t<\/div>\n\t\t\t\t<\/div>\n\t\t\t\t<div class=\"elementor-element elementor-element-4175fe06 elementor-widget elementor-widget-text-editor\" data-id=\"4175fe06\" data-element_type=\"widget\" data-widget_type=\"text-editor.default\">\n\t\t\t\t<div class=\"elementor-widget-container\">\n\t\t\t\t\t\t\t\t<h3>Admitted to practice before<\/h3><div>\u00a0<\/div>\t\t\t\t\t\t<\/div>\n\t\t\t\t<\/div>\n\t\t\t\t<div class=\"elementor-element elementor-element-6c749e9c elementor-widget elementor-widget-text-editor\" data-id=\"6c749e9c\" data-element_type=\"widget\" data-widget_type=\"text-editor.default\">\n\t\t\t\t<div class=\"elementor-widget-container\">\n\t\t\t\t\t\t\t\t<h3>Practice areas<\/h3><div>EEA and European law, company law, financial markets, contracts law, competition law and energy law.<\/div>\t\t\t\t\t\t<\/div>\n\t\t\t\t<\/div>\n\t\t\t\t<div class=\"elementor-element elementor-element-5728b8a4 elementor-widget elementor-widget-text-editor\" data-id=\"5728b8a4\" data-element_type=\"widget\" data-widget_type=\"text-editor.default\">\n\t\t\t\t<div class=\"elementor-widget-container\">\n\t\t\t\t\t\t\t\t<h3>Languages<\/h3><div>English and German<\/div>\t\t\t\t\t\t<\/div>\n\t\t\t\t<\/div>\n\t\t\t\t\t<\/div>\n\t\t<\/div>\n\t\t\t\t\t\t\t<\/div>\n\t\t<\/section>\n\t\t\t\t\t\t<\/div>\n\t\t\t\t\t<\/div>","protected":false},"excerpt":{"rendered":"<p>L\u00f6gfr\u00e6\u00f0ingur Inga Lilja \u00c1sgeirsd\u00f3ttir 520 2050 inga@advel.is LinkedIn Starfsferill 2023 &#8211;\u00a0 ADVEL l\u00f6gmenn 2018 &#8211; 2023 Auglj\u00f3s Laser augnl\u00e6kningar Menntun 2025 Mag.jur fr\u00e1 H\u00e1sk\u00f3la \u00cdslands2024 Skiptin\u00e1m vi\u00f0 Paris Lodron University of Salzburg, Austurr\u00edki 2023 BA \u00ed l\u00f6gfr\u00e6\u00f0i vi\u00f0 H\u00e1sk\u00f3la \u00cdslands R\u00e9ttindi til m\u00e1lflutnings fyrir \u00a0 Helstu starfssvi\u00f0 EES og Evr\u00f3pur\u00e9ttur, f\u00e9lagar\u00e9ttur, fj\u00e1rm\u00e1lamarka\u00f0sr\u00e9ttur, samningar\u00e9ttur, samkeppnisr\u00e9ttur og&hellip; <a class=\"more-link\" href=\"https:\/\/advel.is\/en\/home\/starfsfolk\/inga-lilja-asgeirsdottir\/\">Continue reading <span class=\"screen-reader-text\">Inga Lilja \u00c1sgeirsd\u00f3ttir<\/span><\/a><\/p>","protected":false},"author":1,"featured_media":0,"parent":137,"menu_order":0,"comment_status":"closed","ping_status":"closed","template":"","meta":{"_acf_changed":false,"footnotes":""},"class_list":["post-2316","page","type-page","status-publish","hentry","entry"],"acf":[],"yoast_head":"<!-- This site is optimized with the Yoast SEO plugin v26.9 - https:\/\/yoast.com\/product\/yoast-seo-wordpress\/ -->\n<title>Inga Lilja \u00c1sgeirsd\u00f3ttir - ADVEL<\/title>\n<meta name=\"robots\" content=\"index, follow, max-snippet:-1, max-image-preview:large, max-video-preview:-1\" \/>\n<link rel=\"canonical\" href=\"https:\/\/advel.is\/en\/home\/starfsfolk\/inga-lilja-asgeirsdottir\/\" \/>\n<meta property=\"og:locale\" content=\"en_US\" \/>\n<meta property=\"og:type\" content=\"article\" \/>\n<meta property=\"og:title\" content=\"Inga Lilja \u00c1sgeirsd\u00f3ttir - ADVEL\" \/>\n<meta property=\"og:description\" content=\"L\u00f6gfr\u00e6\u00f0ingur Inga Lilja \u00c1sgeirsd\u00f3ttir 520 2050 inga@advel.is LinkedIn Starfsferill 2023 &#8211;\u00a0 ADVEL l\u00f6gmenn 2018 &#8211; 2023 Auglj\u00f3s Laser augnl\u00e6kningar Menntun 2025 Mag.jur fr\u00e1 H\u00e1sk\u00f3la \u00cdslands2024 Skiptin\u00e1m vi\u00f0 Paris Lodron University of Salzburg, Austurr\u00edki 2023 BA \u00ed l\u00f6gfr\u00e6\u00f0i vi\u00f0 H\u00e1sk\u00f3la \u00cdslands R\u00e9ttindi til m\u00e1lflutnings fyrir \u00a0 Helstu starfssvi\u00f0 EES og Evr\u00f3pur\u00e9ttur, f\u00e9lagar\u00e9ttur, fj\u00e1rm\u00e1lamarka\u00f0sr\u00e9ttur, samningar\u00e9ttur, samkeppnisr\u00e9ttur og&hellip; Continue reading Inga Lilja \u00c1sgeirsd\u00f3ttir\" \/>\n<meta property=\"og:url\" content=\"https:\/\/advel.is\/en\/home\/starfsfolk\/inga-lilja-asgeirsdottir\/\" \/>\n<meta property=\"og:site_name\" content=\"ADVEL\" \/>\n<meta property=\"article:modified_time\" content=\"2025-06-16T13:50:01+00:00\" \/>\n<meta property=\"og:image\" content=\"https:\/\/advel.is\/wp-content\/uploads\/2023\/08\/Inga-Lilja-Asgeirsdottr.jpg\" \/>\n<meta name=\"twitter:card\" content=\"summary_large_image\" \/>\n<meta name=\"twitter:label1\" content=\"Est. reading time\" \/>\n\t<meta name=\"twitter:data1\" content=\"1 minute\" \/>\n<script type=\"application\/ld+json\" class=\"yoast-schema-graph\">{\"@context\":\"https:\/\/schema.org\",\"@graph\":[{\"@type\":\"WebPage\",\"@id\":\"https:\/\/advel.is\/home\/starfsfolk\/inga-lilja-asgeirsdottir\/\",\"url\":\"https:\/\/advel.is\/home\/starfsfolk\/inga-lilja-asgeirsdottir\/\",\"name\":\"Inga Lilja \u00c1sgeirsd\u00f3ttir - ADVEL\",\"isPartOf\":{\"@id\":\"https:\/\/advel.is\/#website\"},\"primaryImageOfPage\":{\"@id\":\"https:\/\/advel.is\/home\/starfsfolk\/inga-lilja-asgeirsdottir\/#primaryimage\"},\"image\":{\"@id\":\"https:\/\/advel.is\/home\/starfsfolk\/inga-lilja-asgeirsdottir\/#primaryimage\"},\"thumbnailUrl\":\"https:\/\/advel.is\/wp-content\/uploads\/2023\/08\/Inga-Lilja-Asgeirsdottr.jpg\",\"datePublished\":\"2023-04-18T20:53:38+00:00\",\"dateModified\":\"2025-06-16T13:50:01+00:00\",\"breadcrumb\":{\"@id\":\"https:\/\/advel.is\/home\/starfsfolk\/inga-lilja-asgeirsdottir\/#breadcrumb\"},\"inLanguage\":\"en-US\",\"potentialAction\":[{\"@type\":\"ReadAction\",\"target\":[\"https:\/\/advel.is\/home\/starfsfolk\/inga-lilja-asgeirsdottir\/\"]}]},{\"@type\":\"ImageObject\",\"inLanguage\":\"en-US\",\"@id\":\"https:\/\/advel.is\/home\/starfsfolk\/inga-lilja-asgeirsdottir\/#primaryimage\",\"url\":\"https:\/\/advel.is\/wp-content\/uploads\/2023\/08\/Inga-Lilja-Asgeirsdottr.jpg\",\"contentUrl\":\"https:\/\/advel.is\/wp-content\/uploads\/2023\/08\/Inga-Lilja-Asgeirsdottr.jpg\"},{\"@type\":\"BreadcrumbList\",\"@id\":\"https:\/\/advel.is\/home\/starfsfolk\/inga-lilja-asgeirsdottir\/#breadcrumb\",\"itemListElement\":[{\"@type\":\"ListItem\",\"position\":1,\"name\":\"Heim\",\"item\":\"https:\/\/advel.is\/\"},{\"@type\":\"ListItem\",\"position\":2,\"name\":\"Starfsf\u00f3lk\",\"item\":\"https:\/\/advel.is\/home\/starfsfolk\/\"},{\"@type\":\"ListItem\",\"position\":3,\"name\":\"Inga Lilja \u00c1sgeirsd\u00f3ttir\"}]},{\"@type\":\"WebSite\",\"@id\":\"https:\/\/advel.is\/#website\",\"url\":\"https:\/\/advel.is\/\",\"name\":\"ADVEL\",\"description\":\"\",\"publisher\":{\"@id\":\"https:\/\/advel.is\/#organization\"},\"potentialAction\":[{\"@type\":\"SearchAction\",\"target\":{\"@type\":\"EntryPoint\",\"urlTemplate\":\"https:\/\/advel.is\/?s={search_term_string}\"},\"query-input\":{\"@type\":\"PropertyValueSpecification\",\"valueRequired\":true,\"valueName\":\"search_term_string\"}}],\"inLanguage\":\"en-US\"},{\"@type\":\"Organization\",\"@id\":\"https:\/\/advel.is\/#organization\",\"name\":\"ADVEL\",\"url\":\"https:\/\/advel.is\/\",\"logo\":{\"@type\":\"ImageObject\",\"inLanguage\":\"en-US\",\"@id\":\"https:\/\/advel.is\/#\/schema\/logo\/image\/\",\"url\":\"https:\/\/advel.is\/wp-content\/uploads\/2021\/06\/advel-litid.png\",\"contentUrl\":\"https:\/\/advel.is\/wp-content\/uploads\/2021\/06\/advel-litid.png\",\"width\":70,\"height\":64,\"caption\":\"ADVEL\"},\"image\":{\"@id\":\"https:\/\/advel.is\/#\/schema\/logo\/image\/\"}}]}<\/script>\n<!-- \/ Yoast SEO plugin. -->","yoast_head_json":{"title":"Inga Lilja \u00c1sgeirsd\u00f3ttir - ADVEL","robots":{"index":"index","follow":"follow","max-snippet":"max-snippet:-1","max-image-preview":"max-image-preview:large","max-video-preview":"max-video-preview:-1"},"canonical":"https:\/\/advel.is\/en\/home\/starfsfolk\/inga-lilja-asgeirsdottir\/","og_locale":"en_US","og_type":"article","og_title":"Inga Lilja \u00c1sgeirsd\u00f3ttir - ADVEL","og_description":"L\u00f6gfr\u00e6\u00f0ingur Inga Lilja \u00c1sgeirsd\u00f3ttir 520 2050 inga@advel.is LinkedIn Starfsferill 2023 &#8211;\u00a0 ADVEL l\u00f6gmenn 2018 &#8211; 2023 Auglj\u00f3s Laser augnl\u00e6kningar Menntun 2025 Mag.jur fr\u00e1 H\u00e1sk\u00f3la \u00cdslands2024 Skiptin\u00e1m vi\u00f0 Paris Lodron University of Salzburg, Austurr\u00edki 2023 BA \u00ed l\u00f6gfr\u00e6\u00f0i vi\u00f0 H\u00e1sk\u00f3la \u00cdslands R\u00e9ttindi til m\u00e1lflutnings fyrir \u00a0 Helstu starfssvi\u00f0 EES og Evr\u00f3pur\u00e9ttur, f\u00e9lagar\u00e9ttur, fj\u00e1rm\u00e1lamarka\u00f0sr\u00e9ttur, samningar\u00e9ttur, samkeppnisr\u00e9ttur og&hellip; Continue reading Inga Lilja \u00c1sgeirsd\u00f3ttir","og_url":"https:\/\/advel.is\/en\/home\/starfsfolk\/inga-lilja-asgeirsdottir\/","og_site_name":"ADVEL","article_modified_time":"2025-06-16T13:50:01+00:00","og_image":[{"url":"https:\/\/advel.is\/wp-content\/uploads\/2023\/08\/Inga-Lilja-Asgeirsdottr.jpg","type":"","width":"","height":""}],"twitter_card":"summary_large_image","twitter_misc":{"Est. reading time":"1 minute"},"schema":{"@context":"https:\/\/schema.org","@graph":[{"@type":"WebPage","@id":"https:\/\/advel.is\/home\/starfsfolk\/inga-lilja-asgeirsdottir\/","url":"https:\/\/advel.is\/home\/starfsfolk\/inga-lilja-asgeirsdottir\/","name":"Inga Lilja \u00c1sgeirsd\u00f3ttir - ADVEL","isPartOf":{"@id":"https:\/\/advel.is\/#website"},"primaryImageOfPage":{"@id":"https:\/\/advel.is\/home\/starfsfolk\/inga-lilja-asgeirsdottir\/#primaryimage"},"image":{"@id":"https:\/\/advel.is\/home\/starfsfolk\/inga-lilja-asgeirsdottir\/#primaryimage"},"thumbnailUrl":"https:\/\/advel.is\/wp-content\/uploads\/2023\/08\/Inga-Lilja-Asgeirsdottr.jpg","datePublished":"2023-04-18T20:53:38+00:00","dateModified":"2025-06-16T13:50:01+00:00","breadcrumb":{"@id":"https:\/\/advel.is\/home\/starfsfolk\/inga-lilja-asgeirsdottir\/#breadcrumb"},"inLanguage":"en-US","potentialAction":[{"@type":"ReadAction","target":["https:\/\/advel.is\/home\/starfsfolk\/inga-lilja-asgeirsdottir\/"]}]},{"@type":"ImageObject","inLanguage":"en-US","@id":"https:\/\/advel.is\/home\/starfsfolk\/inga-lilja-asgeirsdottir\/#primaryimage","url":"https:\/\/advel.is\/wp-content\/uploads\/2023\/08\/Inga-Lilja-Asgeirsdottr.jpg","contentUrl":"https:\/\/advel.is\/wp-content\/uploads\/2023\/08\/Inga-Lilja-Asgeirsdottr.jpg"},{"@type":"BreadcrumbList","@id":"https:\/\/advel.is\/home\/starfsfolk\/inga-lilja-asgeirsdottir\/#breadcrumb","itemListElement":[{"@type":"ListItem","position":1,"name":"Heim","item":"https:\/\/advel.is\/"},{"@type":"ListItem","position":2,"name":"Starfsf\u00f3lk","item":"https:\/\/advel.is\/home\/starfsfolk\/"},{"@type":"ListItem","position":3,"name":"Inga Lilja \u00c1sgeirsd\u00f3ttir"}]},{"@type":"WebSite","@id":"https:\/\/advel.is\/#website","url":"https:\/\/advel.is\/","name":"ADVEL","description":"","publisher":{"@id":"https:\/\/advel.is\/#organization"},"potentialAction":[{"@type":"SearchAction","target":{"@type":"EntryPoint","urlTemplate":"https:\/\/advel.is\/?s={search_term_string}"},"query-input":{"@type":"PropertyValueSpecification","valueRequired":true,"valueName":"search_term_string"}}],"inLanguage":"en-US"},{"@type":"Organization","@id":"https:\/\/advel.is\/#organization","name":"ADVEL","url":"https:\/\/advel.is\/","logo":{"@type":"ImageObject","inLanguage":"en-US","@id":"https:\/\/advel.is\/#\/schema\/logo\/image\/","url":"https:\/\/advel.is\/wp-content\/uploads\/2021\/06\/advel-litid.png","contentUrl":"https:\/\/advel.is\/wp-content\/uploads\/2021\/06\/advel-litid.png","width":70,"height":64,"caption":"ADVEL"},"image":{"@id":"https:\/\/advel.is\/#\/schema\/logo\/image\/"}}]}},"brizy_media":[],"_links":{"self":[{"href":"https:\/\/advel.is\/en\/wp-json\/wp\/v2\/pages\/2316","targetHints":{"allow":["GET"]}}],"collection":[{"href":"https:\/\/advel.is\/en\/wp-json\/wp\/v2\/pages"}],"about":[{"href":"https:\/\/advel.is\/en\/wp-json\/wp\/v2\/types\/page"}],"author":[{"embeddable":true,"href":"https:\/\/advel.is\/en\/wp-json\/wp\/v2\/users\/1"}],"replies":[{"embeddable":true,"href":"https:\/\/advel.is\/en\/wp-json\/wp\/v2\/comments?post=2316"}],"version-history":[{"count":52,"href":"https:\/\/advel.is\/en\/wp-json\/wp\/v2\/pages\/2316\/revisions"}],"predecessor-version":[{"id":2706,"href":"https:\/\/advel.is\/en\/wp-json\/wp\/v2\/pages\/2316\/revisions\/2706"}],"up":[{"embeddable":true,"href":"https:\/\/advel.is\/en\/wp-json\/wp\/v2\/pages\/137"}],"wp:attachment":[{"href":"https:\/\/advel.is\/en\/wp-json\/wp\/v2\/media?parent=2316"}],"curies":[{"name":"wp","href":"https:\/\/api.w.org\/{rel}","templated":true}]}}