{"id":2251,"date":"2022-11-29T19:45:17","date_gmt":"2022-11-29T19:45:17","guid":{"rendered":"https:\/\/advel.is\/?page_id=2251"},"modified":"2025-06-16T12:35:47","modified_gmt":"2025-06-16T12:35:47","slug":"vilhjalmur-hrafn-stefansson","status":"publish","type":"page","link":"https:\/\/advel.is\/en\/home\/starfsfolk\/vilhjalmur-hrafn-stefansson\/","title":{"rendered":"Vilhj\u00e1lmur Hrafn Stef\u00e1nsson"},"content":{"rendered":"<div data-elementor-type=\"wp-page\" data-elementor-id=\"2251\" class=\"elementor elementor-2251\" data-elementor-settings=\"[]\">\n\t\t\t\t\t\t\t<div class=\"elementor-section-wrap\">\n\t\t\t\t\t\t\t<section class=\"elementor-section elementor-top-section elementor-element elementor-element-4c740d85 elementor-section-boxed elementor-section-height-default elementor-section-height-default\" data-id=\"4c740d85\" data-element_type=\"section\">\n\t\t\t\t\t\t<div class=\"elementor-container elementor-column-gap-default\">\n\t\t\t\t\t<div class=\"elementor-column elementor-col-100 elementor-top-column elementor-element elementor-element-9fc1338\" data-id=\"9fc1338\" data-element_type=\"column\">\n\t\t\t<div class=\"elementor-widget-wrap\">\n\t\t\t\t\t\t\t\t\t<\/div>\n\t\t<\/div>\n\t\t\t\t\t\t\t<\/div>\n\t\t<\/section>\n\t\t\t\t<section class=\"elementor-section elementor-top-section elementor-element elementor-element-7c15d399 elementor-section-boxed elementor-section-height-default elementor-section-height-default\" data-id=\"7c15d399\" data-element_type=\"section\" data-settings=\"{&quot;background_background&quot;:&quot;classic&quot;}\">\n\t\t\t\t\t\t<div class=\"elementor-container elementor-column-gap-default\">\n\t\t\t\t\t<div class=\"elementor-column elementor-col-50 elementor-top-column elementor-element elementor-element-58fb3e10\" data-id=\"58fb3e10\" data-element_type=\"column\" data-settings=\"{&quot;background_background&quot;:&quot;classic&quot;}\">\n\t\t\t<div class=\"elementor-widget-wrap elementor-element-populated\">\n\t\t\t\t\t\t\t\t<div class=\"elementor-element elementor-element-2696cc67 elementor-widget elementor-widget-image\" data-id=\"2696cc67\" data-element_type=\"widget\" data-widget_type=\"image.default\">\n\t\t\t\t<div class=\"elementor-widget-container\">\n\t\t\t\t\t\t\t\t\t\t\t\t\t\t\t<img loading=\"lazy\" decoding=\"async\" width=\"300\" height=\"400\" src=\"https:\/\/advel.is\/wp-content\/uploads\/2025\/01\/vilhjalmur-hrafn.jpg\" class=\"attachment-full size-full\" alt=\"Vilhj\u00e1lmur Hrafn Stef\u00e1nsson\" srcset=\"https:\/\/advel.is\/wp-content\/uploads\/2025\/01\/vilhjalmur-hrafn.jpg 300w, https:\/\/advel.is\/wp-content\/uploads\/2025\/01\/vilhjalmur-hrafn-225x300.jpg 225w, https:\/\/advel.is\/wp-content\/uploads\/2025\/01\/vilhjalmur-hrafn-9x12.jpg 9w\" sizes=\"auto, (max-width: 300px) 100vw, 300px\" style=\"width:100%;height:133.33%;max-width:300px;\" \/>\t\t\t\t\t\t\t\t\t\t\t\t\t\t\t<\/div>\n\t\t\t\t<\/div>\n\t\t\t\t\t<\/div>\n\t\t<\/div>\n\t\t\t\t<div class=\"elementor-column elementor-col-50 elementor-top-column elementor-element elementor-element-78615252\" data-id=\"78615252\" data-element_type=\"column\" data-settings=\"{&quot;background_background&quot;:&quot;classic&quot;}\">\n\t\t\t<div class=\"elementor-widget-wrap elementor-element-populated\">\n\t\t\t\t\t<div class=\"elementor-background-overlay\"><\/div>\n\t\t\t\t\t\t\t\t<div class=\"elementor-element elementor-element-6bf6e6d5 elementor-widget elementor-widget-heading\" data-id=\"6bf6e6d5\" data-element_type=\"widget\" data-widget_type=\"heading.default\">\n\t\t\t\t<div class=\"elementor-widget-container\">\n\t\t\t<h4 class=\"elementor-heading-title elementor-size-default\">Lawyer \/ Associate<\/h4>\t\t<\/div>\n\t\t\t\t<\/div>\n\t\t\t\t<div class=\"elementor-element elementor-element-623ccb21 elementor-widget elementor-widget-heading\" data-id=\"623ccb21\" data-element_type=\"widget\" data-widget_type=\"heading.default\">\n\t\t\t\t<div class=\"elementor-widget-container\">\n\t\t\t<h2 class=\"elementor-heading-title elementor-size-default\">Vilhj\u00e1lmur Hrafn Stef\u00e1nsson<\/h2>\t\t<\/div>\n\t\t\t\t<\/div>\n\t\t\t\t<div class=\"elementor-element elementor-element-18442e92 elementor-icon-list--layout-traditional elementor-list-item-link-full_width elementor-widget elementor-widget-icon-list\" data-id=\"18442e92\" data-element_type=\"widget\" data-widget_type=\"icon-list.default\">\n\t\t\t\t<div class=\"elementor-widget-container\">\n\t\t\t\t\t<ul class=\"elementor-icon-list-items\">\n\t\t\t\t\t\t\t<li class=\"elementor-icon-list-item\">\n\t\t\t\t\t\t\t\t\t\t\t<span class=\"elementor-icon-list-icon\">\n\t\t\t\t\t\t\t<i aria-hidden=\"true\" class=\"fas fa-phone-square\"><\/i>\t\t\t\t\t\t<\/span>\n\t\t\t\t\t\t\t\t\t\t<span class=\"elementor-icon-list-text\">520 2050<\/span>\n\t\t\t\t\t\t\t\t\t<\/li>\n\t\t\t\t\t\t\t\t<li class=\"elementor-icon-list-item\">\n\t\t\t\t\t<a href=\"mailto:vilhjalmur@advel.is\">\t\t\t\t\t\t<span class=\"elementor-icon-list-icon\">\n\t\t\t\t\t\t\t<i aria-hidden=\"true\" class=\"fas fa-at\"><\/i>\t\t\t\t\t\t<\/span>\n\t\t\t\t\t\t\t\t\t\t<span class=\"elementor-icon-list-text\">vilhjalmur@advel.is<\/span>\n\t\t\t\t\t\t\t\t\t\t\t<\/a>\n\t\t\t\t\t\t\t\t\t<\/li>\n\t\t\t\t\t\t\t\t<li class=\"elementor-icon-list-item\">\n\t\t\t\t\t<a href=\"https:\/\/www.linkedin.com\/in\/vilhj%C3%A1lmur-hrafn-stef%C3%A1nsson-6b6223345\/\">\t\t\t\t\t\t<span class=\"elementor-icon-list-icon\">\n\t\t\t\t\t\t\t<i aria-hidden=\"true\" class=\"fab fa-linkedin\"><\/i>\t\t\t\t\t\t<\/span>\n\t\t\t\t\t\t\t\t\t\t<span class=\"elementor-icon-list-text\">LinkedIn<\/span>\n\t\t\t\t\t\t\t\t\t\t\t<\/a>\n\t\t\t\t\t\t\t\t\t<\/li>\n\t\t\t\t\t\t<\/ul>\n\t\t\t\t<\/div>\n\t\t\t\t<\/div>\n\t\t\t\t<div class=\"elementor-element elementor-element-6a872c31 elementor-widget elementor-widget-text-editor\" data-id=\"6a872c31\" data-element_type=\"widget\" data-widget_type=\"text-editor.default\">\n\t\t\t\t<div class=\"elementor-widget-container\">\n\t\t\t\t\t\t\t\t<h3>Career<\/h3>\t\t\t\t\t\t<\/div>\n\t\t\t\t<\/div>\n\t\t\t\t<div class=\"elementor-element elementor-element-de0d248 elementor-widget elementor-widget-text-editor\" data-id=\"de0d248\" data-element_type=\"widget\" data-widget_type=\"text-editor.default\">\n\t\t\t\t<div class=\"elementor-widget-container\">\n\t\t\t\t\t\t\t\t<p>2025 &#8211;\u00a0 ADVEL l\u00f6gmenn<\/p><p>2022 &#8211; Landsbankinn hf.<\/p>\t\t\t\t\t\t<\/div>\n\t\t\t\t<\/div>\n\t\t\t\t<div class=\"elementor-element elementor-element-60c16906 elementor-widget elementor-widget-text-editor\" data-id=\"60c16906\" data-element_type=\"widget\" data-widget_type=\"text-editor.default\">\n\t\t\t\t<div class=\"elementor-widget-container\">\n\t\t\t\t\t\t\t\t<h3>Education<\/h3><div>2025 &#8211; ML \u00ed l\u00f6gfr\u00e6\u00f0i fr\u00e1 H\u00e1sk\u00f3lanum \u00ed Reykjav\u00edk<br \/>2023 &#8211; BA \u00ed l\u00f6gfr\u00e6\u00f0i fr\u00e1 H\u00e1sk\u00f3lanum \u00ed Reykjav\u00edk<\/div>\t\t\t\t\t\t<\/div>\n\t\t\t\t<\/div>\n\t\t\t\t<div class=\"elementor-element elementor-element-484c1d1b elementor-widget elementor-widget-text-editor\" data-id=\"484c1d1b\" data-element_type=\"widget\" data-widget_type=\"text-editor.default\">\n\t\t\t\t<div class=\"elementor-widget-container\">\n\t\t\t\t\t\t\t\t<h3>Admitted to practice before<\/h3><div>\u00a0<\/div>\t\t\t\t\t\t<\/div>\n\t\t\t\t<\/div>\n\t\t\t\t<div class=\"elementor-element elementor-element-3dff414d elementor-widget elementor-widget-text-editor\" data-id=\"3dff414d\" data-element_type=\"widget\" data-widget_type=\"text-editor.default\">\n\t\t\t\t<div class=\"elementor-widget-container\">\n\t\t\t\t\t\t\t\t<h3>Practice areas<\/h3><div>\u00a0F\u00e9lagar\u00e9ttur, samningar\u00e9ttur, skattar\u00e9ttur, fj\u00e1rm\u00e1lamarka\u00f0sr\u00e9ttur<\/div>\t\t\t\t\t\t<\/div>\n\t\t\t\t<\/div>\n\t\t\t\t<div class=\"elementor-element elementor-element-380d715c elementor-widget elementor-widget-text-editor\" data-id=\"380d715c\" data-element_type=\"widget\" data-widget_type=\"text-editor.default\">\n\t\t\t\t<div class=\"elementor-widget-container\">\n\t\t\t\t\t\t\t\t<h3>Languages<\/h3><div>English<\/div>\t\t\t\t\t\t<\/div>\n\t\t\t\t<\/div>\n\t\t\t\t\t<\/div>\n\t\t<\/div>\n\t\t\t\t\t\t\t<\/div>\n\t\t<\/section>\n\t\t\t\t\t\t<\/div>\n\t\t\t\t\t<\/div>","protected":false},"excerpt":{"rendered":"<p>L\u00f6gfr\u00e6\u00f0ingur Vilhj\u00e1lmur Hrafn Stef\u00e1nsson 520 2050 vilhjalmur@advel.is LinkedIn Starfsferill 2025 &#8211;\u00a0 ADVEL l\u00f6gmenn 2022 &#8211; Landsbankinn hf. Menntun 2025 &#8211; ML \u00ed l\u00f6gfr\u00e6\u00f0i fr\u00e1 H\u00e1sk\u00f3lanum \u00ed Reykjav\u00edk2023 &#8211; BA \u00ed l\u00f6gfr\u00e6\u00f0i fr\u00e1 H\u00e1sk\u00f3lanum \u00ed Reykjav\u00edk R\u00e9ttindi til m\u00e1lflutnings fyrir \u00a0 Helstu starfssvi\u00f0 \u00a0F\u00e9lagar\u00e9ttur, samningar\u00e9ttur, skattar\u00e9ttur, fj\u00e1rm\u00e1lamarka\u00f0sr\u00e9ttur Tungum\u00e1l Enska<\/p>","protected":false},"author":1,"featured_media":0,"parent":137,"menu_order":0,"comment_status":"closed","ping_status":"closed","template":"","meta":{"_acf_changed":false,"footnotes":""},"class_list":["post-2251","page","type-page","status-publish","hentry","entry"],"acf":[],"yoast_head":"<!-- This site is optimized with the Yoast SEO plugin v27.3 - https:\/\/yoast.com\/product\/yoast-seo-wordpress\/ -->\n<title>Vilhj\u00e1lmur Hrafn Stef\u00e1nsson - ADVEL<\/title>\n<meta name=\"robots\" content=\"index, follow, max-snippet:-1, max-image-preview:large, max-video-preview:-1\" \/>\n<link rel=\"canonical\" href=\"https:\/\/advel.is\/en\/home\/starfsfolk\/vilhjalmur-hrafn-stefansson\/\" \/>\n<meta property=\"og:locale\" content=\"en_US\" \/>\n<meta property=\"og:type\" content=\"article\" \/>\n<meta property=\"og:title\" content=\"Vilhj\u00e1lmur Hrafn Stef\u00e1nsson - ADVEL\" \/>\n<meta property=\"og:description\" content=\"L\u00f6gfr\u00e6\u00f0ingur Vilhj\u00e1lmur Hrafn Stef\u00e1nsson 520 2050 vilhjalmur@advel.is LinkedIn Starfsferill 2025 &#8211;\u00a0 ADVEL l\u00f6gmenn 2022 &#8211; Landsbankinn hf. Menntun 2025 &#8211; ML \u00ed l\u00f6gfr\u00e6\u00f0i fr\u00e1 H\u00e1sk\u00f3lanum \u00ed Reykjav\u00edk2023 &#8211; BA \u00ed l\u00f6gfr\u00e6\u00f0i fr\u00e1 H\u00e1sk\u00f3lanum \u00ed Reykjav\u00edk R\u00e9ttindi til m\u00e1lflutnings fyrir \u00a0 Helstu starfssvi\u00f0 \u00a0F\u00e9lagar\u00e9ttur, samningar\u00e9ttur, skattar\u00e9ttur, fj\u00e1rm\u00e1lamarka\u00f0sr\u00e9ttur Tungum\u00e1l Enska\" \/>\n<meta property=\"og:url\" content=\"https:\/\/advel.is\/en\/home\/starfsfolk\/vilhjalmur-hrafn-stefansson\/\" \/>\n<meta property=\"og:site_name\" content=\"ADVEL\" \/>\n<meta property=\"article:modified_time\" content=\"2025-06-16T12:35:47+00:00\" \/>\n<meta property=\"og:image\" content=\"https:\/\/advel.is\/wp-content\/uploads\/2025\/01\/vilhjalmur-hrafn.jpg\" \/>\n<meta name=\"twitter:card\" content=\"summary_large_image\" \/>\n<meta name=\"twitter:label1\" content=\"Est. reading time\" \/>\n\t<meta name=\"twitter:data1\" content=\"1 minute\" \/>\n<script type=\"application\/ld+json\" class=\"yoast-schema-graph\">{\"@context\":\"https:\\\/\\\/schema.org\",\"@graph\":[{\"@type\":\"WebPage\",\"@id\":\"https:\\\/\\\/advel.is\\\/home\\\/starfsfolk\\\/vilhjalmur-hrafn-stefansson\\\/\",\"url\":\"https:\\\/\\\/advel.is\\\/home\\\/starfsfolk\\\/vilhjalmur-hrafn-stefansson\\\/\",\"name\":\"Vilhj\u00e1lmur Hrafn Stef\u00e1nsson - ADVEL\",\"isPartOf\":{\"@id\":\"https:\\\/\\\/advel.is\\\/#website\"},\"primaryImageOfPage\":{\"@id\":\"https:\\\/\\\/advel.is\\\/home\\\/starfsfolk\\\/vilhjalmur-hrafn-stefansson\\\/#primaryimage\"},\"image\":{\"@id\":\"https:\\\/\\\/advel.is\\\/home\\\/starfsfolk\\\/vilhjalmur-hrafn-stefansson\\\/#primaryimage\"},\"thumbnailUrl\":\"https:\\\/\\\/advel.is\\\/wp-content\\\/uploads\\\/2025\\\/01\\\/vilhjalmur-hrafn.jpg\",\"datePublished\":\"2022-11-29T19:45:17+00:00\",\"dateModified\":\"2025-06-16T12:35:47+00:00\",\"breadcrumb\":{\"@id\":\"https:\\\/\\\/advel.is\\\/home\\\/starfsfolk\\\/vilhjalmur-hrafn-stefansson\\\/#breadcrumb\"},\"inLanguage\":\"en-US\",\"potentialAction\":[{\"@type\":\"ReadAction\",\"target\":[\"https:\\\/\\\/advel.is\\\/home\\\/starfsfolk\\\/vilhjalmur-hrafn-stefansson\\\/\"]}]},{\"@type\":\"ImageObject\",\"inLanguage\":\"en-US\",\"@id\":\"https:\\\/\\\/advel.is\\\/home\\\/starfsfolk\\\/vilhjalmur-hrafn-stefansson\\\/#primaryimage\",\"url\":\"https:\\\/\\\/advel.is\\\/wp-content\\\/uploads\\\/2025\\\/01\\\/vilhjalmur-hrafn.jpg\",\"contentUrl\":\"https:\\\/\\\/advel.is\\\/wp-content\\\/uploads\\\/2025\\\/01\\\/vilhjalmur-hrafn.jpg\"},{\"@type\":\"BreadcrumbList\",\"@id\":\"https:\\\/\\\/advel.is\\\/home\\\/starfsfolk\\\/vilhjalmur-hrafn-stefansson\\\/#breadcrumb\",\"itemListElement\":[{\"@type\":\"ListItem\",\"position\":1,\"name\":\"Heim\",\"item\":\"https:\\\/\\\/advel.is\\\/\"},{\"@type\":\"ListItem\",\"position\":2,\"name\":\"Starfsf\u00f3lk\",\"item\":\"https:\\\/\\\/advel.is\\\/home\\\/starfsfolk\\\/\"},{\"@type\":\"ListItem\",\"position\":3,\"name\":\"Vilhj\u00e1lmur Hrafn Stef\u00e1nsson\"}]},{\"@type\":\"WebSite\",\"@id\":\"https:\\\/\\\/advel.is\\\/#website\",\"url\":\"https:\\\/\\\/advel.is\\\/\",\"name\":\"ADVEL\",\"description\":\"\",\"publisher\":{\"@id\":\"https:\\\/\\\/advel.is\\\/#organization\"},\"potentialAction\":[{\"@type\":\"SearchAction\",\"target\":{\"@type\":\"EntryPoint\",\"urlTemplate\":\"https:\\\/\\\/advel.is\\\/?s={search_term_string}\"},\"query-input\":{\"@type\":\"PropertyValueSpecification\",\"valueRequired\":true,\"valueName\":\"search_term_string\"}}],\"inLanguage\":\"en-US\"},{\"@type\":\"Organization\",\"@id\":\"https:\\\/\\\/advel.is\\\/#organization\",\"name\":\"ADVEL\",\"url\":\"https:\\\/\\\/advel.is\\\/\",\"logo\":{\"@type\":\"ImageObject\",\"inLanguage\":\"en-US\",\"@id\":\"https:\\\/\\\/advel.is\\\/#\\\/schema\\\/logo\\\/image\\\/\",\"url\":\"https:\\\/\\\/advel.is\\\/wp-content\\\/uploads\\\/2021\\\/06\\\/advel-litid.png\",\"contentUrl\":\"https:\\\/\\\/advel.is\\\/wp-content\\\/uploads\\\/2021\\\/06\\\/advel-litid.png\",\"width\":70,\"height\":64,\"caption\":\"ADVEL\"},\"image\":{\"@id\":\"https:\\\/\\\/advel.is\\\/#\\\/schema\\\/logo\\\/image\\\/\"}}]}<\/script>\n<!-- \/ Yoast SEO plugin. -->","yoast_head_json":{"title":"Vilhj\u00e1lmur Hrafn Stef\u00e1nsson - ADVEL","robots":{"index":"index","follow":"follow","max-snippet":"max-snippet:-1","max-image-preview":"max-image-preview:large","max-video-preview":"max-video-preview:-1"},"canonical":"https:\/\/advel.is\/en\/home\/starfsfolk\/vilhjalmur-hrafn-stefansson\/","og_locale":"en_US","og_type":"article","og_title":"Vilhj\u00e1lmur Hrafn Stef\u00e1nsson - ADVEL","og_description":"L\u00f6gfr\u00e6\u00f0ingur Vilhj\u00e1lmur Hrafn Stef\u00e1nsson 520 2050 vilhjalmur@advel.is LinkedIn Starfsferill 2025 &#8211;\u00a0 ADVEL l\u00f6gmenn 2022 &#8211; Landsbankinn hf. Menntun 2025 &#8211; ML \u00ed l\u00f6gfr\u00e6\u00f0i fr\u00e1 H\u00e1sk\u00f3lanum \u00ed Reykjav\u00edk2023 &#8211; BA \u00ed l\u00f6gfr\u00e6\u00f0i fr\u00e1 H\u00e1sk\u00f3lanum \u00ed Reykjav\u00edk R\u00e9ttindi til m\u00e1lflutnings fyrir \u00a0 Helstu starfssvi\u00f0 \u00a0F\u00e9lagar\u00e9ttur, samningar\u00e9ttur, skattar\u00e9ttur, fj\u00e1rm\u00e1lamarka\u00f0sr\u00e9ttur Tungum\u00e1l Enska","og_url":"https:\/\/advel.is\/en\/home\/starfsfolk\/vilhjalmur-hrafn-stefansson\/","og_site_name":"ADVEL","article_modified_time":"2025-06-16T12:35:47+00:00","og_image":[{"url":"https:\/\/advel.is\/wp-content\/uploads\/2025\/01\/vilhjalmur-hrafn.jpg","type":"","width":"","height":""}],"twitter_card":"summary_large_image","twitter_misc":{"Est. reading time":"1 minute"},"schema":{"@context":"https:\/\/schema.org","@graph":[{"@type":"WebPage","@id":"https:\/\/advel.is\/home\/starfsfolk\/vilhjalmur-hrafn-stefansson\/","url":"https:\/\/advel.is\/home\/starfsfolk\/vilhjalmur-hrafn-stefansson\/","name":"Vilhj\u00e1lmur Hrafn Stef\u00e1nsson - ADVEL","isPartOf":{"@id":"https:\/\/advel.is\/#website"},"primaryImageOfPage":{"@id":"https:\/\/advel.is\/home\/starfsfolk\/vilhjalmur-hrafn-stefansson\/#primaryimage"},"image":{"@id":"https:\/\/advel.is\/home\/starfsfolk\/vilhjalmur-hrafn-stefansson\/#primaryimage"},"thumbnailUrl":"https:\/\/advel.is\/wp-content\/uploads\/2025\/01\/vilhjalmur-hrafn.jpg","datePublished":"2022-11-29T19:45:17+00:00","dateModified":"2025-06-16T12:35:47+00:00","breadcrumb":{"@id":"https:\/\/advel.is\/home\/starfsfolk\/vilhjalmur-hrafn-stefansson\/#breadcrumb"},"inLanguage":"en-US","potentialAction":[{"@type":"ReadAction","target":["https:\/\/advel.is\/home\/starfsfolk\/vilhjalmur-hrafn-stefansson\/"]}]},{"@type":"ImageObject","inLanguage":"en-US","@id":"https:\/\/advel.is\/home\/starfsfolk\/vilhjalmur-hrafn-stefansson\/#primaryimage","url":"https:\/\/advel.is\/wp-content\/uploads\/2025\/01\/vilhjalmur-hrafn.jpg","contentUrl":"https:\/\/advel.is\/wp-content\/uploads\/2025\/01\/vilhjalmur-hrafn.jpg"},{"@type":"BreadcrumbList","@id":"https:\/\/advel.is\/home\/starfsfolk\/vilhjalmur-hrafn-stefansson\/#breadcrumb","itemListElement":[{"@type":"ListItem","position":1,"name":"Heim","item":"https:\/\/advel.is\/"},{"@type":"ListItem","position":2,"name":"Starfsf\u00f3lk","item":"https:\/\/advel.is\/home\/starfsfolk\/"},{"@type":"ListItem","position":3,"name":"Vilhj\u00e1lmur Hrafn Stef\u00e1nsson"}]},{"@type":"WebSite","@id":"https:\/\/advel.is\/#website","url":"https:\/\/advel.is\/","name":"ADVEL","description":"","publisher":{"@id":"https:\/\/advel.is\/#organization"},"potentialAction":[{"@type":"SearchAction","target":{"@type":"EntryPoint","urlTemplate":"https:\/\/advel.is\/?s={search_term_string}"},"query-input":{"@type":"PropertyValueSpecification","valueRequired":true,"valueName":"search_term_string"}}],"inLanguage":"en-US"},{"@type":"Organization","@id":"https:\/\/advel.is\/#organization","name":"ADVEL","url":"https:\/\/advel.is\/","logo":{"@type":"ImageObject","inLanguage":"en-US","@id":"https:\/\/advel.is\/#\/schema\/logo\/image\/","url":"https:\/\/advel.is\/wp-content\/uploads\/2021\/06\/advel-litid.png","contentUrl":"https:\/\/advel.is\/wp-content\/uploads\/2021\/06\/advel-litid.png","width":70,"height":64,"caption":"ADVEL"},"image":{"@id":"https:\/\/advel.is\/#\/schema\/logo\/image\/"}}]}},"brizy_media":[],"_links":{"self":[{"href":"https:\/\/advel.is\/en\/wp-json\/wp\/v2\/pages\/2251","targetHints":{"allow":["GET"]}}],"collection":[{"href":"https:\/\/advel.is\/en\/wp-json\/wp\/v2\/pages"}],"about":[{"href":"https:\/\/advel.is\/en\/wp-json\/wp\/v2\/types\/page"}],"author":[{"embeddable":true,"href":"https:\/\/advel.is\/en\/wp-json\/wp\/v2\/users\/1"}],"replies":[{"embeddable":true,"href":"https:\/\/advel.is\/en\/wp-json\/wp\/v2\/comments?post=2251"}],"version-history":[{"count":43,"href":"https:\/\/advel.is\/en\/wp-json\/wp\/v2\/pages\/2251\/revisions"}],"predecessor-version":[{"id":2703,"href":"https:\/\/advel.is\/en\/wp-json\/wp\/v2\/pages\/2251\/revisions\/2703"}],"up":[{"embeddable":true,"href":"https:\/\/advel.is\/en\/wp-json\/wp\/v2\/pages\/137"}],"wp:attachment":[{"href":"https:\/\/advel.is\/en\/wp-json\/wp\/v2\/media?parent=2251"}],"curies":[{"name":"wp","href":"https:\/\/api.w.org\/{rel}","templated":true}]}}