{"id":2143,"date":"2022-05-16T10:14:13","date_gmt":"2022-05-16T10:14:13","guid":{"rendered":"https:\/\/advel.is\/?page_id=2143"},"modified":"2022-11-29T19:43:19","modified_gmt":"2022-11-29T19:43:19","slug":"andri-fannar-bergthorsson","status":"publish","type":"page","link":"https:\/\/advel.is\/en\/home\/starfsfolk\/andri-fannar-bergthorsson\/","title":{"rendered":"Andri Fannar Berg\u00fe\u00f3rsson"},"content":{"rendered":"<div data-elementor-type=\"wp-page\" data-elementor-id=\"2143\" class=\"elementor elementor-2143\" data-elementor-settings=\"[]\">\n\t\t\t\t\t\t\t<div class=\"elementor-section-wrap\">\n\t\t\t\t\t\t\t<section class=\"elementor-section elementor-top-section elementor-element elementor-element-7cc78451 elementor-section-boxed elementor-section-height-default elementor-section-height-default\" data-id=\"7cc78451\" data-element_type=\"section\">\n\t\t\t\t\t\t<div class=\"elementor-container elementor-column-gap-default\">\n\t\t\t\t\t<div class=\"elementor-column elementor-col-100 elementor-top-column elementor-element elementor-element-1acf910\" data-id=\"1acf910\" data-element_type=\"column\">\n\t\t\t<div class=\"elementor-widget-wrap\">\n\t\t\t\t\t\t\t\t\t<\/div>\n\t\t<\/div>\n\t\t\t\t\t\t\t<\/div>\n\t\t<\/section>\n\t\t\t\t<section class=\"elementor-section elementor-top-section elementor-element elementor-element-5de327e1 elementor-section-boxed elementor-section-height-default elementor-section-height-default\" data-id=\"5de327e1\" data-element_type=\"section\" data-settings=\"{&quot;background_background&quot;:&quot;classic&quot;}\">\n\t\t\t\t\t\t<div class=\"elementor-container elementor-column-gap-default\">\n\t\t\t\t\t<div class=\"elementor-column elementor-col-50 elementor-top-column elementor-element elementor-element-962cf24\" data-id=\"962cf24\" data-element_type=\"column\" data-settings=\"{&quot;background_background&quot;:&quot;classic&quot;}\">\n\t\t\t<div class=\"elementor-widget-wrap elementor-element-populated\">\n\t\t\t\t\t\t\t\t<div class=\"elementor-element elementor-element-3da0ed0c elementor-widget elementor-widget-image\" data-id=\"3da0ed0c\" data-element_type=\"widget\" data-widget_type=\"image.default\">\n\t\t\t\t<div class=\"elementor-widget-container\">\n\t\t\t\t\t\t\t\t\t\t\t\t\t\t\t<img loading=\"lazy\" decoding=\"async\" width=\"300\" height=\"400\" src=\"https:\/\/advel.is\/wp-content\/uploads\/2022\/05\/andri-fannar.jpg\" class=\"attachment-full size-full\" alt=\"Andri Fannar\" srcset=\"https:\/\/advel.is\/wp-content\/uploads\/2022\/05\/andri-fannar.jpg 300w, https:\/\/advel.is\/wp-content\/uploads\/2022\/05\/andri-fannar-225x300.jpg 225w, https:\/\/advel.is\/wp-content\/uploads\/2022\/05\/andri-fannar-9x12.jpg 9w\" sizes=\"auto, (max-width: 300px) 100vw, 300px\" style=\"width:100%;height:133.33%;max-width:300px;\" \/>\t\t\t\t\t\t\t\t\t\t\t\t\t\t\t<\/div>\n\t\t\t\t<\/div>\n\t\t\t\t\t<\/div>\n\t\t<\/div>\n\t\t\t\t<div class=\"elementor-column elementor-col-50 elementor-top-column elementor-element elementor-element-1f15543c\" data-id=\"1f15543c\" data-element_type=\"column\" data-settings=\"{&quot;background_background&quot;:&quot;classic&quot;}\">\n\t\t\t<div class=\"elementor-widget-wrap elementor-element-populated\">\n\t\t\t\t\t<div class=\"elementor-background-overlay\"><\/div>\n\t\t\t\t\t\t\t\t<div class=\"elementor-element elementor-element-66618389 elementor-widget elementor-widget-heading\" data-id=\"66618389\" data-element_type=\"widget\" data-widget_type=\"heading.default\">\n\t\t\t\t<div class=\"elementor-widget-container\">\n\t\t\t<h4 class=\"elementor-heading-title elementor-size-default\">Attorney \/ Ph.D. \/ Councel<\/h4>\t\t<\/div>\n\t\t\t\t<\/div>\n\t\t\t\t<div class=\"elementor-element elementor-element-467119f3 elementor-widget elementor-widget-heading\" data-id=\"467119f3\" data-element_type=\"widget\" data-widget_type=\"heading.default\">\n\t\t\t\t<div class=\"elementor-widget-container\">\n\t\t\t<h2 class=\"elementor-heading-title elementor-size-default\">Andri Fannar Berg\u00fe\u00f3rsson<\/h2>\t\t<\/div>\n\t\t\t\t<\/div>\n\t\t\t\t<div class=\"elementor-element elementor-element-1f6dee74 elementor-icon-list--layout-traditional elementor-list-item-link-full_width elementor-widget elementor-widget-icon-list\" data-id=\"1f6dee74\" data-element_type=\"widget\" data-widget_type=\"icon-list.default\">\n\t\t\t\t<div class=\"elementor-widget-container\">\n\t\t\t\t\t<ul class=\"elementor-icon-list-items\">\n\t\t\t\t\t\t\t<li class=\"elementor-icon-list-item\">\n\t\t\t\t\t\t\t\t\t\t\t<span class=\"elementor-icon-list-icon\">\n\t\t\t\t\t\t\t<i aria-hidden=\"true\" class=\"fas fa-phone-square\"><\/i>\t\t\t\t\t\t<\/span>\n\t\t\t\t\t\t\t\t\t\t<span class=\"elementor-icon-list-text\">520 2050<\/span>\n\t\t\t\t\t\t\t\t\t<\/li>\n\t\t\t\t\t\t\t\t<li class=\"elementor-icon-list-item\">\n\t\t\t\t\t<a href=\"mailto:andri@advel.is\">\t\t\t\t\t\t<span class=\"elementor-icon-list-icon\">\n\t\t\t\t\t\t\t<i aria-hidden=\"true\" class=\"fas fa-at\"><\/i>\t\t\t\t\t\t<\/span>\n\t\t\t\t\t\t\t\t\t\t<span class=\"elementor-icon-list-text\">andri@advel.is<\/span>\n\t\t\t\t\t\t\t\t\t\t\t<\/a>\n\t\t\t\t\t\t\t\t\t<\/li>\n\t\t\t\t\t\t\t\t<li class=\"elementor-icon-list-item\">\n\t\t\t\t\t<a href=\"https:\/\/www.linkedin.com\/in\/andri-fannar-bergthorsson-17a38b76\/\">\t\t\t\t\t\t<span class=\"elementor-icon-list-icon\">\n\t\t\t\t\t\t\t<i aria-hidden=\"true\" class=\"fab fa-linkedin\"><\/i>\t\t\t\t\t\t<\/span>\n\t\t\t\t\t\t\t\t\t\t<span class=\"elementor-icon-list-text\">LinkedIn<\/span>\n\t\t\t\t\t\t\t\t\t\t\t<\/a>\n\t\t\t\t\t\t\t\t\t<\/li>\n\t\t\t\t\t\t<\/ul>\n\t\t\t\t<\/div>\n\t\t\t\t<\/div>\n\t\t\t\t<div class=\"elementor-element elementor-element-7fafd5e4 elementor-widget elementor-widget-text-editor\" data-id=\"7fafd5e4\" data-element_type=\"widget\" data-widget_type=\"text-editor.default\">\n\t\t\t\t<div class=\"elementor-widget-container\">\n\t\t\t\t\t\t\t\t<h3>Career<\/h3>\t\t\t\t\t\t<\/div>\n\t\t\t\t<\/div>\n\t\t\t\t<div class=\"elementor-element elementor-element-32a57d94 elementor-widget elementor-widget-text-editor\" data-id=\"32a57d94\" data-element_type=\"widget\" data-widget_type=\"text-editor.default\">\n\t\t\t\t<div class=\"elementor-widget-container\">\n\t\t\t\t\t\t\t\t<p>2022 - ADVEL Attorneys at Law<\/p><p>2017 - Reykjavik University, Associate Professor<\/p><p>2014 - 2017 University of Copenhagen, Ph.D. fellow in Capital Market Law<\/p><p>2010 - 2014 Special Prosecutor\u00b4s Office, Deputy Prosecutor<\/p><p>2010 - ADVEL Attorneys at Law<\/p><p>2007 - 2009 Financial Supervisory Authority of Iceland<\/p>\t\t\t\t\t\t<\/div>\n\t\t\t\t<\/div>\n\t\t\t\t<div class=\"elementor-element elementor-element-236e50a6 elementor-widget elementor-widget-text-editor\" data-id=\"236e50a6\" data-element_type=\"widget\" data-widget_type=\"text-editor.default\">\n\t\t\t\t<div class=\"elementor-widget-container\">\n\t\t\t\t\t\t\t\t<h3>Education<\/h3><div>2017 Doctor of Philosophy (Ph.D.), University of Copenhagen, Capital Market Law<br \/>2009 Mag.jur., University of Iceland<br \/>2008 University of Copenhagen, Nordplus grant recipient<\/div>\t\t\t\t\t\t<\/div>\n\t\t\t\t<\/div>\n\t\t\t\t<div class=\"elementor-element elementor-element-142be3d elementor-widget elementor-widget-text-editor\" data-id=\"142be3d\" data-element_type=\"widget\" data-widget_type=\"text-editor.default\">\n\t\t\t\t<div class=\"elementor-widget-container\">\n\t\t\t\t\t\t\t\t<h3>Admitted to practice before<\/h3><div>The District Courts<\/div>\t\t\t\t\t\t<\/div>\n\t\t\t\t<\/div>\n\t\t\t\t<div class=\"elementor-element elementor-element-2c7bd28e elementor-widget elementor-widget-text-editor\" data-id=\"2c7bd28e\" data-element_type=\"widget\" data-widget_type=\"text-editor.default\">\n\t\t\t\t<div class=\"elementor-widget-container\">\n\t\t\t\t\t\t\t\t<h3>Practice areas<\/h3><div>Corporate finance and capital market law, financial services, corporate law and corporate consultancy and criminal law<\/div>\t\t\t\t\t\t<\/div>\n\t\t\t\t<\/div>\n\t\t\t\t<div class=\"elementor-element elementor-element-15d6ec3 elementor-widget elementor-widget-text-editor\" data-id=\"15d6ec3\" data-element_type=\"widget\" data-widget_type=\"text-editor.default\">\n\t\t\t\t<div class=\"elementor-widget-container\">\n\t\t\t\t\t\t\t\t<h3>Languages<\/h3><div>English and Danish<\/div>\t\t\t\t\t\t<\/div>\n\t\t\t\t<\/div>\n\t\t\t\t<div class=\"elementor-element elementor-element-f30a181 elementor-widget elementor-widget-text-editor\" data-id=\"f30a181\" data-element_type=\"widget\" data-widget_type=\"text-editor.default\">\n\t\t\t\t<div class=\"elementor-widget-container\">\n\t\t\t\t\t\t\t\t<h3>Publications<\/h3><div><div><a href=\"https:\/\/brill.com\/view\/title\/37980\">What is market manipulation?<\/a>An analysis of the concept in a European and Nordic context. Brill\u00a0<span style=\"color: var( --e-global-color-text ); font-family: var( --e-global-typography-text-font-family ), Sans-serif; font-weight: var( --e-global-typography-text-font-weight ); font-size: var(--global--font-size-base);\">Publishing 2018 (b\u00f3k)<\/span><\/div><div>Increased Investor Protection with MiFID II: Suitability and appropriateness test.\u00a0<span style=\"color: var( --e-global-color-text ); font-family: var( --e-global-typography-text-font-family ), Sans-serif; font-weight: var( --e-global-typography-text-font-weight ); font-size: var(--global--font-size-base);\">l\u00f6gfr\u00e6\u00f0inga, 4\/2020. A\u00f0alsteinn E. J\u00f3nasson co author.<\/span><\/div><div>\u201eCan Real Transactions Constitute Market Manipulation?\u201c Festschrift in honour of Rolf Skog, desember\u00a0<span style=\"color: var( --e-global-color-text ); font-family: var( --e-global-typography-text-font-family ), Sans-serif; font-weight: var( --e-global-typography-text-font-weight ); font-size: var(--global--font-size-base);\">2021, bls. 151-172<\/span><\/div><div>\u201e<a href=\"https:\/\/ulfljotur.com\/2020\/08\/26\/notkun-innherjaupplysinga-er-forsenda-innherjasvika\/\">Use of inside information is a premise for insider dealing.<\/a>(online version) 2020<\/div><div>The EEA and Nordic Company Law. Nordisk Tidsskrift for Selskabsret, 4\/2019.\u00a0<span style=\"color: var( --e-global-color-text ); font-family: var( --e-global-typography-text-font-family ), Sans-serif; font-weight: var( --e-global-typography-text-font-weight ); font-size: var(--global--font-size-base);\">Disclosure of inside information when preparing financial reporting.<\/span><\/div><div>\u00dalflj\u00f3tur, 1\/2020<\/div><div>What information should the issuer publish?\u00a0<span style=\"color: var( --e-global-color-text ); font-family: var( --e-global-typography-text-font-family ), Sans-serif; font-weight: var( --e-global-typography-text-font-weight ); font-size: var(--global--font-size-base);\">The term \u201cinside information\u201d in relation to the issuer\u00b4s disclosure obligation.<\/span><\/div><div>Adapting the European System of Financial Supervision (ESFS) to the EEA two-pillar structure - A\u00a0<span style=\"color: var( --e-global-color-text ); font-family: var( --e-global-typography-text-font-family ), Sans-serif; font-weight: var( --e-global-typography-text-font-weight ); font-size: var(--global--font-size-base);\">workable solution?\" European Company and Financial Law Review, 5\/2019.<\/span><\/div><div>Icelandic company law in light of Nordic co-operation. In Selskabsloven \u2013 de f\u00f8rste 100 \u00e5r (Jesper Lau Hansen ed.), 2018.\u00a0<span style=\"color: var( --e-global-color-text ); font-family: var( --e-global-typography-text-font-family ), Sans-serif; font-weight: var( --e-global-typography-text-font-weight ); font-size: var(--global--font-size-base);\">\u00e5r<\/span><\/div><div>What is the essence of Market Manipulation?<\/div><div>\"When must an issuer of financial instruments disclose inside information?\" T\u00edmarit l\u00f6gfr\u00e6\u00f0inga, 3. tbl.\u00a0<span style=\"color: var( --e-global-color-text ); font-family: var( --e-global-typography-text-font-family ), Sans-serif; font-weight: var( --e-global-typography-text-font-weight ); font-size: var(--global--font-size-base);\">2013, bls. 241-279.<\/span><\/div><div>Market manipulation: Marking the open and close.<\/div><div>Verbal manipulation<\/div><\/div>\t\t\t\t\t\t<\/div>\n\t\t\t\t<\/div>\n\t\t\t\t<div class=\"elementor-element elementor-element-5dd3820 elementor-widget elementor-widget-text-editor\" data-id=\"5dd3820\" data-element_type=\"widget\" data-widget_type=\"text-editor.default\">\n\t\t\t\t<div class=\"elementor-widget-container\">\n\t\t\t\t\t\t\t\t<h3>Teaching<\/h3><div><div><b>Reykjavik University, Faculty of Law<\/b><\/div><div>Responsible for and teach the bachelor level course Capital Market Law since 2017<\/div><div>Responsible for and teach the master level course Company and financial market law since 2020<\/div><div>Responsible for and teach a course to prepare for law exam to obtain securities licence and responsible for the exam since 2020<\/div><div>Lecturer in the master level course Property- and economic crime 2011-2014<\/div><div>Law and regulation in the financial market, course to prepare for the third part in the securities trading exam, 2017-2019<\/div><div>\u00a0<\/div><div><b>University of Copenhagen, Faculty of Law<\/b><\/div><div>Responsible for and taught the master level course Company Law \u2013 Limited Companies (in Danish) 2014<\/div><div>Lei\u00f0beinandi meistararitger\u00f0a \u00e1 svi\u00f0i ver\u00f0br\u00e9famarka\u00f0sr\u00e9ttar og f\u00e9lagar\u00e9ttar, 2015-2016<\/div><div>\u00a0<\/div><div><b>University of Iceland, Faculty of Law<\/b><\/div><div>Lecturer in the master level course Financial market law 2013 and 2017<\/div><div>Assistant Lecturer in Jurisprudence, 2007<\/div><\/div>\t\t\t\t\t\t<\/div>\n\t\t\t\t<\/div>\n\t\t\t\t<div class=\"elementor-element elementor-element-36cd5f5 elementor-widget elementor-widget-text-editor\" data-id=\"36cd5f5\" data-element_type=\"widget\" data-widget_type=\"text-editor.default\">\n\t\t\t\t<div class=\"elementor-widget-container\">\n\t\t\t\t\t\t\t\t<h3>Committee work and other activities<\/h3><div><div>Member of the Financial Supervision Committee since 2020<\/div><div>Member of the board, Financial Supervisory Authority of Iceland, 2018-2019<\/div><div>Editorial Board of Nordisk Tidsskrift for Selskabsret since 2019<\/div><div>Stj\u00f3rn Lagastofnunar H\u00e1sk\u00f3la \u00cdslands, 2007-2008<\/div><div>Stj\u00f3rn Orators, f\u00e9lags laganema, 2006-2007<\/div><div>\u00a0<\/div><\/div>\t\t\t\t\t\t<\/div>\n\t\t\t\t<\/div>\n\t\t\t\t\t<\/div>\n\t\t<\/div>\n\t\t\t\t\t\t\t<\/div>\n\t\t<\/section>\n\t\t\t\t\t\t<\/div>\n\t\t\t\t\t<\/div>","protected":false},"excerpt":{"rendered":"<p>L\u00f6gma\u00f0ur \/ Ph.D \/ r\u00e1\u00f0gjafi Andri Fannar Berg\u00fe\u00f3rsson 520 2050 andri@advel.is LinkedIn Starfsferill 2022 &#8211;&nbsp; ADVEL l\u00f6gmenn 2017 &#8211; H\u00e1sk\u00f3linn \u00ed Reykjav\u00edk, d\u00f3sent 2014 &#8211; 2017&nbsp; Kaupmannahafnarh\u00e1sk\u00f3li, doktorsnemi (PhD fellow) 2010 &#8211; 2014&nbsp; Emb\u00e6tti s\u00e9rstaks saks\u00f3knara, saks\u00f3knarfulltr\u00fai 2010 &#8211; ADVEL l\u00f6gmenn 2007 &#8211; 2009&nbsp; Fj\u00e1rm\u00e1laeftirliti\u00f0 Menntun 2017&nbsp; Doktorspr\u00f3f vi\u00f0 lagadeild Kaupmannahafnarh\u00e1sk\u00f3la \u00e1 svi\u00f0i ver\u00f0br\u00e9famarka\u00f0sr\u00e9ttar 2009&nbsp;&hellip; <a class=\"more-link\" href=\"https:\/\/advel.is\/en\/home\/starfsfolk\/andri-fannar-bergthorsson\/\">Continue reading <span class=\"screen-reader-text\">Andri Fannar Berg\u00fe\u00f3rsson<\/span><\/a><\/p>","protected":false},"author":1,"featured_media":0,"parent":137,"menu_order":0,"comment_status":"closed","ping_status":"closed","template":"","meta":{"_acf_changed":false,"footnotes":""},"class_list":["post-2143","page","type-page","status-publish","hentry","entry"],"acf":[],"yoast_head":"<!-- This site is optimized with the Yoast SEO plugin v26.9 - https:\/\/yoast.com\/product\/yoast-seo-wordpress\/ -->\n<title>Andri Fannar Berg\u00fe\u00f3rsson - ADVEL<\/title>\n<meta name=\"robots\" content=\"index, follow, max-snippet:-1, max-image-preview:large, max-video-preview:-1\" \/>\n<link rel=\"canonical\" href=\"https:\/\/advel.is\/en\/home\/starfsfolk\/andri-fannar-bergthorsson\/\" \/>\n<meta property=\"og:locale\" content=\"en_US\" \/>\n<meta property=\"og:type\" content=\"article\" \/>\n<meta property=\"og:title\" content=\"Andri Fannar Berg\u00fe\u00f3rsson - ADVEL\" \/>\n<meta property=\"og:description\" content=\"L\u00f6gma\u00f0ur \/ Ph.D \/ r\u00e1\u00f0gjafi Andri Fannar Berg\u00fe\u00f3rsson 520 2050 andri@advel.is LinkedIn Starfsferill 2022 &#8211;&nbsp; ADVEL l\u00f6gmenn 2017 &#8211; H\u00e1sk\u00f3linn \u00ed Reykjav\u00edk, d\u00f3sent 2014 &#8211; 2017&nbsp; Kaupmannahafnarh\u00e1sk\u00f3li, doktorsnemi (PhD fellow) 2010 &#8211; 2014&nbsp; Emb\u00e6tti s\u00e9rstaks saks\u00f3knara, saks\u00f3knarfulltr\u00fai 2010 &#8211; ADVEL l\u00f6gmenn 2007 &#8211; 2009&nbsp; Fj\u00e1rm\u00e1laeftirliti\u00f0 Menntun 2017&nbsp; Doktorspr\u00f3f vi\u00f0 lagadeild Kaupmannahafnarh\u00e1sk\u00f3la \u00e1 svi\u00f0i ver\u00f0br\u00e9famarka\u00f0sr\u00e9ttar 2009&nbsp;&hellip; Continue reading Andri Fannar Berg\u00fe\u00f3rsson\" \/>\n<meta property=\"og:url\" content=\"https:\/\/advel.is\/en\/home\/starfsfolk\/andri-fannar-bergthorsson\/\" \/>\n<meta property=\"og:site_name\" content=\"ADVEL\" \/>\n<meta property=\"article:modified_time\" content=\"2022-11-29T19:43:19+00:00\" \/>\n<meta property=\"og:image\" content=\"https:\/\/advel.is\/wp-content\/uploads\/2022\/05\/andri-fannar.jpg\" \/>\n<meta name=\"twitter:card\" content=\"summary_large_image\" \/>\n<meta name=\"twitter:label1\" content=\"Est. reading time\" \/>\n\t<meta name=\"twitter:data1\" content=\"2 minutes\" \/>\n<script type=\"application\/ld+json\" class=\"yoast-schema-graph\">{\"@context\":\"https:\/\/schema.org\",\"@graph\":[{\"@type\":\"WebPage\",\"@id\":\"https:\/\/advel.is\/home\/starfsfolk\/andri-fannar-bergthorsson\/\",\"url\":\"https:\/\/advel.is\/home\/starfsfolk\/andri-fannar-bergthorsson\/\",\"name\":\"Andri Fannar Berg\u00fe\u00f3rsson - ADVEL\",\"isPartOf\":{\"@id\":\"https:\/\/advel.is\/#website\"},\"primaryImageOfPage\":{\"@id\":\"https:\/\/advel.is\/home\/starfsfolk\/andri-fannar-bergthorsson\/#primaryimage\"},\"image\":{\"@id\":\"https:\/\/advel.is\/home\/starfsfolk\/andri-fannar-bergthorsson\/#primaryimage\"},\"thumbnailUrl\":\"https:\/\/advel.is\/wp-content\/uploads\/2022\/05\/andri-fannar.jpg\",\"datePublished\":\"2022-05-16T10:14:13+00:00\",\"dateModified\":\"2022-11-29T19:43:19+00:00\",\"breadcrumb\":{\"@id\":\"https:\/\/advel.is\/home\/starfsfolk\/andri-fannar-bergthorsson\/#breadcrumb\"},\"inLanguage\":\"en-US\",\"potentialAction\":[{\"@type\":\"ReadAction\",\"target\":[\"https:\/\/advel.is\/home\/starfsfolk\/andri-fannar-bergthorsson\/\"]}]},{\"@type\":\"ImageObject\",\"inLanguage\":\"en-US\",\"@id\":\"https:\/\/advel.is\/home\/starfsfolk\/andri-fannar-bergthorsson\/#primaryimage\",\"url\":\"https:\/\/advel.is\/wp-content\/uploads\/2022\/05\/andri-fannar.jpg\",\"contentUrl\":\"https:\/\/advel.is\/wp-content\/uploads\/2022\/05\/andri-fannar.jpg\"},{\"@type\":\"BreadcrumbList\",\"@id\":\"https:\/\/advel.is\/home\/starfsfolk\/andri-fannar-bergthorsson\/#breadcrumb\",\"itemListElement\":[{\"@type\":\"ListItem\",\"position\":1,\"name\":\"Heim\",\"item\":\"https:\/\/advel.is\/\"},{\"@type\":\"ListItem\",\"position\":2,\"name\":\"Starfsf\u00f3lk\",\"item\":\"https:\/\/advel.is\/home\/starfsfolk\/\"},{\"@type\":\"ListItem\",\"position\":3,\"name\":\"Andri Fannar Berg\u00fe\u00f3rsson\"}]},{\"@type\":\"WebSite\",\"@id\":\"https:\/\/advel.is\/#website\",\"url\":\"https:\/\/advel.is\/\",\"name\":\"ADVEL\",\"description\":\"\",\"publisher\":{\"@id\":\"https:\/\/advel.is\/#organization\"},\"potentialAction\":[{\"@type\":\"SearchAction\",\"target\":{\"@type\":\"EntryPoint\",\"urlTemplate\":\"https:\/\/advel.is\/?s={search_term_string}\"},\"query-input\":{\"@type\":\"PropertyValueSpecification\",\"valueRequired\":true,\"valueName\":\"search_term_string\"}}],\"inLanguage\":\"en-US\"},{\"@type\":\"Organization\",\"@id\":\"https:\/\/advel.is\/#organization\",\"name\":\"ADVEL\",\"url\":\"https:\/\/advel.is\/\",\"logo\":{\"@type\":\"ImageObject\",\"inLanguage\":\"en-US\",\"@id\":\"https:\/\/advel.is\/#\/schema\/logo\/image\/\",\"url\":\"https:\/\/advel.is\/wp-content\/uploads\/2021\/06\/advel-litid.png\",\"contentUrl\":\"https:\/\/advel.is\/wp-content\/uploads\/2021\/06\/advel-litid.png\",\"width\":70,\"height\":64,\"caption\":\"ADVEL\"},\"image\":{\"@id\":\"https:\/\/advel.is\/#\/schema\/logo\/image\/\"}}]}<\/script>\n<!-- \/ Yoast SEO plugin. -->","yoast_head_json":{"title":"Andri Fannar Berg\u00fe\u00f3rsson - ADVEL","robots":{"index":"index","follow":"follow","max-snippet":"max-snippet:-1","max-image-preview":"max-image-preview:large","max-video-preview":"max-video-preview:-1"},"canonical":"https:\/\/advel.is\/en\/home\/starfsfolk\/andri-fannar-bergthorsson\/","og_locale":"en_US","og_type":"article","og_title":"Andri Fannar Berg\u00fe\u00f3rsson - ADVEL","og_description":"L\u00f6gma\u00f0ur \/ Ph.D \/ r\u00e1\u00f0gjafi Andri Fannar Berg\u00fe\u00f3rsson 520 2050 andri@advel.is LinkedIn Starfsferill 2022 &#8211;&nbsp; ADVEL l\u00f6gmenn 2017 &#8211; H\u00e1sk\u00f3linn \u00ed Reykjav\u00edk, d\u00f3sent 2014 &#8211; 2017&nbsp; Kaupmannahafnarh\u00e1sk\u00f3li, doktorsnemi (PhD fellow) 2010 &#8211; 2014&nbsp; Emb\u00e6tti s\u00e9rstaks saks\u00f3knara, saks\u00f3knarfulltr\u00fai 2010 &#8211; ADVEL l\u00f6gmenn 2007 &#8211; 2009&nbsp; Fj\u00e1rm\u00e1laeftirliti\u00f0 Menntun 2017&nbsp; Doktorspr\u00f3f vi\u00f0 lagadeild Kaupmannahafnarh\u00e1sk\u00f3la \u00e1 svi\u00f0i ver\u00f0br\u00e9famarka\u00f0sr\u00e9ttar 2009&nbsp;&hellip; Continue reading Andri Fannar Berg\u00fe\u00f3rsson","og_url":"https:\/\/advel.is\/en\/home\/starfsfolk\/andri-fannar-bergthorsson\/","og_site_name":"ADVEL","article_modified_time":"2022-11-29T19:43:19+00:00","og_image":[{"url":"https:\/\/advel.is\/wp-content\/uploads\/2022\/05\/andri-fannar.jpg","type":"","width":"","height":""}],"twitter_card":"summary_large_image","twitter_misc":{"Est. reading time":"2 minutes"},"schema":{"@context":"https:\/\/schema.org","@graph":[{"@type":"WebPage","@id":"https:\/\/advel.is\/home\/starfsfolk\/andri-fannar-bergthorsson\/","url":"https:\/\/advel.is\/home\/starfsfolk\/andri-fannar-bergthorsson\/","name":"Andri Fannar Berg\u00fe\u00f3rsson - ADVEL","isPartOf":{"@id":"https:\/\/advel.is\/#website"},"primaryImageOfPage":{"@id":"https:\/\/advel.is\/home\/starfsfolk\/andri-fannar-bergthorsson\/#primaryimage"},"image":{"@id":"https:\/\/advel.is\/home\/starfsfolk\/andri-fannar-bergthorsson\/#primaryimage"},"thumbnailUrl":"https:\/\/advel.is\/wp-content\/uploads\/2022\/05\/andri-fannar.jpg","datePublished":"2022-05-16T10:14:13+00:00","dateModified":"2022-11-29T19:43:19+00:00","breadcrumb":{"@id":"https:\/\/advel.is\/home\/starfsfolk\/andri-fannar-bergthorsson\/#breadcrumb"},"inLanguage":"en-US","potentialAction":[{"@type":"ReadAction","target":["https:\/\/advel.is\/home\/starfsfolk\/andri-fannar-bergthorsson\/"]}]},{"@type":"ImageObject","inLanguage":"en-US","@id":"https:\/\/advel.is\/home\/starfsfolk\/andri-fannar-bergthorsson\/#primaryimage","url":"https:\/\/advel.is\/wp-content\/uploads\/2022\/05\/andri-fannar.jpg","contentUrl":"https:\/\/advel.is\/wp-content\/uploads\/2022\/05\/andri-fannar.jpg"},{"@type":"BreadcrumbList","@id":"https:\/\/advel.is\/home\/starfsfolk\/andri-fannar-bergthorsson\/#breadcrumb","itemListElement":[{"@type":"ListItem","position":1,"name":"Heim","item":"https:\/\/advel.is\/"},{"@type":"ListItem","position":2,"name":"Starfsf\u00f3lk","item":"https:\/\/advel.is\/home\/starfsfolk\/"},{"@type":"ListItem","position":3,"name":"Andri Fannar Berg\u00fe\u00f3rsson"}]},{"@type":"WebSite","@id":"https:\/\/advel.is\/#website","url":"https:\/\/advel.is\/","name":"ADVEL","description":"","publisher":{"@id":"https:\/\/advel.is\/#organization"},"potentialAction":[{"@type":"SearchAction","target":{"@type":"EntryPoint","urlTemplate":"https:\/\/advel.is\/?s={search_term_string}"},"query-input":{"@type":"PropertyValueSpecification","valueRequired":true,"valueName":"search_term_string"}}],"inLanguage":"en-US"},{"@type":"Organization","@id":"https:\/\/advel.is\/#organization","name":"ADVEL","url":"https:\/\/advel.is\/","logo":{"@type":"ImageObject","inLanguage":"en-US","@id":"https:\/\/advel.is\/#\/schema\/logo\/image\/","url":"https:\/\/advel.is\/wp-content\/uploads\/2021\/06\/advel-litid.png","contentUrl":"https:\/\/advel.is\/wp-content\/uploads\/2021\/06\/advel-litid.png","width":70,"height":64,"caption":"ADVEL"},"image":{"@id":"https:\/\/advel.is\/#\/schema\/logo\/image\/"}}]}},"brizy_media":[],"_links":{"self":[{"href":"https:\/\/advel.is\/en\/wp-json\/wp\/v2\/pages\/2143","targetHints":{"allow":["GET"]}}],"collection":[{"href":"https:\/\/advel.is\/en\/wp-json\/wp\/v2\/pages"}],"about":[{"href":"https:\/\/advel.is\/en\/wp-json\/wp\/v2\/types\/page"}],"author":[{"embeddable":true,"href":"https:\/\/advel.is\/en\/wp-json\/wp\/v2\/users\/1"}],"replies":[{"embeddable":true,"href":"https:\/\/advel.is\/en\/wp-json\/wp\/v2\/comments?post=2143"}],"version-history":[{"count":42,"href":"https:\/\/advel.is\/en\/wp-json\/wp\/v2\/pages\/2143\/revisions"}],"predecessor-version":[{"id":2278,"href":"https:\/\/advel.is\/en\/wp-json\/wp\/v2\/pages\/2143\/revisions\/2278"}],"up":[{"embeddable":true,"href":"https:\/\/advel.is\/en\/wp-json\/wp\/v2\/pages\/137"}],"wp:attachment":[{"href":"https:\/\/advel.is\/en\/wp-json\/wp\/v2\/media?parent=2143"}],"curies":[{"name":"wp","href":"https:\/\/api.w.org\/{rel}","templated":true}]}}