{"id":2047,"date":"2022-01-17T20:44:11","date_gmt":"2022-01-17T20:44:11","guid":{"rendered":"https:\/\/advel.is\/?page_id=2047"},"modified":"2025-01-02T10:12:53","modified_gmt":"2025-01-02T10:12:53","slug":"birgitta-saga-jonsdottir","status":"publish","type":"page","link":"https:\/\/advel.is\/en\/home\/starfsfolk\/birgitta-saga-jonsdottir\/","title":{"rendered":"Birgitta Saga J\u00f3nsd\u00f3ttir"},"content":{"rendered":"<div data-elementor-type=\"wp-page\" data-elementor-id=\"2047\" class=\"elementor elementor-2047\" data-elementor-settings=\"[]\">\n\t\t\t\t\t\t\t<div class=\"elementor-section-wrap\">\n\t\t\t\t\t\t\t<section class=\"elementor-section elementor-top-section elementor-element elementor-element-7747296f elementor-section-boxed elementor-section-height-default elementor-section-height-default\" data-id=\"7747296f\" data-element_type=\"section\">\n\t\t\t\t\t\t<div class=\"elementor-container elementor-column-gap-default\">\n\t\t\t\t\t<div class=\"elementor-column elementor-col-100 elementor-top-column elementor-element elementor-element-785ada4d\" data-id=\"785ada4d\" data-element_type=\"column\">\n\t\t\t<div class=\"elementor-widget-wrap\">\n\t\t\t\t\t\t\t\t\t<\/div>\n\t\t<\/div>\n\t\t\t\t\t\t\t<\/div>\n\t\t<\/section>\n\t\t\t\t<section class=\"elementor-section elementor-top-section elementor-element elementor-element-31ea501b elementor-section-boxed elementor-section-height-default elementor-section-height-default\" data-id=\"31ea501b\" data-element_type=\"section\" data-settings=\"{&quot;background_background&quot;:&quot;classic&quot;}\">\n\t\t\t\t\t\t<div class=\"elementor-container elementor-column-gap-default\">\n\t\t\t\t\t<div class=\"elementor-column elementor-col-50 elementor-top-column elementor-element elementor-element-629dbfed\" data-id=\"629dbfed\" data-element_type=\"column\" data-settings=\"{&quot;background_background&quot;:&quot;classic&quot;}\">\n\t\t\t<div class=\"elementor-widget-wrap elementor-element-populated\">\n\t\t\t\t\t\t\t\t<div class=\"elementor-element elementor-element-644da790 elementor-widget elementor-widget-image\" data-id=\"644da790\" data-element_type=\"widget\" data-widget_type=\"image.default\">\n\t\t\t\t<div class=\"elementor-widget-container\">\n\t\t\t\t\t\t\t\t\t\t\t\t\t\t\t<img loading=\"lazy\" decoding=\"async\" width=\"300\" height=\"400\" src=\"https:\/\/advel.is\/wp-content\/uploads\/2022\/01\/Birgitta-Saga.jpg\" class=\"attachment-full size-full\" alt=\"\" srcset=\"https:\/\/advel.is\/wp-content\/uploads\/2022\/01\/Birgitta-Saga.jpg 300w, https:\/\/advel.is\/wp-content\/uploads\/2022\/01\/Birgitta-Saga-225x300.jpg 225w, https:\/\/advel.is\/wp-content\/uploads\/2022\/01\/Birgitta-Saga-9x12.jpg 9w\" sizes=\"auto, (max-width: 300px) 100vw, 300px\" style=\"width:100%;height:133.33%;max-width:300px;\" \/>\t\t\t\t\t\t\t\t\t\t\t\t\t\t\t<\/div>\n\t\t\t\t<\/div>\n\t\t\t\t\t<\/div>\n\t\t<\/div>\n\t\t\t\t<div class=\"elementor-column elementor-col-50 elementor-top-column elementor-element elementor-element-2b9ab65c\" data-id=\"2b9ab65c\" data-element_type=\"column\" data-settings=\"{&quot;background_background&quot;:&quot;classic&quot;}\">\n\t\t\t<div class=\"elementor-widget-wrap elementor-element-populated\">\n\t\t\t\t\t<div class=\"elementor-background-overlay\"><\/div>\n\t\t\t\t\t\t\t\t<div class=\"elementor-element elementor-element-21e4e10 elementor-widget elementor-widget-heading\" data-id=\"21e4e10\" data-element_type=\"widget\" data-widget_type=\"heading.default\">\n\t\t\t\t<div class=\"elementor-widget-container\">\n\t\t\t<h4 class=\"elementor-heading-title elementor-size-default\">Lawyer \/ LL.M. \/ Senior associate<\/h4>\t\t<\/div>\n\t\t\t\t<\/div>\n\t\t\t\t<div class=\"elementor-element elementor-element-ade48c7 elementor-widget elementor-widget-heading\" data-id=\"ade48c7\" data-element_type=\"widget\" data-widget_type=\"heading.default\">\n\t\t\t\t<div class=\"elementor-widget-container\">\n\t\t\t<h2 class=\"elementor-heading-title elementor-size-default\">Birgitta Saga J\u00f3nsd\u00f3ttir<\/h2>\t\t<\/div>\n\t\t\t\t<\/div>\n\t\t\t\t<div class=\"elementor-element elementor-element-2faf78a2 elementor-icon-list--layout-traditional elementor-list-item-link-full_width elementor-widget elementor-widget-icon-list\" data-id=\"2faf78a2\" data-element_type=\"widget\" data-widget_type=\"icon-list.default\">\n\t\t\t\t<div class=\"elementor-widget-container\">\n\t\t\t\t\t<ul class=\"elementor-icon-list-items\">\n\t\t\t\t\t\t\t<li class=\"elementor-icon-list-item\">\n\t\t\t\t\t\t\t\t\t\t\t<span class=\"elementor-icon-list-icon\">\n\t\t\t\t\t\t\t<i aria-hidden=\"true\" class=\"fas fa-phone-square\"><\/i>\t\t\t\t\t\t<\/span>\n\t\t\t\t\t\t\t\t\t\t<span class=\"elementor-icon-list-text\">520 2050<\/span>\n\t\t\t\t\t\t\t\t\t<\/li>\n\t\t\t\t\t\t\t\t<li class=\"elementor-icon-list-item\">\n\t\t\t\t\t<a href=\"mailto:birgitta@advel.is\">\t\t\t\t\t\t<span class=\"elementor-icon-list-icon\">\n\t\t\t\t\t\t\t<i aria-hidden=\"true\" class=\"fas fa-at\"><\/i>\t\t\t\t\t\t<\/span>\n\t\t\t\t\t\t\t\t\t\t<span class=\"elementor-icon-list-text\">birgitta@advel.is<\/span>\n\t\t\t\t\t\t\t\t\t\t\t<\/a>\n\t\t\t\t\t\t\t\t\t<\/li>\n\t\t\t\t\t\t\t\t<li class=\"elementor-icon-list-item\">\n\t\t\t\t\t<a href=\"https:\/\/www.linkedin.com\/in\/birgittasaga\/?originalSubdomain=is\">\t\t\t\t\t\t<span class=\"elementor-icon-list-icon\">\n\t\t\t\t\t\t\t<i aria-hidden=\"true\" class=\"fab fa-linkedin\"><\/i>\t\t\t\t\t\t<\/span>\n\t\t\t\t\t\t\t\t\t\t<span class=\"elementor-icon-list-text\">LinkedIn<\/span>\n\t\t\t\t\t\t\t\t\t\t\t<\/a>\n\t\t\t\t\t\t\t\t\t<\/li>\n\t\t\t\t\t\t<\/ul>\n\t\t\t\t<\/div>\n\t\t\t\t<\/div>\n\t\t\t\t<div class=\"elementor-element elementor-element-407950bb elementor-widget elementor-widget-text-editor\" data-id=\"407950bb\" data-element_type=\"widget\" data-widget_type=\"text-editor.default\">\n\t\t\t\t<div class=\"elementor-widget-container\">\n\t\t\t\t\t\t\t\t<h3>Career<\/h3>\t\t\t\t\t\t<\/div>\n\t\t\t\t<\/div>\n\t\t\t\t<div class=\"elementor-element elementor-element-497f0823 elementor-widget elementor-widget-text-editor\" data-id=\"497f0823\" data-element_type=\"widget\" data-widget_type=\"text-editor.default\">\n\t\t\t\t<div class=\"elementor-widget-container\">\n\t\t\t\t\t\t\t\t<p>2022 - ADVEL Attorneys at Law<\/p><p>2020 - The Consumer Agency<\/p><p>2019 &#8211; 2020 \u00cdslandsbanki\u00a0<\/p>\t\t\t\t\t\t<\/div>\n\t\t\t\t<\/div>\n\t\t\t\t<div class=\"elementor-element elementor-element-32bca8ad elementor-widget elementor-widget-text-editor\" data-id=\"32bca8ad\" data-element_type=\"widget\" data-widget_type=\"text-editor.default\">\n\t\t\t\t<div class=\"elementor-widget-container\">\n\t\t\t\t\t\t\t\t<h3>Education<\/h3><div><p>2021 LL.M. <span style=\"color: var( --e-global-color-text ); font-family: var( --e-global-typography-text-font-family ), Sans-serif; font-weight: var( --e-global-typography-text-font-weight ); font-size: var(--global--font-size-base);\">Universit\u00e9 Jean Moulin Lyon III<\/span><\/p><p><span style=\"color: var( --e-global-color-text ); font-family: var( --e-global-typography-text-font-family ), Sans-serif; font-weight: var( --e-global-typography-text-font-weight ); font-size: var(--global--font-size-base);\">2021    ML in Law, Reykjavik University<\/span><\/p><p><span style=\"color: var( --e-global-color-text ); font-family: var( --e-global-typography-text-font-family ), Sans-serif; font-weight: var( --e-global-typography-text-font-weight ); font-size: var(--global--font-size-base);\">2018   BA in Law, Reykjavik University<\/span><\/p><\/div>\t\t\t\t\t\t<\/div>\n\t\t\t\t<\/div>\n\t\t\t\t<div class=\"elementor-element elementor-element-b167bd0 elementor-widget elementor-widget-text-editor\" data-id=\"b167bd0\" data-element_type=\"widget\" data-widget_type=\"text-editor.default\">\n\t\t\t\t<div class=\"elementor-widget-container\">\n\t\t\t\t\t\t\t\t<h3>Admitted to practice before\u00a0<\/h3><div><p>The District Courts<\/p><p>\u00a0<\/p><\/div>\t\t\t\t\t\t<\/div>\n\t\t\t\t<\/div>\n\t\t\t\t<div class=\"elementor-element elementor-element-26e647cd elementor-widget elementor-widget-text-editor\" data-id=\"26e647cd\" data-element_type=\"widget\" data-widget_type=\"text-editor.default\">\n\t\t\t\t<div class=\"elementor-widget-container\">\n\t\t\t\t\t\t\t\t<h3>Practice areas<\/h3><div>Contract Law, Corporate Law and Corporate Consultancy, EU Law, Corporate Financing, IP Law and Administrative Law<\/div>\t\t\t\t\t\t<\/div>\n\t\t\t\t<\/div>\n\t\t\t\t<div class=\"elementor-element elementor-element-284c62ad elementor-widget elementor-widget-text-editor\" data-id=\"284c62ad\" data-element_type=\"widget\" data-widget_type=\"text-editor.default\">\n\t\t\t\t<div class=\"elementor-widget-container\">\n\t\t\t\t\t\t\t\t<h3>Languages<\/h3><div>English<\/div>\t\t\t\t\t\t<\/div>\n\t\t\t\t<\/div>\n\t\t\t\t<div class=\"elementor-element elementor-element-d4fc5a3 elementor-widget elementor-widget-text-editor\" data-id=\"d4fc5a3\" data-element_type=\"widget\" data-widget_type=\"text-editor.default\">\n\t\t\t\t<div class=\"elementor-widget-container\">\n\t\t\t\t\t\t\t\t<h3>Committee work and other activities<\/h3><div>\n<div>Chairman of the Equal Rights Association of Reykjavik University 2016-2018<\/div>\n<div>Student Representative on the Equality Committee of Reykjavik University 2017<\/div>\n<div>Board Member of the Seminar Committee of the Student Association of Reykjavik University 2016-2017<\/div>\n<div>Member of the Law Amendment Committee of the Student Association of Reykjavik University 2015-2016<\/div>\n<\/div>\t\t\t\t\t\t<\/div>\n\t\t\t\t<\/div>\n\t\t\t\t\t<\/div>\n\t\t<\/div>\n\t\t\t\t\t\t\t<\/div>\n\t\t<\/section>\n\t\t\t\t\t\t<\/div>\n\t\t\t\t\t<\/div>","protected":false},"excerpt":{"rendered":"<p>L\u00f6gma\u00f0ur \/ LL.M. \/ verkefnastj\u00f3ri Birgitta Saga J\u00f3nsd\u00f3ttir 520 2050 birgitta@advel.is LinkedIn Starfsferill 2022 &#8211;\u00a0 ADVEL l\u00f6gmenn 2020 &#8211;\u00a0 Neytendastofa 2019 &#8211; 2020 \u00cdslandsbanki\u00a0 Menntun 2021\u00a0 LL.M. fr\u00e1 Universit\u00e9 Jean Moulin Lyon III 2021\u00a0 M.L. fr\u00e1 H\u00e1sk\u00f3lanum \u00ed Reykjav\u00edk 2018\u00a0 BA \u00ed l\u00f6gfr\u00e6\u00f0i fr\u00e1 H\u00e1sk\u00f3lanum \u00ed Reykjav\u00edk R\u00e9ttindi til m\u00e1lflutnings fyrir\u00a0 H\u00e9ra\u00f0sd\u00f3mi \u00a0 Helstu starfssvi\u00f0&hellip; <a class=\"more-link\" href=\"https:\/\/advel.is\/en\/home\/starfsfolk\/birgitta-saga-jonsdottir\/\">Continue reading <span class=\"screen-reader-text\">Birgitta Saga J\u00f3nsd\u00f3ttir<\/span><\/a><\/p>","protected":false},"author":1,"featured_media":0,"parent":137,"menu_order":0,"comment_status":"closed","ping_status":"closed","template":"","meta":{"_acf_changed":false,"footnotes":""},"class_list":["post-2047","page","type-page","status-publish","hentry","entry"],"acf":[],"yoast_head":"<!-- This site is optimized with the Yoast SEO plugin v27.3 - https:\/\/yoast.com\/product\/yoast-seo-wordpress\/ -->\n<title>Birgitta Saga J\u00f3nsd\u00f3ttir - ADVEL<\/title>\n<meta name=\"robots\" content=\"index, follow, max-snippet:-1, max-image-preview:large, max-video-preview:-1\" \/>\n<link rel=\"canonical\" href=\"https:\/\/advel.is\/en\/home\/starfsfolk\/birgitta-saga-jonsdottir\/\" \/>\n<meta property=\"og:locale\" content=\"en_US\" \/>\n<meta property=\"og:type\" content=\"article\" \/>\n<meta property=\"og:title\" content=\"Birgitta Saga J\u00f3nsd\u00f3ttir - ADVEL\" \/>\n<meta property=\"og:description\" content=\"L\u00f6gma\u00f0ur \/ LL.M. \/ verkefnastj\u00f3ri Birgitta Saga J\u00f3nsd\u00f3ttir 520 2050 birgitta@advel.is LinkedIn Starfsferill 2022 &#8211;\u00a0 ADVEL l\u00f6gmenn 2020 &#8211;\u00a0 Neytendastofa 2019 &#8211; 2020 \u00cdslandsbanki\u00a0 Menntun 2021\u00a0 LL.M. fr\u00e1 Universit\u00e9 Jean Moulin Lyon III 2021\u00a0 M.L. fr\u00e1 H\u00e1sk\u00f3lanum \u00ed Reykjav\u00edk 2018\u00a0 BA \u00ed l\u00f6gfr\u00e6\u00f0i fr\u00e1 H\u00e1sk\u00f3lanum \u00ed Reykjav\u00edk R\u00e9ttindi til m\u00e1lflutnings fyrir\u00a0 H\u00e9ra\u00f0sd\u00f3mi \u00a0 Helstu starfssvi\u00f0&hellip; Continue reading Birgitta Saga J\u00f3nsd\u00f3ttir\" \/>\n<meta property=\"og:url\" content=\"https:\/\/advel.is\/en\/home\/starfsfolk\/birgitta-saga-jonsdottir\/\" \/>\n<meta property=\"og:site_name\" content=\"ADVEL\" \/>\n<meta property=\"article:modified_time\" content=\"2025-01-02T10:12:53+00:00\" \/>\n<meta property=\"og:image\" content=\"https:\/\/advel.is\/wp-content\/uploads\/2022\/01\/Birgitta-Saga.jpg\" \/>\n<meta name=\"twitter:card\" content=\"summary_large_image\" \/>\n<meta name=\"twitter:label1\" content=\"Est. reading time\" \/>\n\t<meta name=\"twitter:data1\" content=\"1 minute\" \/>\n<script type=\"application\/ld+json\" class=\"yoast-schema-graph\">{\"@context\":\"https:\\\/\\\/schema.org\",\"@graph\":[{\"@type\":\"WebPage\",\"@id\":\"https:\\\/\\\/advel.is\\\/home\\\/starfsfolk\\\/birgitta-saga-jonsdottir\\\/\",\"url\":\"https:\\\/\\\/advel.is\\\/home\\\/starfsfolk\\\/birgitta-saga-jonsdottir\\\/\",\"name\":\"Birgitta Saga J\u00f3nsd\u00f3ttir - ADVEL\",\"isPartOf\":{\"@id\":\"https:\\\/\\\/advel.is\\\/#website\"},\"primaryImageOfPage\":{\"@id\":\"https:\\\/\\\/advel.is\\\/home\\\/starfsfolk\\\/birgitta-saga-jonsdottir\\\/#primaryimage\"},\"image\":{\"@id\":\"https:\\\/\\\/advel.is\\\/home\\\/starfsfolk\\\/birgitta-saga-jonsdottir\\\/#primaryimage\"},\"thumbnailUrl\":\"https:\\\/\\\/advel.is\\\/wp-content\\\/uploads\\\/2022\\\/01\\\/Birgitta-Saga.jpg\",\"datePublished\":\"2022-01-17T20:44:11+00:00\",\"dateModified\":\"2025-01-02T10:12:53+00:00\",\"breadcrumb\":{\"@id\":\"https:\\\/\\\/advel.is\\\/home\\\/starfsfolk\\\/birgitta-saga-jonsdottir\\\/#breadcrumb\"},\"inLanguage\":\"en-US\",\"potentialAction\":[{\"@type\":\"ReadAction\",\"target\":[\"https:\\\/\\\/advel.is\\\/home\\\/starfsfolk\\\/birgitta-saga-jonsdottir\\\/\"]}]},{\"@type\":\"ImageObject\",\"inLanguage\":\"en-US\",\"@id\":\"https:\\\/\\\/advel.is\\\/home\\\/starfsfolk\\\/birgitta-saga-jonsdottir\\\/#primaryimage\",\"url\":\"https:\\\/\\\/advel.is\\\/wp-content\\\/uploads\\\/2022\\\/01\\\/Birgitta-Saga.jpg\",\"contentUrl\":\"https:\\\/\\\/advel.is\\\/wp-content\\\/uploads\\\/2022\\\/01\\\/Birgitta-Saga.jpg\"},{\"@type\":\"BreadcrumbList\",\"@id\":\"https:\\\/\\\/advel.is\\\/home\\\/starfsfolk\\\/birgitta-saga-jonsdottir\\\/#breadcrumb\",\"itemListElement\":[{\"@type\":\"ListItem\",\"position\":1,\"name\":\"Heim\",\"item\":\"https:\\\/\\\/advel.is\\\/\"},{\"@type\":\"ListItem\",\"position\":2,\"name\":\"Starfsf\u00f3lk\",\"item\":\"https:\\\/\\\/advel.is\\\/home\\\/starfsfolk\\\/\"},{\"@type\":\"ListItem\",\"position\":3,\"name\":\"Birgitta Saga J\u00f3nsd\u00f3ttir\"}]},{\"@type\":\"WebSite\",\"@id\":\"https:\\\/\\\/advel.is\\\/#website\",\"url\":\"https:\\\/\\\/advel.is\\\/\",\"name\":\"ADVEL\",\"description\":\"\",\"publisher\":{\"@id\":\"https:\\\/\\\/advel.is\\\/#organization\"},\"potentialAction\":[{\"@type\":\"SearchAction\",\"target\":{\"@type\":\"EntryPoint\",\"urlTemplate\":\"https:\\\/\\\/advel.is\\\/?s={search_term_string}\"},\"query-input\":{\"@type\":\"PropertyValueSpecification\",\"valueRequired\":true,\"valueName\":\"search_term_string\"}}],\"inLanguage\":\"en-US\"},{\"@type\":\"Organization\",\"@id\":\"https:\\\/\\\/advel.is\\\/#organization\",\"name\":\"ADVEL\",\"url\":\"https:\\\/\\\/advel.is\\\/\",\"logo\":{\"@type\":\"ImageObject\",\"inLanguage\":\"en-US\",\"@id\":\"https:\\\/\\\/advel.is\\\/#\\\/schema\\\/logo\\\/image\\\/\",\"url\":\"https:\\\/\\\/advel.is\\\/wp-content\\\/uploads\\\/2021\\\/06\\\/advel-litid.png\",\"contentUrl\":\"https:\\\/\\\/advel.is\\\/wp-content\\\/uploads\\\/2021\\\/06\\\/advel-litid.png\",\"width\":70,\"height\":64,\"caption\":\"ADVEL\"},\"image\":{\"@id\":\"https:\\\/\\\/advel.is\\\/#\\\/schema\\\/logo\\\/image\\\/\"}}]}<\/script>\n<!-- \/ Yoast SEO plugin. -->","yoast_head_json":{"title":"Birgitta Saga J\u00f3nsd\u00f3ttir - ADVEL","robots":{"index":"index","follow":"follow","max-snippet":"max-snippet:-1","max-image-preview":"max-image-preview:large","max-video-preview":"max-video-preview:-1"},"canonical":"https:\/\/advel.is\/en\/home\/starfsfolk\/birgitta-saga-jonsdottir\/","og_locale":"en_US","og_type":"article","og_title":"Birgitta Saga J\u00f3nsd\u00f3ttir - ADVEL","og_description":"L\u00f6gma\u00f0ur \/ LL.M. \/ verkefnastj\u00f3ri Birgitta Saga J\u00f3nsd\u00f3ttir 520 2050 birgitta@advel.is LinkedIn Starfsferill 2022 &#8211;\u00a0 ADVEL l\u00f6gmenn 2020 &#8211;\u00a0 Neytendastofa 2019 &#8211; 2020 \u00cdslandsbanki\u00a0 Menntun 2021\u00a0 LL.M. fr\u00e1 Universit\u00e9 Jean Moulin Lyon III 2021\u00a0 M.L. fr\u00e1 H\u00e1sk\u00f3lanum \u00ed Reykjav\u00edk 2018\u00a0 BA \u00ed l\u00f6gfr\u00e6\u00f0i fr\u00e1 H\u00e1sk\u00f3lanum \u00ed Reykjav\u00edk R\u00e9ttindi til m\u00e1lflutnings fyrir\u00a0 H\u00e9ra\u00f0sd\u00f3mi \u00a0 Helstu starfssvi\u00f0&hellip; Continue reading Birgitta Saga J\u00f3nsd\u00f3ttir","og_url":"https:\/\/advel.is\/en\/home\/starfsfolk\/birgitta-saga-jonsdottir\/","og_site_name":"ADVEL","article_modified_time":"2025-01-02T10:12:53+00:00","og_image":[{"url":"https:\/\/advel.is\/wp-content\/uploads\/2022\/01\/Birgitta-Saga.jpg","type":"","width":"","height":""}],"twitter_card":"summary_large_image","twitter_misc":{"Est. reading time":"1 minute"},"schema":{"@context":"https:\/\/schema.org","@graph":[{"@type":"WebPage","@id":"https:\/\/advel.is\/home\/starfsfolk\/birgitta-saga-jonsdottir\/","url":"https:\/\/advel.is\/home\/starfsfolk\/birgitta-saga-jonsdottir\/","name":"Birgitta Saga J\u00f3nsd\u00f3ttir - ADVEL","isPartOf":{"@id":"https:\/\/advel.is\/#website"},"primaryImageOfPage":{"@id":"https:\/\/advel.is\/home\/starfsfolk\/birgitta-saga-jonsdottir\/#primaryimage"},"image":{"@id":"https:\/\/advel.is\/home\/starfsfolk\/birgitta-saga-jonsdottir\/#primaryimage"},"thumbnailUrl":"https:\/\/advel.is\/wp-content\/uploads\/2022\/01\/Birgitta-Saga.jpg","datePublished":"2022-01-17T20:44:11+00:00","dateModified":"2025-01-02T10:12:53+00:00","breadcrumb":{"@id":"https:\/\/advel.is\/home\/starfsfolk\/birgitta-saga-jonsdottir\/#breadcrumb"},"inLanguage":"en-US","potentialAction":[{"@type":"ReadAction","target":["https:\/\/advel.is\/home\/starfsfolk\/birgitta-saga-jonsdottir\/"]}]},{"@type":"ImageObject","inLanguage":"en-US","@id":"https:\/\/advel.is\/home\/starfsfolk\/birgitta-saga-jonsdottir\/#primaryimage","url":"https:\/\/advel.is\/wp-content\/uploads\/2022\/01\/Birgitta-Saga.jpg","contentUrl":"https:\/\/advel.is\/wp-content\/uploads\/2022\/01\/Birgitta-Saga.jpg"},{"@type":"BreadcrumbList","@id":"https:\/\/advel.is\/home\/starfsfolk\/birgitta-saga-jonsdottir\/#breadcrumb","itemListElement":[{"@type":"ListItem","position":1,"name":"Heim","item":"https:\/\/advel.is\/"},{"@type":"ListItem","position":2,"name":"Starfsf\u00f3lk","item":"https:\/\/advel.is\/home\/starfsfolk\/"},{"@type":"ListItem","position":3,"name":"Birgitta Saga J\u00f3nsd\u00f3ttir"}]},{"@type":"WebSite","@id":"https:\/\/advel.is\/#website","url":"https:\/\/advel.is\/","name":"ADVEL","description":"","publisher":{"@id":"https:\/\/advel.is\/#organization"},"potentialAction":[{"@type":"SearchAction","target":{"@type":"EntryPoint","urlTemplate":"https:\/\/advel.is\/?s={search_term_string}"},"query-input":{"@type":"PropertyValueSpecification","valueRequired":true,"valueName":"search_term_string"}}],"inLanguage":"en-US"},{"@type":"Organization","@id":"https:\/\/advel.is\/#organization","name":"ADVEL","url":"https:\/\/advel.is\/","logo":{"@type":"ImageObject","inLanguage":"en-US","@id":"https:\/\/advel.is\/#\/schema\/logo\/image\/","url":"https:\/\/advel.is\/wp-content\/uploads\/2021\/06\/advel-litid.png","contentUrl":"https:\/\/advel.is\/wp-content\/uploads\/2021\/06\/advel-litid.png","width":70,"height":64,"caption":"ADVEL"},"image":{"@id":"https:\/\/advel.is\/#\/schema\/logo\/image\/"}}]}},"brizy_media":[],"_links":{"self":[{"href":"https:\/\/advel.is\/en\/wp-json\/wp\/v2\/pages\/2047","targetHints":{"allow":["GET"]}}],"collection":[{"href":"https:\/\/advel.is\/en\/wp-json\/wp\/v2\/pages"}],"about":[{"href":"https:\/\/advel.is\/en\/wp-json\/wp\/v2\/types\/page"}],"author":[{"embeddable":true,"href":"https:\/\/advel.is\/en\/wp-json\/wp\/v2\/users\/1"}],"replies":[{"embeddable":true,"href":"https:\/\/advel.is\/en\/wp-json\/wp\/v2\/comments?post=2047"}],"version-history":[{"count":49,"href":"https:\/\/advel.is\/en\/wp-json\/wp\/v2\/pages\/2047\/revisions"}],"predecessor-version":[{"id":2532,"href":"https:\/\/advel.is\/en\/wp-json\/wp\/v2\/pages\/2047\/revisions\/2532"}],"up":[{"embeddable":true,"href":"https:\/\/advel.is\/en\/wp-json\/wp\/v2\/pages\/137"}],"wp:attachment":[{"href":"https:\/\/advel.is\/en\/wp-json\/wp\/v2\/media?parent=2047"}],"curies":[{"name":"wp","href":"https:\/\/api.w.org\/{rel}","templated":true}]}}