{"id":1276,"date":"2021-09-22T13:56:59","date_gmt":"2021-09-22T13:56:59","guid":{"rendered":"https:\/\/advel.is\/?page_id=1276"},"modified":"2021-09-24T19:11:57","modified_gmt":"2021-09-24T19:11:57","slug":"vilborg-asgeirsdottir","status":"publish","type":"page","link":"https:\/\/advel.is\/en\/home\/starfsfolk\/vilborg-asgeirsdottir\/","title":{"rendered":"Vilborg \u00c1sgeirsd\u00f3ttir"},"content":{"rendered":"<div data-elementor-type=\"wp-page\" data-elementor-id=\"1276\" class=\"elementor elementor-1276\" data-elementor-settings=\"[]\">\n\t\t\t\t\t\t\t<div class=\"elementor-section-wrap\">\n\t\t\t\t\t\t\t<section class=\"elementor-section elementor-top-section elementor-element elementor-element-39ab052d elementor-section-boxed elementor-section-height-default elementor-section-height-default\" data-id=\"39ab052d\" data-element_type=\"section\">\n\t\t\t\t\t\t<div class=\"elementor-container elementor-column-gap-default\">\n\t\t\t\t\t<div class=\"elementor-column elementor-col-100 elementor-top-column elementor-element elementor-element-55ad9a66\" data-id=\"55ad9a66\" data-element_type=\"column\">\n\t\t\t<div class=\"elementor-widget-wrap\">\n\t\t\t\t\t\t\t\t\t<\/div>\n\t\t<\/div>\n\t\t\t\t\t\t\t<\/div>\n\t\t<\/section>\n\t\t\t\t<section class=\"elementor-section elementor-top-section elementor-element elementor-element-4abeac96 elementor-section-boxed elementor-section-height-default elementor-section-height-default\" data-id=\"4abeac96\" data-element_type=\"section\" data-settings=\"{&quot;background_background&quot;:&quot;classic&quot;}\">\n\t\t\t\t\t\t<div class=\"elementor-container elementor-column-gap-default\">\n\t\t\t\t\t<div class=\"elementor-column elementor-col-50 elementor-top-column elementor-element elementor-element-204863ba\" data-id=\"204863ba\" data-element_type=\"column\" data-settings=\"{&quot;background_background&quot;:&quot;classic&quot;}\">\n\t\t\t<div class=\"elementor-widget-wrap elementor-element-populated\">\n\t\t\t\t\t\t\t\t<div class=\"elementor-element elementor-element-7386f033 elementor-widget elementor-widget-image\" data-id=\"7386f033\" data-element_type=\"widget\" data-widget_type=\"image.default\">\n\t\t\t\t<div class=\"elementor-widget-container\">\n\t\t\t\t\t\t\t\t\t\t\t\t\t\t\t<img loading=\"lazy\" decoding=\"async\" width=\"300\" height=\"400\" src=\"https:\/\/advel.is\/wp-content\/uploads\/2021\/09\/Vilborg.jpg\" class=\"attachment-full size-full\" alt=\"\" srcset=\"https:\/\/advel.is\/wp-content\/uploads\/2021\/09\/Vilborg.jpg 300w, https:\/\/advel.is\/wp-content\/uploads\/2021\/09\/Vilborg-225x300.jpg 225w, https:\/\/advel.is\/wp-content\/uploads\/2021\/09\/Vilborg-9x12.jpg 9w\" sizes=\"auto, (max-width: 300px) 100vw, 300px\" style=\"width:100%;height:133.33%;max-width:300px;\" \/>\t\t\t\t\t\t\t\t\t\t\t\t\t\t\t<\/div>\n\t\t\t\t<\/div>\n\t\t\t\t\t<\/div>\n\t\t<\/div>\n\t\t\t\t<div class=\"elementor-column elementor-col-50 elementor-top-column elementor-element elementor-element-6e244679\" data-id=\"6e244679\" data-element_type=\"column\" data-settings=\"{&quot;background_background&quot;:&quot;classic&quot;}\">\n\t\t\t<div class=\"elementor-widget-wrap elementor-element-populated\">\n\t\t\t\t\t<div class=\"elementor-background-overlay\"><\/div>\n\t\t\t\t\t\t\t\t<div class=\"elementor-element elementor-element-2427572f elementor-widget elementor-widget-heading\" data-id=\"2427572f\" data-element_type=\"widget\" data-widget_type=\"heading.default\">\n\t\t\t\t<div class=\"elementor-widget-container\">\n\t\t\t<h4 class=\"elementor-heading-title elementor-size-default\">Chief Executive Officer<\/h4>\t\t<\/div>\n\t\t\t\t<\/div>\n\t\t\t\t<div class=\"elementor-element elementor-element-51ba94ce elementor-widget elementor-widget-heading\" data-id=\"51ba94ce\" data-element_type=\"widget\" data-widget_type=\"heading.default\">\n\t\t\t\t<div class=\"elementor-widget-container\">\n\t\t\t<h2 class=\"elementor-heading-title elementor-size-default\">Vilborg \u00c1sgeirsd\u00f3ttir<\/h2>\t\t<\/div>\n\t\t\t\t<\/div>\n\t\t\t\t<div class=\"elementor-element elementor-element-132f271 elementor-icon-list--layout-traditional elementor-list-item-link-full_width elementor-widget elementor-widget-icon-list\" data-id=\"132f271\" data-element_type=\"widget\" data-widget_type=\"icon-list.default\">\n\t\t\t\t<div class=\"elementor-widget-container\">\n\t\t\t\t\t<ul class=\"elementor-icon-list-items\">\n\t\t\t\t\t\t\t<li class=\"elementor-icon-list-item\">\n\t\t\t\t\t\t\t\t\t\t\t<span class=\"elementor-icon-list-icon\">\n\t\t\t\t\t\t\t<i aria-hidden=\"true\" class=\"fas fa-phone-square\"><\/i>\t\t\t\t\t\t<\/span>\n\t\t\t\t\t\t\t\t\t\t<span class=\"elementor-icon-list-text\">520 2050<\/span>\n\t\t\t\t\t\t\t\t\t<\/li>\n\t\t\t\t\t\t\t\t<li class=\"elementor-icon-list-item\">\n\t\t\t\t\t<a href=\"mailto:vilborg@advel.is\">\t\t\t\t\t\t<span class=\"elementor-icon-list-icon\">\n\t\t\t\t\t\t\t<i aria-hidden=\"true\" class=\"fas fa-at\"><\/i>\t\t\t\t\t\t<\/span>\n\t\t\t\t\t\t\t\t\t\t<span class=\"elementor-icon-list-text\">vilborg@advel.is<\/span>\n\t\t\t\t\t\t\t\t\t\t\t<\/a>\n\t\t\t\t\t\t\t\t\t<\/li>\n\t\t\t\t\t\t\t\t<li class=\"elementor-icon-list-item\">\n\t\t\t\t\t<a href=\"https:\/\/www.linkedin.com\/in\/vilborg-%C3%A1sgeirsd%C3%B3ttir-38102888\/\">\t\t\t\t\t\t<span class=\"elementor-icon-list-icon\">\n\t\t\t\t\t\t\t<i aria-hidden=\"true\" class=\"fab fa-linkedin\"><\/i>\t\t\t\t\t\t<\/span>\n\t\t\t\t\t\t\t\t\t\t<span class=\"elementor-icon-list-text\">LinkedIn<\/span>\n\t\t\t\t\t\t\t\t\t\t\t<\/a>\n\t\t\t\t\t\t\t\t\t<\/li>\n\t\t\t\t\t\t<\/ul>\n\t\t\t\t<\/div>\n\t\t\t\t<\/div>\n\t\t\t\t<div class=\"elementor-element elementor-element-726fea9e elementor-widget elementor-widget-text-editor\" data-id=\"726fea9e\" data-element_type=\"widget\" data-widget_type=\"text-editor.default\">\n\t\t\t\t<div class=\"elementor-widget-container\">\n\t\t\t\t\t\t\t\t<h3>Career<\/h3>\t\t\t\t\t\t<\/div>\n\t\t\t\t<\/div>\n\t\t\t\t<div class=\"elementor-element elementor-element-363fc45b elementor-widget elementor-widget-text-editor\" data-id=\"363fc45b\" data-element_type=\"widget\" data-widget_type=\"text-editor.default\">\n\t\t\t\t<div class=\"elementor-widget-container\">\n\t\t\t\t\t\t\t\t<p>2019 - ADVEL Attorneys at Law<\/p>\n<p>2017 - 2019 I\u00d0AN fr\u00e6\u00f0slusetur<\/p>\n<p>2014 - 2017 ADVEL Attorneys at Law<\/p>\n<p>2001 - 2014 LOGOS Legal Services<\/p>\t\t\t\t\t\t<\/div>\n\t\t\t\t<\/div>\n\t\t\t\t<div class=\"elementor-element elementor-element-4cf2a5f7 elementor-widget elementor-widget-text-editor\" data-id=\"4cf2a5f7\" data-element_type=\"widget\" data-widget_type=\"text-editor.default\">\n\t\t\t\t<div class=\"elementor-widget-container\">\n\t\t\t\t\t\t\t\t<h3>Education<\/h3>\n<div>2016\u00a0Diploma in Board Leadership<br>2008\u00a0 Certified Securities Broker - Reykjavik University<br>2004\u00a0 Business Administration - Reykjavik University<\/div>\t\t\t\t\t\t<\/div>\n\t\t\t\t<\/div>\n\t\t\t\t<div class=\"elementor-element elementor-element-c8ffcae elementor-widget elementor-widget-text-editor\" data-id=\"c8ffcae\" data-element_type=\"widget\" data-widget_type=\"text-editor.default\">\n\t\t\t\t<div class=\"elementor-widget-container\">\n\t\t\t\t\t\t\t\t<h3>Languages<\/h3><div>English<\/div>\t\t\t\t\t\t<\/div>\n\t\t\t\t<\/div>\n\t\t\t\t\t<\/div>\n\t\t<\/div>\n\t\t\t\t\t\t\t<\/div>\n\t\t<\/section>\n\t\t\t\t\t\t<\/div>\n\t\t\t\t\t<\/div>","protected":false},"excerpt":{"rendered":"<p>Framkv\u00e6mdastj\u00f3ri Vilborg \u00c1sgeirsd\u00f3ttir 520 2050 vilborg@advel.is LinkedIn Starfsferill 2019 &#8211;&nbsp; ADVEL l\u00f6gmenn 2017 &#8211; 2019&nbsp; I\u00d0AN fr\u00e6\u00f0slusetur 2014 &#8211; 2017&nbsp; ADVEL l\u00f6gmenn 2001 &#8211; 2014&nbsp; LOGOS l\u00f6gmanns\u00fej\u00f3nusta Menntun 2016&nbsp; Vi\u00f0urkenndur stj\u00f3rnarma\u00f0ur &#8211; Ranns\u00f3knarmi\u00f0st\u00f6\u00f0 \u00cdslands2008&nbsp; Pr\u00f3f \u00ed ver\u00f0br\u00e9favi\u00f0skiptum &#8211; H\u00e1sk\u00f3linn \u00ed Reykjav\u00edk2004&nbsp; Rekstrarfr\u00e6\u00f0ingur &#8211; H\u00e1sk\u00f3linn \u00ed Reykjav\u00edk Tungum\u00e1l Enska<\/p>","protected":false},"author":1,"featured_media":0,"parent":137,"menu_order":0,"comment_status":"closed","ping_status":"closed","template":"","meta":{"_acf_changed":false,"footnotes":""},"class_list":["post-1276","page","type-page","status-publish","hentry","entry"],"acf":[],"yoast_head":"<!-- This site is optimized with the Yoast SEO plugin v27.3 - https:\/\/yoast.com\/product\/yoast-seo-wordpress\/ -->\n<title>Vilborg \u00c1sgeirsd\u00f3ttir - ADVEL<\/title>\n<meta name=\"robots\" content=\"index, follow, max-snippet:-1, max-image-preview:large, max-video-preview:-1\" \/>\n<link rel=\"canonical\" href=\"https:\/\/advel.is\/en\/home\/starfsfolk\/vilborg-asgeirsdottir\/\" \/>\n<meta property=\"og:locale\" content=\"en_US\" \/>\n<meta property=\"og:type\" content=\"article\" \/>\n<meta property=\"og:title\" content=\"Vilborg \u00c1sgeirsd\u00f3ttir - ADVEL\" \/>\n<meta property=\"og:description\" content=\"Framkv\u00e6mdastj\u00f3ri Vilborg \u00c1sgeirsd\u00f3ttir 520 2050 vilborg@advel.is LinkedIn Starfsferill 2019 &#8211;&nbsp; ADVEL l\u00f6gmenn 2017 &#8211; 2019&nbsp; I\u00d0AN fr\u00e6\u00f0slusetur 2014 &#8211; 2017&nbsp; ADVEL l\u00f6gmenn 2001 &#8211; 2014&nbsp; LOGOS l\u00f6gmanns\u00fej\u00f3nusta Menntun 2016&nbsp; Vi\u00f0urkenndur stj\u00f3rnarma\u00f0ur &#8211; Ranns\u00f3knarmi\u00f0st\u00f6\u00f0 \u00cdslands2008&nbsp; Pr\u00f3f \u00ed ver\u00f0br\u00e9favi\u00f0skiptum &#8211; H\u00e1sk\u00f3linn \u00ed Reykjav\u00edk2004&nbsp; Rekstrarfr\u00e6\u00f0ingur &#8211; H\u00e1sk\u00f3linn \u00ed Reykjav\u00edk Tungum\u00e1l Enska\" \/>\n<meta property=\"og:url\" content=\"https:\/\/advel.is\/en\/home\/starfsfolk\/vilborg-asgeirsdottir\/\" \/>\n<meta property=\"og:site_name\" content=\"ADVEL\" \/>\n<meta property=\"article:modified_time\" content=\"2021-09-24T19:11:57+00:00\" \/>\n<meta property=\"og:image\" content=\"https:\/\/advel.is\/wp-content\/uploads\/2021\/09\/Vilborg.jpg\" \/>\n<meta name=\"twitter:card\" content=\"summary_large_image\" \/>\n<meta name=\"twitter:label1\" content=\"Est. reading time\" \/>\n\t<meta name=\"twitter:data1\" content=\"1 minute\" \/>\n<script type=\"application\/ld+json\" class=\"yoast-schema-graph\">{\"@context\":\"https:\\\/\\\/schema.org\",\"@graph\":[{\"@type\":\"WebPage\",\"@id\":\"https:\\\/\\\/advel.is\\\/home\\\/starfsfolk\\\/vilborg-asgeirsdottir\\\/\",\"url\":\"https:\\\/\\\/advel.is\\\/home\\\/starfsfolk\\\/vilborg-asgeirsdottir\\\/\",\"name\":\"Vilborg \u00c1sgeirsd\u00f3ttir - ADVEL\",\"isPartOf\":{\"@id\":\"https:\\\/\\\/advel.is\\\/#website\"},\"primaryImageOfPage\":{\"@id\":\"https:\\\/\\\/advel.is\\\/home\\\/starfsfolk\\\/vilborg-asgeirsdottir\\\/#primaryimage\"},\"image\":{\"@id\":\"https:\\\/\\\/advel.is\\\/home\\\/starfsfolk\\\/vilborg-asgeirsdottir\\\/#primaryimage\"},\"thumbnailUrl\":\"https:\\\/\\\/advel.is\\\/wp-content\\\/uploads\\\/2021\\\/09\\\/Vilborg.jpg\",\"datePublished\":\"2021-09-22T13:56:59+00:00\",\"dateModified\":\"2021-09-24T19:11:57+00:00\",\"breadcrumb\":{\"@id\":\"https:\\\/\\\/advel.is\\\/home\\\/starfsfolk\\\/vilborg-asgeirsdottir\\\/#breadcrumb\"},\"inLanguage\":\"en-US\",\"potentialAction\":[{\"@type\":\"ReadAction\",\"target\":[\"https:\\\/\\\/advel.is\\\/home\\\/starfsfolk\\\/vilborg-asgeirsdottir\\\/\"]}]},{\"@type\":\"ImageObject\",\"inLanguage\":\"en-US\",\"@id\":\"https:\\\/\\\/advel.is\\\/home\\\/starfsfolk\\\/vilborg-asgeirsdottir\\\/#primaryimage\",\"url\":\"https:\\\/\\\/advel.is\\\/wp-content\\\/uploads\\\/2021\\\/09\\\/Vilborg.jpg\",\"contentUrl\":\"https:\\\/\\\/advel.is\\\/wp-content\\\/uploads\\\/2021\\\/09\\\/Vilborg.jpg\"},{\"@type\":\"BreadcrumbList\",\"@id\":\"https:\\\/\\\/advel.is\\\/home\\\/starfsfolk\\\/vilborg-asgeirsdottir\\\/#breadcrumb\",\"itemListElement\":[{\"@type\":\"ListItem\",\"position\":1,\"name\":\"Heim\",\"item\":\"https:\\\/\\\/advel.is\\\/\"},{\"@type\":\"ListItem\",\"position\":2,\"name\":\"Starfsf\u00f3lk\",\"item\":\"https:\\\/\\\/advel.is\\\/home\\\/starfsfolk\\\/\"},{\"@type\":\"ListItem\",\"position\":3,\"name\":\"Vilborg \u00c1sgeirsd\u00f3ttir\"}]},{\"@type\":\"WebSite\",\"@id\":\"https:\\\/\\\/advel.is\\\/#website\",\"url\":\"https:\\\/\\\/advel.is\\\/\",\"name\":\"ADVEL\",\"description\":\"\",\"publisher\":{\"@id\":\"https:\\\/\\\/advel.is\\\/#organization\"},\"potentialAction\":[{\"@type\":\"SearchAction\",\"target\":{\"@type\":\"EntryPoint\",\"urlTemplate\":\"https:\\\/\\\/advel.is\\\/?s={search_term_string}\"},\"query-input\":{\"@type\":\"PropertyValueSpecification\",\"valueRequired\":true,\"valueName\":\"search_term_string\"}}],\"inLanguage\":\"en-US\"},{\"@type\":\"Organization\",\"@id\":\"https:\\\/\\\/advel.is\\\/#organization\",\"name\":\"ADVEL\",\"url\":\"https:\\\/\\\/advel.is\\\/\",\"logo\":{\"@type\":\"ImageObject\",\"inLanguage\":\"en-US\",\"@id\":\"https:\\\/\\\/advel.is\\\/#\\\/schema\\\/logo\\\/image\\\/\",\"url\":\"https:\\\/\\\/advel.is\\\/wp-content\\\/uploads\\\/2021\\\/06\\\/advel-litid.png\",\"contentUrl\":\"https:\\\/\\\/advel.is\\\/wp-content\\\/uploads\\\/2021\\\/06\\\/advel-litid.png\",\"width\":70,\"height\":64,\"caption\":\"ADVEL\"},\"image\":{\"@id\":\"https:\\\/\\\/advel.is\\\/#\\\/schema\\\/logo\\\/image\\\/\"}}]}<\/script>\n<!-- \/ Yoast SEO plugin. -->","yoast_head_json":{"title":"Vilborg \u00c1sgeirsd\u00f3ttir - ADVEL","robots":{"index":"index","follow":"follow","max-snippet":"max-snippet:-1","max-image-preview":"max-image-preview:large","max-video-preview":"max-video-preview:-1"},"canonical":"https:\/\/advel.is\/en\/home\/starfsfolk\/vilborg-asgeirsdottir\/","og_locale":"en_US","og_type":"article","og_title":"Vilborg \u00c1sgeirsd\u00f3ttir - ADVEL","og_description":"Framkv\u00e6mdastj\u00f3ri Vilborg \u00c1sgeirsd\u00f3ttir 520 2050 vilborg@advel.is LinkedIn Starfsferill 2019 &#8211;&nbsp; ADVEL l\u00f6gmenn 2017 &#8211; 2019&nbsp; I\u00d0AN fr\u00e6\u00f0slusetur 2014 &#8211; 2017&nbsp; ADVEL l\u00f6gmenn 2001 &#8211; 2014&nbsp; LOGOS l\u00f6gmanns\u00fej\u00f3nusta Menntun 2016&nbsp; Vi\u00f0urkenndur stj\u00f3rnarma\u00f0ur &#8211; Ranns\u00f3knarmi\u00f0st\u00f6\u00f0 \u00cdslands2008&nbsp; Pr\u00f3f \u00ed ver\u00f0br\u00e9favi\u00f0skiptum &#8211; H\u00e1sk\u00f3linn \u00ed Reykjav\u00edk2004&nbsp; Rekstrarfr\u00e6\u00f0ingur &#8211; H\u00e1sk\u00f3linn \u00ed Reykjav\u00edk Tungum\u00e1l Enska","og_url":"https:\/\/advel.is\/en\/home\/starfsfolk\/vilborg-asgeirsdottir\/","og_site_name":"ADVEL","article_modified_time":"2021-09-24T19:11:57+00:00","og_image":[{"url":"https:\/\/advel.is\/wp-content\/uploads\/2021\/09\/Vilborg.jpg","type":"","width":"","height":""}],"twitter_card":"summary_large_image","twitter_misc":{"Est. reading time":"1 minute"},"schema":{"@context":"https:\/\/schema.org","@graph":[{"@type":"WebPage","@id":"https:\/\/advel.is\/home\/starfsfolk\/vilborg-asgeirsdottir\/","url":"https:\/\/advel.is\/home\/starfsfolk\/vilborg-asgeirsdottir\/","name":"Vilborg \u00c1sgeirsd\u00f3ttir - ADVEL","isPartOf":{"@id":"https:\/\/advel.is\/#website"},"primaryImageOfPage":{"@id":"https:\/\/advel.is\/home\/starfsfolk\/vilborg-asgeirsdottir\/#primaryimage"},"image":{"@id":"https:\/\/advel.is\/home\/starfsfolk\/vilborg-asgeirsdottir\/#primaryimage"},"thumbnailUrl":"https:\/\/advel.is\/wp-content\/uploads\/2021\/09\/Vilborg.jpg","datePublished":"2021-09-22T13:56:59+00:00","dateModified":"2021-09-24T19:11:57+00:00","breadcrumb":{"@id":"https:\/\/advel.is\/home\/starfsfolk\/vilborg-asgeirsdottir\/#breadcrumb"},"inLanguage":"en-US","potentialAction":[{"@type":"ReadAction","target":["https:\/\/advel.is\/home\/starfsfolk\/vilborg-asgeirsdottir\/"]}]},{"@type":"ImageObject","inLanguage":"en-US","@id":"https:\/\/advel.is\/home\/starfsfolk\/vilborg-asgeirsdottir\/#primaryimage","url":"https:\/\/advel.is\/wp-content\/uploads\/2021\/09\/Vilborg.jpg","contentUrl":"https:\/\/advel.is\/wp-content\/uploads\/2021\/09\/Vilborg.jpg"},{"@type":"BreadcrumbList","@id":"https:\/\/advel.is\/home\/starfsfolk\/vilborg-asgeirsdottir\/#breadcrumb","itemListElement":[{"@type":"ListItem","position":1,"name":"Heim","item":"https:\/\/advel.is\/"},{"@type":"ListItem","position":2,"name":"Starfsf\u00f3lk","item":"https:\/\/advel.is\/home\/starfsfolk\/"},{"@type":"ListItem","position":3,"name":"Vilborg \u00c1sgeirsd\u00f3ttir"}]},{"@type":"WebSite","@id":"https:\/\/advel.is\/#website","url":"https:\/\/advel.is\/","name":"ADVEL","description":"","publisher":{"@id":"https:\/\/advel.is\/#organization"},"potentialAction":[{"@type":"SearchAction","target":{"@type":"EntryPoint","urlTemplate":"https:\/\/advel.is\/?s={search_term_string}"},"query-input":{"@type":"PropertyValueSpecification","valueRequired":true,"valueName":"search_term_string"}}],"inLanguage":"en-US"},{"@type":"Organization","@id":"https:\/\/advel.is\/#organization","name":"ADVEL","url":"https:\/\/advel.is\/","logo":{"@type":"ImageObject","inLanguage":"en-US","@id":"https:\/\/advel.is\/#\/schema\/logo\/image\/","url":"https:\/\/advel.is\/wp-content\/uploads\/2021\/06\/advel-litid.png","contentUrl":"https:\/\/advel.is\/wp-content\/uploads\/2021\/06\/advel-litid.png","width":70,"height":64,"caption":"ADVEL"},"image":{"@id":"https:\/\/advel.is\/#\/schema\/logo\/image\/"}}]}},"brizy_media":[],"_links":{"self":[{"href":"https:\/\/advel.is\/en\/wp-json\/wp\/v2\/pages\/1276","targetHints":{"allow":["GET"]}}],"collection":[{"href":"https:\/\/advel.is\/en\/wp-json\/wp\/v2\/pages"}],"about":[{"href":"https:\/\/advel.is\/en\/wp-json\/wp\/v2\/types\/page"}],"author":[{"embeddable":true,"href":"https:\/\/advel.is\/en\/wp-json\/wp\/v2\/users\/1"}],"replies":[{"embeddable":true,"href":"https:\/\/advel.is\/en\/wp-json\/wp\/v2\/comments?post=1276"}],"version-history":[{"count":25,"href":"https:\/\/advel.is\/en\/wp-json\/wp\/v2\/pages\/1276\/revisions"}],"predecessor-version":[{"id":1840,"href":"https:\/\/advel.is\/en\/wp-json\/wp\/v2\/pages\/1276\/revisions\/1840"}],"up":[{"embeddable":true,"href":"https:\/\/advel.is\/en\/wp-json\/wp\/v2\/pages\/137"}],"wp:attachment":[{"href":"https:\/\/advel.is\/en\/wp-json\/wp\/v2\/media?parent=1276"}],"curies":[{"name":"wp","href":"https:\/\/api.w.org\/{rel}","templated":true}]}}