{"id":1272,"date":"2021-09-22T13:56:27","date_gmt":"2021-09-22T13:56:27","guid":{"rendered":"https:\/\/advel.is\/?page_id=1272"},"modified":"2022-01-17T21:20:01","modified_gmt":"2022-01-17T21:20:01","slug":"stefan-thor-ingimarsson","status":"publish","type":"page","link":"https:\/\/advel.is\/en\/home\/starfsfolk\/stefan-thor-ingimarsson\/","title":{"rendered":"Stefan Thor Ingimarsson"},"content":{"rendered":"<div data-elementor-type=\"wp-page\" data-elementor-id=\"1272\" class=\"elementor elementor-1272\" data-elementor-settings=\"[]\">\n\t\t\t\t\t\t\t<div class=\"elementor-section-wrap\">\n\t\t\t\t\t\t\t<section class=\"elementor-section elementor-top-section elementor-element elementor-element-53891725 elementor-section-boxed elementor-section-height-default elementor-section-height-default\" data-id=\"53891725\" data-element_type=\"section\">\n\t\t\t\t\t\t<div class=\"elementor-container elementor-column-gap-default\">\n\t\t\t\t\t<div class=\"elementor-column elementor-col-100 elementor-top-column elementor-element elementor-element-13eddfbd\" data-id=\"13eddfbd\" data-element_type=\"column\">\n\t\t\t<div class=\"elementor-widget-wrap\">\n\t\t\t\t\t\t\t\t\t<\/div>\n\t\t<\/div>\n\t\t\t\t\t\t\t<\/div>\n\t\t<\/section>\n\t\t\t\t<section class=\"elementor-section elementor-top-section elementor-element elementor-element-6542a0e elementor-section-boxed elementor-section-height-default elementor-section-height-default\" data-id=\"6542a0e\" data-element_type=\"section\" data-settings=\"{&quot;background_background&quot;:&quot;classic&quot;}\">\n\t\t\t\t\t\t<div class=\"elementor-container elementor-column-gap-default\">\n\t\t\t\t\t<div class=\"elementor-column elementor-col-50 elementor-top-column elementor-element elementor-element-7f1aa8be\" data-id=\"7f1aa8be\" data-element_type=\"column\" data-settings=\"{&quot;background_background&quot;:&quot;classic&quot;}\">\n\t\t\t<div class=\"elementor-widget-wrap elementor-element-populated\">\n\t\t\t\t\t\t\t\t<div class=\"elementor-element elementor-element-70752fc0 elementor-widget elementor-widget-image\" data-id=\"70752fc0\" data-element_type=\"widget\" data-widget_type=\"image.default\">\n\t\t\t\t<div class=\"elementor-widget-container\">\n\t\t\t\t\t\t\t\t\t\t\t\t\t\t\t<img loading=\"lazy\" decoding=\"async\" width=\"300\" height=\"400\" src=\"https:\/\/advel.is\/wp-content\/uploads\/2022\/01\/stefan-thor-ingimarsson.jpg\" class=\"attachment-full size-full\" alt=\"\" srcset=\"https:\/\/advel.is\/wp-content\/uploads\/2022\/01\/stefan-thor-ingimarsson.jpg 300w, https:\/\/advel.is\/wp-content\/uploads\/2022\/01\/stefan-thor-ingimarsson-225x300.jpg 225w, https:\/\/advel.is\/wp-content\/uploads\/2022\/01\/stefan-thor-ingimarsson-9x12.jpg 9w\" sizes=\"auto, (max-width: 300px) 100vw, 300px\" style=\"width:100%;height:133.33%;max-width:300px;\" \/>\t\t\t\t\t\t\t\t\t\t\t\t\t\t\t<\/div>\n\t\t\t\t<\/div>\n\t\t\t\t\t<\/div>\n\t\t<\/div>\n\t\t\t\t<div class=\"elementor-column elementor-col-50 elementor-top-column elementor-element elementor-element-25da416d\" data-id=\"25da416d\" data-element_type=\"column\" data-settings=\"{&quot;background_background&quot;:&quot;classic&quot;}\">\n\t\t\t<div class=\"elementor-widget-wrap elementor-element-populated\">\n\t\t\t\t\t<div class=\"elementor-background-overlay\"><\/div>\n\t\t\t\t\t\t\t\t<div class=\"elementor-element elementor-element-47053369 elementor-widget elementor-widget-heading\" data-id=\"47053369\" data-element_type=\"widget\" data-widget_type=\"heading.default\">\n\t\t\t\t<div class=\"elementor-widget-container\">\n\t\t\t<h4 class=\"elementor-heading-title elementor-size-default\">Attorney \/ LL.M. \/ Partner<\/h4>\t\t<\/div>\n\t\t\t\t<\/div>\n\t\t\t\t<div class=\"elementor-element elementor-element-4f3e373e elementor-widget elementor-widget-heading\" data-id=\"4f3e373e\" data-element_type=\"widget\" data-widget_type=\"heading.default\">\n\t\t\t\t<div class=\"elementor-widget-container\">\n\t\t\t<h2 class=\"elementor-heading-title elementor-size-default\">Stefan Thor Ingimarsson<\/h2>\t\t<\/div>\n\t\t\t\t<\/div>\n\t\t\t\t<div class=\"elementor-element elementor-element-783367bd elementor-icon-list--layout-traditional elementor-list-item-link-full_width elementor-widget elementor-widget-icon-list\" data-id=\"783367bd\" data-element_type=\"widget\" data-widget_type=\"icon-list.default\">\n\t\t\t\t<div class=\"elementor-widget-container\">\n\t\t\t\t\t<ul class=\"elementor-icon-list-items\">\n\t\t\t\t\t\t\t<li class=\"elementor-icon-list-item\">\n\t\t\t\t\t\t\t\t\t\t\t<span class=\"elementor-icon-list-icon\">\n\t\t\t\t\t\t\t<i aria-hidden=\"true\" class=\"fas fa-phone-square\"><\/i>\t\t\t\t\t\t<\/span>\n\t\t\t\t\t\t\t\t\t\t<span class=\"elementor-icon-list-text\">520 2050<\/span>\n\t\t\t\t\t\t\t\t\t<\/li>\n\t\t\t\t\t\t\t\t<li class=\"elementor-icon-list-item\">\n\t\t\t\t\t<a href=\"mailto:stefan@advel.is\">\t\t\t\t\t\t<span class=\"elementor-icon-list-icon\">\n\t\t\t\t\t\t\t<i aria-hidden=\"true\" class=\"fas fa-at\"><\/i>\t\t\t\t\t\t<\/span>\n\t\t\t\t\t\t\t\t\t\t<span class=\"elementor-icon-list-text\">stefan@advel.is<\/span>\n\t\t\t\t\t\t\t\t\t\t\t<\/a>\n\t\t\t\t\t\t\t\t\t<\/li>\n\t\t\t\t\t\t\t\t<li class=\"elementor-icon-list-item\">\n\t\t\t\t\t<a href=\"https:\/\/www.linkedin.com\/in\/stefaningimarsson\/\">\t\t\t\t\t\t<span class=\"elementor-icon-list-icon\">\n\t\t\t\t\t\t\t<i aria-hidden=\"true\" class=\"fab fa-linkedin\"><\/i>\t\t\t\t\t\t<\/span>\n\t\t\t\t\t\t\t\t\t\t<span class=\"elementor-icon-list-text\">LinkedIn<\/span>\n\t\t\t\t\t\t\t\t\t\t\t<\/a>\n\t\t\t\t\t\t\t\t\t<\/li>\n\t\t\t\t\t\t<\/ul>\n\t\t\t\t<\/div>\n\t\t\t\t<\/div>\n\t\t\t\t<div class=\"elementor-element elementor-element-490095bf elementor-widget elementor-widget-text-editor\" data-id=\"490095bf\" data-element_type=\"widget\" data-widget_type=\"text-editor.default\">\n\t\t\t\t<div class=\"elementor-widget-container\">\n\t\t\t\t\t\t\t\t<h3>Career<\/h3>\t\t\t\t\t\t<\/div>\n\t\t\t\t<\/div>\n\t\t\t\t<div class=\"elementor-element elementor-element-2e42fcec elementor-widget elementor-widget-text-editor\" data-id=\"2e42fcec\" data-element_type=\"widget\" data-widget_type=\"text-editor.default\">\n\t\t\t\t<div class=\"elementor-widget-container\">\n\t\t\t\t\t\t\t\t<p>2009 - ADVEL Attorneys at Law<\/p><p>2000 - 2004  Fulltingi Legal Services<\/p><p>1999 - L\u00f6gv\u00edsi law firm<\/p><p>1998 - V\u00cdS Insurance<\/p>\t\t\t\t\t\t<\/div>\n\t\t\t\t<\/div>\n\t\t\t\t<div class=\"elementor-element elementor-element-4aba5564 elementor-widget elementor-widget-text-editor\" data-id=\"4aba5564\" data-element_type=\"widget\" data-widget_type=\"text-editor.default\">\n\t\t\t\t<div class=\"elementor-widget-container\">\n\t\t\t\t\t\t\t\t<h3>Education<\/h3>\n<div>2006 - 2009 Ph.D. research., Business Law Department, Tilburg University<br>2005  LL.M. International Economic and Business Law, Groningen University (cum laude)<br>1999  University of Iceland, Cand.jur<\/div>\t\t\t\t\t\t<\/div>\n\t\t\t\t<\/div>\n\t\t\t\t<div class=\"elementor-element elementor-element-6453e270 elementor-widget elementor-widget-text-editor\" data-id=\"6453e270\" data-element_type=\"widget\" data-widget_type=\"text-editor.default\">\n\t\t\t\t<div class=\"elementor-widget-container\">\n\t\t\t\t\t\t\t\t<h3>Admitted to practice before<\/h3>\n<div>The District Courts<\/div>\t\t\t\t\t\t<\/div>\n\t\t\t\t<\/div>\n\t\t\t\t<div class=\"elementor-element elementor-element-546fd635 elementor-widget elementor-widget-text-editor\" data-id=\"546fd635\" data-element_type=\"widget\" data-widget_type=\"text-editor.default\">\n\t\t\t\t<div class=\"elementor-widget-container\">\n\t\t\t\t\t\t\t\t<h3>Practice areas<\/h3><div>Corporate Law and Corporate Consultancy Services, (Re)Insurance Law, M&amp;A, Loan Agreements and Corporate Governance<\/div>\t\t\t\t\t\t<\/div>\n\t\t\t\t<\/div>\n\t\t\t\t<div class=\"elementor-element elementor-element-46bb9c8a elementor-widget elementor-widget-text-editor\" data-id=\"46bb9c8a\" data-element_type=\"widget\" data-widget_type=\"text-editor.default\">\n\t\t\t\t<div class=\"elementor-widget-container\">\n\t\t\t\t\t\t\t\t<h3>Languages<\/h3><div>English, Danish, Swedish, Dutch<\/div>\t\t\t\t\t\t<\/div>\n\t\t\t\t<\/div>\n\t\t\t\t\t<\/div>\n\t\t<\/div>\n\t\t\t\t\t\t\t<\/div>\n\t\t<\/section>\n\t\t\t\t\t\t<\/div>\n\t\t\t\t\t<\/div>","protected":false},"excerpt":{"rendered":"<p>L\u00f6gma\u00f0ur \/ LL.M. \/ eigandi Stef\u00e1n \u00de\u00f3r Ingimarsson 520 2050 stefan@advel.is LinkedIn Starfsferill 2009 &#8211; ADVEL l\u00f6gmenn 2000 &#8211; 2004\u00a0 Fulltingi l\u00f6gfr\u00e6\u00f0i\u00fej\u00f3nusta 1999 &#8211; L\u00f6gv\u00edsi 1998 &#8211; V\u00cdS Menntun 2006 &#8211; 2009&nbsp; Doktorsn\u00e1m vi\u00f0 vi\u00f0skiptal\u00f6gfr\u00e6\u00f0ideild Tilburgarh\u00e1sk\u00f3la2005&nbsp; LL.M. International Economic and Buisness Law fr\u00e1 Groningen H\u00e1sk\u00f3la (Cum laude)1999 Cand.jur. fr\u00e1 H\u00e1sk\u00f3la \u00cdslands R\u00e9ttindi til m\u00e1lflutnings fyrir&hellip; <a class=\"more-link\" href=\"https:\/\/advel.is\/en\/home\/starfsfolk\/stefan-thor-ingimarsson\/\">Continue reading <span class=\"screen-reader-text\">Stefan Thor Ingimarsson<\/span><\/a><\/p>","protected":false},"author":1,"featured_media":0,"parent":137,"menu_order":0,"comment_status":"closed","ping_status":"closed","template":"","meta":{"_acf_changed":false,"footnotes":""},"class_list":["post-1272","page","type-page","status-publish","hentry","entry"],"acf":[],"yoast_head":"<!-- This site is optimized with the Yoast SEO plugin v26.9 - https:\/\/yoast.com\/product\/yoast-seo-wordpress\/ -->\n<title>Stef\u00e1n \u00de\u00f3r Ingimarsson - ADVEL<\/title>\n<meta name=\"robots\" content=\"index, follow, max-snippet:-1, max-image-preview:large, max-video-preview:-1\" \/>\n<link rel=\"canonical\" href=\"https:\/\/advel.is\/en\/home\/starfsfolk\/stefan-thor-ingimarsson\/\" \/>\n<meta property=\"og:locale\" content=\"en_US\" \/>\n<meta property=\"og:type\" content=\"article\" \/>\n<meta property=\"og:title\" content=\"Stef\u00e1n \u00de\u00f3r Ingimarsson - ADVEL\" \/>\n<meta property=\"og:description\" content=\"L\u00f6gma\u00f0ur \/ LL.M. \/ eigandi Stef\u00e1n \u00de\u00f3r Ingimarsson 520 2050 stefan@advel.is LinkedIn Starfsferill 2009 &#8211; ADVEL l\u00f6gmenn 2000 &#8211; 2004\u00a0 Fulltingi l\u00f6gfr\u00e6\u00f0i\u00fej\u00f3nusta 1999 &#8211; L\u00f6gv\u00edsi 1998 &#8211; V\u00cdS Menntun 2006 &#8211; 2009&nbsp; Doktorsn\u00e1m vi\u00f0 vi\u00f0skiptal\u00f6gfr\u00e6\u00f0ideild Tilburgarh\u00e1sk\u00f3la2005&nbsp; LL.M. International Economic and Buisness Law fr\u00e1 Groningen H\u00e1sk\u00f3la (Cum laude)1999 Cand.jur. fr\u00e1 H\u00e1sk\u00f3la \u00cdslands R\u00e9ttindi til m\u00e1lflutnings fyrir&hellip; Continue reading Stef\u00e1n \u00de\u00f3r Ingimarsson\" \/>\n<meta property=\"og:url\" content=\"https:\/\/advel.is\/en\/home\/starfsfolk\/stefan-thor-ingimarsson\/\" \/>\n<meta property=\"og:site_name\" content=\"ADVEL\" \/>\n<meta property=\"article:modified_time\" content=\"2022-01-17T21:20:01+00:00\" \/>\n<meta property=\"og:image\" content=\"https:\/\/advel.is\/wp-content\/uploads\/2022\/01\/stefan-thor-ingimarsson.jpg\" \/>\n<meta name=\"twitter:card\" content=\"summary_large_image\" \/>\n<meta name=\"twitter:label1\" content=\"Est. reading time\" \/>\n\t<meta name=\"twitter:data1\" content=\"1 minute\" \/>\n<script type=\"application\/ld+json\" class=\"yoast-schema-graph\">{\"@context\":\"https:\/\/schema.org\",\"@graph\":[{\"@type\":\"WebPage\",\"@id\":\"https:\/\/advel.is\/home\/starfsfolk\/stefan-thor-ingimarsson\/\",\"url\":\"https:\/\/advel.is\/home\/starfsfolk\/stefan-thor-ingimarsson\/\",\"name\":\"Stef\u00e1n \u00de\u00f3r Ingimarsson - ADVEL\",\"isPartOf\":{\"@id\":\"https:\/\/advel.is\/#website\"},\"primaryImageOfPage\":{\"@id\":\"https:\/\/advel.is\/home\/starfsfolk\/stefan-thor-ingimarsson\/#primaryimage\"},\"image\":{\"@id\":\"https:\/\/advel.is\/home\/starfsfolk\/stefan-thor-ingimarsson\/#primaryimage\"},\"thumbnailUrl\":\"https:\/\/advel.is\/wp-content\/uploads\/2022\/01\/stefan-thor-ingimarsson.jpg\",\"datePublished\":\"2021-09-22T13:56:27+00:00\",\"dateModified\":\"2022-01-17T21:20:01+00:00\",\"breadcrumb\":{\"@id\":\"https:\/\/advel.is\/home\/starfsfolk\/stefan-thor-ingimarsson\/#breadcrumb\"},\"inLanguage\":\"en-US\",\"potentialAction\":[{\"@type\":\"ReadAction\",\"target\":[\"https:\/\/advel.is\/home\/starfsfolk\/stefan-thor-ingimarsson\/\"]}]},{\"@type\":\"ImageObject\",\"inLanguage\":\"en-US\",\"@id\":\"https:\/\/advel.is\/home\/starfsfolk\/stefan-thor-ingimarsson\/#primaryimage\",\"url\":\"https:\/\/advel.is\/wp-content\/uploads\/2022\/01\/stefan-thor-ingimarsson.jpg\",\"contentUrl\":\"https:\/\/advel.is\/wp-content\/uploads\/2022\/01\/stefan-thor-ingimarsson.jpg\"},{\"@type\":\"BreadcrumbList\",\"@id\":\"https:\/\/advel.is\/home\/starfsfolk\/stefan-thor-ingimarsson\/#breadcrumb\",\"itemListElement\":[{\"@type\":\"ListItem\",\"position\":1,\"name\":\"Heim\",\"item\":\"https:\/\/advel.is\/\"},{\"@type\":\"ListItem\",\"position\":2,\"name\":\"Starfsf\u00f3lk\",\"item\":\"https:\/\/advel.is\/home\/starfsfolk\/\"},{\"@type\":\"ListItem\",\"position\":3,\"name\":\"Stef\u00e1n \u00de\u00f3r Ingimarsson\"}]},{\"@type\":\"WebSite\",\"@id\":\"https:\/\/advel.is\/#website\",\"url\":\"https:\/\/advel.is\/\",\"name\":\"ADVEL\",\"description\":\"\",\"publisher\":{\"@id\":\"https:\/\/advel.is\/#organization\"},\"potentialAction\":[{\"@type\":\"SearchAction\",\"target\":{\"@type\":\"EntryPoint\",\"urlTemplate\":\"https:\/\/advel.is\/?s={search_term_string}\"},\"query-input\":{\"@type\":\"PropertyValueSpecification\",\"valueRequired\":true,\"valueName\":\"search_term_string\"}}],\"inLanguage\":\"en-US\"},{\"@type\":\"Organization\",\"@id\":\"https:\/\/advel.is\/#organization\",\"name\":\"ADVEL\",\"url\":\"https:\/\/advel.is\/\",\"logo\":{\"@type\":\"ImageObject\",\"inLanguage\":\"en-US\",\"@id\":\"https:\/\/advel.is\/#\/schema\/logo\/image\/\",\"url\":\"https:\/\/advel.is\/wp-content\/uploads\/2021\/06\/advel-litid.png\",\"contentUrl\":\"https:\/\/advel.is\/wp-content\/uploads\/2021\/06\/advel-litid.png\",\"width\":70,\"height\":64,\"caption\":\"ADVEL\"},\"image\":{\"@id\":\"https:\/\/advel.is\/#\/schema\/logo\/image\/\"}}]}<\/script>\n<!-- \/ Yoast SEO plugin. -->","yoast_head_json":{"title":"Stef\u00e1n \u00de\u00f3r Ingimarsson - ADVEL","robots":{"index":"index","follow":"follow","max-snippet":"max-snippet:-1","max-image-preview":"max-image-preview:large","max-video-preview":"max-video-preview:-1"},"canonical":"https:\/\/advel.is\/en\/home\/starfsfolk\/stefan-thor-ingimarsson\/","og_locale":"en_US","og_type":"article","og_title":"Stef\u00e1n \u00de\u00f3r Ingimarsson - ADVEL","og_description":"L\u00f6gma\u00f0ur \/ LL.M. \/ eigandi Stef\u00e1n \u00de\u00f3r Ingimarsson 520 2050 stefan@advel.is LinkedIn Starfsferill 2009 &#8211; ADVEL l\u00f6gmenn 2000 &#8211; 2004\u00a0 Fulltingi l\u00f6gfr\u00e6\u00f0i\u00fej\u00f3nusta 1999 &#8211; L\u00f6gv\u00edsi 1998 &#8211; V\u00cdS Menntun 2006 &#8211; 2009&nbsp; Doktorsn\u00e1m vi\u00f0 vi\u00f0skiptal\u00f6gfr\u00e6\u00f0ideild Tilburgarh\u00e1sk\u00f3la2005&nbsp; LL.M. International Economic and Buisness Law fr\u00e1 Groningen H\u00e1sk\u00f3la (Cum laude)1999 Cand.jur. fr\u00e1 H\u00e1sk\u00f3la \u00cdslands R\u00e9ttindi til m\u00e1lflutnings fyrir&hellip; Continue reading Stef\u00e1n \u00de\u00f3r Ingimarsson","og_url":"https:\/\/advel.is\/en\/home\/starfsfolk\/stefan-thor-ingimarsson\/","og_site_name":"ADVEL","article_modified_time":"2022-01-17T21:20:01+00:00","og_image":[{"url":"https:\/\/advel.is\/wp-content\/uploads\/2022\/01\/stefan-thor-ingimarsson.jpg","type":"","width":"","height":""}],"twitter_card":"summary_large_image","twitter_misc":{"Est. reading time":"1 minute"},"schema":{"@context":"https:\/\/schema.org","@graph":[{"@type":"WebPage","@id":"https:\/\/advel.is\/home\/starfsfolk\/stefan-thor-ingimarsson\/","url":"https:\/\/advel.is\/home\/starfsfolk\/stefan-thor-ingimarsson\/","name":"Stef\u00e1n \u00de\u00f3r Ingimarsson - ADVEL","isPartOf":{"@id":"https:\/\/advel.is\/#website"},"primaryImageOfPage":{"@id":"https:\/\/advel.is\/home\/starfsfolk\/stefan-thor-ingimarsson\/#primaryimage"},"image":{"@id":"https:\/\/advel.is\/home\/starfsfolk\/stefan-thor-ingimarsson\/#primaryimage"},"thumbnailUrl":"https:\/\/advel.is\/wp-content\/uploads\/2022\/01\/stefan-thor-ingimarsson.jpg","datePublished":"2021-09-22T13:56:27+00:00","dateModified":"2022-01-17T21:20:01+00:00","breadcrumb":{"@id":"https:\/\/advel.is\/home\/starfsfolk\/stefan-thor-ingimarsson\/#breadcrumb"},"inLanguage":"en-US","potentialAction":[{"@type":"ReadAction","target":["https:\/\/advel.is\/home\/starfsfolk\/stefan-thor-ingimarsson\/"]}]},{"@type":"ImageObject","inLanguage":"en-US","@id":"https:\/\/advel.is\/home\/starfsfolk\/stefan-thor-ingimarsson\/#primaryimage","url":"https:\/\/advel.is\/wp-content\/uploads\/2022\/01\/stefan-thor-ingimarsson.jpg","contentUrl":"https:\/\/advel.is\/wp-content\/uploads\/2022\/01\/stefan-thor-ingimarsson.jpg"},{"@type":"BreadcrumbList","@id":"https:\/\/advel.is\/home\/starfsfolk\/stefan-thor-ingimarsson\/#breadcrumb","itemListElement":[{"@type":"ListItem","position":1,"name":"Heim","item":"https:\/\/advel.is\/"},{"@type":"ListItem","position":2,"name":"Starfsf\u00f3lk","item":"https:\/\/advel.is\/home\/starfsfolk\/"},{"@type":"ListItem","position":3,"name":"Stef\u00e1n \u00de\u00f3r Ingimarsson"}]},{"@type":"WebSite","@id":"https:\/\/advel.is\/#website","url":"https:\/\/advel.is\/","name":"ADVEL","description":"","publisher":{"@id":"https:\/\/advel.is\/#organization"},"potentialAction":[{"@type":"SearchAction","target":{"@type":"EntryPoint","urlTemplate":"https:\/\/advel.is\/?s={search_term_string}"},"query-input":{"@type":"PropertyValueSpecification","valueRequired":true,"valueName":"search_term_string"}}],"inLanguage":"en-US"},{"@type":"Organization","@id":"https:\/\/advel.is\/#organization","name":"ADVEL","url":"https:\/\/advel.is\/","logo":{"@type":"ImageObject","inLanguage":"en-US","@id":"https:\/\/advel.is\/#\/schema\/logo\/image\/","url":"https:\/\/advel.is\/wp-content\/uploads\/2021\/06\/advel-litid.png","contentUrl":"https:\/\/advel.is\/wp-content\/uploads\/2021\/06\/advel-litid.png","width":70,"height":64,"caption":"ADVEL"},"image":{"@id":"https:\/\/advel.is\/#\/schema\/logo\/image\/"}}]}},"brizy_media":[],"_links":{"self":[{"href":"https:\/\/advel.is\/en\/wp-json\/wp\/v2\/pages\/1272","targetHints":{"allow":["GET"]}}],"collection":[{"href":"https:\/\/advel.is\/en\/wp-json\/wp\/v2\/pages"}],"about":[{"href":"https:\/\/advel.is\/en\/wp-json\/wp\/v2\/types\/page"}],"author":[{"embeddable":true,"href":"https:\/\/advel.is\/en\/wp-json\/wp\/v2\/users\/1"}],"replies":[{"embeddable":true,"href":"https:\/\/advel.is\/en\/wp-json\/wp\/v2\/comments?post=1272"}],"version-history":[{"count":31,"href":"https:\/\/advel.is\/en\/wp-json\/wp\/v2\/pages\/1272\/revisions"}],"predecessor-version":[{"id":2072,"href":"https:\/\/advel.is\/en\/wp-json\/wp\/v2\/pages\/1272\/revisions\/2072"}],"up":[{"embeddable":true,"href":"https:\/\/advel.is\/en\/wp-json\/wp\/v2\/pages\/137"}],"wp:attachment":[{"href":"https:\/\/advel.is\/en\/wp-json\/wp\/v2\/media?parent=1272"}],"curies":[{"name":"wp","href":"https:\/\/api.w.org\/{rel}","templated":true}]}}