{"id":1268,"date":"2021-09-22T13:55:52","date_gmt":"2021-09-22T13:55:52","guid":{"rendered":"https:\/\/advel.is\/?page_id=1268"},"modified":"2025-04-09T12:16:34","modified_gmt":"2025-04-09T12:16:34","slug":"kristjan-oli-ingvarsson","status":"publish","type":"page","link":"https:\/\/advel.is\/en\/home\/starfsfolk\/kristjan-oli-ingvarsson\/","title":{"rendered":"Kristj\u00e1n \u00d3li Ingvarsson"},"content":{"rendered":"<div data-elementor-type=\"wp-page\" data-elementor-id=\"1268\" class=\"elementor elementor-1268\" data-elementor-settings=\"[]\">\n\t\t\t\t\t\t\t<div class=\"elementor-section-wrap\">\n\t\t\t\t\t\t\t<section class=\"elementor-section elementor-top-section elementor-element elementor-element-77dd3009 elementor-section-boxed elementor-section-height-default elementor-section-height-default\" data-id=\"77dd3009\" data-element_type=\"section\">\n\t\t\t\t\t\t<div class=\"elementor-container elementor-column-gap-default\">\n\t\t\t\t\t<div class=\"elementor-column elementor-col-100 elementor-top-column elementor-element elementor-element-7c48b857\" data-id=\"7c48b857\" data-element_type=\"column\">\n\t\t\t<div class=\"elementor-widget-wrap\">\n\t\t\t\t\t\t\t\t\t<\/div>\n\t\t<\/div>\n\t\t\t\t\t\t\t<\/div>\n\t\t<\/section>\n\t\t\t\t<section class=\"elementor-section elementor-top-section elementor-element elementor-element-f7f5c34 elementor-section-boxed elementor-section-height-default elementor-section-height-default\" data-id=\"f7f5c34\" data-element_type=\"section\" data-settings=\"{&quot;background_background&quot;:&quot;classic&quot;}\">\n\t\t\t\t\t\t<div class=\"elementor-container elementor-column-gap-default\">\n\t\t\t\t\t<div class=\"elementor-column elementor-col-50 elementor-top-column elementor-element elementor-element-616002a6\" data-id=\"616002a6\" data-element_type=\"column\" data-settings=\"{&quot;background_background&quot;:&quot;classic&quot;}\">\n\t\t\t<div class=\"elementor-widget-wrap elementor-element-populated\">\n\t\t\t\t\t\t\t\t<div class=\"elementor-element elementor-element-e0836fc elementor-widget elementor-widget-image\" data-id=\"e0836fc\" data-element_type=\"widget\" data-widget_type=\"image.default\">\n\t\t\t\t<div class=\"elementor-widget-container\">\n\t\t\t\t\t\t\t\t\t\t\t\t\t\t\t<img loading=\"lazy\" decoding=\"async\" width=\"300\" height=\"400\" src=\"https:\/\/advel.is\/wp-content\/uploads\/2021\/09\/Kristjan-Oli-Ingvarsson.jpg\" class=\"attachment-full size-full\" alt=\"Kristj\u00e1n \u00d3li Ingvarsson\" srcset=\"https:\/\/advel.is\/wp-content\/uploads\/2021\/09\/Kristjan-Oli-Ingvarsson.jpg 300w, https:\/\/advel.is\/wp-content\/uploads\/2021\/09\/Kristjan-Oli-Ingvarsson-225x300.jpg 225w, https:\/\/advel.is\/wp-content\/uploads\/2021\/09\/Kristjan-Oli-Ingvarsson-9x12.jpg 9w\" sizes=\"auto, (max-width: 300px) 100vw, 300px\" style=\"width:100%;height:133.33%;max-width:300px;\" \/>\t\t\t\t\t\t\t\t\t\t\t\t\t\t\t<\/div>\n\t\t\t\t<\/div>\n\t\t\t\t\t<\/div>\n\t\t<\/div>\n\t\t\t\t<div class=\"elementor-column elementor-col-50 elementor-top-column elementor-element elementor-element-70aa93fa\" data-id=\"70aa93fa\" data-element_type=\"column\" data-settings=\"{&quot;background_background&quot;:&quot;classic&quot;}\">\n\t\t\t<div class=\"elementor-widget-wrap elementor-element-populated\">\n\t\t\t\t\t<div class=\"elementor-background-overlay\"><\/div>\n\t\t\t\t\t\t\t\t<div class=\"elementor-element elementor-element-7566ac54 elementor-widget elementor-widget-heading\" data-id=\"7566ac54\" data-element_type=\"widget\" data-widget_type=\"heading.default\">\n\t\t\t\t<div class=\"elementor-widget-container\">\n\t\t\t<h4 class=\"elementor-heading-title elementor-size-default\">Attorney \/ Senior associate<\/h4>\t\t<\/div>\n\t\t\t\t<\/div>\n\t\t\t\t<div class=\"elementor-element elementor-element-4cc1535a elementor-widget elementor-widget-heading\" data-id=\"4cc1535a\" data-element_type=\"widget\" data-widget_type=\"heading.default\">\n\t\t\t\t<div class=\"elementor-widget-container\">\n\t\t\t<h2 class=\"elementor-heading-title elementor-size-default\">Kristj\u00e1n \u00d3li Ingvarsson<\/h2>\t\t<\/div>\n\t\t\t\t<\/div>\n\t\t\t\t<div class=\"elementor-element elementor-element-769ef05d elementor-icon-list--layout-traditional elementor-list-item-link-full_width elementor-widget elementor-widget-icon-list\" data-id=\"769ef05d\" data-element_type=\"widget\" data-widget_type=\"icon-list.default\">\n\t\t\t\t<div class=\"elementor-widget-container\">\n\t\t\t\t\t<ul class=\"elementor-icon-list-items\">\n\t\t\t\t\t\t\t<li class=\"elementor-icon-list-item\">\n\t\t\t\t\t\t\t\t\t\t\t<span class=\"elementor-icon-list-icon\">\n\t\t\t\t\t\t\t<i aria-hidden=\"true\" class=\"fas fa-phone-square\"><\/i>\t\t\t\t\t\t<\/span>\n\t\t\t\t\t\t\t\t\t\t<span class=\"elementor-icon-list-text\">520 2050<\/span>\n\t\t\t\t\t\t\t\t\t<\/li>\n\t\t\t\t\t\t\t\t<li class=\"elementor-icon-list-item\">\n\t\t\t\t\t<a href=\"mailto:kristjan@advel.is\">\t\t\t\t\t\t<span class=\"elementor-icon-list-icon\">\n\t\t\t\t\t\t\t<i aria-hidden=\"true\" class=\"fas fa-at\"><\/i>\t\t\t\t\t\t<\/span>\n\t\t\t\t\t\t\t\t\t\t<span class=\"elementor-icon-list-text\">kristjan@advel.is<\/span>\n\t\t\t\t\t\t\t\t\t\t\t<\/a>\n\t\t\t\t\t\t\t\t\t<\/li>\n\t\t\t\t\t\t\t\t<li class=\"elementor-icon-list-item\">\n\t\t\t\t\t<a href=\"https:\/\/www.linkedin.com\/in\/kristjanoli\/\">\t\t\t\t\t\t<span class=\"elementor-icon-list-icon\">\n\t\t\t\t\t\t\t<i aria-hidden=\"true\" class=\"fab fa-linkedin\"><\/i>\t\t\t\t\t\t<\/span>\n\t\t\t\t\t\t\t\t\t\t<span class=\"elementor-icon-list-text\">LinkedIn<\/span>\n\t\t\t\t\t\t\t\t\t\t\t<\/a>\n\t\t\t\t\t\t\t\t\t<\/li>\n\t\t\t\t\t\t<\/ul>\n\t\t\t\t<\/div>\n\t\t\t\t<\/div>\n\t\t\t\t<div class=\"elementor-element elementor-element-17888619 elementor-widget elementor-widget-text-editor\" data-id=\"17888619\" data-element_type=\"widget\" data-widget_type=\"text-editor.default\">\n\t\t\t\t<div class=\"elementor-widget-container\">\n\t\t\t\t\t\t\t\t<h3>Career<\/h3>\t\t\t\t\t\t<\/div>\n\t\t\t\t<\/div>\n\t\t\t\t<div class=\"elementor-element elementor-element-1494bd50 elementor-widget elementor-widget-text-editor\" data-id=\"1494bd50\" data-element_type=\"widget\" data-widget_type=\"text-editor.default\">\n\t\t\t\t<div class=\"elementor-widget-container\">\n\t\t\t\t\t\t\t\t<p>2025 &#8211; ADVEL l\u00f6gmenn<\/p><p>2024 &#8211; 2025\u00a0 KPMG<\/p><p>2019 &#8211; 2024\u00a0 ADVEL l\u00f6gmenn<\/p><p>2018 - 2019 SKR legal services<\/p>\t\t\t\t\t\t<\/div>\n\t\t\t\t<\/div>\n\t\t\t\t<div class=\"elementor-element elementor-element-26d00e99 elementor-widget elementor-widget-text-editor\" data-id=\"26d00e99\" data-element_type=\"widget\" data-widget_type=\"text-editor.default\">\n\t\t\t\t<div class=\"elementor-widget-container\">\n\t\t\t\t\t\t\t\t<h3>Education<\/h3>\n<div>2020  Reykjavik University, ML in Law<br><\/div>\n<div>2019   Bucerius Law School in Hamburg, Germany<br><\/div>\n<p>2018  Reykjavik University<br><\/p>\t\t\t\t\t\t<\/div>\n\t\t\t\t<\/div>\n\t\t\t\t<div class=\"elementor-element elementor-element-513b547b elementor-widget elementor-widget-text-editor\" data-id=\"513b547b\" data-element_type=\"widget\" data-widget_type=\"text-editor.default\">\n\t\t\t\t<div class=\"elementor-widget-container\">\n\t\t\t\t\t\t\t\t<h3>Admitted to practice before<\/h3>\n<div>The District Courts<\/div>\t\t\t\t\t\t<\/div>\n\t\t\t\t<\/div>\n\t\t\t\t<div class=\"elementor-element elementor-element-e8a7307 elementor-widget elementor-widget-text-editor\" data-id=\"e8a7307\" data-element_type=\"widget\" data-widget_type=\"text-editor.default\">\n\t\t\t\t<div class=\"elementor-widget-container\">\n\t\t\t\t\t\t\t\t<h3>Practice areas<\/h3><div>Corporate Law and Corporate Consultancy Services, Financial Restructuring, Loan Agreements and Corporate Financing, Tax law<\/div>\t\t\t\t\t\t<\/div>\n\t\t\t\t<\/div>\n\t\t\t\t<div class=\"elementor-element elementor-element-40a847c7 elementor-widget elementor-widget-text-editor\" data-id=\"40a847c7\" data-element_type=\"widget\" data-widget_type=\"text-editor.default\">\n\t\t\t\t<div class=\"elementor-widget-container\">\n\t\t\t\t\t\t\t\t<h3>Languages<\/h3><div>English<\/div>\t\t\t\t\t\t<\/div>\n\t\t\t\t<\/div>\n\t\t\t\t<div class=\"elementor-element elementor-element-afbfe90 elementor-widget elementor-widget-text-editor\" data-id=\"afbfe90\" data-element_type=\"widget\" data-widget_type=\"text-editor.default\">\n\t\t\t\t<div class=\"elementor-widget-container\">\n\t\t\t\t\t\t\t\t<h3>Committee work and other activities<\/h3><div><div>Board Member, Law Students\u2019 Association at Reykjavik University 2017-2018.<\/div><div><span style=\"color: var( --e-global-color-text ); font-family: var( --e-global-typography-text-font-family ), Sans-serif; font-weight: var( --e-global-typography-text-font-weight ); font-size: var(--global--font-size-base);\">Editorial Board, Legal Journal of Reykjavik University, 2017-2018.<\/span><\/div><div><span style=\"color: var( --e-global-color-text ); font-family: var( --e-global-typography-text-font-family ), Sans-serif; font-weight: var( --e-global-typography-text-font-weight ); font-size: var(--global--font-size-base);\">Board Member, the Seminar Committee of L\u00f6gr\u00e9tta<\/span><\/div><\/div>\t\t\t\t\t\t<\/div>\n\t\t\t\t<\/div>\n\t\t\t\t\t<\/div>\n\t\t<\/div>\n\t\t\t\t\t\t\t<\/div>\n\t\t<\/section>\n\t\t\t\t\t\t<\/div>\n\t\t\t\t\t<\/div>","protected":false},"excerpt":{"rendered":"<p>L\u00f6gma\u00f0ur \/ verkefnastj\u00f3ri Kristj\u00e1n \u00d3li Ingvarsson 520 2050 kristjan@advel.is LinkedIn Starfsferill 2025 &#8211; ADVEL l\u00f6gmenn 2024 &#8211; 2025\u00a0 KPMG 2019 &#8211; 2024\u00a0 ADVEL l\u00f6gmenn 2018 &#8211; 2019\u00a0 SKR l\u00f6gfr\u00e6\u00f0i\u00fej\u00f3nusta Menntun 2020&nbsp; Meistarapr\u00f3f \u00ed l\u00f6gfr\u00e6\u00f0i fr\u00e1 H\u00e1sk\u00f3lanum \u00ed Reykjav\u00edk 2019&nbsp; Skiptin\u00e1m vi\u00f0 Bucerius Law School \u00ed Hamborg, \u00de\u00fdskalandi 2018&nbsp; BA fr\u00e1 H\u00e1sk\u00f3lanum \u00ed Reykjav\u00edk R\u00e9ttindi til&hellip; <a class=\"more-link\" href=\"https:\/\/advel.is\/en\/home\/starfsfolk\/kristjan-oli-ingvarsson\/\">Continue reading <span class=\"screen-reader-text\">Kristj\u00e1n \u00d3li Ingvarsson<\/span><\/a><\/p>","protected":false},"author":1,"featured_media":0,"parent":137,"menu_order":0,"comment_status":"closed","ping_status":"closed","template":"","meta":{"_acf_changed":false,"footnotes":""},"class_list":["post-1268","page","type-page","status-publish","hentry","entry"],"acf":[],"yoast_head":"<!-- This site is optimized with the Yoast SEO plugin v27.3 - https:\/\/yoast.com\/product\/yoast-seo-wordpress\/ -->\n<title>Kristj\u00e1n \u00d3li Ingvarsson - ADVEL<\/title>\n<meta name=\"robots\" content=\"index, follow, max-snippet:-1, max-image-preview:large, max-video-preview:-1\" \/>\n<link rel=\"canonical\" href=\"https:\/\/advel.is\/en\/home\/starfsfolk\/kristjan-oli-ingvarsson\/\" \/>\n<meta property=\"og:locale\" content=\"en_US\" \/>\n<meta property=\"og:type\" content=\"article\" \/>\n<meta property=\"og:title\" content=\"Kristj\u00e1n \u00d3li Ingvarsson - ADVEL\" \/>\n<meta property=\"og:description\" content=\"L\u00f6gma\u00f0ur \/ verkefnastj\u00f3ri Kristj\u00e1n \u00d3li Ingvarsson 520 2050 kristjan@advel.is LinkedIn Starfsferill 2025 &#8211; ADVEL l\u00f6gmenn 2024 &#8211; 2025\u00a0 KPMG 2019 &#8211; 2024\u00a0 ADVEL l\u00f6gmenn 2018 &#8211; 2019\u00a0 SKR l\u00f6gfr\u00e6\u00f0i\u00fej\u00f3nusta Menntun 2020&nbsp; Meistarapr\u00f3f \u00ed l\u00f6gfr\u00e6\u00f0i fr\u00e1 H\u00e1sk\u00f3lanum \u00ed Reykjav\u00edk 2019&nbsp; Skiptin\u00e1m vi\u00f0 Bucerius Law School \u00ed Hamborg, \u00de\u00fdskalandi 2018&nbsp; BA fr\u00e1 H\u00e1sk\u00f3lanum \u00ed Reykjav\u00edk R\u00e9ttindi til&hellip; Continue reading Kristj\u00e1n \u00d3li Ingvarsson\" \/>\n<meta property=\"og:url\" content=\"https:\/\/advel.is\/en\/home\/starfsfolk\/kristjan-oli-ingvarsson\/\" \/>\n<meta property=\"og:site_name\" content=\"ADVEL\" \/>\n<meta property=\"article:modified_time\" content=\"2025-04-09T12:16:34+00:00\" \/>\n<meta property=\"og:image\" content=\"https:\/\/advel.is\/wp-content\/uploads\/2021\/09\/Kristjan-Oli-Ingvarsson.jpg\" \/>\n<meta name=\"twitter:card\" content=\"summary_large_image\" \/>\n<meta name=\"twitter:label1\" content=\"Est. reading time\" \/>\n\t<meta name=\"twitter:data1\" content=\"1 minute\" \/>\n<script type=\"application\/ld+json\" class=\"yoast-schema-graph\">{\"@context\":\"https:\\\/\\\/schema.org\",\"@graph\":[{\"@type\":\"WebPage\",\"@id\":\"https:\\\/\\\/advel.is\\\/home\\\/starfsfolk\\\/kristjan-oli-ingvarsson\\\/\",\"url\":\"https:\\\/\\\/advel.is\\\/home\\\/starfsfolk\\\/kristjan-oli-ingvarsson\\\/\",\"name\":\"Kristj\u00e1n \u00d3li Ingvarsson - ADVEL\",\"isPartOf\":{\"@id\":\"https:\\\/\\\/advel.is\\\/#website\"},\"primaryImageOfPage\":{\"@id\":\"https:\\\/\\\/advel.is\\\/home\\\/starfsfolk\\\/kristjan-oli-ingvarsson\\\/#primaryimage\"},\"image\":{\"@id\":\"https:\\\/\\\/advel.is\\\/home\\\/starfsfolk\\\/kristjan-oli-ingvarsson\\\/#primaryimage\"},\"thumbnailUrl\":\"https:\\\/\\\/advel.is\\\/wp-content\\\/uploads\\\/2021\\\/09\\\/Kristjan-Oli-Ingvarsson.jpg\",\"datePublished\":\"2021-09-22T13:55:52+00:00\",\"dateModified\":\"2025-04-09T12:16:34+00:00\",\"breadcrumb\":{\"@id\":\"https:\\\/\\\/advel.is\\\/home\\\/starfsfolk\\\/kristjan-oli-ingvarsson\\\/#breadcrumb\"},\"inLanguage\":\"en-US\",\"potentialAction\":[{\"@type\":\"ReadAction\",\"target\":[\"https:\\\/\\\/advel.is\\\/home\\\/starfsfolk\\\/kristjan-oli-ingvarsson\\\/\"]}]},{\"@type\":\"ImageObject\",\"inLanguage\":\"en-US\",\"@id\":\"https:\\\/\\\/advel.is\\\/home\\\/starfsfolk\\\/kristjan-oli-ingvarsson\\\/#primaryimage\",\"url\":\"https:\\\/\\\/advel.is\\\/wp-content\\\/uploads\\\/2021\\\/09\\\/Kristjan-Oli-Ingvarsson.jpg\",\"contentUrl\":\"https:\\\/\\\/advel.is\\\/wp-content\\\/uploads\\\/2021\\\/09\\\/Kristjan-Oli-Ingvarsson.jpg\"},{\"@type\":\"BreadcrumbList\",\"@id\":\"https:\\\/\\\/advel.is\\\/home\\\/starfsfolk\\\/kristjan-oli-ingvarsson\\\/#breadcrumb\",\"itemListElement\":[{\"@type\":\"ListItem\",\"position\":1,\"name\":\"Heim\",\"item\":\"https:\\\/\\\/advel.is\\\/\"},{\"@type\":\"ListItem\",\"position\":2,\"name\":\"Starfsf\u00f3lk\",\"item\":\"https:\\\/\\\/advel.is\\\/home\\\/starfsfolk\\\/\"},{\"@type\":\"ListItem\",\"position\":3,\"name\":\"Kristj\u00e1n \u00d3li Ingvarsson\"}]},{\"@type\":\"WebSite\",\"@id\":\"https:\\\/\\\/advel.is\\\/#website\",\"url\":\"https:\\\/\\\/advel.is\\\/\",\"name\":\"ADVEL\",\"description\":\"\",\"publisher\":{\"@id\":\"https:\\\/\\\/advel.is\\\/#organization\"},\"potentialAction\":[{\"@type\":\"SearchAction\",\"target\":{\"@type\":\"EntryPoint\",\"urlTemplate\":\"https:\\\/\\\/advel.is\\\/?s={search_term_string}\"},\"query-input\":{\"@type\":\"PropertyValueSpecification\",\"valueRequired\":true,\"valueName\":\"search_term_string\"}}],\"inLanguage\":\"en-US\"},{\"@type\":\"Organization\",\"@id\":\"https:\\\/\\\/advel.is\\\/#organization\",\"name\":\"ADVEL\",\"url\":\"https:\\\/\\\/advel.is\\\/\",\"logo\":{\"@type\":\"ImageObject\",\"inLanguage\":\"en-US\",\"@id\":\"https:\\\/\\\/advel.is\\\/#\\\/schema\\\/logo\\\/image\\\/\",\"url\":\"https:\\\/\\\/advel.is\\\/wp-content\\\/uploads\\\/2021\\\/06\\\/advel-litid.png\",\"contentUrl\":\"https:\\\/\\\/advel.is\\\/wp-content\\\/uploads\\\/2021\\\/06\\\/advel-litid.png\",\"width\":70,\"height\":64,\"caption\":\"ADVEL\"},\"image\":{\"@id\":\"https:\\\/\\\/advel.is\\\/#\\\/schema\\\/logo\\\/image\\\/\"}}]}<\/script>\n<!-- \/ Yoast SEO plugin. -->","yoast_head_json":{"title":"Kristj\u00e1n \u00d3li Ingvarsson - ADVEL","robots":{"index":"index","follow":"follow","max-snippet":"max-snippet:-1","max-image-preview":"max-image-preview:large","max-video-preview":"max-video-preview:-1"},"canonical":"https:\/\/advel.is\/en\/home\/starfsfolk\/kristjan-oli-ingvarsson\/","og_locale":"en_US","og_type":"article","og_title":"Kristj\u00e1n \u00d3li Ingvarsson - ADVEL","og_description":"L\u00f6gma\u00f0ur \/ verkefnastj\u00f3ri Kristj\u00e1n \u00d3li Ingvarsson 520 2050 kristjan@advel.is LinkedIn Starfsferill 2025 &#8211; ADVEL l\u00f6gmenn 2024 &#8211; 2025\u00a0 KPMG 2019 &#8211; 2024\u00a0 ADVEL l\u00f6gmenn 2018 &#8211; 2019\u00a0 SKR l\u00f6gfr\u00e6\u00f0i\u00fej\u00f3nusta Menntun 2020&nbsp; Meistarapr\u00f3f \u00ed l\u00f6gfr\u00e6\u00f0i fr\u00e1 H\u00e1sk\u00f3lanum \u00ed Reykjav\u00edk 2019&nbsp; Skiptin\u00e1m vi\u00f0 Bucerius Law School \u00ed Hamborg, \u00de\u00fdskalandi 2018&nbsp; BA fr\u00e1 H\u00e1sk\u00f3lanum \u00ed Reykjav\u00edk R\u00e9ttindi til&hellip; Continue reading Kristj\u00e1n \u00d3li Ingvarsson","og_url":"https:\/\/advel.is\/en\/home\/starfsfolk\/kristjan-oli-ingvarsson\/","og_site_name":"ADVEL","article_modified_time":"2025-04-09T12:16:34+00:00","og_image":[{"url":"https:\/\/advel.is\/wp-content\/uploads\/2021\/09\/Kristjan-Oli-Ingvarsson.jpg","type":"","width":"","height":""}],"twitter_card":"summary_large_image","twitter_misc":{"Est. reading time":"1 minute"},"schema":{"@context":"https:\/\/schema.org","@graph":[{"@type":"WebPage","@id":"https:\/\/advel.is\/home\/starfsfolk\/kristjan-oli-ingvarsson\/","url":"https:\/\/advel.is\/home\/starfsfolk\/kristjan-oli-ingvarsson\/","name":"Kristj\u00e1n \u00d3li Ingvarsson - ADVEL","isPartOf":{"@id":"https:\/\/advel.is\/#website"},"primaryImageOfPage":{"@id":"https:\/\/advel.is\/home\/starfsfolk\/kristjan-oli-ingvarsson\/#primaryimage"},"image":{"@id":"https:\/\/advel.is\/home\/starfsfolk\/kristjan-oli-ingvarsson\/#primaryimage"},"thumbnailUrl":"https:\/\/advel.is\/wp-content\/uploads\/2021\/09\/Kristjan-Oli-Ingvarsson.jpg","datePublished":"2021-09-22T13:55:52+00:00","dateModified":"2025-04-09T12:16:34+00:00","breadcrumb":{"@id":"https:\/\/advel.is\/home\/starfsfolk\/kristjan-oli-ingvarsson\/#breadcrumb"},"inLanguage":"en-US","potentialAction":[{"@type":"ReadAction","target":["https:\/\/advel.is\/home\/starfsfolk\/kristjan-oli-ingvarsson\/"]}]},{"@type":"ImageObject","inLanguage":"en-US","@id":"https:\/\/advel.is\/home\/starfsfolk\/kristjan-oli-ingvarsson\/#primaryimage","url":"https:\/\/advel.is\/wp-content\/uploads\/2021\/09\/Kristjan-Oli-Ingvarsson.jpg","contentUrl":"https:\/\/advel.is\/wp-content\/uploads\/2021\/09\/Kristjan-Oli-Ingvarsson.jpg"},{"@type":"BreadcrumbList","@id":"https:\/\/advel.is\/home\/starfsfolk\/kristjan-oli-ingvarsson\/#breadcrumb","itemListElement":[{"@type":"ListItem","position":1,"name":"Heim","item":"https:\/\/advel.is\/"},{"@type":"ListItem","position":2,"name":"Starfsf\u00f3lk","item":"https:\/\/advel.is\/home\/starfsfolk\/"},{"@type":"ListItem","position":3,"name":"Kristj\u00e1n \u00d3li Ingvarsson"}]},{"@type":"WebSite","@id":"https:\/\/advel.is\/#website","url":"https:\/\/advel.is\/","name":"ADVEL","description":"","publisher":{"@id":"https:\/\/advel.is\/#organization"},"potentialAction":[{"@type":"SearchAction","target":{"@type":"EntryPoint","urlTemplate":"https:\/\/advel.is\/?s={search_term_string}"},"query-input":{"@type":"PropertyValueSpecification","valueRequired":true,"valueName":"search_term_string"}}],"inLanguage":"en-US"},{"@type":"Organization","@id":"https:\/\/advel.is\/#organization","name":"ADVEL","url":"https:\/\/advel.is\/","logo":{"@type":"ImageObject","inLanguage":"en-US","@id":"https:\/\/advel.is\/#\/schema\/logo\/image\/","url":"https:\/\/advel.is\/wp-content\/uploads\/2021\/06\/advel-litid.png","contentUrl":"https:\/\/advel.is\/wp-content\/uploads\/2021\/06\/advel-litid.png","width":70,"height":64,"caption":"ADVEL"},"image":{"@id":"https:\/\/advel.is\/#\/schema\/logo\/image\/"}}]}},"brizy_media":[],"_links":{"self":[{"href":"https:\/\/advel.is\/en\/wp-json\/wp\/v2\/pages\/1268","targetHints":{"allow":["GET"]}}],"collection":[{"href":"https:\/\/advel.is\/en\/wp-json\/wp\/v2\/pages"}],"about":[{"href":"https:\/\/advel.is\/en\/wp-json\/wp\/v2\/types\/page"}],"author":[{"embeddable":true,"href":"https:\/\/advel.is\/en\/wp-json\/wp\/v2\/users\/1"}],"replies":[{"embeddable":true,"href":"https:\/\/advel.is\/en\/wp-json\/wp\/v2\/comments?post=1268"}],"version-history":[{"count":31,"href":"https:\/\/advel.is\/en\/wp-json\/wp\/v2\/pages\/1268\/revisions"}],"predecessor-version":[{"id":2655,"href":"https:\/\/advel.is\/en\/wp-json\/wp\/v2\/pages\/1268\/revisions\/2655"}],"up":[{"embeddable":true,"href":"https:\/\/advel.is\/en\/wp-json\/wp\/v2\/pages\/137"}],"wp:attachment":[{"href":"https:\/\/advel.is\/en\/wp-json\/wp\/v2\/media?parent=1268"}],"curies":[{"name":"wp","href":"https:\/\/api.w.org\/{rel}","templated":true}]}}