{"id":1264,"date":"2021-09-22T13:55:19","date_gmt":"2021-09-22T13:55:19","guid":{"rendered":"https:\/\/advel.is\/?page_id=1264"},"modified":"2025-02-06T09:41:07","modified_gmt":"2025-02-06T09:41:07","slug":"gudmundur-siemsen","status":"publish","type":"page","link":"https:\/\/advel.is\/en\/home\/starfsfolk\/gudmundur-siemsen\/","title":{"rendered":"Gu\u00f0mundur Siemsen"},"content":{"rendered":"<div data-elementor-type=\"wp-page\" data-elementor-id=\"1264\" class=\"elementor elementor-1264\" data-elementor-settings=\"[]\">\n\t\t\t\t\t\t\t<div class=\"elementor-section-wrap\">\n\t\t\t\t\t\t\t<section class=\"elementor-section elementor-top-section elementor-element elementor-element-497ca574 elementor-section-boxed elementor-section-height-default elementor-section-height-default\" data-id=\"497ca574\" data-element_type=\"section\">\n\t\t\t\t\t\t<div class=\"elementor-container elementor-column-gap-default\">\n\t\t\t\t\t<div class=\"elementor-column elementor-col-100 elementor-top-column elementor-element elementor-element-3a7e8ebd\" data-id=\"3a7e8ebd\" data-element_type=\"column\">\n\t\t\t<div class=\"elementor-widget-wrap\">\n\t\t\t\t\t\t\t\t\t<\/div>\n\t\t<\/div>\n\t\t\t\t\t\t\t<\/div>\n\t\t<\/section>\n\t\t\t\t<section class=\"elementor-section elementor-top-section elementor-element elementor-element-6f12d502 elementor-section-boxed elementor-section-height-default elementor-section-height-default\" data-id=\"6f12d502\" data-element_type=\"section\" data-settings=\"{&quot;background_background&quot;:&quot;classic&quot;}\">\n\t\t\t\t\t\t<div class=\"elementor-container elementor-column-gap-default\">\n\t\t\t\t\t<div class=\"elementor-column elementor-col-50 elementor-top-column elementor-element elementor-element-274b19bb\" data-id=\"274b19bb\" data-element_type=\"column\" data-settings=\"{&quot;background_background&quot;:&quot;classic&quot;}\">\n\t\t\t<div class=\"elementor-widget-wrap elementor-element-populated\">\n\t\t\t\t\t\t\t\t<div class=\"elementor-element elementor-element-5b551e08 elementor-widget elementor-widget-image\" data-id=\"5b551e08\" data-element_type=\"widget\" data-widget_type=\"image.default\">\n\t\t\t\t<div class=\"elementor-widget-container\">\n\t\t\t\t\t\t\t\t\t\t\t\t\t\t\t<img loading=\"lazy\" decoding=\"async\" width=\"300\" height=\"400\" src=\"https:\/\/advel.is\/wp-content\/uploads\/2021\/09\/Gudmundur-Siemsen.jpg\" class=\"attachment-full size-full\" alt=\"Gu\u00f0mundur Siemsen\" srcset=\"https:\/\/advel.is\/wp-content\/uploads\/2021\/09\/Gudmundur-Siemsen.jpg 300w, https:\/\/advel.is\/wp-content\/uploads\/2021\/09\/Gudmundur-Siemsen-225x300.jpg 225w, https:\/\/advel.is\/wp-content\/uploads\/2021\/09\/Gudmundur-Siemsen-9x12.jpg 9w\" sizes=\"auto, (max-width: 300px) 100vw, 300px\" style=\"width:100%;height:133.33%;max-width:300px;\" \/>\t\t\t\t\t\t\t\t\t\t\t\t\t\t\t<\/div>\n\t\t\t\t<\/div>\n\t\t\t\t\t<\/div>\n\t\t<\/div>\n\t\t\t\t<div class=\"elementor-column elementor-col-50 elementor-top-column elementor-element elementor-element-156ce18e\" data-id=\"156ce18e\" data-element_type=\"column\" data-settings=\"{&quot;background_background&quot;:&quot;classic&quot;}\">\n\t\t\t<div class=\"elementor-widget-wrap elementor-element-populated\">\n\t\t\t\t\t<div class=\"elementor-background-overlay\"><\/div>\n\t\t\t\t\t\t\t\t<div class=\"elementor-element elementor-element-6ddc4ec4 elementor-widget elementor-widget-heading\" data-id=\"6ddc4ec4\" data-element_type=\"widget\" data-widget_type=\"heading.default\">\n\t\t\t\t<div class=\"elementor-widget-container\">\n\t\t\t<h4 class=\"elementor-heading-title elementor-size-default\">Attorney \/ Partner<\/h4>\t\t<\/div>\n\t\t\t\t<\/div>\n\t\t\t\t<div class=\"elementor-element elementor-element-5a3caf05 elementor-widget elementor-widget-heading\" data-id=\"5a3caf05\" data-element_type=\"widget\" data-widget_type=\"heading.default\">\n\t\t\t\t<div class=\"elementor-widget-container\">\n\t\t\t<h2 class=\"elementor-heading-title elementor-size-default\">Gu\u00f0mundur Siemsen<\/h2>\t\t<\/div>\n\t\t\t\t<\/div>\n\t\t\t\t<div class=\"elementor-element elementor-element-167eb993 elementor-icon-list--layout-traditional elementor-list-item-link-full_width elementor-widget elementor-widget-icon-list\" data-id=\"167eb993\" data-element_type=\"widget\" data-widget_type=\"icon-list.default\">\n\t\t\t\t<div class=\"elementor-widget-container\">\n\t\t\t\t\t<ul class=\"elementor-icon-list-items\">\n\t\t\t\t\t\t\t<li class=\"elementor-icon-list-item\">\n\t\t\t\t\t\t\t\t\t\t\t<span class=\"elementor-icon-list-icon\">\n\t\t\t\t\t\t\t<i aria-hidden=\"true\" class=\"fas fa-phone-square\"><\/i>\t\t\t\t\t\t<\/span>\n\t\t\t\t\t\t\t\t\t\t<span class=\"elementor-icon-list-text\">520 2050<\/span>\n\t\t\t\t\t\t\t\t\t<\/li>\n\t\t\t\t\t\t\t\t<li class=\"elementor-icon-list-item\">\n\t\t\t\t\t<a href=\"mailto:gudmundur@advel.is\">\t\t\t\t\t\t<span class=\"elementor-icon-list-icon\">\n\t\t\t\t\t\t\t<i aria-hidden=\"true\" class=\"fas fa-at\"><\/i>\t\t\t\t\t\t<\/span>\n\t\t\t\t\t\t\t\t\t\t<span class=\"elementor-icon-list-text\">gudmundur@advel.is<\/span>\n\t\t\t\t\t\t\t\t\t\t\t<\/a>\n\t\t\t\t\t\t\t\t\t<\/li>\n\t\t\t\t\t\t\t\t<li class=\"elementor-icon-list-item\">\n\t\t\t\t\t<a href=\"https:\/\/www.linkedin.com\/in\/gudmundur-siemsen-90920754\/\">\t\t\t\t\t\t<span class=\"elementor-icon-list-icon\">\n\t\t\t\t\t\t\t<i aria-hidden=\"true\" class=\"fab fa-linkedin\"><\/i>\t\t\t\t\t\t<\/span>\n\t\t\t\t\t\t\t\t\t\t<span class=\"elementor-icon-list-text\">LinkedIn<\/span>\n\t\t\t\t\t\t\t\t\t\t\t<\/a>\n\t\t\t\t\t\t\t\t\t<\/li>\n\t\t\t\t\t\t<\/ul>\n\t\t\t\t<\/div>\n\t\t\t\t<\/div>\n\t\t\t\t<div class=\"elementor-element elementor-element-1dc8f702 elementor-widget elementor-widget-text-editor\" data-id=\"1dc8f702\" data-element_type=\"widget\" data-widget_type=\"text-editor.default\">\n\t\t\t\t<div class=\"elementor-widget-container\">\n\t\t\t\t\t\t\t\t<h3>Career<\/h3>\t\t\t\t\t\t<\/div>\n\t\t\t\t<\/div>\n\t\t\t\t<div class=\"elementor-element elementor-element-3de007a5 elementor-widget elementor-widget-text-editor\" data-id=\"3de007a5\" data-element_type=\"widget\" data-widget_type=\"text-editor.default\">\n\t\t\t\t<div class=\"elementor-widget-container\">\n\t\t\t\t\t\t\t\t<p>2006 - ADVEL Attorneys at law<\/p><p>2003 - 2006 District Commissioner<\/p>\t\t\t\t\t\t<\/div>\n\t\t\t\t<\/div>\n\t\t\t\t<div class=\"elementor-element elementor-element-24d71e1b elementor-widget elementor-widget-text-editor\" data-id=\"24d71e1b\" data-element_type=\"widget\" data-widget_type=\"text-editor.default\">\n\t\t\t\t<div class=\"elementor-widget-container\">\n\t\t\t\t\t\t\t\t<h3>Education<\/h3><div>2003 University of Iceland, Cand.jur<\/div>\t\t\t\t\t\t<\/div>\n\t\t\t\t<\/div>\n\t\t\t\t<div class=\"elementor-element elementor-element-74020f67 elementor-widget elementor-widget-text-editor\" data-id=\"74020f67\" data-element_type=\"widget\" data-widget_type=\"text-editor.default\">\n\t\t\t\t<div class=\"elementor-widget-container\">\n\t\t\t\t\t\t\t\t<h3>Admitted to practice before<\/h3>\n<div>The Appeal Court<\/div>\n<div>The District Courts<\/div>\n<div>The Supreme Court of Iceland<\/div>\t\t\t\t\t\t<\/div>\n\t\t\t\t<\/div>\n\t\t\t\t<div class=\"elementor-element elementor-element-6b3c061e elementor-widget elementor-widget-text-editor\" data-id=\"6b3c061e\" data-element_type=\"widget\" data-widget_type=\"text-editor.default\">\n\t\t\t\t<div class=\"elementor-widget-container\">\n\t\t\t\t\t\t\t\t<h3>Practice areas<\/h3><div>Litigation and Judicial Procedure, Property Rights and Zoning, Administrative Law, Public Procurement, Construction Law and Invitations to Tender<\/div>\t\t\t\t\t\t<\/div>\n\t\t\t\t<\/div>\n\t\t\t\t<div class=\"elementor-element elementor-element-46e040fb elementor-widget elementor-widget-text-editor\" data-id=\"46e040fb\" data-element_type=\"widget\" data-widget_type=\"text-editor.default\">\n\t\t\t\t<div class=\"elementor-widget-container\">\n\t\t\t\t\t\t\t\t<h3>Languages<\/h3><div>English, Danish<\/div>\t\t\t\t\t\t<\/div>\n\t\t\t\t<\/div>\n\t\t\t\t\t<\/div>\n\t\t<\/div>\n\t\t\t\t\t\t\t<\/div>\n\t\t<\/section>\n\t\t\t\t\t\t<\/div>\n\t\t\t\t\t<\/div>","protected":false},"excerpt":{"rendered":"<p>L\u00f6gma\u00f0ur \/ eigandi Gu\u00f0mundur Siemsen 520 2050 gudmundur@advel.is LinkedIn Starfsferill 2006 &#8211;\u00a0 ADVEL l\u00f6gmenn 2003 &#8211; 2006\u00a0 S\u00fdsluma\u00f0urinn \u00ed K\u00f3pavogi &#8211; fulltr\u00fai Menntun 2003\u00a0 Cand.jur. fr\u00e1 H\u00e1sk\u00f3la \u00cdslands R\u00e9ttindi til m\u00e1lflutnings fyrir Landsr\u00e9tti H\u00e9ra\u00f0sd\u00f3mi H\u00e6star\u00e9tti \u00cdslands Helstu starfssvi\u00f0 M\u00e1lflutningur og r\u00e9ttarfar, kaupa- og samningar\u00e9ttur, eignar\u00e9ttur og skipulagsm\u00e1l, stj\u00f3rns\u00fdslur\u00e9ttur, opinber innkaup, verktakar\u00e9ttur og \u00fatbo\u00f0 Tungum\u00e1l Enska,&hellip; <a class=\"more-link\" href=\"https:\/\/advel.is\/en\/home\/starfsfolk\/gudmundur-siemsen\/\">Continue reading <span class=\"screen-reader-text\">Gu\u00f0mundur Siemsen<\/span><\/a><\/p>","protected":false},"author":1,"featured_media":0,"parent":137,"menu_order":0,"comment_status":"closed","ping_status":"closed","template":"","meta":{"_acf_changed":false,"footnotes":""},"class_list":["post-1264","page","type-page","status-publish","hentry","entry"],"acf":[],"yoast_head":"<!-- This site is optimized with the Yoast SEO plugin v26.9 - https:\/\/yoast.com\/product\/yoast-seo-wordpress\/ -->\n<title>Gu\u00f0mundur Siemsen - ADVEL<\/title>\n<meta name=\"robots\" content=\"index, follow, max-snippet:-1, max-image-preview:large, max-video-preview:-1\" \/>\n<link rel=\"canonical\" href=\"https:\/\/advel.is\/en\/home\/starfsfolk\/gudmundur-siemsen\/\" \/>\n<meta property=\"og:locale\" content=\"en_US\" \/>\n<meta property=\"og:type\" content=\"article\" \/>\n<meta property=\"og:title\" content=\"Gu\u00f0mundur Siemsen - ADVEL\" \/>\n<meta property=\"og:description\" content=\"L\u00f6gma\u00f0ur \/ eigandi Gu\u00f0mundur Siemsen 520 2050 gudmundur@advel.is LinkedIn Starfsferill 2006 &#8211;\u00a0 ADVEL l\u00f6gmenn 2003 &#8211; 2006\u00a0 S\u00fdsluma\u00f0urinn \u00ed K\u00f3pavogi &#8211; fulltr\u00fai Menntun 2003\u00a0 Cand.jur. fr\u00e1 H\u00e1sk\u00f3la \u00cdslands R\u00e9ttindi til m\u00e1lflutnings fyrir Landsr\u00e9tti H\u00e9ra\u00f0sd\u00f3mi H\u00e6star\u00e9tti \u00cdslands Helstu starfssvi\u00f0 M\u00e1lflutningur og r\u00e9ttarfar, kaupa- og samningar\u00e9ttur, eignar\u00e9ttur og skipulagsm\u00e1l, stj\u00f3rns\u00fdslur\u00e9ttur, opinber innkaup, verktakar\u00e9ttur og \u00fatbo\u00f0 Tungum\u00e1l Enska,&hellip; Continue reading Gu\u00f0mundur Siemsen\" \/>\n<meta property=\"og:url\" content=\"https:\/\/advel.is\/en\/home\/starfsfolk\/gudmundur-siemsen\/\" \/>\n<meta property=\"og:site_name\" content=\"ADVEL\" \/>\n<meta property=\"article:modified_time\" content=\"2025-02-06T09:41:07+00:00\" \/>\n<meta property=\"og:image\" content=\"https:\/\/advel.is\/wp-content\/uploads\/2021\/09\/Gudmundur-Siemsen.jpg\" \/>\n<meta name=\"twitter:card\" content=\"summary_large_image\" \/>\n<meta name=\"twitter:label1\" content=\"Est. reading time\" \/>\n\t<meta name=\"twitter:data1\" content=\"1 minute\" \/>\n<script type=\"application\/ld+json\" class=\"yoast-schema-graph\">{\"@context\":\"https:\/\/schema.org\",\"@graph\":[{\"@type\":\"WebPage\",\"@id\":\"https:\/\/advel.is\/home\/starfsfolk\/gudmundur-siemsen\/\",\"url\":\"https:\/\/advel.is\/home\/starfsfolk\/gudmundur-siemsen\/\",\"name\":\"Gu\u00f0mundur Siemsen - ADVEL\",\"isPartOf\":{\"@id\":\"https:\/\/advel.is\/#website\"},\"primaryImageOfPage\":{\"@id\":\"https:\/\/advel.is\/home\/starfsfolk\/gudmundur-siemsen\/#primaryimage\"},\"image\":{\"@id\":\"https:\/\/advel.is\/home\/starfsfolk\/gudmundur-siemsen\/#primaryimage\"},\"thumbnailUrl\":\"https:\/\/advel.is\/wp-content\/uploads\/2021\/09\/Gudmundur-Siemsen.jpg\",\"datePublished\":\"2021-09-22T13:55:19+00:00\",\"dateModified\":\"2025-02-06T09:41:07+00:00\",\"breadcrumb\":{\"@id\":\"https:\/\/advel.is\/home\/starfsfolk\/gudmundur-siemsen\/#breadcrumb\"},\"inLanguage\":\"en-US\",\"potentialAction\":[{\"@type\":\"ReadAction\",\"target\":[\"https:\/\/advel.is\/home\/starfsfolk\/gudmundur-siemsen\/\"]}]},{\"@type\":\"ImageObject\",\"inLanguage\":\"en-US\",\"@id\":\"https:\/\/advel.is\/home\/starfsfolk\/gudmundur-siemsen\/#primaryimage\",\"url\":\"https:\/\/advel.is\/wp-content\/uploads\/2021\/09\/Gudmundur-Siemsen.jpg\",\"contentUrl\":\"https:\/\/advel.is\/wp-content\/uploads\/2021\/09\/Gudmundur-Siemsen.jpg\"},{\"@type\":\"BreadcrumbList\",\"@id\":\"https:\/\/advel.is\/home\/starfsfolk\/gudmundur-siemsen\/#breadcrumb\",\"itemListElement\":[{\"@type\":\"ListItem\",\"position\":1,\"name\":\"Heim\",\"item\":\"https:\/\/advel.is\/\"},{\"@type\":\"ListItem\",\"position\":2,\"name\":\"Starfsf\u00f3lk\",\"item\":\"https:\/\/advel.is\/home\/starfsfolk\/\"},{\"@type\":\"ListItem\",\"position\":3,\"name\":\"Gu\u00f0mundur Siemsen\"}]},{\"@type\":\"WebSite\",\"@id\":\"https:\/\/advel.is\/#website\",\"url\":\"https:\/\/advel.is\/\",\"name\":\"ADVEL\",\"description\":\"\",\"publisher\":{\"@id\":\"https:\/\/advel.is\/#organization\"},\"potentialAction\":[{\"@type\":\"SearchAction\",\"target\":{\"@type\":\"EntryPoint\",\"urlTemplate\":\"https:\/\/advel.is\/?s={search_term_string}\"},\"query-input\":{\"@type\":\"PropertyValueSpecification\",\"valueRequired\":true,\"valueName\":\"search_term_string\"}}],\"inLanguage\":\"en-US\"},{\"@type\":\"Organization\",\"@id\":\"https:\/\/advel.is\/#organization\",\"name\":\"ADVEL\",\"url\":\"https:\/\/advel.is\/\",\"logo\":{\"@type\":\"ImageObject\",\"inLanguage\":\"en-US\",\"@id\":\"https:\/\/advel.is\/#\/schema\/logo\/image\/\",\"url\":\"https:\/\/advel.is\/wp-content\/uploads\/2021\/06\/advel-litid.png\",\"contentUrl\":\"https:\/\/advel.is\/wp-content\/uploads\/2021\/06\/advel-litid.png\",\"width\":70,\"height\":64,\"caption\":\"ADVEL\"},\"image\":{\"@id\":\"https:\/\/advel.is\/#\/schema\/logo\/image\/\"}}]}<\/script>\n<!-- \/ Yoast SEO plugin. -->","yoast_head_json":{"title":"Gu\u00f0mundur Siemsen - ADVEL","robots":{"index":"index","follow":"follow","max-snippet":"max-snippet:-1","max-image-preview":"max-image-preview:large","max-video-preview":"max-video-preview:-1"},"canonical":"https:\/\/advel.is\/en\/home\/starfsfolk\/gudmundur-siemsen\/","og_locale":"en_US","og_type":"article","og_title":"Gu\u00f0mundur Siemsen - ADVEL","og_description":"L\u00f6gma\u00f0ur \/ eigandi Gu\u00f0mundur Siemsen 520 2050 gudmundur@advel.is LinkedIn Starfsferill 2006 &#8211;\u00a0 ADVEL l\u00f6gmenn 2003 &#8211; 2006\u00a0 S\u00fdsluma\u00f0urinn \u00ed K\u00f3pavogi &#8211; fulltr\u00fai Menntun 2003\u00a0 Cand.jur. fr\u00e1 H\u00e1sk\u00f3la \u00cdslands R\u00e9ttindi til m\u00e1lflutnings fyrir Landsr\u00e9tti H\u00e9ra\u00f0sd\u00f3mi H\u00e6star\u00e9tti \u00cdslands Helstu starfssvi\u00f0 M\u00e1lflutningur og r\u00e9ttarfar, kaupa- og samningar\u00e9ttur, eignar\u00e9ttur og skipulagsm\u00e1l, stj\u00f3rns\u00fdslur\u00e9ttur, opinber innkaup, verktakar\u00e9ttur og \u00fatbo\u00f0 Tungum\u00e1l Enska,&hellip; Continue reading Gu\u00f0mundur Siemsen","og_url":"https:\/\/advel.is\/en\/home\/starfsfolk\/gudmundur-siemsen\/","og_site_name":"ADVEL","article_modified_time":"2025-02-06T09:41:07+00:00","og_image":[{"url":"https:\/\/advel.is\/wp-content\/uploads\/2021\/09\/Gudmundur-Siemsen.jpg","type":"","width":"","height":""}],"twitter_card":"summary_large_image","twitter_misc":{"Est. reading time":"1 minute"},"schema":{"@context":"https:\/\/schema.org","@graph":[{"@type":"WebPage","@id":"https:\/\/advel.is\/home\/starfsfolk\/gudmundur-siemsen\/","url":"https:\/\/advel.is\/home\/starfsfolk\/gudmundur-siemsen\/","name":"Gu\u00f0mundur Siemsen - ADVEL","isPartOf":{"@id":"https:\/\/advel.is\/#website"},"primaryImageOfPage":{"@id":"https:\/\/advel.is\/home\/starfsfolk\/gudmundur-siemsen\/#primaryimage"},"image":{"@id":"https:\/\/advel.is\/home\/starfsfolk\/gudmundur-siemsen\/#primaryimage"},"thumbnailUrl":"https:\/\/advel.is\/wp-content\/uploads\/2021\/09\/Gudmundur-Siemsen.jpg","datePublished":"2021-09-22T13:55:19+00:00","dateModified":"2025-02-06T09:41:07+00:00","breadcrumb":{"@id":"https:\/\/advel.is\/home\/starfsfolk\/gudmundur-siemsen\/#breadcrumb"},"inLanguage":"en-US","potentialAction":[{"@type":"ReadAction","target":["https:\/\/advel.is\/home\/starfsfolk\/gudmundur-siemsen\/"]}]},{"@type":"ImageObject","inLanguage":"en-US","@id":"https:\/\/advel.is\/home\/starfsfolk\/gudmundur-siemsen\/#primaryimage","url":"https:\/\/advel.is\/wp-content\/uploads\/2021\/09\/Gudmundur-Siemsen.jpg","contentUrl":"https:\/\/advel.is\/wp-content\/uploads\/2021\/09\/Gudmundur-Siemsen.jpg"},{"@type":"BreadcrumbList","@id":"https:\/\/advel.is\/home\/starfsfolk\/gudmundur-siemsen\/#breadcrumb","itemListElement":[{"@type":"ListItem","position":1,"name":"Heim","item":"https:\/\/advel.is\/"},{"@type":"ListItem","position":2,"name":"Starfsf\u00f3lk","item":"https:\/\/advel.is\/home\/starfsfolk\/"},{"@type":"ListItem","position":3,"name":"Gu\u00f0mundur Siemsen"}]},{"@type":"WebSite","@id":"https:\/\/advel.is\/#website","url":"https:\/\/advel.is\/","name":"ADVEL","description":"","publisher":{"@id":"https:\/\/advel.is\/#organization"},"potentialAction":[{"@type":"SearchAction","target":{"@type":"EntryPoint","urlTemplate":"https:\/\/advel.is\/?s={search_term_string}"},"query-input":{"@type":"PropertyValueSpecification","valueRequired":true,"valueName":"search_term_string"}}],"inLanguage":"en-US"},{"@type":"Organization","@id":"https:\/\/advel.is\/#organization","name":"ADVEL","url":"https:\/\/advel.is\/","logo":{"@type":"ImageObject","inLanguage":"en-US","@id":"https:\/\/advel.is\/#\/schema\/logo\/image\/","url":"https:\/\/advel.is\/wp-content\/uploads\/2021\/06\/advel-litid.png","contentUrl":"https:\/\/advel.is\/wp-content\/uploads\/2021\/06\/advel-litid.png","width":70,"height":64,"caption":"ADVEL"},"image":{"@id":"https:\/\/advel.is\/#\/schema\/logo\/image\/"}}]}},"brizy_media":[],"_links":{"self":[{"href":"https:\/\/advel.is\/en\/wp-json\/wp\/v2\/pages\/1264","targetHints":{"allow":["GET"]}}],"collection":[{"href":"https:\/\/advel.is\/en\/wp-json\/wp\/v2\/pages"}],"about":[{"href":"https:\/\/advel.is\/en\/wp-json\/wp\/v2\/types\/page"}],"author":[{"embeddable":true,"href":"https:\/\/advel.is\/en\/wp-json\/wp\/v2\/users\/1"}],"replies":[{"embeddable":true,"href":"https:\/\/advel.is\/en\/wp-json\/wp\/v2\/comments?post=1264"}],"version-history":[{"count":34,"href":"https:\/\/advel.is\/en\/wp-json\/wp\/v2\/pages\/1264\/revisions"}],"predecessor-version":[{"id":2604,"href":"https:\/\/advel.is\/en\/wp-json\/wp\/v2\/pages\/1264\/revisions\/2604"}],"up":[{"embeddable":true,"href":"https:\/\/advel.is\/en\/wp-json\/wp\/v2\/pages\/137"}],"wp:attachment":[{"href":"https:\/\/advel.is\/en\/wp-json\/wp\/v2\/media?parent=1264"}],"curies":[{"name":"wp","href":"https:\/\/api.w.org\/{rel}","templated":true}]}}