{"id":1253,"date":"2021-09-22T12:56:07","date_gmt":"2021-09-22T12:56:07","guid":{"rendered":"https:\/\/advel.is\/?page_id=1253"},"modified":"2021-09-24T15:05:45","modified_gmt":"2021-09-24T15:05:45","slug":"bjarni-thor-bjarnason","status":"publish","type":"page","link":"https:\/\/advel.is\/en\/home\/starfsfolk\/bjarni-thor-bjarnason\/","title":{"rendered":"Bjarni \u00de\u00f3r Bjarnason"},"content":{"rendered":"<div data-elementor-type=\"wp-page\" data-elementor-id=\"1253\" class=\"elementor elementor-1253\" data-elementor-settings=\"[]\">\n\t\t\t\t\t\t\t<div class=\"elementor-section-wrap\">\n\t\t\t\t\t\t\t<section class=\"elementor-section elementor-top-section elementor-element elementor-element-b084c74 elementor-section-boxed elementor-section-height-default elementor-section-height-default\" data-id=\"b084c74\" data-element_type=\"section\">\n\t\t\t\t\t\t<div class=\"elementor-container elementor-column-gap-default\">\n\t\t\t\t\t<div class=\"elementor-column elementor-col-100 elementor-top-column elementor-element elementor-element-4fdc14b8\" data-id=\"4fdc14b8\" data-element_type=\"column\">\n\t\t\t<div class=\"elementor-widget-wrap\">\n\t\t\t\t\t\t\t\t\t<\/div>\n\t\t<\/div>\n\t\t\t\t\t\t\t<\/div>\n\t\t<\/section>\n\t\t\t\t<section class=\"elementor-section elementor-top-section elementor-element elementor-element-5d75d841 elementor-section-boxed elementor-section-height-default elementor-section-height-default\" data-id=\"5d75d841\" data-element_type=\"section\" data-settings=\"{&quot;background_background&quot;:&quot;classic&quot;}\">\n\t\t\t\t\t\t<div class=\"elementor-container elementor-column-gap-default\">\n\t\t\t\t\t<div class=\"elementor-column elementor-col-50 elementor-top-column elementor-element elementor-element-71bb1a1c\" data-id=\"71bb1a1c\" data-element_type=\"column\" data-settings=\"{&quot;background_background&quot;:&quot;classic&quot;}\">\n\t\t\t<div class=\"elementor-widget-wrap elementor-element-populated\">\n\t\t\t\t\t\t\t\t<div class=\"elementor-element elementor-element-706b020 elementor-widget elementor-widget-image\" data-id=\"706b020\" data-element_type=\"widget\" data-widget_type=\"image.default\">\n\t\t\t\t<div class=\"elementor-widget-container\">\n\t\t\t\t\t\t\t\t\t\t\t\t\t\t\t<img loading=\"lazy\" decoding=\"async\" width=\"300\" height=\"400\" src=\"https:\/\/advel.is\/wp-content\/uploads\/2021\/09\/Bjarni-THor-Bjarnason.jpg\" class=\"attachment-full size-full\" alt=\"Bjarni \u00de\u00f3r Bjarnason\" srcset=\"https:\/\/advel.is\/wp-content\/uploads\/2021\/09\/Bjarni-THor-Bjarnason.jpg 300w, https:\/\/advel.is\/wp-content\/uploads\/2021\/09\/Bjarni-THor-Bjarnason-225x300.jpg 225w, https:\/\/advel.is\/wp-content\/uploads\/2021\/09\/Bjarni-THor-Bjarnason-9x12.jpg 9w\" sizes=\"auto, (max-width: 300px) 100vw, 300px\" style=\"width:100%;height:133.33%;max-width:300px;\" \/>\t\t\t\t\t\t\t\t\t\t\t\t\t\t\t<\/div>\n\t\t\t\t<\/div>\n\t\t\t\t\t<\/div>\n\t\t<\/div>\n\t\t\t\t<div class=\"elementor-column elementor-col-50 elementor-top-column elementor-element elementor-element-38c154a0\" data-id=\"38c154a0\" data-element_type=\"column\" data-settings=\"{&quot;background_background&quot;:&quot;classic&quot;}\">\n\t\t\t<div class=\"elementor-widget-wrap elementor-element-populated\">\n\t\t\t\t\t<div class=\"elementor-background-overlay\"><\/div>\n\t\t\t\t\t\t\t\t<div class=\"elementor-element elementor-element-4a2a3858 elementor-widget elementor-widget-heading\" data-id=\"4a2a3858\" data-element_type=\"widget\" data-widget_type=\"heading.default\">\n\t\t\t\t<div class=\"elementor-widget-container\">\n\t\t\t<h4 class=\"elementor-heading-title elementor-size-default\">Attorney \/ LL.M. \/ Partner<\/h4>\t\t<\/div>\n\t\t\t\t<\/div>\n\t\t\t\t<div class=\"elementor-element elementor-element-207ca2c4 elementor-widget elementor-widget-heading\" data-id=\"207ca2c4\" data-element_type=\"widget\" data-widget_type=\"heading.default\">\n\t\t\t\t<div class=\"elementor-widget-container\">\n\t\t\t<h2 class=\"elementor-heading-title elementor-size-default\">Bjarni \u00de\u00f3r Bjarnason<\/h2>\t\t<\/div>\n\t\t\t\t<\/div>\n\t\t\t\t<div class=\"elementor-element elementor-element-6cb13705 elementor-icon-list--layout-traditional elementor-list-item-link-full_width elementor-widget elementor-widget-icon-list\" data-id=\"6cb13705\" data-element_type=\"widget\" data-widget_type=\"icon-list.default\">\n\t\t\t\t<div class=\"elementor-widget-container\">\n\t\t\t\t\t<ul class=\"elementor-icon-list-items\">\n\t\t\t\t\t\t\t<li class=\"elementor-icon-list-item\">\n\t\t\t\t\t\t\t\t\t\t\t<span class=\"elementor-icon-list-icon\">\n\t\t\t\t\t\t\t<i aria-hidden=\"true\" class=\"fas fa-phone-square\"><\/i>\t\t\t\t\t\t<\/span>\n\t\t\t\t\t\t\t\t\t\t<span class=\"elementor-icon-list-text\">520 2050<\/span>\n\t\t\t\t\t\t\t\t\t<\/li>\n\t\t\t\t\t\t\t\t<li class=\"elementor-icon-list-item\">\n\t\t\t\t\t<a href=\"mailto:bjarni@advel.is\">\t\t\t\t\t\t<span class=\"elementor-icon-list-icon\">\n\t\t\t\t\t\t\t<i aria-hidden=\"true\" class=\"fas fa-at\"><\/i>\t\t\t\t\t\t<\/span>\n\t\t\t\t\t\t\t\t\t\t<span class=\"elementor-icon-list-text\">bjarni@advel.is<\/span>\n\t\t\t\t\t\t\t\t\t\t\t<\/a>\n\t\t\t\t\t\t\t\t\t<\/li>\n\t\t\t\t\t\t\t\t<li class=\"elementor-icon-list-item\">\n\t\t\t\t\t<a href=\"https:\/\/www.linkedin.com\/in\/bjarni-thor-bjarnason-155b171b1\/\">\t\t\t\t\t\t<span class=\"elementor-icon-list-icon\">\n\t\t\t\t\t\t\t<i aria-hidden=\"true\" class=\"fab fa-linkedin\"><\/i>\t\t\t\t\t\t<\/span>\n\t\t\t\t\t\t\t\t\t\t<span class=\"elementor-icon-list-text\">LinkedIn<\/span>\n\t\t\t\t\t\t\t\t\t\t\t<\/a>\n\t\t\t\t\t\t\t\t\t<\/li>\n\t\t\t\t\t\t<\/ul>\n\t\t\t\t<\/div>\n\t\t\t\t<\/div>\n\t\t\t\t<div class=\"elementor-element elementor-element-1705bd6d elementor-widget elementor-widget-text-editor\" data-id=\"1705bd6d\" data-element_type=\"widget\" data-widget_type=\"text-editor.default\">\n\t\t\t\t<div class=\"elementor-widget-container\">\n\t\t\t\t\t\t\t\t<h3>Career<\/h3>\t\t\t\t\t\t<\/div>\n\t\t\t\t<\/div>\n\t\t\t\t<div class=\"elementor-element elementor-element-731ca81 elementor-widget elementor-widget-text-editor\" data-id=\"731ca81\" data-element_type=\"widget\" data-widget_type=\"text-editor.default\">\n\t\t\t\t<div class=\"elementor-widget-container\">\n\t\t\t\t\t\t\t\t<p>2021 - ADVEL Attorneys at law<\/p><p>2017 - 2021 Deloitte<\/p><p>2009 - 2017 LOGOS legal services<\/p><p>2008 - Internal Revenue Board\u00a0<\/p>\t\t\t\t\t\t<\/div>\n\t\t\t\t<\/div>\n\t\t\t\t<div class=\"elementor-element elementor-element-3ef8e6a5 elementor-widget elementor-widget-text-editor\" data-id=\"3ef8e6a5\" data-element_type=\"widget\" data-widget_type=\"text-editor.default\">\n\t\t\t\t<div class=\"elementor-widget-container\">\n\t\t\t\t\t\t\t\t<h3>Education<\/h3><div>2009 LL.M., University of Southern California<br \/>2008 Mag.jur, University of Iceland<\/div>\t\t\t\t\t\t<\/div>\n\t\t\t\t<\/div>\n\t\t\t\t<div class=\"elementor-element elementor-element-aa2bd82 elementor-widget elementor-widget-text-editor\" data-id=\"aa2bd82\" data-element_type=\"widget\" data-widget_type=\"text-editor.default\">\n\t\t\t\t<div class=\"elementor-widget-container\">\n\t\t\t\t\t\t\t\t<h3>Admitted to practice before<\/h3>\n<div>The District Courts<\/div>\t\t\t\t\t\t<\/div>\n\t\t\t\t<\/div>\n\t\t\t\t<div class=\"elementor-element elementor-element-348f058f elementor-widget elementor-widget-text-editor\" data-id=\"348f058f\" data-element_type=\"widget\" data-widget_type=\"text-editor.default\">\n\t\t\t\t<div class=\"elementor-widget-container\">\n\t\t\t\t\t\t\t\t<h3>Practice areas<\/h3><div>Company law, Tax law, Mergers and Acquisitions, Corporate finance, Contract law, Administrative law<\/div>\t\t\t\t\t\t<\/div>\n\t\t\t\t<\/div>\n\t\t\t\t<div class=\"elementor-element elementor-element-4d09abaf elementor-widget elementor-widget-text-editor\" data-id=\"4d09abaf\" data-element_type=\"widget\" data-widget_type=\"text-editor.default\">\n\t\t\t\t<div class=\"elementor-widget-container\">\n\t\t\t\t\t\t\t\t<h3>Languages<\/h3><div>English<\/div>\t\t\t\t\t\t<\/div>\n\t\t\t\t<\/div>\n\t\t\t\t\t<\/div>\n\t\t<\/div>\n\t\t\t\t\t\t\t<\/div>\n\t\t<\/section>\n\t\t\t\t\t\t<\/div>\n\t\t\t\t\t<\/div>","protected":false},"excerpt":{"rendered":"<p>L\u00f6gma\u00f0ur \/ LL.M. \/ eigandi Bjarni \u00de\u00f3r Bjarnason 520 2050 bjarni@advel.is LinkedIn Starfsferill 2021 &#8211;\u00a0 ADVEL l\u00f6gmenn 2017 &#8211; 2021\u00a0 Deloitte 2009 &#8211; 2017\u00a0 LOGOS l\u00f6gmanns\u00fej\u00f3nusta 2008\u00a0 Yfirskattanefnd\u00a0 Menntun 2009\u00a0 LL.M fr\u00e1 University of Southern California2008\u00a0 Mag.jur fr\u00e1 H\u00e1sk\u00f3la \u00cdslands R\u00e9ttindi til m\u00e1lflutnings fyrir H\u00e9ra\u00f0sd\u00f3mi Helstu starfssvi\u00f0 F\u00e9lagar\u00e9ttur og fyrirt\u00e6kjar\u00e1\u00f0gj\u00f6f, skattar\u00e9ttur, samrunar og yfirt\u00f6kur, fj\u00e1rm\u00f6gnun&hellip; <a class=\"more-link\" href=\"https:\/\/advel.is\/en\/home\/starfsfolk\/bjarni-thor-bjarnason\/\">Continue reading <span class=\"screen-reader-text\">Bjarni \u00de\u00f3r Bjarnason<\/span><\/a><\/p>","protected":false},"author":1,"featured_media":0,"parent":137,"menu_order":0,"comment_status":"closed","ping_status":"closed","template":"","meta":{"_acf_changed":false,"footnotes":""},"class_list":["post-1253","page","type-page","status-publish","hentry","entry"],"acf":[],"yoast_head":"<!-- This site is optimized with the Yoast SEO plugin v27.3 - https:\/\/yoast.com\/product\/yoast-seo-wordpress\/ -->\n<title>Bjarni \u00de\u00f3r Bjarnason - ADVEL<\/title>\n<meta name=\"robots\" content=\"index, follow, max-snippet:-1, max-image-preview:large, max-video-preview:-1\" \/>\n<link rel=\"canonical\" href=\"https:\/\/advel.is\/en\/home\/starfsfolk\/bjarni-thor-bjarnason\/\" \/>\n<meta property=\"og:locale\" content=\"en_US\" \/>\n<meta property=\"og:type\" content=\"article\" \/>\n<meta property=\"og:title\" content=\"Bjarni \u00de\u00f3r Bjarnason - ADVEL\" \/>\n<meta property=\"og:description\" content=\"L\u00f6gma\u00f0ur \/ LL.M. \/ eigandi Bjarni \u00de\u00f3r Bjarnason 520 2050 bjarni@advel.is LinkedIn Starfsferill 2021 &#8211;\u00a0 ADVEL l\u00f6gmenn 2017 &#8211; 2021\u00a0 Deloitte 2009 &#8211; 2017\u00a0 LOGOS l\u00f6gmanns\u00fej\u00f3nusta 2008\u00a0 Yfirskattanefnd\u00a0 Menntun 2009\u00a0 LL.M fr\u00e1 University of Southern California2008\u00a0 Mag.jur fr\u00e1 H\u00e1sk\u00f3la \u00cdslands R\u00e9ttindi til m\u00e1lflutnings fyrir H\u00e9ra\u00f0sd\u00f3mi Helstu starfssvi\u00f0 F\u00e9lagar\u00e9ttur og fyrirt\u00e6kjar\u00e1\u00f0gj\u00f6f, skattar\u00e9ttur, samrunar og yfirt\u00f6kur, fj\u00e1rm\u00f6gnun&hellip; Continue reading Bjarni \u00de\u00f3r Bjarnason\" \/>\n<meta property=\"og:url\" content=\"https:\/\/advel.is\/en\/home\/starfsfolk\/bjarni-thor-bjarnason\/\" \/>\n<meta property=\"og:site_name\" content=\"ADVEL\" \/>\n<meta property=\"article:modified_time\" content=\"2021-09-24T15:05:45+00:00\" \/>\n<meta property=\"og:image\" content=\"https:\/\/advel.is\/wp-content\/uploads\/2021\/09\/Bjarni-THor-Bjarnason.jpg\" \/>\n<meta name=\"twitter:card\" content=\"summary_large_image\" \/>\n<meta name=\"twitter:label1\" content=\"Est. reading time\" \/>\n\t<meta name=\"twitter:data1\" content=\"1 minute\" \/>\n<script type=\"application\/ld+json\" class=\"yoast-schema-graph\">{\"@context\":\"https:\\\/\\\/schema.org\",\"@graph\":[{\"@type\":\"WebPage\",\"@id\":\"https:\\\/\\\/advel.is\\\/home\\\/starfsfolk\\\/bjarni-thor-bjarnason\\\/\",\"url\":\"https:\\\/\\\/advel.is\\\/home\\\/starfsfolk\\\/bjarni-thor-bjarnason\\\/\",\"name\":\"Bjarni \u00de\u00f3r Bjarnason - ADVEL\",\"isPartOf\":{\"@id\":\"https:\\\/\\\/advel.is\\\/#website\"},\"primaryImageOfPage\":{\"@id\":\"https:\\\/\\\/advel.is\\\/home\\\/starfsfolk\\\/bjarni-thor-bjarnason\\\/#primaryimage\"},\"image\":{\"@id\":\"https:\\\/\\\/advel.is\\\/home\\\/starfsfolk\\\/bjarni-thor-bjarnason\\\/#primaryimage\"},\"thumbnailUrl\":\"https:\\\/\\\/advel.is\\\/wp-content\\\/uploads\\\/2021\\\/09\\\/Bjarni-THor-Bjarnason.jpg\",\"datePublished\":\"2021-09-22T12:56:07+00:00\",\"dateModified\":\"2021-09-24T15:05:45+00:00\",\"breadcrumb\":{\"@id\":\"https:\\\/\\\/advel.is\\\/home\\\/starfsfolk\\\/bjarni-thor-bjarnason\\\/#breadcrumb\"},\"inLanguage\":\"en-US\",\"potentialAction\":[{\"@type\":\"ReadAction\",\"target\":[\"https:\\\/\\\/advel.is\\\/home\\\/starfsfolk\\\/bjarni-thor-bjarnason\\\/\"]}]},{\"@type\":\"ImageObject\",\"inLanguage\":\"en-US\",\"@id\":\"https:\\\/\\\/advel.is\\\/home\\\/starfsfolk\\\/bjarni-thor-bjarnason\\\/#primaryimage\",\"url\":\"https:\\\/\\\/advel.is\\\/wp-content\\\/uploads\\\/2021\\\/09\\\/Bjarni-THor-Bjarnason.jpg\",\"contentUrl\":\"https:\\\/\\\/advel.is\\\/wp-content\\\/uploads\\\/2021\\\/09\\\/Bjarni-THor-Bjarnason.jpg\"},{\"@type\":\"BreadcrumbList\",\"@id\":\"https:\\\/\\\/advel.is\\\/home\\\/starfsfolk\\\/bjarni-thor-bjarnason\\\/#breadcrumb\",\"itemListElement\":[{\"@type\":\"ListItem\",\"position\":1,\"name\":\"Heim\",\"item\":\"https:\\\/\\\/advel.is\\\/\"},{\"@type\":\"ListItem\",\"position\":2,\"name\":\"Starfsf\u00f3lk\",\"item\":\"https:\\\/\\\/advel.is\\\/home\\\/starfsfolk\\\/\"},{\"@type\":\"ListItem\",\"position\":3,\"name\":\"Bjarni \u00de\u00f3r Bjarnason\"}]},{\"@type\":\"WebSite\",\"@id\":\"https:\\\/\\\/advel.is\\\/#website\",\"url\":\"https:\\\/\\\/advel.is\\\/\",\"name\":\"ADVEL\",\"description\":\"\",\"publisher\":{\"@id\":\"https:\\\/\\\/advel.is\\\/#organization\"},\"potentialAction\":[{\"@type\":\"SearchAction\",\"target\":{\"@type\":\"EntryPoint\",\"urlTemplate\":\"https:\\\/\\\/advel.is\\\/?s={search_term_string}\"},\"query-input\":{\"@type\":\"PropertyValueSpecification\",\"valueRequired\":true,\"valueName\":\"search_term_string\"}}],\"inLanguage\":\"en-US\"},{\"@type\":\"Organization\",\"@id\":\"https:\\\/\\\/advel.is\\\/#organization\",\"name\":\"ADVEL\",\"url\":\"https:\\\/\\\/advel.is\\\/\",\"logo\":{\"@type\":\"ImageObject\",\"inLanguage\":\"en-US\",\"@id\":\"https:\\\/\\\/advel.is\\\/#\\\/schema\\\/logo\\\/image\\\/\",\"url\":\"https:\\\/\\\/advel.is\\\/wp-content\\\/uploads\\\/2021\\\/06\\\/advel-litid.png\",\"contentUrl\":\"https:\\\/\\\/advel.is\\\/wp-content\\\/uploads\\\/2021\\\/06\\\/advel-litid.png\",\"width\":70,\"height\":64,\"caption\":\"ADVEL\"},\"image\":{\"@id\":\"https:\\\/\\\/advel.is\\\/#\\\/schema\\\/logo\\\/image\\\/\"}}]}<\/script>\n<!-- \/ Yoast SEO plugin. -->","yoast_head_json":{"title":"Bjarni \u00de\u00f3r Bjarnason - ADVEL","robots":{"index":"index","follow":"follow","max-snippet":"max-snippet:-1","max-image-preview":"max-image-preview:large","max-video-preview":"max-video-preview:-1"},"canonical":"https:\/\/advel.is\/en\/home\/starfsfolk\/bjarni-thor-bjarnason\/","og_locale":"en_US","og_type":"article","og_title":"Bjarni \u00de\u00f3r Bjarnason - ADVEL","og_description":"L\u00f6gma\u00f0ur \/ LL.M. \/ eigandi Bjarni \u00de\u00f3r Bjarnason 520 2050 bjarni@advel.is LinkedIn Starfsferill 2021 &#8211;\u00a0 ADVEL l\u00f6gmenn 2017 &#8211; 2021\u00a0 Deloitte 2009 &#8211; 2017\u00a0 LOGOS l\u00f6gmanns\u00fej\u00f3nusta 2008\u00a0 Yfirskattanefnd\u00a0 Menntun 2009\u00a0 LL.M fr\u00e1 University of Southern California2008\u00a0 Mag.jur fr\u00e1 H\u00e1sk\u00f3la \u00cdslands R\u00e9ttindi til m\u00e1lflutnings fyrir H\u00e9ra\u00f0sd\u00f3mi Helstu starfssvi\u00f0 F\u00e9lagar\u00e9ttur og fyrirt\u00e6kjar\u00e1\u00f0gj\u00f6f, skattar\u00e9ttur, samrunar og yfirt\u00f6kur, fj\u00e1rm\u00f6gnun&hellip; Continue reading Bjarni \u00de\u00f3r Bjarnason","og_url":"https:\/\/advel.is\/en\/home\/starfsfolk\/bjarni-thor-bjarnason\/","og_site_name":"ADVEL","article_modified_time":"2021-09-24T15:05:45+00:00","og_image":[{"url":"https:\/\/advel.is\/wp-content\/uploads\/2021\/09\/Bjarni-THor-Bjarnason.jpg","type":"","width":"","height":""}],"twitter_card":"summary_large_image","twitter_misc":{"Est. reading time":"1 minute"},"schema":{"@context":"https:\/\/schema.org","@graph":[{"@type":"WebPage","@id":"https:\/\/advel.is\/home\/starfsfolk\/bjarni-thor-bjarnason\/","url":"https:\/\/advel.is\/home\/starfsfolk\/bjarni-thor-bjarnason\/","name":"Bjarni \u00de\u00f3r Bjarnason - ADVEL","isPartOf":{"@id":"https:\/\/advel.is\/#website"},"primaryImageOfPage":{"@id":"https:\/\/advel.is\/home\/starfsfolk\/bjarni-thor-bjarnason\/#primaryimage"},"image":{"@id":"https:\/\/advel.is\/home\/starfsfolk\/bjarni-thor-bjarnason\/#primaryimage"},"thumbnailUrl":"https:\/\/advel.is\/wp-content\/uploads\/2021\/09\/Bjarni-THor-Bjarnason.jpg","datePublished":"2021-09-22T12:56:07+00:00","dateModified":"2021-09-24T15:05:45+00:00","breadcrumb":{"@id":"https:\/\/advel.is\/home\/starfsfolk\/bjarni-thor-bjarnason\/#breadcrumb"},"inLanguage":"en-US","potentialAction":[{"@type":"ReadAction","target":["https:\/\/advel.is\/home\/starfsfolk\/bjarni-thor-bjarnason\/"]}]},{"@type":"ImageObject","inLanguage":"en-US","@id":"https:\/\/advel.is\/home\/starfsfolk\/bjarni-thor-bjarnason\/#primaryimage","url":"https:\/\/advel.is\/wp-content\/uploads\/2021\/09\/Bjarni-THor-Bjarnason.jpg","contentUrl":"https:\/\/advel.is\/wp-content\/uploads\/2021\/09\/Bjarni-THor-Bjarnason.jpg"},{"@type":"BreadcrumbList","@id":"https:\/\/advel.is\/home\/starfsfolk\/bjarni-thor-bjarnason\/#breadcrumb","itemListElement":[{"@type":"ListItem","position":1,"name":"Heim","item":"https:\/\/advel.is\/"},{"@type":"ListItem","position":2,"name":"Starfsf\u00f3lk","item":"https:\/\/advel.is\/home\/starfsfolk\/"},{"@type":"ListItem","position":3,"name":"Bjarni \u00de\u00f3r Bjarnason"}]},{"@type":"WebSite","@id":"https:\/\/advel.is\/#website","url":"https:\/\/advel.is\/","name":"ADVEL","description":"","publisher":{"@id":"https:\/\/advel.is\/#organization"},"potentialAction":[{"@type":"SearchAction","target":{"@type":"EntryPoint","urlTemplate":"https:\/\/advel.is\/?s={search_term_string}"},"query-input":{"@type":"PropertyValueSpecification","valueRequired":true,"valueName":"search_term_string"}}],"inLanguage":"en-US"},{"@type":"Organization","@id":"https:\/\/advel.is\/#organization","name":"ADVEL","url":"https:\/\/advel.is\/","logo":{"@type":"ImageObject","inLanguage":"en-US","@id":"https:\/\/advel.is\/#\/schema\/logo\/image\/","url":"https:\/\/advel.is\/wp-content\/uploads\/2021\/06\/advel-litid.png","contentUrl":"https:\/\/advel.is\/wp-content\/uploads\/2021\/06\/advel-litid.png","width":70,"height":64,"caption":"ADVEL"},"image":{"@id":"https:\/\/advel.is\/#\/schema\/logo\/image\/"}}]}},"brizy_media":[],"_links":{"self":[{"href":"https:\/\/advel.is\/en\/wp-json\/wp\/v2\/pages\/1253","targetHints":{"allow":["GET"]}}],"collection":[{"href":"https:\/\/advel.is\/en\/wp-json\/wp\/v2\/pages"}],"about":[{"href":"https:\/\/advel.is\/en\/wp-json\/wp\/v2\/types\/page"}],"author":[{"embeddable":true,"href":"https:\/\/advel.is\/en\/wp-json\/wp\/v2\/users\/1"}],"replies":[{"embeddable":true,"href":"https:\/\/advel.is\/en\/wp-json\/wp\/v2\/comments?post=1253"}],"version-history":[{"count":20,"href":"https:\/\/advel.is\/en\/wp-json\/wp\/v2\/pages\/1253\/revisions"}],"predecessor-version":[{"id":1766,"href":"https:\/\/advel.is\/en\/wp-json\/wp\/v2\/pages\/1253\/revisions\/1766"}],"up":[{"embeddable":true,"href":"https:\/\/advel.is\/en\/wp-json\/wp\/v2\/pages\/137"}],"wp:attachment":[{"href":"https:\/\/advel.is\/en\/wp-json\/wp\/v2\/media?parent=1253"}],"curies":[{"name":"wp","href":"https:\/\/api.w.org\/{rel}","templated":true}]}}